{"id":1487,"date":"2016-08-24T17:55:41","date_gmt":"2016-08-24T15:55:41","guid":{"rendered":"https:\/\/2022.minimundus.at\/?page_id=1487&#038;lang=en"},"modified":"2016-09-18T09:42:09","modified_gmt":"2016-09-18T07:42:09","slug":"about-us","status":"publish","type":"page","link":"https:\/\/www.minimundus.at\/en\/minimundus-history\/about-us\/","title":{"rendered":"About us"},"content":{"rendered":"<div class=\"wpb-content-wrapper\"><p>[vc_row][vc_column width=&#8221;1\/2&#8243;][vc_column_text el_class=&#8221;greybox&#8221; css=&#8221;.vc_custom_1471702679807{padding-right: 50px !important;}&#8221;]<\/p>\n<h3>Minimundus Erlebnis<\/h3>\n<h2>\u00dcber uns<\/h2>\n<h4>MINIMUNDUS z\u00e4hlt zu den beliebtesten und bekanntesten Ausflugszielen in K\u00e4rnten.<\/h4>\n<p>Die Geschichte der kleinen Welt am W\u00f6rthersee beginnt in den 50er-Jahren mit der Vision des damaligen Landesobmannes von RETTET DAS KIND, Hofrat Peter Zojer, die Sehensw\u00fcrdigkeiten der ganzen Welt an einem Ort zu vereinen. Im Laufe der Zeit wurde das Areal auf 26.000 m\u00b2 vergr\u00f6\u00dfert und mit zahlreichen Bauwerken aus Nah und Fern erweitert. Nach einem gro\u00dfen Umbau erstrahlt Minimundus seit dem Fr\u00fchjahr 2016 im neuen Glanz. Die neue Indoorerlebniswelt und ein attraktives Rahmenprogramm mit musikalischen und kulinarischen Veranstaltungen machen Minimundus zum ganzj\u00e4hrigen Erlebnis f\u00fcr die ganze Familie.<\/p>\n<p>Mit dem Besuch von Minimundus unterst\u00fctzen Sie Kinder und Jugendliche in K\u00e4rnten. Minimundus befindet sich im Eigentum des Vereins RETTET DAS KIND K\u00e4rnten. Der gesamte Reinerl\u00f6s flie\u00dft bed\u00fcrftigen Kindern, Jugendlichen und Familien zu.[\/vc_column_text][\/vc_column][vc_column width=&#8221;1\/2&#8243; css=&#8221;.vc_custom_1468227594612{padding-bottom: 100px !important;background-color: #0056a4 !important;}&#8221;][vc_single_image image=&#8221;568&#8243; img_size=&#8221;500&#215;400&#8243; css=&#8221;.vc_custom_1468227495056{margin-left: -40px !important;}&#8221;][\/vc_column][\/vc_row]<\/p><\/div><input class=\"fooboxshare_post_id\" type=\"hidden\" value=\"1487\"\/>","protected":false},"excerpt":{"rendered":"<p>[vc_row][vc_column width=&#8221;1\/2&#8243;][vc_column_text el_class=&#8221;greybox&#8221; css=&#8221;.vc_custom_1471702679807{padding-right: 50px !important;}&#8221;] Minimundus Erlebnis \u00dcber uns MINIMUNDUS z\u00e4hlt zu den beliebtesten und bekanntesten Ausflugszielen in K\u00e4rnten. Die Geschichte der kleinen Welt am W\u00f6rthersee beginnt in den 50er-Jahren mit der Vision des damaligen Landesobmannes von RETTET DAS KIND, Hofrat Peter Zojer, die Sehensw\u00fcrdigkeiten der ganzen Welt an einem Ort zu vereinen. Im&hellip;<\/p>\n","protected":false},"author":1,"featured_media":1311,"parent":1483,"menu_order":0,"comment_status":"closed","ping_status":"closed","template":"","meta":{"inline_featured_image":false,"footnotes":""},"class_list":["post-1487","page","type-page","status-publish","has-post-thumbnail","hentry","description-off"],"_links":{"self":[{"href":"https:\/\/www.minimundus.at\/en\/wp-json\/wp\/v2\/pages\/1487","targetHints":{"allow":["GET"]}}],"collection":[{"href":"https:\/\/www.minimundus.at\/en\/wp-json\/wp\/v2\/pages"}],"about":[{"href":"https:\/\/www.minimundus.at\/en\/wp-json\/wp\/v2\/types\/page"}],"author":[{"embeddable":true,"href":"https:\/\/www.minimundus.at\/en\/wp-json\/wp\/v2\/users\/1"}],"replies":[{"embeddable":true,"href":"https:\/\/www.minimundus.at\/en\/wp-json\/wp\/v2\/comments?post=1487"}],"version-history":[{"count":2,"href":"https:\/\/www.minimundus.at\/en\/wp-json\/wp\/v2\/pages\/1487\/revisions"}],"predecessor-version":[{"id":2757,"href":"https:\/\/www.minimundus.at\/en\/wp-json\/wp\/v2\/pages\/1487\/revisions\/2757"}],"up":[{"embeddable":true,"href":"https:\/\/www.minimundus.at\/en\/wp-json\/wp\/v2\/pages\/1483"}],"wp:featuredmedia":[{"embeddable":true,"href":"https:\/\/www.minimundus.at\/en\/wp-json\/wp\/v2\/media\/1311"}],"wp:attachment":[{"href":"https:\/\/www.minimundus.at\/en\/wp-json\/wp\/v2\/media?parent=1487"}],"curies":[{"name":"wp","href":"https:\/\/api.w.org\/{rel}","templated":true}]}}