{"id":2853,"date":"2016-09-14T15:50:30","date_gmt":"2016-09-14T13:50:30","guid":{"rendered":"https:\/\/2022.minimundus.at\/it\/?page_id=2853"},"modified":"2023-12-18T13:55:05","modified_gmt":"2023-12-18T12:55:05","slug":"la-storia","status":"publish","type":"page","link":"https:\/\/www.minimundus.at\/it\/la-storia\/","title":{"rendered":"La storia"},"content":{"rendered":"<div class=\"wpb-content-wrapper\"><p>[vc_row][vc_column width=&#8221;1\/2&#8243;][vc_column_text el_class=&#8221;greybox&#8221; css=&#8221;.vc_custom_1669646802783{padding-right: 50px !important;}&#8221;]<\/p>\n<h3>LA STORIA DI MINIMUNDUS<\/h3>\n<h2>Edifici in miniatura<br \/>\nda tutto il mondo<\/h2>\n<h4>Minimundus\u00a0\u00e8 una delle mete turistiche pi\u00f9 amate e note della Carinzia.<\/h4>\n<p>La storia del piccolo mondo sul lago W\u00f6rthersee ha inizio alla fine degli anni 1950 con la visione di un privato, dove inizialmente c&#8217;erano 20 modelli europei da ammirare sotto il nome originale &#8220;Minieurop&#8221;. Tuttavia, dopo che la mostra and\u00f2 presto in difficolt\u00e0 finanziarie, fu comprato dall&#8217;allora presidente regionale di RETTET DAS KIND, Hofrat Dr. Peter Zojer, con l&#8217;idea di unire i panorami di tutto il mondo in un unico posto.<\/p>\n<p>Col passar del tempo la superficie si accrebbe fino agli attuali 26.000 m\u00b2 arricchendosi di numerosi edifici originari di ogni dove. Dopo il recente rifacimento generale, dalla primavera 2016 Minimundus \u00e8 pi\u00f9 splendido che mai.\u00a0Grazie al nuovo padiglione coperto e all\u2019interessante programma di eventi musicali e culinari, il complesso \u00e8 oggi un\u2019attrazione per adulti e famiglie proponibile tutto l\u2019anno.[\/vc_column_text][\/vc_column][vc_column width=&#8221;1\/2&#8243; css=&#8221;.vc_custom_1468227594612{padding-bottom: 100px !important;background-color: #0056a4 !important;}&#8221;][vc_single_image image=&#8221;1211&#8243; img_size=&#8221;500&#215;400&#8243; css=&#8221;.vc_custom_1470817540643{margin-left: -40px !important;}&#8221;][\/vc_column][\/vc_row][vc_row css=&#8221;.vc_custom_1468227581044{margin-top: 0px !important;border-top-width: 0px !important;padding-top: 0px !important;background-color: #e9f6fe !important;}&#8221;][vc_column width=&#8221;1\/2&#8243;]<style type=\"text\/css\" data-type=\"the7_shortcodes-inline-css\">.gallery-carousel-shortcode.gallery-carousel-shortcode-id-4eed11f204987aa3a6655afbafe7a9e8.owl-carousel .owl-nav div {\n  width: 36px;\n  height: 36px;\n  border-radius: 500px;\n}\n.dt-arrow-border-on.gallery-carousel-shortcode.gallery-carousel-shortcode-id-4eed11f204987aa3a6655afbafe7a9e8.owl-carousel .owl-nav div:not(:hover):before {\n  border-width: 0px;\n}\n.dt-arrow-hover-border-on.gallery-carousel-shortcode.gallery-carousel-shortcode-id-4eed11f204987aa3a6655afbafe7a9e8.owl-carousel .owl-nav div:hover:after {\n  border-width: 0px;\n}\n.gallery-carousel-shortcode.gallery-carousel-shortcode-id-4eed11f204987aa3a6655afbafe7a9e8.owl-carousel .owl-nav div.owl-prev {\n  top: 50%;\n  transform: translateY(calc(-50% + 0px));\n  left: -43px;\n}\n@media all and (-ms-high-contrast: none) {\n  .gallery-carousel-shortcode.gallery-carousel-shortcode-id-4eed11f204987aa3a6655afbafe7a9e8.owl-carousel .owl-nav div.owl-prev {\n    transform: translateY(-50%);\n    margin-top: 0px;\n  }\n}\n.gallery-carousel-shortcode.gallery-carousel-shortcode-id-4eed11f204987aa3a6655afbafe7a9e8.owl-carousel .owl-nav div.owl-prev i {\n  padding: 0px 0px 0px 0px;\n}\n.gallery-carousel-shortcode.gallery-carousel-shortcode-id-4eed11f204987aa3a6655afbafe7a9e8.owl-carousel .owl-nav div.owl-next {\n  top: 50%;\n  transform: translateY(calc(-50% + 0px));\n  right: -43px;\n}\n@media all and (-ms-high-contrast: none) {\n  .gallery-carousel-shortcode.gallery-carousel-shortcode-id-4eed11f204987aa3a6655afbafe7a9e8.owl-carousel .owl-nav div.owl-next {\n    transform: translateY(-50%);\n    margin-top: 0px;\n  }\n}\n.gallery-carousel-shortcode.gallery-carousel-shortcode-id-4eed11f204987aa3a6655afbafe7a9e8.owl-carousel .owl-nav div.owl-next i {\n  padding: 0px 0px 0px 0px;\n}\n.gallery-carousel-shortcode.gallery-carousel-shortcode-id-4eed11f204987aa3a6655afbafe7a9e8.owl-carousel .owl-nav i {\n  font-size: 18px;\n}\n.gallery-carousel-shortcode.gallery-carousel-shortcode-id-4eed11f204987aa3a6655afbafe7a9e8.owl-carousel .owl-nav div:not(:hover) i,\n.gallery-carousel-shortcode.gallery-carousel-shortcode-id-4eed11f204987aa3a6655afbafe7a9e8.owl-carousel .owl-nav div:not(:hover) i:before {\n  color: #ffffff;\n  background: none;\n}\n.gallery-carousel-shortcode.gallery-carousel-shortcode-id-4eed11f204987aa3a6655afbafe7a9e8.owl-carousel .owl-nav div:hover i,\n.gallery-carousel-shortcode.gallery-carousel-shortcode-id-4eed11f204987aa3a6655afbafe7a9e8.owl-carousel .owl-nav div:hover i:before {\n  color: rgba(255,255,255,0.75);\n  background: none;\n}\n.gallery-carousel-shortcode.gallery-carousel-shortcode-id-4eed11f204987aa3a6655afbafe7a9e8 .owl-dots {\n  top: calc(100% + 20px);\n  left: 50%;\n  transform: translateX(calc(-50% + 0px));\n}\n@media all and (-ms-high-contrast: none) {\n  .gallery-carousel-shortcode.gallery-carousel-shortcode-id-4eed11f204987aa3a6655afbafe7a9e8 .owl-dots {\n    transform: translateX(-50%);\n    margin-left: 0px;\n  }\n}\n.gallery-carousel-shortcode.gallery-carousel-shortcode-id-4eed11f204987aa3a6655afbafe7a9e8 .owl-dot {\n  width: 10px;\n  height: 10px;\n  margin: 0 8px;\n}\n@media screen and (max-width: 778px) {\n  .gallery-carousel-shortcode.gallery-carousel-shortcode-id-4eed11f204987aa3a6655afbafe7a9e8.hide-arrows .owl-nav a {\n    display: none;\n  }\n}\n@media screen and (max-width: 778px) {\n  .gallery-carousel-shortcode.gallery-carousel-shortcode-id-4eed11f204987aa3a6655afbafe7a9e8.reposition-arrows .owl-nav .owl-prev {\n    top: 50%;\n    transform: translateY(calc(-50% + 0px));\n    left: 10px;\n  }\n  .gallery-carousel-shortcode.gallery-carousel-shortcode-id-4eed11f204987aa3a6655afbafe7a9e8.reposition-arrows .owl-nav .owl-next {\n    top: 50%;\n    transform: translateY(calc(-50% + 0px));\n    right: 10px;\n  }\n}\n@media screen and (max-width: 778px) and all and (-ms-high-contrast: none) {\n  .gallery-carousel-shortcode.gallery-carousel-shortcode-id-4eed11f204987aa3a6655afbafe7a9e8.reposition-arrows .owl-nav .owl-prev {\n    transform: translateY(-50%);\n    margin-top: 0px;\n  }\n}\n@media screen and (max-width: 778px) and all and (-ms-high-contrast: none) {\n  .gallery-carousel-shortcode.gallery-carousel-shortcode-id-4eed11f204987aa3a6655afbafe7a9e8.reposition-arrows .owl-nav .owl-next {\n    transform: translateY(-50%);\n    margin-top: 0px;\n  }\n}\n.gallery-carousel-shortcode.gallery-carousel-shortcode-id-4eed11f204987aa3a6655afbafe7a9e8 figure,\n.gallery-carousel-shortcode.gallery-carousel-shortcode-id-4eed11f204987aa3a6655afbafe7a9e8 .rollover,\n.gallery-carousel-shortcode.gallery-carousel-shortcode-id-4eed11f204987aa3a6655afbafe7a9e8 img,\n.gallery-carousel-shortcode.gallery-carousel-shortcode-id-4eed11f204987aa3a6655afbafe7a9e8 .gallery-rollover {\n  border-radius: 0px;\n}\n.gallery-carousel-shortcode.gallery-carousel-shortcode-id-4eed11f204987aa3a6655afbafe7a9e8.enable-bg-rollover .gallery-rollover {\n  background: -webkit-linear-gradient();\n  background: linear-gradient();\n}\n.gallery-carousel-shortcode.gallery-carousel-shortcode-id-4eed11f204987aa3a6655afbafe7a9e8.enable-img-shadow .owl-stage-outer {\n  padding: 14px 0;\n}\n.gallery-carousel-shortcode.gallery-carousel-shortcode-id-4eed11f204987aa3a6655afbafe7a9e8.enable-bg-rollover.hover-scale figure .rollover:after {\n  background: -webkit-linear-gradient();\n  background: linear-gradient();\n}\n.gallery-carousel-shortcode.gallery-carousel-shortcode-id-4eed11f204987aa3a6655afbafe7a9e8.gallery-shortcode .gallery-zoom-ico {\n  width: 44px;\n  height: 44px;\n  line-height: 44px;\n  border-radius: 100px;\n  margin: -22px 0 0 -22px;\n  border-width: 0px;\n}\n.dt-icon-bg-on.gallery-carousel-shortcode.gallery-carousel-shortcode-id-4eed11f204987aa3a6655afbafe7a9e8.gallery-shortcode .gallery-zoom-ico {\n  background: rgba(255,255,255,0.3);\n  box-shadow: none;\n}\n.gallery-carousel-shortcode.gallery-carousel-shortcode-id-4eed11f204987aa3a6655afbafe7a9e8.gallery-shortcode .gallery-zoom-ico:before,\n.gallery-carousel-shortcode.gallery-carousel-shortcode-id-4eed11f204987aa3a6655afbafe7a9e8.gallery-shortcode .gallery-zoom-ico span {\n  font-size: 32px;\n  line-height: 44px;\n  color: #ffffff;\n  background: none;\n}<\/style><div class=\"owl-carousel gallery-carousel-shortcode gallery-shortcode  dt-gallery-container dt-owl-carousel-call gallery-carousel-shortcode-id-4eed11f204987aa3a6655afbafe7a9e8 quick-scale-img enable-bg-rollover meta-info-off dt-arrow-border-on dt-arrow-hover-border-on bullets-small-dot-stroke reposition-arrows dt-icon-bg-off arrows-bg-on disable-arrows-hover-bg arrows-hover-bg-on  hover-fade \" data-scroll-mode=\"1\" data-col-num=\"1\" data-wide-col-num=\"1\" data-laptop-col=\"1\" data-h-tablet-columns-num=\"1\" data-v-tablet-columns-num=\"1\" data-phone-columns-num=\"1\" data-col-gap=\"10\" data-stage-padding=\"0\" data-speed=\"600\" data-autoplay=\"false\" data-autoplay_speed=\"6000\" data-arrows=\"true\" data-bullet=\"false\" data-next-icon=\"icon-ar-017-r\" data-prev-icon=\"icon-ar-017-l\" data-img-shadow-size=\"12px\" data-img-shadow-spread=\"3px\"><div data-post-id=\"6633\" data-date=\"2016-08-03T14:19:31+02:00\" data-name=\"Image\"><figure class=\"post\"><a href=\"https:\/\/www.minimundus.at\/wp-content\/uploads\/2016\/07\/Burg-Hochosterwitz-ALT.jpg\" class=\"rollover dt-pswp-item layzr-bg\" data-large_image_width=\"2036\" data-large_image_height=\"1440\" data-dt-img-description=\"\" title=\"Image\"><img fetchpriority=\"high\" decoding=\"async\" class=\"preload-me owl-lazy-load aspect\" src=\"data:image\/svg+xml,%3Csvg%20xmlns%3D&#39;http%3A%2F%2Fwww.w3.org%2F2000%2Fsvg&#39;%20viewBox%3D&#39;0%200%201920%201440&#39;%2F%3E\" data-src=\"https:\/\/www.minimundus.at\/wp-content\/uploads\/2016\/07\/Burg-Hochosterwitz-ALT-1920x1440.jpg\" data-srcset=\"https:\/\/www.minimundus.at\/wp-content\/uploads\/2016\/07\/Burg-Hochosterwitz-ALT-1920x1440.jpg 1920w\" loading=\"eager\" style=\"--ratio: 1920 \/ 1440\" sizes=\"(max-width: 1920px) 100vw, 1920px\" alt=\"\" width=\"1920\" height=\"1440\"  \/><span class=\"gallery-rollover\"><span class=\"gallery-zoom-ico icomoon-the7-font-the7-zoom-06\"><span><\/span><\/span><\/span><\/a><\/figure><\/div><div data-post-id=\"6636\" data-date=\"2016-08-03T14:19:33+02:00\" data-name=\"Image\"><figure class=\"post\"><a href=\"https:\/\/www.minimundus.at\/wp-content\/uploads\/2016\/07\/ca.-1960.jpg\" class=\"rollover dt-pswp-item layzr-bg\" data-large_image_width=\"1994\" data-large_image_height=\"1339\" data-dt-img-description=\"\" title=\"Image\"><img decoding=\"async\" class=\"preload-me owl-lazy-load aspect\" src=\"data:image\/svg+xml,%3Csvg%20xmlns%3D&#39;http%3A%2F%2Fwww.w3.org%2F2000%2Fsvg&#39;%20viewBox%3D&#39;0%200%201785%201339&#39;%2F%3E\" data-src=\"https:\/\/www.minimundus.at\/wp-content\/uploads\/2016\/07\/ca.-1960-1785x1339.jpg\" data-srcset=\"https:\/\/www.minimundus.at\/wp-content\/uploads\/2016\/07\/ca.-1960-1785x1339.jpg 1785w\" loading=\"eager\" style=\"--ratio: 1785 \/ 1339\" sizes=\"(max-width: 1785px) 100vw, 1785px\" alt=\"\" width=\"1785\" height=\"1339\"  \/><span class=\"gallery-rollover\"><span class=\"gallery-zoom-ico icomoon-the7-font-the7-zoom-06\"><span><\/span><\/span><\/span><\/a><\/figure><\/div><div data-post-id=\"6639\" data-date=\"2016-08-03T14:19:35+02:00\" data-name=\"Chronik-1\"><figure class=\"post\"><a href=\"https:\/\/www.minimundus.at\/wp-content\/uploads\/2016\/07\/Chronik-1.jpg\" class=\"rollover dt-pswp-item layzr-bg\" data-large_image_width=\"2016\" data-large_image_height=\"1424\" data-dt-img-description=\"\" title=\"Chronik-1\"><img decoding=\"async\" class=\"preload-me owl-lazy-load aspect\" src=\"data:image\/svg+xml,%3Csvg%20xmlns%3D&#39;http%3A%2F%2Fwww.w3.org%2F2000%2Fsvg&#39;%20viewBox%3D&#39;0%200%201898%201424&#39;%2F%3E\" data-src=\"https:\/\/www.minimundus.at\/wp-content\/uploads\/2016\/07\/Chronik-1-1898x1424.jpg\" data-srcset=\"https:\/\/www.minimundus.at\/wp-content\/uploads\/2016\/07\/Chronik-1-1898x1424.jpg 1898w\" loading=\"eager\" style=\"--ratio: 1898 \/ 1424\" sizes=\"(max-width: 1898px) 100vw, 1898px\" alt=\"\" width=\"1898\" height=\"1424\"  \/><span class=\"gallery-rollover\"><span class=\"gallery-zoom-ico icomoon-the7-font-the7-zoom-06\"><span><\/span><\/span><\/span><\/a><\/figure><\/div><div data-post-id=\"6645\" data-date=\"2016-08-03T14:19:39+02:00\" data-name=\"Chronik-4\"><figure class=\"post\"><a href=\"https:\/\/www.minimundus.at\/wp-content\/uploads\/2016\/07\/Chronik-4.jpg\" class=\"rollover dt-pswp-item layzr-bg\" data-large_image_width=\"1800\" data-large_image_height=\"1372\" data-dt-img-description=\"\" title=\"Chronik-4\"><img decoding=\"async\" class=\"preload-me owl-lazy-load aspect\" src=\"data:image\/svg+xml,%3Csvg%20xmlns%3D&#39;http%3A%2F%2Fwww.w3.org%2F2000%2Fsvg&#39;%20viewBox%3D&#39;0%200%201800%201350&#39;%2F%3E\" data-src=\"https:\/\/www.minimundus.at\/wp-content\/uploads\/2016\/07\/Chronik-4-1800x1350.jpg\" data-srcset=\"https:\/\/www.minimundus.at\/wp-content\/uploads\/2016\/07\/Chronik-4-1800x1350.jpg 1800w\" loading=\"eager\" style=\"--ratio: 1800 \/ 1350\" sizes=\"(max-width: 1800px) 100vw, 1800px\" alt=\"\" width=\"1800\" height=\"1350\"  \/><span class=\"gallery-rollover\"><span class=\"gallery-zoom-ico icomoon-the7-font-the7-zoom-06\"><span><\/span><\/span><\/span><\/a><\/figure><\/div><div data-post-id=\"6648\" data-date=\"2016-08-03T14:19:40+02:00\" data-name=\"Chronik-6\"><figure class=\"post\"><a href=\"https:\/\/www.minimundus.at\/wp-content\/uploads\/2016\/07\/Chronik-6.jpg\" class=\"rollover dt-pswp-item layzr-bg\" data-large_image_width=\"1800\" data-large_image_height=\"1395\" data-dt-img-description=\"\" title=\"Chronik-6\"><img decoding=\"async\" class=\"preload-me owl-lazy-load aspect\" src=\"data:image\/svg+xml,%3Csvg%20xmlns%3D&#39;http%3A%2F%2Fwww.w3.org%2F2000%2Fsvg&#39;%20viewBox%3D&#39;0%200%201800%201350&#39;%2F%3E\" data-src=\"https:\/\/www.minimundus.at\/wp-content\/uploads\/2016\/07\/Chronik-6-1800x1350.jpg\" data-srcset=\"https:\/\/www.minimundus.at\/wp-content\/uploads\/2016\/07\/Chronik-6-1800x1350.jpg 1800w\" loading=\"eager\" style=\"--ratio: 1800 \/ 1350\" sizes=\"(max-width: 1800px) 100vw, 1800px\" alt=\"\" width=\"1800\" height=\"1350\"  \/><span class=\"gallery-rollover\"><span class=\"gallery-zoom-ico icomoon-the7-font-the7-zoom-06\"><span><\/span><\/span><\/span><\/a><\/figure><\/div><div data-post-id=\"6651\" data-date=\"2016-08-03T14:20:14+02:00\" data-name=\"Chronik-12\"><figure class=\"post\"><a href=\"https:\/\/www.minimundus.at\/wp-content\/uploads\/2016\/07\/Chronik-12.jpg\" class=\"rollover dt-pswp-item layzr-bg\" data-large_image_width=\"1448\" data-large_image_height=\"2032\" data-dt-img-description=\"\" title=\"Chronik-12\"><img decoding=\"async\" class=\"preload-me owl-lazy-load aspect\" src=\"data:image\/svg+xml,%3Csvg%20xmlns%3D&#39;http%3A%2F%2Fwww.w3.org%2F2000%2Fsvg&#39;%20viewBox%3D&#39;0%200%201448%201086&#39;%2F%3E\" data-src=\"https:\/\/www.minimundus.at\/wp-content\/uploads\/2016\/07\/Chronik-12-1448x1086.jpg\" data-srcset=\"https:\/\/www.minimundus.at\/wp-content\/uploads\/2016\/07\/Chronik-12-1448x1086.jpg 1448w\" loading=\"eager\" style=\"--ratio: 1448 \/ 1086\" sizes=\"(max-width: 1448px) 100vw, 1448px\" alt=\"\" width=\"1448\" height=\"1086\"  \/><span class=\"gallery-rollover\"><span class=\"gallery-zoom-ico icomoon-the7-font-the7-zoom-06\"><span><\/span><\/span><\/span><\/a><\/figure><\/div><div data-post-id=\"6654\" data-date=\"2016-08-03T14:20:16+02:00\" data-name=\"Chronik-12b\"><figure class=\"post\"><a href=\"https:\/\/www.minimundus.at\/wp-content\/uploads\/2016\/07\/Chronik-12b.jpg\" class=\"rollover dt-pswp-item layzr-bg\" data-large_image_width=\"1356\" data-large_image_height=\"1013\" data-dt-img-description=\"\" title=\"Chronik-12b\"><img decoding=\"async\" class=\"preload-me owl-lazy-load aspect\" src=\"data:image\/svg+xml,%3Csvg%20xmlns%3D&#39;http%3A%2F%2Fwww.w3.org%2F2000%2Fsvg&#39;%20viewBox%3D&#39;0%200%201350%201013&#39;%2F%3E\" data-src=\"https:\/\/www.minimundus.at\/wp-content\/uploads\/2016\/07\/Chronik-12b-1350x1013.jpg\" data-srcset=\"https:\/\/www.minimundus.at\/wp-content\/uploads\/2016\/07\/Chronik-12b-1350x1013.jpg 1350w\" loading=\"eager\" style=\"--ratio: 1350 \/ 1013\" sizes=\"(max-width: 1350px) 100vw, 1350px\" alt=\"\" width=\"1350\" height=\"1013\"  \/><span class=\"gallery-rollover\"><span class=\"gallery-zoom-ico icomoon-the7-font-the7-zoom-06\"><span><\/span><\/span><\/span><\/a><\/figure><\/div><div data-post-id=\"6657\" data-date=\"2016-08-03T14:20:17+02:00\" data-name=\"Chronik-13\"><figure class=\"post\"><a href=\"https:\/\/www.minimundus.at\/wp-content\/uploads\/2016\/07\/Chronik-13.jpg\" class=\"rollover dt-pswp-item layzr-bg\" data-large_image_width=\"1512\" data-large_image_height=\"1001\" data-dt-img-description=\"\" title=\"Chronik-13\"><img decoding=\"async\" class=\"preload-me owl-lazy-load aspect\" src=\"data:image\/svg+xml,%3Csvg%20xmlns%3D&#39;http%3A%2F%2Fwww.w3.org%2F2000%2Fsvg&#39;%20viewBox%3D&#39;0%200%201334%201001&#39;%2F%3E\" data-src=\"https:\/\/www.minimundus.at\/wp-content\/uploads\/2016\/07\/Chronik-13-1334x1001.jpg\" data-srcset=\"https:\/\/www.minimundus.at\/wp-content\/uploads\/2016\/07\/Chronik-13-1334x1001.jpg 1334w\" loading=\"eager\" style=\"--ratio: 1334 \/ 1001\" sizes=\"(max-width: 1334px) 100vw, 1334px\" alt=\"\" width=\"1334\" height=\"1001\"  \/><span class=\"gallery-rollover\"><span class=\"gallery-zoom-ico icomoon-the7-font-the7-zoom-06\"><span><\/span><\/span><\/span><\/a><\/figure><\/div><div data-post-id=\"6660\" data-date=\"2016-08-03T14:20:45+02:00\" data-name=\"Image\"><figure class=\"post\"><a href=\"https:\/\/www.minimundus.at\/wp-content\/uploads\/2016\/07\/MINIMUNDUS-1971.jpg\" class=\"rollover dt-pswp-item layzr-bg\" data-large_image_width=\"2795\" data-large_image_height=\"2120\" data-dt-img-description=\"\" title=\"Image\"><img decoding=\"async\" class=\"preload-me owl-lazy-load aspect\" src=\"data:image\/svg+xml,%3Csvg%20xmlns%3D&#39;http%3A%2F%2Fwww.w3.org%2F2000%2Fsvg&#39;%20viewBox%3D&#39;0%200%202794%202096&#39;%2F%3E\" data-src=\"https:\/\/www.minimundus.at\/wp-content\/uploads\/2016\/07\/MINIMUNDUS-1971.jpg\" data-srcset=\"https:\/\/www.minimundus.at\/wp-content\/uploads\/2016\/07\/MINIMUNDUS-1971.jpg 2794w\" loading=\"eager\" style=\"--ratio: 2794 \/ 2096\" sizes=\"(max-width: 2794px) 100vw, 2794px\" alt=\"\" width=\"2794\" height=\"2096\"  \/><span class=\"gallery-rollover\"><span class=\"gallery-zoom-ico icomoon-the7-font-the7-zoom-06\"><span><\/span><\/span><\/span><\/a><\/figure><\/div><div data-post-id=\"6663\" data-date=\"2016-08-03T14:20:48+02:00\" data-name=\"Schmuckbild von 1960_1 Kopie\"><figure class=\"post\"><a href=\"https:\/\/www.minimundus.at\/wp-content\/uploads\/2016\/07\/Schmuckbild-von-1960_1-Kopie.jpg\" class=\"rollover dt-pswp-item layzr-bg\" data-large_image_width=\"1028\" data-large_image_height=\"671\" data-dt-img-description=\"\" title=\"Schmuckbild von 1960_1 Kopie\"><img decoding=\"async\" class=\"preload-me owl-lazy-load aspect\" src=\"data:image\/svg+xml,%3Csvg%20xmlns%3D&#39;http%3A%2F%2Fwww.w3.org%2F2000%2Fsvg&#39;%20viewBox%3D&#39;0%200%20894%20671&#39;%2F%3E\" data-src=\"https:\/\/www.minimundus.at\/wp-content\/uploads\/2016\/07\/Schmuckbild-von-1960_1-Kopie-894x671.jpg\" data-srcset=\"https:\/\/www.minimundus.at\/wp-content\/uploads\/2016\/07\/Schmuckbild-von-1960_1-Kopie-894x671.jpg 894w\" loading=\"eager\" style=\"--ratio: 894 \/ 671\" sizes=\"(max-width: 894px) 100vw, 894px\" alt=\"\" width=\"894\" height=\"671\"  \/><span class=\"gallery-rollover\"><span class=\"gallery-zoom-ico icomoon-the7-font-the7-zoom-06\"><span><\/span><\/span><\/span><\/a><\/figure><\/div><div data-post-id=\"6666\" data-date=\"2016-08-03T14:29:17+02:00\" data-name=\"Chronik-2 neues format\"><figure class=\"post\"><a href=\"https:\/\/www.minimundus.at\/wp-content\/uploads\/2016\/07\/Chronik-2-neues-format.jpg\" class=\"rollover dt-pswp-item layzr-bg\" data-large_image_width=\"1417\" data-large_image_height=\"1152\" data-dt-img-description=\"\" title=\"Chronik-2 neues format\"><img decoding=\"async\" class=\"preload-me owl-lazy-load aspect\" src=\"data:image\/svg+xml,%3Csvg%20xmlns%3D&#39;http%3A%2F%2Fwww.w3.org%2F2000%2Fsvg&#39;%20viewBox%3D&#39;0%200%201416%201062&#39;%2F%3E\" data-src=\"https:\/\/www.minimundus.at\/wp-content\/uploads\/2016\/07\/Chronik-2-neues-format-1416x1062.jpg\" data-srcset=\"https:\/\/www.minimundus.at\/wp-content\/uploads\/2016\/07\/Chronik-2-neues-format-1416x1062.jpg 1416w, https:\/\/www.minimundus.at\/wp-content\/uploads\/2016\/07\/Chronik-2-neues-format-1417x1062.jpg 1417w\" loading=\"eager\" style=\"--ratio: 1416 \/ 1062\" sizes=\"(max-width: 1416px) 100vw, 1416px\" alt=\"\" width=\"1416\" height=\"1062\"  \/><span class=\"gallery-rollover\"><span class=\"gallery-zoom-ico icomoon-the7-font-the7-zoom-06\"><span><\/span><\/span><\/span><\/a><\/figure><\/div><\/div>[\/vc_column][vc_column width=&#8221;1\/2&#8243;][vc_column_text]<\/p>\n<h4>Un percorso ricco di pietre miliari:<\/h4>\n<p><span style=\"text-decoration: underline;\"><strong>1958<br \/>\n<\/strong><\/span>L\u2019allora \u00abMinieurop\u00bb viene acquistata dal presidente di RETTET DAS KIND Austria, il consigliere aulico dott. Peter Zojer. Il precursore dell\u2019odierno Minimundus presenta solo 20 modelli.<\/p>\n<p>Un rappresentante britannico del fondo \u00abSave The Children Fund\u00bb, Mr. Basil\u00a0Gardner-Mc Taggart, lucra al progetto un sostegno finanziario.\u00a0\u00c8 lui che conia il nuovo nome di \u00abMINIMUNDUS\u00bb.<\/p>\n<p><strong>Il 3 luglio 1959 Minimundus viene ufficialmente inaugurato.<\/strong><\/p>\n<p><strong><span style=\"text-decoration: underline;\">1967<br \/>\n<\/span><\/strong>Minimundus\u00a0saluta il milionesimo visitatore della sua storia.<\/p>\n<p><strong><span style=\"text-decoration: underline;\">1977<br \/>\n<\/span><\/strong>La superficie passa da 15.000 m\u00b2 alle ragguardevoli dimensioni di 26.000 m\u00b2.<\/p>\n<p><strong><span style=\"text-decoration: underline;\">1982<br \/>\n<\/span><\/strong>Una serie di interventi edilizi conclusasi nel 1983 dota il parco di laboratori propri e di un edificio direzionale.<\/p>\n<p><span style=\"text-decoration: underline;\"><strong>1983 &#8211; Minimundus compie 25 anni:<br \/>\n<\/strong><\/span>e varca, nell\u2019anno di questa ricorrenza, la soglia dei sette milioni di visitatori.<\/p>\n<p><span style=\"text-decoration: underline;\"><strong>1990<br \/>\n<\/strong><\/span>Dopo sei anni di lavori viene presentata al pubblico la Basilica di San Pietro, il modello pi\u00f9 caro mai realizzato.<\/p>\n<p><strong><span style=\"text-decoration: underline;\">1993\/1994<br \/>\n<\/span><\/strong>Rifacimento della porzione nord di Minimundus e dei vialetti.<\/p>\n<p><span style=\"text-decoration: underline;\"><strong>2003<br \/>\n<\/strong><\/span>Basta indovinelli! I modelli di Minimundus vengono finalmente dotati di brevi descrizioni.<\/p>\n<p><strong><span style=\"text-decoration: underline;\">2008<\/span> &#8211; Minimundus compie 50 anni<br \/>\n<\/strong><span class=\"VIiyi\" lang=\"it\"><span class=\"JLqJ4b ChMk0b\" data-language-for-alternatives=\"it\" data-language-to-translate-into=\"de\" data-phrase-index=\"0\">RETTET DAS KIND &#8211; K\u00e4rnten (<em>Carinzia<\/em>) diventa proprietaria di Minimundus.<\/span><\/span><strong><br \/>\n<\/strong><\/p>\n<p><strong><span style=\"text-decoration: underline;\">2009\/2010<br \/>\n<\/span><\/strong>Inaugurazione del nuovo percorso di gioco, divertimento e quiz destinato ai bambini, seguito ben presto dal nuovo parco giochi di 400\u00a0m\u00b2.<\/p>\n<p><span style=\"text-decoration: underline;\"><strong>2015\/2016<br \/>\n<\/strong><\/span>Minimundus si arricchisce di un emozionante spazio coperto di 1.500 m\u00b2\u00a0e apre tutto l\u2019anno.<\/p>\n<p><span style=\"text-decoration: underline;\"><strong>2018<\/strong><\/span><br \/>\n<span class=\"tlid-translation translation\" lang=\"it\"><span class=\"\" title=\"\">Minimundus e RETTET DAS KIND &#8211; K\u00e4rnten festeggiano il loro 60 \u00b0 anniversario.<\/span><\/span>[\/vc_column_text][\/vc_column][\/vc_row][vc_row][vc_column el_class=&#8221;download&#8221;][vc_column_text el_class=&#8221;bottomlogo&#8221;]<\/p>\n<h3 style=\"text-align: center;\">Con la tua visita a Minimundus aiuti i bambini e i giovani meno fortunati della Carinzia.<br \/>\nMinimundus \u00e8 di propriet\u00e0 dell\u2019associazione\u00a0RETTET DAS KIND K\u00e4rnten.<\/h3>\n<p>[\/vc_column_text][vc_single_image image=&#8221;779&#8243; img_size=&#8221;full&#8221; alignment=&#8221;center&#8221;][\/vc_column][\/vc_row]<\/p><\/div><input class=\"fooboxshare_post_id\" type=\"hidden\" value=\"2853\"\/>","protected":false},"excerpt":{"rendered":"<p>[vc_row][vc_column width=&#8221;1\/2&#8243;][vc_column_text el_class=&#8221;greybox&#8221; css=&#8221;.vc_custom_1669646802783{padding-right: 50px !important;}&#8221;] LA STORIA DI MINIMUNDUS Edifici in miniatura da tutto il mondo Minimundus\u00a0\u00e8 una delle mete turistiche pi\u00f9 amate e note della Carinzia. La storia del piccolo mondo sul lago W\u00f6rthersee ha inizio alla fine degli anni 1950 con la visione di un privato, dove inizialmente c&#8217;erano 20 modelli europei&hellip;<\/p>\n","protected":false},"author":1,"featured_media":3126,"parent":0,"menu_order":0,"comment_status":"closed","ping_status":"closed","template":"","meta":{"inline_featured_image":false,"footnotes":""},"class_list":["post-2853","page","type-page","status-publish","has-post-thumbnail","hentry","description-off"],"_links":{"self":[{"href":"https:\/\/www.minimundus.at\/it\/wp-json\/wp\/v2\/pages\/2853","targetHints":{"allow":["GET"]}}],"collection":[{"href":"https:\/\/www.minimundus.at\/it\/wp-json\/wp\/v2\/pages"}],"about":[{"href":"https:\/\/www.minimundus.at\/it\/wp-json\/wp\/v2\/types\/page"}],"author":[{"embeddable":true,"href":"https:\/\/www.minimundus.at\/it\/wp-json\/wp\/v2\/users\/1"}],"replies":[{"embeddable":true,"href":"https:\/\/www.minimundus.at\/it\/wp-json\/wp\/v2\/comments?post=2853"}],"version-history":[{"count":10,"href":"https:\/\/www.minimundus.at\/it\/wp-json\/wp\/v2\/pages\/2853\/revisions"}],"predecessor-version":[{"id":11992,"href":"https:\/\/www.minimundus.at\/it\/wp-json\/wp\/v2\/pages\/2853\/revisions\/11992"}],"wp:featuredmedia":[{"embeddable":true,"href":"https:\/\/www.minimundus.at\/it\/wp-json\/wp\/v2\/media\/3126"}],"wp:attachment":[{"href":"https:\/\/www.minimundus.at\/it\/wp-json\/wp\/v2\/media?parent=2853"}],"curies":[{"name":"wp","href":"https:\/\/api.w.org\/{rel}","templated":true}]}}