{"id":2856,"date":"2016-09-14T16:01:48","date_gmt":"2016-09-14T14:01:48","guid":{"rendered":"https:\/\/2022.minimundus.at\/it\/?page_id=2856"},"modified":"2023-10-10T15:53:07","modified_gmt":"2023-10-10T13:53:07","slug":"modelli-laboratorio","status":"publish","type":"page","link":"https:\/\/www.minimundus.at\/it\/la-storia\/modelli-laboratorio\/","title":{"rendered":"Modelli &#038; laboratorio"},"content":{"rendered":"<div class=\"wpb-content-wrapper\"><p>[vc_row][vc_column width=&#8221;1\/2&#8243;][vc_column_text el_class=&#8221;greybox&#8221; css=&#8221;.vc_custom_1696945984577{padding-right: 50px !important;}&#8221;]<\/p>\n<h3><strong>IL LABORATORIO DI MINIMUNDUS <\/strong><\/h3>\n<h2>La costruzione<br \/>\ndei modelli<\/h2>\n<h4>A prima vista pu\u00f2 sembrare incredibile<br \/>\nche alcuni modelli costino pi\u00f9 di<br \/>\n500.000\u00a0euro.<\/h4>\n<p>Spesso la strada da percorrere \u00e8 lunga prima che un modello possa essere costruito: Il primo passo \u00e8 quello di cercare il contatto la sede responsabile dell\u2019edificio o anche con il consolato del paese in cui sorge l\u2019oggetto per procurarsi la documentazione necessaria. Ci vogliono di solito mesi per ottenere i progetti in diverse scale, che noi poi procediamo a ridurre in scala 1:25.<\/p>\n<p><strong><br \/>\nTutto il mondo in scala 1:25<br \/>\n<\/strong>Il pezzo di cuore di Minimundus sono i modelli, realizzati con grande fedelt\u00e0 di dettaglio nei nostri laboratori in scala 1:25 e per lo pi\u00f9 con materiali originali quali arenaria, basalto lavico e marmo. Qui anche il pi\u00f9 piccolo dettaglio \u00e8 esatto: le persiane, le decorazioni, i lampioni lungo le strade, ecc.<\/p>\n<p>La produzione dei modelli \u00e8 affidata ai sei costruttori di Minimundus, a istituti tecnici superiori o anche a esperti di modellismo internazionali.<\/p>\n<p>Quasi tutte le miniature sono realizzate in scala 1:25 (un&#8217;eccezione \u00e8\u00a0 il Castello di Hochosterwitz, risalente al 1959) il che permette di confrontare agevolmente fra loro le dimensioni degli edifici.[\/vc_column_text][\/vc_column][vc_column width=&#8221;1\/2&#8243; css=&#8221;.vc_custom_1468227594612{padding-bottom: 100px !important;background-color: #0056a4 !important;}&#8221;][vc_single_image image=&#8221;2650&#8243; img_size=&#8221;500&#215;400&#8243; css=&#8221;.vc_custom_1472817117881{margin-left: -40px !important;}&#8221;][vc_single_image image=&#8221;2652&#8243; img_size=&#8221;500&#215;400&#8243; css=&#8221;.vc_custom_1472817160607{margin-left: -40px !important;}&#8221;][\/vc_column][\/vc_row][vc_row css=&#8221;.vc_custom_1468227581044{margin-top: 0px !important;border-top-width: 0px !important;padding-top: 0px !important;background-color: #e9f6fe !important;}&#8221;][vc_column width=&#8221;1\/2&#8243;][vc_single_image image=&#8221;840&#8243; img_size=&#8221;500&#215;300&#8243;][vc_single_image image=&#8221;1014&#8243; img_size=&#8221;500&#215;300&#8243;][\/vc_column][vc_column width=&#8221;1\/2&#8243;][vc_column_text]<\/p>\n<h4>Particolarit\u00e0 tecniche:<\/h4>\n<p><strong>Modello pi\u00f9 costoso e impegnativo<br \/>\n<\/strong>Per la costruzione della Basilica di San Pietro ci sono voluti ben sei anni, il tempo di realizzazione pi\u00f9 lungo fra tutti i modelli. Essendo fatta principalmente dello stesso materiale dell\u2019originale, il travertino (un precursore del marmo che \u00e8 stato lavorato con la punta di diamante), tirando le somme alla fine il progetto aveva ingurgitato 730.000\u00a0euro.<\/p>\n<p><strong>Lavorazione di precisione<br \/>\n<\/strong>Il modello del Castello di Miramare ha richiesto 26 mesi di realizzazione e ha visto l\u2019impiego di circa 28.000 mattoncini di marmo e 26.000 mattoncini di arenaria. Nel caso di San Pietro un modellista poteva lavorare anche un\u2019intera settimana a una singola figura.<\/p>\n<p><strong>Beniamino dei visitatori<br \/>\n<\/strong>La maggior parte dei visitatori vorrebbe vedere un modello del Golden Gate Bridge. Purtroppo, persino riducendola in scala 1:25 la costruzione sarebbe troppo grande per Minimundus e si estenderebbe ben oltre i confini del parco.<\/p>\n<p><strong>Modello pi\u00f9 alto<br \/>\n<\/strong>Il modello della CN-Tower si eleva per l\u2019imponente altezza di 23\u00a0m dal suolo torreggiando sul parco. Il peso \u00e8 di 20 tonnellate.<\/p>\n<p><strong>Materiale pi\u00f9 delicato<br \/>\n<\/strong>Il Tempio di Borobudur in Indonesia \u00e8 fatto di basalto lavico, un materiale molto delicato. Realizzata da modellisti indonesiani la riproduzione \u00e8 un omaggio dell\u2019isola di Giava a Minimundus.<\/p>\n<p><strong>L\u2019edificio pi\u00f9 antico<br \/>\n<\/strong>La Rocca di Hochosterwitz \u00e8 presente da sempre e rappresenta il modello pi\u00f9 antico del parco.[\/vc_column_text][\/vc_column][\/vc_row][vc_row][vc_column][vc_column_text][slider id=799][\/vc_column_text][\/vc_column][\/vc_row]<\/p><\/div><input class=\"fooboxshare_post_id\" type=\"hidden\" value=\"2856\"\/>","protected":false},"excerpt":{"rendered":"<p>[vc_row][vc_column width=&#8221;1\/2&#8243;][vc_column_text el_class=&#8221;greybox&#8221; css=&#8221;.vc_custom_1696945984577{padding-right: 50px !important;}&#8221;] IL LABORATORIO DI MINIMUNDUS La costruzione dei modelli A prima vista pu\u00f2 sembrare incredibile che alcuni modelli costino pi\u00f9 di 500.000\u00a0euro. Spesso la strada da percorrere \u00e8 lunga prima che un modello possa essere costruito: Il primo passo \u00e8 quello di cercare il contatto la sede responsabile dell\u2019edificio o&hellip;<\/p>\n","protected":false},"author":1,"featured_media":2659,"parent":2853,"menu_order":0,"comment_status":"closed","ping_status":"closed","template":"","meta":{"inline_featured_image":false,"footnotes":""},"class_list":["post-2856","page","type-page","status-publish","has-post-thumbnail","hentry","description-off"],"_links":{"self":[{"href":"https:\/\/www.minimundus.at\/it\/wp-json\/wp\/v2\/pages\/2856","targetHints":{"allow":["GET"]}}],"collection":[{"href":"https:\/\/www.minimundus.at\/it\/wp-json\/wp\/v2\/pages"}],"about":[{"href":"https:\/\/www.minimundus.at\/it\/wp-json\/wp\/v2\/types\/page"}],"author":[{"embeddable":true,"href":"https:\/\/www.minimundus.at\/it\/wp-json\/wp\/v2\/users\/1"}],"replies":[{"embeddable":true,"href":"https:\/\/www.minimundus.at\/it\/wp-json\/wp\/v2\/comments?post=2856"}],"version-history":[{"count":5,"href":"https:\/\/www.minimundus.at\/it\/wp-json\/wp\/v2\/pages\/2856\/revisions"}],"predecessor-version":[{"id":11814,"href":"https:\/\/www.minimundus.at\/it\/wp-json\/wp\/v2\/pages\/2856\/revisions\/11814"}],"up":[{"embeddable":true,"href":"https:\/\/www.minimundus.at\/it\/wp-json\/wp\/v2\/pages\/2853"}],"wp:featuredmedia":[{"embeddable":true,"href":"https:\/\/www.minimundus.at\/it\/wp-json\/wp\/v2\/media\/2659"}],"wp:attachment":[{"href":"https:\/\/www.minimundus.at\/it\/wp-json\/wp\/v2\/media?parent=2856"}],"curies":[{"name":"wp","href":"https:\/\/api.w.org\/{rel}","templated":true}]}}