{"id":2859,"date":"2016-09-14T16:07:32","date_gmt":"2016-09-14T14:07:32","guid":{"rendered":"https:\/\/2022.minimundus.at\/it\/?page_id=2859"},"modified":"2024-01-09T11:39:27","modified_gmt":"2024-01-09T10:39:27","slug":"rettet-das-kind","status":"publish","type":"page","link":"https:\/\/www.minimundus.at\/it\/la-storia\/rettet-das-kind\/","title":{"rendered":"Rettet das Kind"},"content":{"rendered":"<div class=\"wpb-content-wrapper\"><p>[vc_row][vc_column width=&#8221;1\/2&#8243;][vc_column_text el_class=&#8221;greybox&#8221; css=&#8221;.vc_custom_1583928529433{padding-right: 50px !important;}&#8221;]<\/p>\n<h3>AIUTACI AD AIUTARE<\/h3>\n<h2>RETTET DAS KIND &#8211; K\u00e4rnten<\/h2>\n<h4>Visitando il Minimundus aiutate i bambini e i ragazzi bisognosi<br \/>\ndella Carinzia.<\/h4>\n<p>D<span class=\"tlid-translation translation\" lang=\"it\"><span class=\"\" title=\"\">a pi\u00f9 di 60 anni<\/span><\/span> Minimundus sostiene l&#8217;associazione caritatevole RETTET DAS KIND &#8211; K\u00e4rnten che si prende cura di bambini, ragazzi e famiglie disagiate.[\/vc_column_text][\/vc_column][vc_column width=&#8221;1\/2&#8243; css=&#8221;.vc_custom_1468227594612{padding-bottom: 100px !important;background-color: #0056a4 !important;}&#8221;][vc_single_image image=&#8221;1230&#8243; img_size=&#8221;500&#215;400&#8243; css=&#8221;.vc_custom_1470827576977{margin-left: -40px !important;}&#8221;][\/vc_column][\/vc_row][vc_row css=&#8221;.vc_custom_1468227581044{margin-top: 0px !important;border-top-width: 0px !important;padding-top: 0px !important;background-color: #e9f6fe !important;}&#8221;][vc_column width=&#8221;1\/2&#8243;]<style type=\"text\/css\" data-type=\"the7_shortcodes-inline-css\">.gallery-carousel-shortcode.gallery-carousel-shortcode-id-7639858153f937367e194e3815fa4125.owl-carousel .owl-nav div {\n  width: 36px;\n  height: 36px;\n  border-radius: 500px;\n}\n.dt-arrow-border-on.gallery-carousel-shortcode.gallery-carousel-shortcode-id-7639858153f937367e194e3815fa4125.owl-carousel .owl-nav div:not(:hover):before {\n  border-width: 0px;\n}\n.dt-arrow-hover-border-on.gallery-carousel-shortcode.gallery-carousel-shortcode-id-7639858153f937367e194e3815fa4125.owl-carousel .owl-nav div:hover:after {\n  border-width: 0px;\n}\n.gallery-carousel-shortcode.gallery-carousel-shortcode-id-7639858153f937367e194e3815fa4125.owl-carousel .owl-nav div.owl-prev {\n  top: 50%;\n  transform: translateY(calc(-50% + 0px));\n  left: -43px;\n}\n@media all and (-ms-high-contrast: none) {\n  .gallery-carousel-shortcode.gallery-carousel-shortcode-id-7639858153f937367e194e3815fa4125.owl-carousel .owl-nav div.owl-prev {\n    transform: translateY(-50%);\n    margin-top: 0px;\n  }\n}\n.gallery-carousel-shortcode.gallery-carousel-shortcode-id-7639858153f937367e194e3815fa4125.owl-carousel .owl-nav div.owl-prev i {\n  padding: 0px 0px 0px 0px;\n}\n.gallery-carousel-shortcode.gallery-carousel-shortcode-id-7639858153f937367e194e3815fa4125.owl-carousel .owl-nav div.owl-next {\n  top: 50%;\n  transform: translateY(calc(-50% + 0px));\n  right: -43px;\n}\n@media all and (-ms-high-contrast: none) {\n  .gallery-carousel-shortcode.gallery-carousel-shortcode-id-7639858153f937367e194e3815fa4125.owl-carousel .owl-nav div.owl-next {\n    transform: translateY(-50%);\n    margin-top: 0px;\n  }\n}\n.gallery-carousel-shortcode.gallery-carousel-shortcode-id-7639858153f937367e194e3815fa4125.owl-carousel .owl-nav div.owl-next i {\n  padding: 0px 0px 0px 0px;\n}\n.gallery-carousel-shortcode.gallery-carousel-shortcode-id-7639858153f937367e194e3815fa4125.owl-carousel .owl-nav i {\n  font-size: 18px;\n}\n.gallery-carousel-shortcode.gallery-carousel-shortcode-id-7639858153f937367e194e3815fa4125.owl-carousel .owl-nav div:not(:hover) i,\n.gallery-carousel-shortcode.gallery-carousel-shortcode-id-7639858153f937367e194e3815fa4125.owl-carousel .owl-nav div:not(:hover) i:before {\n  color: #ffffff;\n  background: none;\n}\n.gallery-carousel-shortcode.gallery-carousel-shortcode-id-7639858153f937367e194e3815fa4125.owl-carousel .owl-nav div:hover i,\n.gallery-carousel-shortcode.gallery-carousel-shortcode-id-7639858153f937367e194e3815fa4125.owl-carousel .owl-nav div:hover i:before {\n  color: rgba(255,255,255,0.75);\n  background: none;\n}\n.gallery-carousel-shortcode.gallery-carousel-shortcode-id-7639858153f937367e194e3815fa4125 .owl-dots {\n  top: calc(100% + 20px);\n  left: 50%;\n  transform: translateX(calc(-50% + 0px));\n}\n@media all and (-ms-high-contrast: none) {\n  .gallery-carousel-shortcode.gallery-carousel-shortcode-id-7639858153f937367e194e3815fa4125 .owl-dots {\n    transform: translateX(-50%);\n    margin-left: 0px;\n  }\n}\n.gallery-carousel-shortcode.gallery-carousel-shortcode-id-7639858153f937367e194e3815fa4125 .owl-dot {\n  width: 10px;\n  height: 10px;\n  margin: 0 8px;\n}\n@media screen and (max-width: 778px) {\n  .gallery-carousel-shortcode.gallery-carousel-shortcode-id-7639858153f937367e194e3815fa4125.hide-arrows .owl-nav a {\n    display: none;\n  }\n}\n@media screen and (max-width: 778px) {\n  .gallery-carousel-shortcode.gallery-carousel-shortcode-id-7639858153f937367e194e3815fa4125.reposition-arrows .owl-nav .owl-prev {\n    top: 50%;\n    transform: translateY(calc(-50% + 0px));\n    left: 10px;\n  }\n  .gallery-carousel-shortcode.gallery-carousel-shortcode-id-7639858153f937367e194e3815fa4125.reposition-arrows .owl-nav .owl-next {\n    top: 50%;\n    transform: translateY(calc(-50% + 0px));\n    right: 10px;\n  }\n}\n@media screen and (max-width: 778px) and all and (-ms-high-contrast: none) {\n  .gallery-carousel-shortcode.gallery-carousel-shortcode-id-7639858153f937367e194e3815fa4125.reposition-arrows .owl-nav .owl-prev {\n    transform: translateY(-50%);\n    margin-top: 0px;\n  }\n}\n@media screen and (max-width: 778px) and all and (-ms-high-contrast: none) {\n  .gallery-carousel-shortcode.gallery-carousel-shortcode-id-7639858153f937367e194e3815fa4125.reposition-arrows .owl-nav .owl-next {\n    transform: translateY(-50%);\n    margin-top: 0px;\n  }\n}\n.gallery-carousel-shortcode.gallery-carousel-shortcode-id-7639858153f937367e194e3815fa4125 figure,\n.gallery-carousel-shortcode.gallery-carousel-shortcode-id-7639858153f937367e194e3815fa4125 .rollover,\n.gallery-carousel-shortcode.gallery-carousel-shortcode-id-7639858153f937367e194e3815fa4125 img,\n.gallery-carousel-shortcode.gallery-carousel-shortcode-id-7639858153f937367e194e3815fa4125 .gallery-rollover {\n  border-radius: 0px;\n}\n.gallery-carousel-shortcode.gallery-carousel-shortcode-id-7639858153f937367e194e3815fa4125.enable-bg-rollover .gallery-rollover {\n  background: -webkit-linear-gradient();\n  background: linear-gradient();\n}\n.gallery-carousel-shortcode.gallery-carousel-shortcode-id-7639858153f937367e194e3815fa4125.enable-img-shadow .owl-stage-outer {\n  padding: 14px 0;\n}\n.gallery-carousel-shortcode.gallery-carousel-shortcode-id-7639858153f937367e194e3815fa4125.enable-bg-rollover.hover-scale figure .rollover:after {\n  background: -webkit-linear-gradient();\n  background: linear-gradient();\n}\n.gallery-carousel-shortcode.gallery-carousel-shortcode-id-7639858153f937367e194e3815fa4125.gallery-shortcode .gallery-zoom-ico {\n  width: 44px;\n  height: 44px;\n  line-height: 44px;\n  border-radius: 100px;\n  margin: -22px 0 0 -22px;\n  border-width: 0px;\n}\n.dt-icon-bg-on.gallery-carousel-shortcode.gallery-carousel-shortcode-id-7639858153f937367e194e3815fa4125.gallery-shortcode .gallery-zoom-ico {\n  background: rgba(255,255,255,0.3);\n  box-shadow: none;\n}\n.gallery-carousel-shortcode.gallery-carousel-shortcode-id-7639858153f937367e194e3815fa4125.gallery-shortcode .gallery-zoom-ico:before,\n.gallery-carousel-shortcode.gallery-carousel-shortcode-id-7639858153f937367e194e3815fa4125.gallery-shortcode .gallery-zoom-ico span {\n  font-size: 32px;\n  line-height: 44px;\n  color: #ffffff;\n  background: none;\n}<\/style><div class=\"owl-carousel gallery-carousel-shortcode gallery-shortcode  dt-gallery-container dt-owl-carousel-call gallery-carousel-shortcode-id-7639858153f937367e194e3815fa4125 quick-scale-img enable-bg-rollover meta-info-off dt-arrow-border-on dt-arrow-hover-border-on bullets-small-dot-stroke reposition-arrows dt-icon-bg-off arrows-bg-on disable-arrows-hover-bg arrows-hover-bg-on  hover-fade \" data-scroll-mode=\"1\" data-col-num=\"1\" data-wide-col-num=\"1\" data-laptop-col=\"1\" data-h-tablet-columns-num=\"1\" data-v-tablet-columns-num=\"1\" data-phone-columns-num=\"1\" data-col-gap=\"10\" data-stage-padding=\"0\" data-speed=\"600\" data-autoplay=\"false\" data-autoplay_speed=\"6000\" data-arrows=\"true\" data-bullet=\"false\" data-next-icon=\"icon-ar-017-r\" data-prev-icon=\"icon-ar-017-l\" data-img-shadow-size=\"12px\" data-img-shadow-spread=\"3px\"><div data-post-id=\"7002\" data-date=\"2016-08-10T11:52:41+02:00\" data-name=\"2011_ET_Flyer_Foto1\"><figure class=\"post\"><a href=\"https:\/\/www.minimundus.at\/wp-content\/uploads\/2016\/07\/2011_ET_Flyer_Foto1.jpg\" class=\"rollover dt-pswp-item layzr-bg\" data-large_image_width=\"3456\" data-large_image_height=\"2304\" data-dt-img-description=\"\" title=\"2011_ET_Flyer_Foto1\"><img fetchpriority=\"high\" decoding=\"async\" class=\"preload-me owl-lazy-load aspect\" src=\"data:image\/svg+xml,%3Csvg%20xmlns%3D&#39;http%3A%2F%2Fwww.w3.org%2F2000%2Fsvg&#39;%20viewBox%3D&#39;0%200%203072%202304&#39;%2F%3E\" data-src=\"https:\/\/www.minimundus.at\/wp-content\/uploads\/2016\/07\/2011_ET_Flyer_Foto1.jpg\" data-srcset=\"https:\/\/www.minimundus.at\/wp-content\/uploads\/2016\/07\/2011_ET_Flyer_Foto1.jpg 3072w\" loading=\"eager\" style=\"--ratio: 3072 \/ 2304\" sizes=\"(max-width: 3072px) 100vw, 3072px\" alt=\"\" width=\"3072\" height=\"2304\"  \/><span class=\"gallery-rollover\"><span class=\"gallery-zoom-ico icomoon-the7-font-the7-zoom-06\"><span><\/span><\/span><\/span><\/a><\/figure><\/div><div data-post-id=\"7005\" data-date=\"2016-08-10T11:52:44+02:00\" data-name=\"Bilder 047\"><figure class=\"post\"><a href=\"https:\/\/www.minimundus.at\/wp-content\/uploads\/2016\/07\/Bilder-047.jpg\" class=\"rollover dt-pswp-item layzr-bg\" data-large_image_width=\"3008\" data-large_image_height=\"2008\" data-dt-img-description=\"\" title=\"Bilder 047\"><img decoding=\"async\" class=\"preload-me owl-lazy-load aspect\" src=\"data:image\/svg+xml,%3Csvg%20xmlns%3D&#39;http%3A%2F%2Fwww.w3.org%2F2000%2Fsvg&#39;%20viewBox%3D&#39;0%200%202677%202008&#39;%2F%3E\" data-src=\"https:\/\/www.minimundus.at\/wp-content\/uploads\/2016\/07\/Bilder-047.jpg\" data-srcset=\"https:\/\/www.minimundus.at\/wp-content\/uploads\/2016\/07\/Bilder-047.jpg 2677w\" loading=\"eager\" style=\"--ratio: 2677 \/ 2008\" sizes=\"(max-width: 2677px) 100vw, 2677px\" alt=\"\" width=\"2677\" height=\"2008\"  \/><span class=\"gallery-rollover\"><span class=\"gallery-zoom-ico icomoon-the7-font-the7-zoom-06\"><span><\/span><\/span><\/span><\/a><\/figure><\/div><div data-post-id=\"7011\" data-date=\"2016-08-10T11:52:50+02:00\" data-name=\"Bilder 080\"><figure class=\"post\"><a href=\"https:\/\/www.minimundus.at\/wp-content\/uploads\/2016\/07\/Bilder-080.jpg\" class=\"rollover dt-pswp-item layzr-bg\" data-large_image_width=\"3008\" data-large_image_height=\"2008\" data-dt-img-description=\"\" title=\"Bilder 080\"><img decoding=\"async\" class=\"preload-me owl-lazy-load aspect\" src=\"data:image\/svg+xml,%3Csvg%20xmlns%3D&#39;http%3A%2F%2Fwww.w3.org%2F2000%2Fsvg&#39;%20viewBox%3D&#39;0%200%202677%202008&#39;%2F%3E\" data-src=\"https:\/\/www.minimundus.at\/wp-content\/uploads\/2016\/07\/Bilder-080.jpg\" data-srcset=\"https:\/\/www.minimundus.at\/wp-content\/uploads\/2016\/07\/Bilder-080.jpg 2677w\" loading=\"eager\" style=\"--ratio: 2677 \/ 2008\" sizes=\"(max-width: 2677px) 100vw, 2677px\" alt=\"\" width=\"2677\" height=\"2008\"  \/><span class=\"gallery-rollover\"><span class=\"gallery-zoom-ico icomoon-the7-font-the7-zoom-06\"><span><\/span><\/span><\/span><\/a><\/figure><\/div><div data-post-id=\"7014\" data-date=\"2016-08-10T11:53:10+02:00\" data-name=\"shutterstock_13937050\"><figure class=\"post\"><a href=\"https:\/\/www.minimundus.at\/wp-content\/uploads\/2016\/07\/shutterstock_13937050.jpg\" class=\"rollover dt-pswp-item layzr-bg\" data-large_image_width=\"2000\" data-large_image_height=\"3008\" data-dt-img-description=\"\" title=\"shutterstock_13937050\"><img decoding=\"async\" class=\"preload-me owl-lazy-load aspect\" src=\"data:image\/svg+xml,%3Csvg%20xmlns%3D&#39;http%3A%2F%2Fwww.w3.org%2F2000%2Fsvg&#39;%20viewBox%3D&#39;0%200%202000%201500&#39;%2F%3E\" data-src=\"https:\/\/www.minimundus.at\/wp-content\/uploads\/2016\/07\/shutterstock_13937050-2000x1500.jpg\" data-srcset=\"https:\/\/www.minimundus.at\/wp-content\/uploads\/2016\/07\/shutterstock_13937050-2000x1500.jpg 2000w\" loading=\"eager\" style=\"--ratio: 2000 \/ 1500\" sizes=\"(max-width: 2000px) 100vw, 2000px\" alt=\"\" width=\"2000\" height=\"1500\"  \/><span class=\"gallery-rollover\"><span class=\"gallery-zoom-ico icomoon-the7-font-the7-zoom-06\"><span><\/span><\/span><\/span><\/a><\/figure><\/div><div data-post-id=\"7020\" data-date=\"2016-08-10T13:10:16+02:00\" data-name=\"Bild 5\"><figure class=\"post\"><a href=\"https:\/\/www.minimundus.at\/wp-content\/uploads\/2016\/07\/Bild-5.jpg\" class=\"rollover dt-pswp-item layzr-bg\" data-large_image_width=\"2000\" data-large_image_height=\"1333\" data-dt-img-description=\"\" title=\"Bild 5\"><img decoding=\"async\" class=\"preload-me owl-lazy-load aspect\" src=\"data:image\/svg+xml,%3Csvg%20xmlns%3D&#39;http%3A%2F%2Fwww.w3.org%2F2000%2Fsvg&#39;%20viewBox%3D&#39;0%200%201777%201333&#39;%2F%3E\" data-src=\"https:\/\/www.minimundus.at\/wp-content\/uploads\/2016\/07\/Bild-5-1777x1333.jpg\" data-srcset=\"https:\/\/www.minimundus.at\/wp-content\/uploads\/2016\/07\/Bild-5-1777x1333.jpg 1777w\" loading=\"eager\" style=\"--ratio: 1777 \/ 1333\" sizes=\"(max-width: 1777px) 100vw, 1777px\" alt=\"\" width=\"1777\" height=\"1333\"  \/><span class=\"gallery-rollover\"><span class=\"gallery-zoom-ico icomoon-the7-font-the7-zoom-06\"><span><\/span><\/span><\/span><\/a><\/figure><\/div><div data-post-id=\"7023\" data-date=\"2016-08-10T13:10:33+02:00\" data-name=\"Bild 8\"><figure class=\"post\"><a href=\"https:\/\/www.minimundus.at\/wp-content\/uploads\/2016\/07\/Bild-8.jpg\" class=\"rollover dt-pswp-item layzr-bg\" data-large_image_width=\"3456\" data-large_image_height=\"2304\" data-dt-img-description=\"\" title=\"Bild 8\"><img decoding=\"async\" class=\"preload-me owl-lazy-load aspect\" src=\"data:image\/svg+xml,%3Csvg%20xmlns%3D&#39;http%3A%2F%2Fwww.w3.org%2F2000%2Fsvg&#39;%20viewBox%3D&#39;0%200%203072%202304&#39;%2F%3E\" data-src=\"https:\/\/www.minimundus.at\/wp-content\/uploads\/2016\/07\/Bild-8.jpg\" data-srcset=\"https:\/\/www.minimundus.at\/wp-content\/uploads\/2016\/07\/Bild-8.jpg 3072w\" loading=\"eager\" style=\"--ratio: 3072 \/ 2304\" sizes=\"(max-width: 3072px) 100vw, 3072px\" alt=\"\" width=\"3072\" height=\"2304\"  \/><span class=\"gallery-rollover\"><span class=\"gallery-zoom-ico icomoon-the7-font-the7-zoom-06\"><span><\/span><\/span><\/span><\/a><\/figure><\/div><div data-post-id=\"7026\" data-date=\"2016-08-10T13:11:06+02:00\" data-name=\"Foto Sinneswerkstatt\"><figure class=\"post\"><a href=\"https:\/\/www.minimundus.at\/wp-content\/uploads\/2016\/07\/Foto-Sinneswerkstatt.jpg\" class=\"rollover dt-pswp-item layzr-bg\" data-large_image_width=\"4608\" data-large_image_height=\"3072\" data-dt-img-description=\"\" title=\"Foto Sinneswerkstatt\"><img decoding=\"async\" class=\"preload-me owl-lazy-load aspect\" src=\"data:image\/svg+xml,%3Csvg%20xmlns%3D&#39;http%3A%2F%2Fwww.w3.org%2F2000%2Fsvg&#39;%20viewBox%3D&#39;0%200%204096%203072&#39;%2F%3E\" data-src=\"https:\/\/www.minimundus.at\/wp-content\/uploads\/2016\/07\/Foto-Sinneswerkstatt.jpg\" data-srcset=\"https:\/\/www.minimundus.at\/wp-content\/uploads\/2016\/07\/Foto-Sinneswerkstatt.jpg 4096w\" loading=\"eager\" style=\"--ratio: 4096 \/ 3072\" sizes=\"(max-width: 4096px) 100vw, 4096px\" alt=\"\" width=\"4096\" height=\"3072\"  \/><span class=\"gallery-rollover\"><span class=\"gallery-zoom-ico icomoon-the7-font-the7-zoom-06\"><span><\/span><\/span><\/span><\/a><\/figure><\/div><div data-post-id=\"7029\" data-date=\"2016-08-10T13:12:02+02:00\" data-name=\"shutterstock_31637824\"><figure class=\"post\"><a href=\"https:\/\/www.minimundus.at\/wp-content\/uploads\/2016\/07\/shutterstock_31637824.jpg\" class=\"rollover dt-pswp-item layzr-bg\" data-large_image_width=\"3884\" data-large_image_height=\"2261\" data-dt-img-description=\"\" title=\"shutterstock_31637824\"><img decoding=\"async\" class=\"preload-me owl-lazy-load aspect\" src=\"data:image\/svg+xml,%3Csvg%20xmlns%3D&#39;http%3A%2F%2Fwww.w3.org%2F2000%2Fsvg&#39;%20viewBox%3D&#39;0%200%203014%202261&#39;%2F%3E\" data-src=\"https:\/\/www.minimundus.at\/wp-content\/uploads\/2016\/07\/shutterstock_31637824.jpg\" data-srcset=\"https:\/\/www.minimundus.at\/wp-content\/uploads\/2016\/07\/shutterstock_31637824.jpg 3014w\" loading=\"eager\" style=\"--ratio: 3014 \/ 2261\" sizes=\"(max-width: 3014px) 100vw, 3014px\" alt=\"\" width=\"3014\" height=\"2261\"  \/><span class=\"gallery-rollover\"><span class=\"gallery-zoom-ico icomoon-the7-font-the7-zoom-06\"><span><\/span><\/span><\/span><\/a><\/figure><\/div><div data-post-id=\"7032\" data-date=\"2016-08-10T13:12:34+02:00\" data-name=\"Bild 10\"><figure class=\"post\"><a href=\"https:\/\/www.minimundus.at\/wp-content\/uploads\/2016\/07\/Bild-10.jpg\" class=\"rollover dt-pswp-item layzr-bg\" data-large_image_width=\"3456\" data-large_image_height=\"2304\" data-dt-img-description=\"\" title=\"Bild 10\"><img decoding=\"async\" class=\"preload-me owl-lazy-load aspect\" src=\"data:image\/svg+xml,%3Csvg%20xmlns%3D&#39;http%3A%2F%2Fwww.w3.org%2F2000%2Fsvg&#39;%20viewBox%3D&#39;0%200%203072%202304&#39;%2F%3E\" data-src=\"https:\/\/www.minimundus.at\/wp-content\/uploads\/2016\/07\/Bild-10.jpg\" data-srcset=\"https:\/\/www.minimundus.at\/wp-content\/uploads\/2016\/07\/Bild-10.jpg 3072w\" loading=\"eager\" style=\"--ratio: 3072 \/ 2304\" sizes=\"(max-width: 3072px) 100vw, 3072px\" alt=\"\" width=\"3072\" height=\"2304\"  \/><span class=\"gallery-rollover\"><span class=\"gallery-zoom-ico icomoon-the7-font-the7-zoom-06\"><span><\/span><\/span><\/span><\/a><\/figure><\/div><\/div>[\/vc_column][vc_column width=&#8221;1\/2&#8243;][vc_column_text]<\/p>\n<h4>Minimundus aiuta<br \/>\ni bambini e i giovani della Carinzia<\/h4>\n<p>Si tratta di un\u2019organizzazione privata di pubblica utilit\u00e0, sovrapartitica e non confessionale votata al sostegno dell\u2019infanzia.<\/p>\n<p>Minimundus \u00e8 stato inizialmente rilevato da privati \u200b\u200bdall&#8217;associazione RETTET DAS KIND Austria e nel 2008 \u00e8 diventato propriet\u00e0 di RETTET DAS KIND \u2013 Carinzia. L\u2019aiuto e il sostegno ai bambini, ai giovani e alle famiglie in difficolt\u00e0 vengono forniti attraverso interventi immediati, adozioni a distanza e diverse iniziative.<\/p>\n<p><strong>Per maggiori informazioni su \u00abRETTET DAS KIND \u2013 K\u00e4rnten\u00bb\u2028clicca\u00a0<\/strong><a href=\"http:\/\/www.rettet-das-kind-ktn.at\/\" target=\"_blank\" rel=\"noopener\"><strong>qui<\/strong><\/a><strong>.<\/strong>[\/vc_column_text][\/vc_column][\/vc_row][vc_row][vc_column][vc_single_image image=&#8221;779&#8243; img_size=&#8221;500&#215;400&#8243; alignment=&#8221;center&#8221;][\/vc_column][\/vc_row]<\/p><\/div><input class=\"fooboxshare_post_id\" type=\"hidden\" value=\"2859\"\/>","protected":false},"excerpt":{"rendered":"<p>[vc_row][vc_column width=&#8221;1\/2&#8243;][vc_column_text el_class=&#8221;greybox&#8221; css=&#8221;.vc_custom_1583928529433{padding-right: 50px !important;}&#8221;] AIUTACI AD AIUTARE RETTET DAS KIND &#8211; K\u00e4rnten Visitando il Minimundus aiutate i bambini e i ragazzi bisognosi della Carinzia. Da pi\u00f9 di 60 anni Minimundus sostiene l&#8217;associazione caritatevole RETTET DAS KIND &#8211; K\u00e4rnten che si prende cura di bambini, ragazzi e famiglie disagiate.[\/vc_column_text][\/vc_column][vc_column width=&#8221;1\/2&#8243; css=&#8221;.vc_custom_1468227594612{padding-bottom: 100px !important;background-color: #0056a4&hellip;<\/p>\n","protected":false},"author":1,"featured_media":1239,"parent":2853,"menu_order":0,"comment_status":"closed","ping_status":"closed","template":"","meta":{"inline_featured_image":false,"footnotes":""},"class_list":["post-2859","page","type-page","status-publish","has-post-thumbnail","hentry","description-off"],"_links":{"self":[{"href":"https:\/\/www.minimundus.at\/it\/wp-json\/wp\/v2\/pages\/2859","targetHints":{"allow":["GET"]}}],"collection":[{"href":"https:\/\/www.minimundus.at\/it\/wp-json\/wp\/v2\/pages"}],"about":[{"href":"https:\/\/www.minimundus.at\/it\/wp-json\/wp\/v2\/types\/page"}],"author":[{"embeddable":true,"href":"https:\/\/www.minimundus.at\/it\/wp-json\/wp\/v2\/users\/1"}],"replies":[{"embeddable":true,"href":"https:\/\/www.minimundus.at\/it\/wp-json\/wp\/v2\/comments?post=2859"}],"version-history":[{"count":8,"href":"https:\/\/www.minimundus.at\/it\/wp-json\/wp\/v2\/pages\/2859\/revisions"}],"predecessor-version":[{"id":12060,"href":"https:\/\/www.minimundus.at\/it\/wp-json\/wp\/v2\/pages\/2859\/revisions\/12060"}],"up":[{"embeddable":true,"href":"https:\/\/www.minimundus.at\/it\/wp-json\/wp\/v2\/pages\/2853"}],"wp:featuredmedia":[{"embeddable":true,"href":"https:\/\/www.minimundus.at\/it\/wp-json\/wp\/v2\/media\/1239"}],"wp:attachment":[{"href":"https:\/\/www.minimundus.at\/it\/wp-json\/wp\/v2\/media?parent=2859"}],"curies":[{"name":"wp","href":"https:\/\/api.w.org\/{rel}","templated":true}]}}