{"id":2882,"date":"2016-09-14T17:14:15","date_gmt":"2016-09-14T15:14:15","guid":{"rendered":"https:\/\/2022.minimundus.at\/it\/?page_id=2882"},"modified":"2025-12-12T11:53:05","modified_gmt":"2025-12-12T10:53:05","slug":"scolaresche","status":"publish","type":"page","link":"https:\/\/www.minimundus.at\/it\/scolaresche\/","title":{"rendered":"Scolaresche"},"content":{"rendered":"<div class=\"wpb-content-wrapper\"><p>[vc_row][vc_column width=&#8221;1\/2&#8243;][vc_column_text css=&#8221;.vc_custom_1659341849406{padding-right: 50px !important;}&#8221; el_class=&#8221;greybox&#8221;]<\/p>\n<h3>\u00a0SCOLARESCHE A MINIMUNDUS<\/h3>\n<h2>Cos\u00ec s\u00ec che s\u2019impara con piacere!<\/h2>\n<h4>Vieni con i tuoi alunni a scoprire<br \/>\nil mondo a Minimundus!<\/h4>\n<p>Un modo estremamente ameno per trasmettere agli scolari conoscenze sulla storia, la geografia, gli stili architettonici e le correnti artistiche dei pi\u00f9 begli edifici del globo. \u00a0In pi\u00f9, imparare all\u2019aria aperta non solo \u00e8 pi\u00f9 semplice, ma anche pi\u00f9 interessante. Il grande padiglione si propone non soltanto come ideale completamento del percorso nel parco, ma garantisce una gita scolastica illustrativa ed emozionante anche in caso di tempo instabile.<\/p>\n<p>[\/vc_column_text][\/vc_column][vc_column width=&#8221;1\/2&#8243; css=&#8221;.vc_custom_1468227594612{padding-bottom: 100px !important;background-color: #0056a4 !important;}&#8221;][vc_single_image image=&#8221;7239&#8243; img_size=&#8221;500&#215;400&#8243; css=&#8221;.vc_custom_1471357188549{margin-left: -40px !important;}&#8221;][\/vc_column][\/vc_row][vc_row css=&#8221;.vc_custom_1468227581044{margin-top: 0px !important;border-top-width: 0px !important;padding-top: 0px !important;background-color: #e9f6fe !important;}&#8221;][vc_column width=&#8221;1\/2&#8243;]<style type=\"text\/css\" data-type=\"the7_shortcodes-inline-css\">.gallery-carousel-shortcode.gallery-carousel-shortcode-id-863f2a692f5ef34cf2df741f72e0e61c.owl-carousel .owl-nav div {\n  width: 36px;\n  height: 36px;\n  border-radius: 500px;\n}\n.dt-arrow-border-on.gallery-carousel-shortcode.gallery-carousel-shortcode-id-863f2a692f5ef34cf2df741f72e0e61c.owl-carousel .owl-nav div:not(:hover):before {\n  border-width: 0px;\n}\n.dt-arrow-hover-border-on.gallery-carousel-shortcode.gallery-carousel-shortcode-id-863f2a692f5ef34cf2df741f72e0e61c.owl-carousel .owl-nav div:hover:after {\n  border-width: 0px;\n}\n.gallery-carousel-shortcode.gallery-carousel-shortcode-id-863f2a692f5ef34cf2df741f72e0e61c.owl-carousel .owl-nav div.owl-prev {\n  top: 50%;\n  transform: translateY(calc(-50% + 0px));\n  left: 10px;\n}\n@media all and (-ms-high-contrast: none) {\n  .gallery-carousel-shortcode.gallery-carousel-shortcode-id-863f2a692f5ef34cf2df741f72e0e61c.owl-carousel .owl-nav div.owl-prev {\n    transform: translateY(-50%);\n    margin-top: 0px;\n  }\n}\n.gallery-carousel-shortcode.gallery-carousel-shortcode-id-863f2a692f5ef34cf2df741f72e0e61c.owl-carousel .owl-nav div.owl-prev i {\n  padding: 0px 0px 0px 0px;\n}\n.gallery-carousel-shortcode.gallery-carousel-shortcode-id-863f2a692f5ef34cf2df741f72e0e61c.owl-carousel .owl-nav div.owl-next {\n  top: 50%;\n  transform: translateY(calc(-50% + 0px));\n  right: 10px;\n}\n@media all and (-ms-high-contrast: none) {\n  .gallery-carousel-shortcode.gallery-carousel-shortcode-id-863f2a692f5ef34cf2df741f72e0e61c.owl-carousel .owl-nav div.owl-next {\n    transform: translateY(-50%);\n    margin-top: 0px;\n  }\n}\n.gallery-carousel-shortcode.gallery-carousel-shortcode-id-863f2a692f5ef34cf2df741f72e0e61c.owl-carousel .owl-nav div.owl-next i {\n  padding: 0px 0px 0px 0px;\n}\n.gallery-carousel-shortcode.gallery-carousel-shortcode-id-863f2a692f5ef34cf2df741f72e0e61c.owl-carousel .owl-nav i {\n  font-size: 18px;\n}\n.gallery-carousel-shortcode.gallery-carousel-shortcode-id-863f2a692f5ef34cf2df741f72e0e61c.owl-carousel .owl-nav div:not(:hover) i,\n.gallery-carousel-shortcode.gallery-carousel-shortcode-id-863f2a692f5ef34cf2df741f72e0e61c.owl-carousel .owl-nav div:not(:hover) i:before {\n  color: #ffffff;\n  background: none;\n}\n.gallery-carousel-shortcode.gallery-carousel-shortcode-id-863f2a692f5ef34cf2df741f72e0e61c.owl-carousel .owl-nav div:hover i,\n.gallery-carousel-shortcode.gallery-carousel-shortcode-id-863f2a692f5ef34cf2df741f72e0e61c.owl-carousel .owl-nav div:hover i:before {\n  color: rgba(255,255,255,0.75);\n  background: none;\n}\n.gallery-carousel-shortcode.gallery-carousel-shortcode-id-863f2a692f5ef34cf2df741f72e0e61c .owl-dots {\n  top: calc(100% + 20px);\n  left: 50%;\n  transform: translateX(calc(-50% + 0px));\n}\n@media all and (-ms-high-contrast: none) {\n  .gallery-carousel-shortcode.gallery-carousel-shortcode-id-863f2a692f5ef34cf2df741f72e0e61c .owl-dots {\n    transform: translateX(-50%);\n    margin-left: 0px;\n  }\n}\n.gallery-carousel-shortcode.gallery-carousel-shortcode-id-863f2a692f5ef34cf2df741f72e0e61c .owl-dot {\n  width: 10px;\n  height: 10px;\n  margin: 0 8px;\n}\n@media screen and (max-width: 778px) {\n  .gallery-carousel-shortcode.gallery-carousel-shortcode-id-863f2a692f5ef34cf2df741f72e0e61c.hide-arrows .owl-nav a {\n    display: none;\n  }\n}\n@media screen and (max-width: 778px) {\n  .gallery-carousel-shortcode.gallery-carousel-shortcode-id-863f2a692f5ef34cf2df741f72e0e61c.reposition-arrows .owl-nav div.owl-prev {\n    top: 50%;\n    transform: translateY(calc(-50% + 0px));\n    left: 10px;\n  }\n  .gallery-carousel-shortcode.gallery-carousel-shortcode-id-863f2a692f5ef34cf2df741f72e0e61c.reposition-arrows .owl-nav div.owl-next {\n    top: 50%;\n    transform: translateY(calc(-50% + 0px));\n    right: 10px;\n  }\n}\n@media screen and (max-width: 778px) and all and (-ms-high-contrast: none) {\n  .gallery-carousel-shortcode.gallery-carousel-shortcode-id-863f2a692f5ef34cf2df741f72e0e61c.reposition-arrows .owl-nav div.owl-prev {\n    transform: translateY(-50%);\n    margin-top: 0px;\n  }\n}\n@media screen and (max-width: 778px) and all and (-ms-high-contrast: none) {\n  .gallery-carousel-shortcode.gallery-carousel-shortcode-id-863f2a692f5ef34cf2df741f72e0e61c.reposition-arrows .owl-nav div.owl-next {\n    transform: translateY(-50%);\n    margin-top: 0px;\n  }\n}\n.gallery-carousel-shortcode.gallery-carousel-shortcode-id-863f2a692f5ef34cf2df741f72e0e61c figure,\n.gallery-carousel-shortcode.gallery-carousel-shortcode-id-863f2a692f5ef34cf2df741f72e0e61c .rollover,\n.gallery-carousel-shortcode.gallery-carousel-shortcode-id-863f2a692f5ef34cf2df741f72e0e61c img,\n.gallery-carousel-shortcode.gallery-carousel-shortcode-id-863f2a692f5ef34cf2df741f72e0e61c .gallery-rollover {\n  border-radius: 0px;\n}\n.gallery-carousel-shortcode.gallery-carousel-shortcode-id-863f2a692f5ef34cf2df741f72e0e61c.enable-bg-rollover .gallery-rollover {\n  background: -webkit-linear-gradient();\n  background: linear-gradient();\n}\n.gallery-carousel-shortcode.gallery-carousel-shortcode-id-863f2a692f5ef34cf2df741f72e0e61c.enable-img-shadow .owl-stage-outer {\n  padding: 14px 0;\n}\n.gallery-carousel-shortcode.gallery-carousel-shortcode-id-863f2a692f5ef34cf2df741f72e0e61c.enable-bg-rollover.hover-scale figure .rollover:after {\n  background: -webkit-linear-gradient();\n  background: linear-gradient();\n}\n.gallery-carousel-shortcode.gallery-carousel-shortcode-id-863f2a692f5ef34cf2df741f72e0e61c.gallery-shortcode .gallery-zoom-ico {\n  width: 44px;\n  height: 44px;\n  line-height: 44px;\n  border-radius: 100px;\n  margin: -22px 0 0 -22px;\n  border-width: 0px;\n}\n.dt-icon-bg-on.gallery-carousel-shortcode.gallery-carousel-shortcode-id-863f2a692f5ef34cf2df741f72e0e61c.gallery-shortcode .gallery-zoom-ico {\n  background: rgba(255,255,255,0.3);\n  box-shadow: none;\n}\n.gallery-carousel-shortcode.gallery-carousel-shortcode-id-863f2a692f5ef34cf2df741f72e0e61c.gallery-shortcode .gallery-zoom-ico:before,\n.gallery-carousel-shortcode.gallery-carousel-shortcode-id-863f2a692f5ef34cf2df741f72e0e61c.gallery-shortcode .gallery-zoom-ico span {\n  font-size: 32px;\n  line-height: 44px;\n  color: #ffffff;\n  background: none;\n}<\/style><div class=\"owl-carousel gallery-carousel-shortcode gallery-shortcode  dt-gallery-container dt-owl-carousel-call gallery-carousel-shortcode-id-863f2a692f5ef34cf2df741f72e0e61c quick-scale-img enable-bg-rollover meta-info-off dt-arrow-border-on dt-arrow-hover-border-on bullets-small-dot-stroke reposition-arrows dt-icon-bg-off arrows-bg-on disable-arrows-hover-bg arrows-hover-bg-on  vc_custom_1702908359330 hover-fade \" data-scroll-mode=\"1\" data-col-num=\"1\" data-wide-col-num=\"1\" data-laptop-col=\"1\" data-h-tablet-columns-num=\"1\" data-v-tablet-columns-num=\"1\" data-phone-columns-num=\"1\" data-col-gap=\"10\" data-stage-padding=\"0\" data-speed=\"600\" data-autoplay=\"false\" data-autoplay_speed=\"6000\" data-arrows=\"true\" data-bullet=\"false\" data-next-icon=\"icon-ar-017-r\" data-prev-icon=\"icon-ar-017-l\" data-img-shadow-size=\"12px\" data-img-shadow-spread=\"3px\"><div data-post-id=\"6417\" data-date=\"2016-07-06T09:44:38+02:00\" data-name=\"spaceshuttle\"><figure class=\"post\"><a href=\"https:\/\/www.minimundus.at\/wp-content\/uploads\/2016\/07\/spaceshuttle.jpg\" class=\"rollover dt-pswp-item layzr-bg\" data-large_image_width=\"850\" data-large_image_height=\"576\" data-dt-img-description=\"\" title=\"spaceshuttle\"><img fetchpriority=\"high\" decoding=\"async\" class=\"preload-me owl-lazy-load aspect\" src=\"data:image\/svg+xml,%3Csvg%20xmlns%3D&#39;http%3A%2F%2Fwww.w3.org%2F2000%2Fsvg&#39;%20viewBox%3D&#39;0%200%20767%20576&#39;%2F%3E\" data-src=\"https:\/\/www.minimundus.at\/wp-content\/uploads\/2016\/07\/spaceshuttle-767x576.jpg\" data-srcset=\"https:\/\/www.minimundus.at\/wp-content\/uploads\/2016\/07\/spaceshuttle-767x576.jpg 767w\" loading=\"eager\" style=\"--ratio: 767 \/ 576\" sizes=\"(max-width: 767px) 100vw, 767px\" alt=\"\" width=\"767\" height=\"576\"  \/><span class=\"gallery-rollover\"><span class=\"gallery-zoom-ico icomoon-the7-font-the7-zoom-06\"><span><\/span><\/span><\/span><\/a><\/figure><\/div><div data-post-id=\"6414\" data-date=\"2016-07-06T09:43:06+02:00\" data-name=\"Tower-London-Detail\"><figure class=\"post\"><a href=\"https:\/\/www.minimundus.at\/wp-content\/uploads\/2016\/07\/Tower-London-Detail.jpg\" class=\"rollover dt-pswp-item layzr-bg\" data-large_image_width=\"850\" data-large_image_height=\"569\" data-dt-img-description=\"\" title=\"Tower-London-Detail\"><img decoding=\"async\" class=\"preload-me owl-lazy-load aspect\" src=\"data:image\/svg+xml,%3Csvg%20xmlns%3D&#39;http%3A%2F%2Fwww.w3.org%2F2000%2Fsvg&#39;%20viewBox%3D&#39;0%200%20758%20569&#39;%2F%3E\" data-src=\"https:\/\/www.minimundus.at\/wp-content\/uploads\/2016\/07\/Tower-London-Detail-758x569.jpg\" data-srcset=\"https:\/\/www.minimundus.at\/wp-content\/uploads\/2016\/07\/Tower-London-Detail-758x569.jpg 758w\" loading=\"eager\" style=\"--ratio: 758 \/ 569\" sizes=\"(max-width: 758px) 100vw, 758px\" alt=\"\" width=\"758\" height=\"569\"  \/><span class=\"gallery-rollover\"><span class=\"gallery-zoom-ico icomoon-the7-font-the7-zoom-06\"><span><\/span><\/span><\/span><\/a><\/figure><\/div><div data-post-id=\"6411\" data-date=\"2016-07-06T09:42:55+02:00\" data-name=\"Tower-London\"><figure class=\"post\"><a href=\"https:\/\/www.minimundus.at\/wp-content\/uploads\/2016\/07\/Tower-London.jpg\" class=\"rollover dt-pswp-item layzr-bg\" data-large_image_width=\"850\" data-large_image_height=\"563\" data-dt-img-description=\"\" title=\"Tower-London\"><img decoding=\"async\" class=\"preload-me owl-lazy-load aspect\" src=\"data:image\/svg+xml,%3Csvg%20xmlns%3D&#39;http%3A%2F%2Fwww.w3.org%2F2000%2Fsvg&#39;%20viewBox%3D&#39;0%200%20750%20563&#39;%2F%3E\" data-src=\"https:\/\/www.minimundus.at\/wp-content\/uploads\/2016\/07\/Tower-London-750x563.jpg\" data-srcset=\"https:\/\/www.minimundus.at\/wp-content\/uploads\/2016\/07\/Tower-London-750x563.jpg 750w\" loading=\"eager\" style=\"--ratio: 750 \/ 563\" sizes=\"(max-width: 750px) 100vw, 750px\" alt=\"\" width=\"750\" height=\"563\"  \/><span class=\"gallery-rollover\"><span class=\"gallery-zoom-ico icomoon-the7-font-the7-zoom-06\"><span><\/span><\/span><\/span><\/a><\/figure><\/div><div data-post-id=\"6408\" data-date=\"2016-07-06T09:41:11+02:00\" data-name=\"Churnburg-Su\u00cc\u0088dtirol\"><figure class=\"post\"><a href=\"https:\/\/www.minimundus.at\/wp-content\/uploads\/2016\/07\/Churnburg-Su\u00cc\u0088dtirol.jpg\" class=\"rollover dt-pswp-item layzr-bg\" data-large_image_width=\"850\" data-large_image_height=\"559\" data-dt-img-description=\"\" title=\"Churnburg-Su\u00cc\u0088dtirol\"><img decoding=\"async\" class=\"preload-me owl-lazy-load aspect\" src=\"data:image\/svg+xml,%3Csvg%20xmlns%3D&#39;http%3A%2F%2Fwww.w3.org%2F2000%2Fsvg&#39;%20viewBox%3D&#39;0%200%20745%20559&#39;%2F%3E\" data-src=\"https:\/\/www.minimundus.at\/wp-content\/uploads\/2016\/07\/Churnburg-Su\u00cc\u0088dtirol-745x559.jpg\" data-srcset=\"https:\/\/www.minimundus.at\/wp-content\/uploads\/2016\/07\/Churnburg-Su\u00cc\u0088dtirol-745x559.jpg 745w\" loading=\"eager\" style=\"--ratio: 745 \/ 559\" sizes=\"(max-width: 745px) 100vw, 745px\" alt=\"\" width=\"745\" height=\"559\"  \/><span class=\"gallery-rollover\"><span class=\"gallery-zoom-ico icomoon-the7-font-the7-zoom-06\"><span><\/span><\/span><\/span><\/a><\/figure><\/div><div data-post-id=\"6402\" data-date=\"2016-07-06T09:38:33+02:00\" data-name=\"Atomium\"><figure class=\"post\"><a href=\"https:\/\/www.minimundus.at\/wp-content\/uploads\/2016\/07\/Atomium.jpg\" class=\"rollover dt-pswp-item layzr-bg\" data-large_image_width=\"568\" data-large_image_height=\"850\" data-dt-img-description=\"\" title=\"Atomium\"><img decoding=\"async\" class=\"preload-me owl-lazy-load aspect\" src=\"data:image\/svg+xml,%3Csvg%20xmlns%3D&#39;http%3A%2F%2Fwww.w3.org%2F2000%2Fsvg&#39;%20viewBox%3D&#39;0%200%20568%20426&#39;%2F%3E\" data-src=\"https:\/\/www.minimundus.at\/wp-content\/uploads\/2016\/07\/Atomium-568x426.jpg\" data-srcset=\"https:\/\/www.minimundus.at\/wp-content\/uploads\/2016\/07\/Atomium-568x426.jpg 568w\" loading=\"eager\" style=\"--ratio: 568 \/ 426\" sizes=\"(max-width: 568px) 100vw, 568px\" alt=\"\" width=\"568\" height=\"426\"  \/><span class=\"gallery-rollover\"><span class=\"gallery-zoom-ico icomoon-the7-font-the7-zoom-06\"><span><\/span><\/span><\/span><\/a><\/figure><\/div><div data-post-id=\"6399\" data-date=\"2016-07-06T09:37:35+02:00\" data-name=\"Palazzo-Vecchio-05\"><figure class=\"post\"><a href=\"https:\/\/www.minimundus.at\/wp-content\/uploads\/2016\/07\/Palazzo-Vecchio-05.jpg\" class=\"rollover dt-pswp-item layzr-bg\" data-large_image_width=\"523\" data-large_image_height=\"850\" data-dt-img-description=\"\" title=\"Palazzo-Vecchio-05\"><img decoding=\"async\" class=\"preload-me owl-lazy-load aspect\" src=\"data:image\/svg+xml,%3Csvg%20xmlns%3D&#39;http%3A%2F%2Fwww.w3.org%2F2000%2Fsvg&#39;%20viewBox%3D&#39;0%200%20522%20392&#39;%2F%3E\" data-src=\"https:\/\/www.minimundus.at\/wp-content\/uploads\/2016\/07\/Palazzo-Vecchio-05-522x392.jpg\" data-srcset=\"https:\/\/www.minimundus.at\/wp-content\/uploads\/2016\/07\/Palazzo-Vecchio-05-522x392.jpg 522w, https:\/\/www.minimundus.at\/wp-content\/uploads\/2016\/07\/Palazzo-Vecchio-05-523x392.jpg 523w\" loading=\"eager\" style=\"--ratio: 522 \/ 392\" sizes=\"(max-width: 522px) 100vw, 522px\" alt=\"\" width=\"522\" height=\"392\"  \/><span class=\"gallery-rollover\"><span class=\"gallery-zoom-ico icomoon-the7-font-the7-zoom-06\"><span><\/span><\/span><\/span><\/a><\/figure><\/div><div data-post-id=\"6426\" data-date=\"2016-07-08T09:20:31+02:00\" data-name=\"Radioteleskop-Effelsberg\"><figure class=\"post\"><a href=\"https:\/\/www.minimundus.at\/wp-content\/uploads\/2016\/07\/Radioteleskop-Effelsberg.jpg\" class=\"rollover dt-pswp-item layzr-bg\" data-large_image_width=\"850\" data-large_image_height=\"565\" data-dt-img-description=\"\" title=\"Radioteleskop-Effelsberg\"><img decoding=\"async\" class=\"preload-me owl-lazy-load aspect\" src=\"data:image\/svg+xml,%3Csvg%20xmlns%3D&#39;http%3A%2F%2Fwww.w3.org%2F2000%2Fsvg&#39;%20viewBox%3D&#39;0%200%20753%20565&#39;%2F%3E\" data-src=\"https:\/\/www.minimundus.at\/wp-content\/uploads\/2016\/07\/Radioteleskop-Effelsberg-753x565.jpg\" data-srcset=\"https:\/\/www.minimundus.at\/wp-content\/uploads\/2016\/07\/Radioteleskop-Effelsberg-753x565.jpg 753w\" loading=\"eager\" style=\"--ratio: 753 \/ 565\" sizes=\"(max-width: 753px) 100vw, 753px\" alt=\"\" width=\"753\" height=\"565\"  \/><span class=\"gallery-rollover\"><span class=\"gallery-zoom-ico icomoon-the7-font-the7-zoom-06\"><span><\/span><\/span><\/span><\/a><\/figure><\/div><div data-post-id=\"6549\" data-date=\"2016-07-24T14:56:11+02:00\" data-name=\"Opernhaus sydney 13\"><figure class=\"post\"><a href=\"https:\/\/www.minimundus.at\/wp-content\/uploads\/2016\/07\/Opernhaus-sydney-13.jpg\" class=\"rollover dt-pswp-item layzr-bg\" data-large_image_width=\"3008\" data-large_image_height=\"2000\" data-dt-img-description=\"\" title=\"Opernhaus sydney 13\"><img decoding=\"async\" class=\"preload-me owl-lazy-load aspect\" src=\"data:image\/svg+xml,%3Csvg%20xmlns%3D&#39;http%3A%2F%2Fwww.w3.org%2F2000%2Fsvg&#39;%20viewBox%3D&#39;0%200%202666%202000&#39;%2F%3E\" data-src=\"https:\/\/www.minimundus.at\/wp-content\/uploads\/2016\/07\/Opernhaus-sydney-13.jpg\" data-srcset=\"https:\/\/www.minimundus.at\/wp-content\/uploads\/2016\/07\/Opernhaus-sydney-13.jpg 2666w\" loading=\"eager\" style=\"--ratio: 2666 \/ 2000\" sizes=\"(max-width: 2666px) 100vw, 2666px\" alt=\"\" width=\"2666\" height=\"2000\"  \/><span class=\"gallery-rollover\"><span class=\"gallery-zoom-ico icomoon-the7-font-the7-zoom-06\"><span><\/span><\/span><\/span><\/a><\/figure><\/div><\/div>[\/vc_column][vc_column width=&#8221;1\/2&#8243;][vc_column_text css=&#8221;&#8221;]<\/p>\n<h4>Ingressi per scolaresche<\/h4>\n<p class=\"bodytext\"><strong>Stagione estiva 2026: \u00a0<\/strong><br \/>\n\u20ac 11,00 \/ alunno<\/p>\n<p><strong>Ogni 10 alunni biglietto gratuito per 1 insegnante.<br \/>\n<\/strong>Prezzo per gli ulteriori adulti: \u20ac 18,00 a testa.<\/p>\n<p><em>Ai visitatori in gita scolastica praticheremo la tariffa scolaresche per bambini anche quando si tratti di alunni pi\u00f9 grandi (max. 20 anni).<\/em><\/p>\n<p><strong>Visite guidate:\u00a0<\/strong><br \/>\nA seconda della disponibilit\u00e0, \u00e8 possibile prenotare anche visite guidate in tedesco, inglese, sloveno o croato. Una richiesta corrispondente dovrebbe pervenirci entro e non oltre 14 giorni prima dell&#8217;arrivo.<\/p>\n<p><strong>Costi aggiuntivi:\u00a0 \u20ac 2,50 a persona<\/strong><\/p>\n<p><strong>Ristorante<\/strong>: 100 posti a sedere nel ristorante e 400 posti a sedere sull\u2019ampia terrazza al sole. <span class=\"HwtZe\" lang=\"it\"><span class=\"jCAhz ChMk0b\"><span class=\"ryNqvb\">Qui troverete i nostri <a href=\"https:\/\/www.minimundus.at\/wp-content\/uploads\/2025\/12\/Schulgruppenmenue-2026.pdf\" target=\"_blank\" rel=\"noopener\">men\u00f9 per gruppi scolastici<\/a>. Prenotazione obbligatoria (st.kulinarium@me.com).<\/span><\/span><\/span>[\/vc_column_text][\/vc_column][\/vc_row]<\/p><\/div><input class=\"fooboxshare_post_id\" type=\"hidden\" value=\"2882\"\/>","protected":false},"excerpt":{"rendered":"<p>[vc_row][vc_column width=&#8221;1\/2&#8243;][vc_column_text css=&#8221;.vc_custom_1659341849406{padding-right: 50px !important;}&#8221; el_class=&#8221;greybox&#8221;] \u00a0SCOLARESCHE A MINIMUNDUS Cos\u00ec s\u00ec che s\u2019impara con piacere! Vieni con i tuoi alunni a scoprire il mondo a Minimundus! Un modo estremamente ameno per trasmettere agli scolari conoscenze sulla storia, la geografia, gli stili architettonici e le correnti artistiche dei pi\u00f9 begli edifici del globo. \u00a0In pi\u00f9, imparare&hellip;<\/p>\n","protected":false},"author":1,"featured_media":1364,"parent":0,"menu_order":0,"comment_status":"closed","ping_status":"closed","template":"","meta":{"inline_featured_image":false,"footnotes":""},"class_list":["post-2882","page","type-page","status-publish","has-post-thumbnail","hentry","description-off"],"_links":{"self":[{"href":"https:\/\/www.minimundus.at\/it\/wp-json\/wp\/v2\/pages\/2882","targetHints":{"allow":["GET"]}}],"collection":[{"href":"https:\/\/www.minimundus.at\/it\/wp-json\/wp\/v2\/pages"}],"about":[{"href":"https:\/\/www.minimundus.at\/it\/wp-json\/wp\/v2\/types\/page"}],"author":[{"embeddable":true,"href":"https:\/\/www.minimundus.at\/it\/wp-json\/wp\/v2\/users\/1"}],"replies":[{"embeddable":true,"href":"https:\/\/www.minimundus.at\/it\/wp-json\/wp\/v2\/comments?post=2882"}],"version-history":[{"count":11,"href":"https:\/\/www.minimundus.at\/it\/wp-json\/wp\/v2\/pages\/2882\/revisions"}],"predecessor-version":[{"id":12962,"href":"https:\/\/www.minimundus.at\/it\/wp-json\/wp\/v2\/pages\/2882\/revisions\/12962"}],"wp:featuredmedia":[{"embeddable":true,"href":"https:\/\/www.minimundus.at\/it\/wp-json\/wp\/v2\/media\/1364"}],"wp:attachment":[{"href":"https:\/\/www.minimundus.at\/it\/wp-json\/wp\/v2\/media?parent=2882"}],"curies":[{"name":"wp","href":"https:\/\/api.w.org\/{rel}","templated":true}]}}