{"id":3129,"date":"2016-09-20T16:14:28","date_gmt":"2016-09-20T14:14:28","guid":{"rendered":"https:\/\/2022.minimundus.at\/it\/?page_id=3129"},"modified":"2017-04-12T11:23:37","modified_gmt":"2017-04-12T09:23:37","slug":"impressum","status":"publish","type":"page","link":"https:\/\/www.minimundus.at\/it\/impressum\/","title":{"rendered":"Impressum"},"content":{"rendered":"<div class=\"wpb-content-wrapper\"><p>[vc_row][vc_column width=&#8221;1\/2&#8243;][vc_column_text]<\/p>\n<h2>Impressum<\/h2>\n<p><b>Haftungsausschluss \/ Disclaimer<br \/>\n<\/b>Mit Urteil vom 12. Mai 1998 hat das Landgericht Hamburg entschieden, dass man durch die Ausbringung eines Links die Inhalte der gelinkten Seite ggf. mit zu verantworten hat. Dies kann \u2013 so das LG \u2013 nur dadurch verhindert werden, dass man sich ausdr\u00fccklich von diesen Inhalten distanziert.<\/p>\n<p>Wir haben auf verschiedenen Seiten dieser Homepage Links zu anderen Seiten im Internet gelegt. F\u00fcr all diese Links gilt: Wir m\u00f6chten ausdr\u00fccklich betonen, dass wir keinerlei Einfluss auf die Gestaltung und die Inhalte der gelinkten Seiten haben. Deshalb distanzieren wir uns hiermit ausdr\u00fccklich von allen Inhalten aller gelinkten Seiten auf unserer Homepage und machen uns deren Inhalte nicht zu Eigen.<\/p>\n<p><b>Rechtlicher Hinweis<br \/>\n<\/b>Alle Preise sind in Euro angegeben. Alle Angaben sind ohne Gew\u00e4hr. MINIMUNDUS \u00fcbernimmt keine Haftung f\u00fcr falsche Angaben (Preise, Texte, Bilder, \u2026). Betriebsinhaber zeichnen f\u00fcr Ihre Angebote selbst verantwortlich.<\/p>\n<p><b>Google Analytics<\/b><b><br \/>\n<\/b>Diese Website benutzt Google Analytics, einen Webanalysedienst der Google Inc. (\u201eGoogle\u201c). Google Analytics verwendet sog. \u201eCookies\u201c, also Textdateien, die auf Ihrem Computer gespeichert werden und die eine Analyse der Benutzung der Website durch Sie erm\u00f6glicht. Die durch den Cookie erzeugten Informationen \u00fcber Ihre Benutzung dieser Website (einschlie\u00dflich Ihrer IP-Adresse) wird an einen Server von Google in den USA \u00fcbertragen und dort gespeichert. Google wird diese Informationen benutzen, um Ihre Nutzung der Website auszuwerten, um Reports \u00fcber die Websiteaktivit\u00e4ten f\u00fcr die Websitebetreiber zusammenzustellen und um weitere mit der Websitenutzung und der Internetnutzung verbundene Dienstleistungen zu erbringen. MINUMUNDUS \u00d6sterreich verwendet diese Daten ausschlie\u00dflich zur Optimierung seiner Website und zur Marktforschung.<br \/>\nAuch wird Google diese Informationen gegebenenfalls an Dritte \u00fcbertragen, sofern dies gesetzlich vorgeschrieben oder soweit Dritte diese Daten im Auftrag von Google verarbeiten. Weitere Informationen zu Google Analytics finden Sie im Internet oder unter <a href=\"http:\/\/www.google.com\/analytics\" target=\"_blank\">www.google.com\/analytics<\/a>.<br \/>\nMINUMUNDUS\u00a0 misst Datenschutz eine wichtige Bedeutung zu. Aus diesem Grund verwenden wir die Funktion \u201e_anonymizeIp()\u201c, wodurch IP-Adressen lediglich in verk\u00fcrzter Form weiterverarbeitet werden und somit ein direkter Personenbezug auszuschlie\u00dfen ist. Der Erhebung sowie Speicherung der Daten kann jederzeit mit Wirkung f\u00fcr die Zukunft widersprochen werden. Weiters besteht die M\u00f6glichkeit das Tracking vollst\u00e4ndig zu unterbinden \u2013 hierf\u00fcr m\u00fcssen Sie den Button \u201eDeaktivieren\u201c bet\u00e4tigen. Damit der Widerspruch dauerhaft vorgenommen wird, muss Ihr Browser Cookies akzeptieren. Alternativ k\u00f6nnen Sie der Datenerhebung durch den Einsatz eines Google Browser-Plugins widersprechen: <a href=\"https:\/\/tools.google.com\/dlpage\/gaoptout\" target=\"_blank\">https:\/\/tools.google.com\/dlpage\/gaoptout<\/a>.[\/vc_column_text][\/vc_column][vc_column width=&#8221;1\/2&#8243; css=&#8221;.vc_custom_1468496736127{background-color: #eaf6fe !important;}&#8221;][vc_column_text css=&#8221;.vc_custom_1491989049348{padding-left: 30px !important;}&#8221;]<span style=\"color: #0056a4;\"><strong>Minimundus GmbH<br \/>\n<\/strong>Villacher Strasse 241<\/span><br \/>\n<span style=\"color: #0056a4;\">9020 Klagenfurt am W\u00f6rthersee<br \/>\nAustria<\/span><br \/>\n<span style=\"color: #0056a4;\">T: +43 (0) 463 21194-0<\/span><br \/>\n<span style=\"color: #0056a4;\">F: +43 (0) 463 21194-60<\/span><br \/>\n<a href=\"mailto:info@minimundus.at\"><span style=\"color: #0056a4;\">info@minimundus.at<\/span><\/a><br \/>\n<span style=\"color: #0056a4;\"><a class=\"external-link-new-window\" style=\"color: #0056a4;\" title=\"Minimundus Website\" href=\"https:\/\/www.minimundus.at\/\" target=\"_blank\">www.minimundus.at<\/a><\/span><br \/>\n<span style=\"color: #0056a4;\">Landesgericht Klagenfurt<\/span><br \/>\n<span style=\"color: #0056a4;\">UID-Nr.: ATU 50922809<\/span><br \/>\n<span style=\"color: #0056a4;\">FN 203869h<\/span><\/p>\n<p><span style=\"color: #0056a4;\">Un progetto congiunto con <a style=\"color: #0056a4;\" href=\"http:\/\/www.mehr-wert.at\/\">mehrWert Werbe- und Marketing GmbH.<\/a><\/span>[\/vc_column_text][\/vc_column][\/vc_row]<\/p><\/div><input class=\"fooboxshare_post_id\" type=\"hidden\" value=\"3129\"\/>","protected":false},"excerpt":{"rendered":"<p>[vc_row][vc_column width=&#8221;1\/2&#8243;][vc_column_text] Impressum Haftungsausschluss \/ Disclaimer Mit Urteil vom 12. Mai 1998 hat das Landgericht Hamburg entschieden, dass man durch die Ausbringung eines Links die Inhalte der gelinkten Seite ggf. mit zu verantworten hat. Dies kann \u2013 so das LG \u2013 nur dadurch verhindert werden, dass man sich ausdr\u00fccklich von diesen Inhalten distanziert. Wir haben&hellip;<\/p>\n","protected":false},"author":1,"featured_media":862,"parent":0,"menu_order":0,"comment_status":"closed","ping_status":"closed","template":"","meta":{"inline_featured_image":false,"footnotes":""},"class_list":["post-3129","page","type-page","status-publish","has-post-thumbnail","hentry","description-off"],"_links":{"self":[{"href":"https:\/\/www.minimundus.at\/it\/wp-json\/wp\/v2\/pages\/3129","targetHints":{"allow":["GET"]}}],"collection":[{"href":"https:\/\/www.minimundus.at\/it\/wp-json\/wp\/v2\/pages"}],"about":[{"href":"https:\/\/www.minimundus.at\/it\/wp-json\/wp\/v2\/types\/page"}],"author":[{"embeddable":true,"href":"https:\/\/www.minimundus.at\/it\/wp-json\/wp\/v2\/users\/1"}],"replies":[{"embeddable":true,"href":"https:\/\/www.minimundus.at\/it\/wp-json\/wp\/v2\/comments?post=3129"}],"version-history":[{"count":5,"href":"https:\/\/www.minimundus.at\/it\/wp-json\/wp\/v2\/pages\/3129\/revisions"}],"predecessor-version":[{"id":4813,"href":"https:\/\/www.minimundus.at\/it\/wp-json\/wp\/v2\/pages\/3129\/revisions\/4813"}],"wp:featuredmedia":[{"embeddable":true,"href":"https:\/\/www.minimundus.at\/it\/wp-json\/wp\/v2\/media\/862"}],"wp:attachment":[{"href":"https:\/\/www.minimundus.at\/it\/wp-json\/wp\/v2\/media?parent=3129"}],"curies":[{"name":"wp","href":"https:\/\/api.w.org\/{rel}","templated":true}]}}