{"id":11090,"date":"2022-07-25T11:39:49","date_gmt":"2022-07-25T09:39:49","guid":{"rendered":"https:\/\/www.minimundus.at\/riesenrad\/"},"modified":"2026-04-07T13:54:52","modified_gmt":"2026-04-07T11:54:52","slug":"riesenrad","status":"publish","type":"page","link":"https:\/\/www.minimundus.at\/sl\/riesenrad\/","title":{"rendered":"Panoramsko kolo"},"content":{"rendered":"<div class=\"wpb-content-wrapper\"><p>[vc_row][vc_column][vc_column_text css=&#8221;&#8221;]<\/p>\n<h3>Panoramsko kolo v Minimundusu<\/h3>\n<h2>Veliki svet na obisku v malem &#8230;<\/h2>\n<p>Vo\u017enja z panoramskim kolesom ponuja fascinanten pogled na Minimundus iz pti\u010dje perspektive \u2013 v kombinaciji z izjemno panoramo okolice.<\/p>\n<p>Privo\u0161\u010dite si ta poseben vrhunec med obiskom in u\u017eivajte v edinstveni izku\u0161nji visoko nad tlemi. Z zni\u017eano ceno vozovnice postane vo\u017enja popoln dodatek k va\u0161emu obisku parka.<\/p>\n<p>Po impresivni vo\u017enji se boste vrnili na trdna tla in nadaljevali z raziskovanjem miniaturnega sveta.<\/p>\n<p>&nbsp;<\/p>\n<h2>Panoramsko kolo<\/h2>\n<p>36 gondol za 6 oseb | Ena vo\u017enja traja pribli\u017eno 5 minut<\/p>\n<p><strong>Odpiralni \u010das<\/strong>: vsak dan<br \/>\nApril: od 9.00 do 19.00<br \/>\nMaj, junij, september: od 9.00 do 21.00<br \/>\nJulij, avgust: od 9.00 do 22.00<br \/>\nOktober: od 9.00 do 19.00<\/p>\n<p>&nbsp;<\/p>\n<table style=\"height: 119px;\" width=\"451\">\n<tbody>\n<tr>\n<td colspan=\"2\"><strong>1 Vo\u017enja s panoramskim kolesom\u00a0<\/strong><\/td>\n<\/tr>\n<tr>\n<td>Odrasli<\/td>\n<td>\u20ac 8,00<\/td>\n<\/tr>\n<tr>\n<td>Otroci (2 \u2013 10 let)<\/td>\n<td>\u20ac 6,00<\/td>\n<\/tr>\n<\/tbody>\n<\/table>\n<p>Vstopnice so na voljo pri blagajni panoramskega kolesa<\/p>\n<p>\u010ce imate kakr\u0161nakoli vpra\u0161anja, nas kontaktirajte po telefonu:<br \/>\n+43 (0) 463 21194-0 ali e-po\u0161ti: info@minimundus.at.[\/vc_column_text][\/vc_column][\/vc_row]<\/p><\/div><input class=\"fooboxshare_post_id\" type=\"hidden\" value=\"11090\"\/>","protected":false},"excerpt":{"rendered":"<p>[vc_row][vc_column][vc_column_text css=&#8221;&#8221;] Panoramsko kolo v Minimundusu Veliki svet na obisku v malem &#8230; Vo\u017enja z panoramskim kolesom ponuja fascinanten pogled na Minimundus iz pti\u010dje perspektive \u2013 v kombinaciji z izjemno panoramo okolice. Privo\u0161\u010dite si ta poseben vrhunec med obiskom in u\u017eivajte v edinstveni izku\u0161nji visoko nad tlemi. Z zni\u017eano ceno vozovnice postane vo\u017enja popoln dodatek&hellip;<\/p>\n","protected":false},"author":6,"featured_media":0,"parent":0,"menu_order":0,"comment_status":"closed","ping_status":"closed","template":"","meta":{"inline_featured_image":false,"footnotes":""},"class_list":["post-11090","page","type-page","status-publish","hentry","description-off"],"_links":{"self":[{"href":"https:\/\/www.minimundus.at\/sl\/wp-json\/wp\/v2\/pages\/11090","targetHints":{"allow":["GET"]}}],"collection":[{"href":"https:\/\/www.minimundus.at\/sl\/wp-json\/wp\/v2\/pages"}],"about":[{"href":"https:\/\/www.minimundus.at\/sl\/wp-json\/wp\/v2\/types\/page"}],"author":[{"embeddable":true,"href":"https:\/\/www.minimundus.at\/sl\/wp-json\/wp\/v2\/users\/6"}],"replies":[{"embeddable":true,"href":"https:\/\/www.minimundus.at\/sl\/wp-json\/wp\/v2\/comments?post=11090"}],"version-history":[{"count":10,"href":"https:\/\/www.minimundus.at\/sl\/wp-json\/wp\/v2\/pages\/11090\/revisions"}],"predecessor-version":[{"id":13314,"href":"https:\/\/www.minimundus.at\/sl\/wp-json\/wp\/v2\/pages\/11090\/revisions\/13314"}],"wp:attachment":[{"href":"https:\/\/www.minimundus.at\/sl\/wp-json\/wp\/v2\/media?parent=11090"}],"curies":[{"name":"wp","href":"https:\/\/api.w.org\/{rel}","templated":true}]}}