{"id":2891,"date":"2016-09-16T10:38:56","date_gmt":"2016-09-16T08:38:56","guid":{"rendered":"https:\/\/2022.minimundus.at\/sl\/?page_id=2891"},"modified":"2026-02-16T15:07:06","modified_gmt":"2026-02-16T14:07:06","slug":"notranji-dozivljajski-svet","status":"publish","type":"page","link":"https:\/\/www.minimundus.at\/sl\/notranji-dozivljajski-svet\/","title":{"rendered":"Notranji do\u017eivljajski svet"},"content":{"rendered":"<div class=\"wpb-content-wrapper\"><p>[vc_row][vc_column width=&#8221;1\/2&#8243;][vc_column_text css=&#8221;.vc_custom_1771250821163{padding-right: 50px !important;}&#8221; el_class=&#8221;greybox&#8221;]<\/p>\n<h3>IDEALNO V VSAKEM VREMENU<\/h3>\n<h2>Veliki notranji<br \/>\ndo\u017eivljajski svet!<\/h2>\n<h4>Sprehod po Minimundusu si lahko popestrite z obiskom tematskih svetov, ki se razprostirajo na 1500 m\u00b2 in so polni informacij, igre in zabave.<\/h4>\n<p>Prostorno notranje obmo\u010dje ponuja raznoliko razstavo z informativnimi in zabavnimi postajami za vso dru\u017eino. V dveh nadstropjih boste na igriv na\u010din odkrivali fascinantna in nenavadna dejstva. Interaktivne pustolovske postaje dopolnjujejo va\u0161e potovanje okoli sveta v \u010dudovito urejenem parku in ponujajo tako o\u010darljive teme za odrasle kot zanimivo zabavo za otroke in najstnike. Za spro\u0161\u010dujo\u010de in prijetne trenutke poskrbi velika restavracija s 100 sede\u017ei znotraj in dodatnimi 400 sede\u017ei na son\u010dni terasi.[\/vc_column_text][\/vc_column][vc_column width=&#8221;1\/2&#8243; css=&#8221;.vc_custom_1468227594612{padding-bottom: 100px !important;background-color: #0056a4 !important;}&#8221;][vc_single_image image=&#8221;6598&#8243; img_size=&#8221;500&#215;400&#8243; css=&#8221;.vc_custom_1469631069143{margin-left: -40px !important;}&#8221;][\/vc_column][\/vc_row][vc_row css=&#8221;.vc_custom_1468227581044{margin-top: 0px !important;border-top-width: 0px !important;padding-top: 0px !important;background-color: #e9f6fe !important;}&#8221;][vc_column width=&#8221;1\/2&#8243;]<style type=\"text\/css\" data-type=\"the7_shortcodes-inline-css\">.gallery-carousel-shortcode.gallery-carousel-shortcode-id-05f2f4c636f5eaf191b08f9fd6cc9f62.owl-carousel .owl-nav div {\n  width: 36px;\n  height: 36px;\n  border-radius: 500px;\n}\n.dt-arrow-border-on.gallery-carousel-shortcode.gallery-carousel-shortcode-id-05f2f4c636f5eaf191b08f9fd6cc9f62.owl-carousel .owl-nav div:not(:hover):before {\n  border-width: 0px;\n}\n.dt-arrow-hover-border-on.gallery-carousel-shortcode.gallery-carousel-shortcode-id-05f2f4c636f5eaf191b08f9fd6cc9f62.owl-carousel .owl-nav div:hover:after {\n  border-width: 0px;\n}\n.gallery-carousel-shortcode.gallery-carousel-shortcode-id-05f2f4c636f5eaf191b08f9fd6cc9f62.owl-carousel .owl-nav div.owl-prev {\n  top: 50%;\n  transform: translateY(calc(-50% + 0px));\n  left: 10px;\n}\n@media all and (-ms-high-contrast: none) {\n  .gallery-carousel-shortcode.gallery-carousel-shortcode-id-05f2f4c636f5eaf191b08f9fd6cc9f62.owl-carousel .owl-nav div.owl-prev {\n    transform: translateY(-50%);\n    margin-top: 0px;\n  }\n}\n.gallery-carousel-shortcode.gallery-carousel-shortcode-id-05f2f4c636f5eaf191b08f9fd6cc9f62.owl-carousel .owl-nav div.owl-prev i {\n  padding: 0px 0px 0px 0px;\n}\n.gallery-carousel-shortcode.gallery-carousel-shortcode-id-05f2f4c636f5eaf191b08f9fd6cc9f62.owl-carousel .owl-nav div.owl-next {\n  top: 50%;\n  transform: translateY(calc(-50% + 0px));\n  right: 10px;\n}\n@media all and (-ms-high-contrast: none) {\n  .gallery-carousel-shortcode.gallery-carousel-shortcode-id-05f2f4c636f5eaf191b08f9fd6cc9f62.owl-carousel .owl-nav div.owl-next {\n    transform: translateY(-50%);\n    margin-top: 0px;\n  }\n}\n.gallery-carousel-shortcode.gallery-carousel-shortcode-id-05f2f4c636f5eaf191b08f9fd6cc9f62.owl-carousel .owl-nav div.owl-next i {\n  padding: 0px 0px 0px 0px;\n}\n.gallery-carousel-shortcode.gallery-carousel-shortcode-id-05f2f4c636f5eaf191b08f9fd6cc9f62.owl-carousel .owl-nav i {\n  font-size: 18px;\n}\n.gallery-carousel-shortcode.gallery-carousel-shortcode-id-05f2f4c636f5eaf191b08f9fd6cc9f62.owl-carousel .owl-nav div:not(:hover) i,\n.gallery-carousel-shortcode.gallery-carousel-shortcode-id-05f2f4c636f5eaf191b08f9fd6cc9f62.owl-carousel .owl-nav div:not(:hover) i:before {\n  color: #ffffff;\n  background: none;\n}\n.gallery-carousel-shortcode.gallery-carousel-shortcode-id-05f2f4c636f5eaf191b08f9fd6cc9f62.owl-carousel .owl-nav div:hover i,\n.gallery-carousel-shortcode.gallery-carousel-shortcode-id-05f2f4c636f5eaf191b08f9fd6cc9f62.owl-carousel .owl-nav div:hover i:before {\n  color: rgba(255,255,255,0.75);\n  background: none;\n}\n.gallery-carousel-shortcode.gallery-carousel-shortcode-id-05f2f4c636f5eaf191b08f9fd6cc9f62 .owl-dots {\n  top: calc(100% + 20px);\n  left: 50%;\n  transform: translateX(calc(-50% + 0px));\n}\n@media all and (-ms-high-contrast: none) {\n  .gallery-carousel-shortcode.gallery-carousel-shortcode-id-05f2f4c636f5eaf191b08f9fd6cc9f62 .owl-dots {\n    transform: translateX(-50%);\n    margin-left: 0px;\n  }\n}\n.gallery-carousel-shortcode.gallery-carousel-shortcode-id-05f2f4c636f5eaf191b08f9fd6cc9f62 .owl-dot {\n  width: 10px;\n  height: 10px;\n  margin: 0 8px;\n}\n@media screen and (max-width: 778px) {\n  .gallery-carousel-shortcode.gallery-carousel-shortcode-id-05f2f4c636f5eaf191b08f9fd6cc9f62.hide-arrows .owl-nav a {\n    display: none;\n  }\n}\n@media screen and (max-width: 778px) {\n  .gallery-carousel-shortcode.gallery-carousel-shortcode-id-05f2f4c636f5eaf191b08f9fd6cc9f62.reposition-arrows .owl-nav div.owl-prev {\n    top: 50%;\n    transform: translateY(calc(-50% + 0px));\n    left: 10px;\n  }\n  .gallery-carousel-shortcode.gallery-carousel-shortcode-id-05f2f4c636f5eaf191b08f9fd6cc9f62.reposition-arrows .owl-nav div.owl-next {\n    top: 50%;\n    transform: translateY(calc(-50% + 0px));\n    right: 10px;\n  }\n}\n@media screen and (max-width: 778px) and all and (-ms-high-contrast: none) {\n  .gallery-carousel-shortcode.gallery-carousel-shortcode-id-05f2f4c636f5eaf191b08f9fd6cc9f62.reposition-arrows .owl-nav div.owl-prev {\n    transform: translateY(-50%);\n    margin-top: 0px;\n  }\n}\n@media screen and (max-width: 778px) and all and (-ms-high-contrast: none) {\n  .gallery-carousel-shortcode.gallery-carousel-shortcode-id-05f2f4c636f5eaf191b08f9fd6cc9f62.reposition-arrows .owl-nav div.owl-next {\n    transform: translateY(-50%);\n    margin-top: 0px;\n  }\n}\n.gallery-carousel-shortcode.gallery-carousel-shortcode-id-05f2f4c636f5eaf191b08f9fd6cc9f62 figure,\n.gallery-carousel-shortcode.gallery-carousel-shortcode-id-05f2f4c636f5eaf191b08f9fd6cc9f62 .rollover,\n.gallery-carousel-shortcode.gallery-carousel-shortcode-id-05f2f4c636f5eaf191b08f9fd6cc9f62 img,\n.gallery-carousel-shortcode.gallery-carousel-shortcode-id-05f2f4c636f5eaf191b08f9fd6cc9f62 .gallery-rollover {\n  border-radius: 0px;\n}\n.gallery-carousel-shortcode.gallery-carousel-shortcode-id-05f2f4c636f5eaf191b08f9fd6cc9f62.enable-bg-rollover .gallery-rollover {\n  background: -webkit-linear-gradient();\n  background: linear-gradient();\n}\n.gallery-carousel-shortcode.gallery-carousel-shortcode-id-05f2f4c636f5eaf191b08f9fd6cc9f62.enable-img-shadow .owl-stage-outer {\n  padding: 14px 0;\n}\n.gallery-carousel-shortcode.gallery-carousel-shortcode-id-05f2f4c636f5eaf191b08f9fd6cc9f62.enable-bg-rollover.hover-scale figure .rollover:after {\n  background: -webkit-linear-gradient();\n  background: linear-gradient();\n}\n.gallery-carousel-shortcode.gallery-carousel-shortcode-id-05f2f4c636f5eaf191b08f9fd6cc9f62.gallery-shortcode .gallery-zoom-ico {\n  width: 44px;\n  height: 44px;\n  line-height: 44px;\n  border-radius: 100px;\n  margin: -22px 0 0 -22px;\n  border-width: 0px;\n}\n.dt-icon-bg-on.gallery-carousel-shortcode.gallery-carousel-shortcode-id-05f2f4c636f5eaf191b08f9fd6cc9f62.gallery-shortcode .gallery-zoom-ico {\n  background: rgba(255,255,255,0.3);\n  box-shadow: none;\n}\n.gallery-carousel-shortcode.gallery-carousel-shortcode-id-05f2f4c636f5eaf191b08f9fd6cc9f62.gallery-shortcode .gallery-zoom-ico:before,\n.gallery-carousel-shortcode.gallery-carousel-shortcode-id-05f2f4c636f5eaf191b08f9fd6cc9f62.gallery-shortcode .gallery-zoom-ico span {\n  font-size: 32px;\n  line-height: 44px;\n  color: #ffffff;\n  background: none;\n}<\/style><div class=\"owl-carousel gallery-carousel-shortcode gallery-shortcode  dt-gallery-container dt-owl-carousel-call gallery-carousel-shortcode-id-05f2f4c636f5eaf191b08f9fd6cc9f62 quick-scale-img enable-bg-rollover meta-info-off dt-arrow-border-on dt-arrow-hover-border-on bullets-small-dot-stroke reposition-arrows dt-icon-bg-off arrows-bg-on disable-arrows-hover-bg arrows-hover-bg-on  vc_custom_1702912532102 hover-fade \" data-scroll-mode=\"1\" data-col-num=\"1\" data-wide-col-num=\"1\" data-laptop-col=\"1\" data-h-tablet-columns-num=\"1\" data-v-tablet-columns-num=\"1\" data-phone-columns-num=\"1\" data-col-gap=\"10\" data-stage-padding=\"0\" data-speed=\"600\" data-autoplay=\"false\" data-autoplay_speed=\"6000\" data-arrows=\"true\" data-bullet=\"false\" data-next-icon=\"icon-ar-017-r\" data-prev-icon=\"icon-ar-017-l\" data-img-shadow-size=\"12px\" data-img-shadow-spread=\"3px\"><div data-post-id=\"6601\" data-date=\"2016-07-27T16:33:20+02:00\" data-name=\"minimundus101\"><figure class=\"post\"><a href=\"https:\/\/www.minimundus.at\/wp-content\/uploads\/2016\/07\/minimundus101.jpg\" class=\"rollover dt-pswp-item layzr-bg\" data-large_image_width=\"7086\" data-large_image_height=\"4724\" data-dt-img-description=\"\" title=\"minimundus101\"><img fetchpriority=\"high\" decoding=\"async\" class=\"preload-me owl-lazy-load aspect\" src=\"data:image\/svg+xml,%3Csvg%20xmlns%3D&#39;http%3A%2F%2Fwww.w3.org%2F2000%2Fsvg&#39;%20viewBox%3D&#39;0%200%206298%204724&#39;%2F%3E\" data-src=\"https:\/\/www.minimundus.at\/wp-content\/uploads\/2016\/07\/minimundus101.jpg\" data-srcset=\"https:\/\/www.minimundus.at\/wp-content\/uploads\/2016\/07\/minimundus101.jpg 6298w\" loading=\"eager\" style=\"--ratio: 6298 \/ 4724\" sizes=\"(max-width: 6298px) 100vw, 6298px\" alt=\"\" width=\"6298\" height=\"4724\"  \/><span class=\"gallery-rollover\"><span class=\"gallery-zoom-ico icomoon-the7-font-the7-zoom-06\"><span><\/span><\/span><\/span><\/a><\/figure><\/div><div data-post-id=\"6604\" data-date=\"2016-07-27T16:33:47+02:00\" data-name=\"minimundus104\"><figure class=\"post\"><a href=\"https:\/\/www.minimundus.at\/wp-content\/uploads\/2016\/07\/minimundus104.jpg\" class=\"rollover dt-pswp-item layzr-bg\" data-large_image_width=\"1200\" data-large_image_height=\"800\" data-dt-img-description=\"\" title=\"minimundus104\"><img decoding=\"async\" class=\"preload-me owl-lazy-load aspect\" src=\"data:image\/svg+xml,%3Csvg%20xmlns%3D&#39;http%3A%2F%2Fwww.w3.org%2F2000%2Fsvg&#39;%20viewBox%3D&#39;0%200%201066%20800&#39;%2F%3E\" data-src=\"https:\/\/www.minimundus.at\/wp-content\/uploads\/2016\/07\/minimundus104-1066x800.jpg\" data-srcset=\"https:\/\/www.minimundus.at\/wp-content\/uploads\/2016\/07\/minimundus104-1066x800.jpg 1066w\" loading=\"eager\" style=\"--ratio: 1066 \/ 800\" sizes=\"(max-width: 1066px) 100vw, 1066px\" alt=\"\" width=\"1066\" height=\"800\"  \/><span class=\"gallery-rollover\"><span class=\"gallery-zoom-ico icomoon-the7-font-the7-zoom-06\"><span><\/span><\/span><\/span><\/a><\/figure><\/div><div data-post-id=\"6610\" data-date=\"2016-07-27T16:34:42+02:00\" data-name=\"minimundus056\"><figure class=\"post\"><a href=\"https:\/\/www.minimundus.at\/wp-content\/uploads\/2016\/07\/minimundus056.jpg\" class=\"rollover dt-pswp-item layzr-bg\" data-large_image_width=\"7086\" data-large_image_height=\"4724\" data-dt-img-description=\"\" title=\"minimundus056\"><img decoding=\"async\" class=\"preload-me owl-lazy-load aspect\" src=\"data:image\/svg+xml,%3Csvg%20xmlns%3D&#39;http%3A%2F%2Fwww.w3.org%2F2000%2Fsvg&#39;%20viewBox%3D&#39;0%200%206298%204724&#39;%2F%3E\" data-src=\"https:\/\/www.minimundus.at\/wp-content\/uploads\/2016\/07\/minimundus056.jpg\" data-srcset=\"https:\/\/www.minimundus.at\/wp-content\/uploads\/2016\/07\/minimundus056.jpg 6298w\" loading=\"eager\" style=\"--ratio: 6298 \/ 4724\" sizes=\"(max-width: 6298px) 100vw, 6298px\" alt=\"\" width=\"6298\" height=\"4724\"  \/><span class=\"gallery-rollover\"><span class=\"gallery-zoom-ico icomoon-the7-font-the7-zoom-06\"><span><\/span><\/span><\/span><\/a><\/figure><\/div><div data-post-id=\"6613\" data-date=\"2016-07-27T16:35:21+02:00\" data-name=\"minimundus120\"><figure class=\"post\"><a href=\"https:\/\/www.minimundus.at\/wp-content\/uploads\/2016\/07\/minimundus120.jpg\" class=\"rollover dt-pswp-item layzr-bg\" data-large_image_width=\"7086\" data-large_image_height=\"4724\" data-dt-img-description=\"\" title=\"minimundus120\"><img decoding=\"async\" class=\"preload-me owl-lazy-load aspect\" src=\"data:image\/svg+xml,%3Csvg%20xmlns%3D&#39;http%3A%2F%2Fwww.w3.org%2F2000%2Fsvg&#39;%20viewBox%3D&#39;0%200%206298%204724&#39;%2F%3E\" data-src=\"https:\/\/www.minimundus.at\/wp-content\/uploads\/2016\/07\/minimundus120.jpg\" data-srcset=\"https:\/\/www.minimundus.at\/wp-content\/uploads\/2016\/07\/minimundus120.jpg 6298w\" loading=\"eager\" style=\"--ratio: 6298 \/ 4724\" sizes=\"(max-width: 6298px) 100vw, 6298px\" alt=\"\" width=\"6298\" height=\"4724\"  \/><span class=\"gallery-rollover\"><span class=\"gallery-zoom-ico icomoon-the7-font-the7-zoom-06\"><span><\/span><\/span><\/span><\/a><\/figure><\/div><div data-post-id=\"6622\" data-date=\"2016-07-27T16:36:48+02:00\" data-name=\"minimundus117\"><figure class=\"post\"><a href=\"https:\/\/www.minimundus.at\/wp-content\/uploads\/2016\/07\/minimundus117.jpg\" class=\"rollover dt-pswp-item layzr-bg\" data-large_image_width=\"7086\" data-large_image_height=\"4724\" data-dt-img-description=\"\" title=\"minimundus117\"><img decoding=\"async\" class=\"preload-me owl-lazy-load aspect\" src=\"data:image\/svg+xml,%3Csvg%20xmlns%3D&#39;http%3A%2F%2Fwww.w3.org%2F2000%2Fsvg&#39;%20viewBox%3D&#39;0%200%206298%204724&#39;%2F%3E\" data-src=\"https:\/\/www.minimundus.at\/wp-content\/uploads\/2016\/07\/minimundus117.jpg\" data-srcset=\"https:\/\/www.minimundus.at\/wp-content\/uploads\/2016\/07\/minimundus117.jpg 6298w\" loading=\"eager\" style=\"--ratio: 6298 \/ 4724\" sizes=\"(max-width: 6298px) 100vw, 6298px\" alt=\"\" width=\"6298\" height=\"4724\"  \/><span class=\"gallery-rollover\"><span class=\"gallery-zoom-ico icomoon-the7-font-the7-zoom-06\"><span><\/span><\/span><\/span><\/a><\/figure><\/div><div data-post-id=\"6625\" data-date=\"2016-07-27T16:37:15+02:00\" data-name=\"minimundus108\"><figure class=\"post\"><a href=\"https:\/\/www.minimundus.at\/wp-content\/uploads\/2016\/07\/minimundus108.jpg\" class=\"rollover dt-pswp-item layzr-bg\" data-large_image_width=\"7086\" data-large_image_height=\"4724\" data-dt-img-description=\"\" title=\"minimundus108\"><img decoding=\"async\" class=\"preload-me owl-lazy-load aspect\" src=\"data:image\/svg+xml,%3Csvg%20xmlns%3D&#39;http%3A%2F%2Fwww.w3.org%2F2000%2Fsvg&#39;%20viewBox%3D&#39;0%200%206298%204724&#39;%2F%3E\" data-src=\"https:\/\/www.minimundus.at\/wp-content\/uploads\/2016\/07\/minimundus108.jpg\" data-srcset=\"https:\/\/www.minimundus.at\/wp-content\/uploads\/2016\/07\/minimundus108.jpg 6298w\" loading=\"eager\" style=\"--ratio: 6298 \/ 4724\" sizes=\"(max-width: 6298px) 100vw, 6298px\" alt=\"\" width=\"6298\" height=\"4724\"  \/><span class=\"gallery-rollover\"><span class=\"gallery-zoom-ico icomoon-the7-font-the7-zoom-06\"><span><\/span><\/span><\/span><\/a><\/figure><\/div><div data-post-id=\"6628\" data-date=\"2016-07-27T16:38:07+02:00\" data-name=\"minimundus092\"><figure class=\"post\"><a href=\"https:\/\/www.minimundus.at\/wp-content\/uploads\/2016\/07\/minimundus092.jpg\" class=\"rollover dt-pswp-item layzr-bg\" data-large_image_width=\"7086\" data-large_image_height=\"4724\" data-dt-img-description=\"\" title=\"minimundus092\"><img decoding=\"async\" class=\"preload-me owl-lazy-load aspect\" src=\"data:image\/svg+xml,%3Csvg%20xmlns%3D&#39;http%3A%2F%2Fwww.w3.org%2F2000%2Fsvg&#39;%20viewBox%3D&#39;0%200%206298%204724&#39;%2F%3E\" data-src=\"https:\/\/www.minimundus.at\/wp-content\/uploads\/2016\/07\/minimundus092.jpg\" data-srcset=\"https:\/\/www.minimundus.at\/wp-content\/uploads\/2016\/07\/minimundus092.jpg 6298w\" loading=\"eager\" style=\"--ratio: 6298 \/ 4724\" sizes=\"(max-width: 6298px) 100vw, 6298px\" alt=\"\" width=\"6298\" height=\"4724\"  \/><span class=\"gallery-rollover\"><span class=\"gallery-zoom-ico icomoon-the7-font-the7-zoom-06\"><span><\/span><\/span><\/span><\/a><\/figure><\/div><div data-post-id=\"10254\" data-date=\"2021-03-16T15:43:20+01:00\" data-name=\"20200205_113740\"><figure class=\"post\"><a href=\"https:\/\/www.minimundus.at\/wp-content\/uploads\/2021\/03\/20200205_113740-scaled.jpg\" class=\"rollover dt-pswp-item layzr-bg\" data-large_image_width=\"1718\" data-large_image_height=\"2560\" data-dt-img-description=\"\" title=\"20200205_113740\"><img decoding=\"async\" class=\"preload-me owl-lazy-load aspect\" src=\"data:image\/svg+xml,%3Csvg%20xmlns%3D&#39;http%3A%2F%2Fwww.w3.org%2F2000%2Fsvg&#39;%20viewBox%3D&#39;0%200%201717%201288&#39;%2F%3E\" data-src=\"https:\/\/www.minimundus.at\/wp-content\/uploads\/2021\/03\/20200205_113740-scaled-1717x1288.jpg\" data-srcset=\"https:\/\/www.minimundus.at\/wp-content\/uploads\/2021\/03\/20200205_113740-scaled-1717x1288.jpg 1717w, https:\/\/www.minimundus.at\/wp-content\/uploads\/2021\/03\/20200205_113740-scaled-1718x1288.jpg 1718w\" loading=\"eager\" style=\"--ratio: 1717 \/ 1288\" sizes=\"(max-width: 1717px) 100vw, 1717px\" alt=\"\" width=\"1717\" height=\"1288\"  \/><span class=\"gallery-rollover\"><span class=\"gallery-zoom-ico icomoon-the7-font-the7-zoom-06\"><span><\/span><\/span><\/span><\/a><\/figure><\/div><div data-post-id=\"10250\" data-date=\"2021-03-16T15:43:13+01:00\" data-name=\"20200205_113647\"><figure class=\"post\"><a href=\"https:\/\/www.minimundus.at\/wp-content\/uploads\/2021\/03\/20200205_113647-scaled.jpg\" class=\"rollover dt-pswp-item layzr-bg\" data-large_image_width=\"2560\" data-large_image_height=\"1559\" data-dt-img-description=\"\" title=\"20200205_113647\"><img decoding=\"async\" class=\"preload-me owl-lazy-load aspect\" src=\"data:image\/svg+xml,%3Csvg%20xmlns%3D&#39;http%3A%2F%2Fwww.w3.org%2F2000%2Fsvg&#39;%20viewBox%3D&#39;0%200%202078%201559&#39;%2F%3E\" data-src=\"https:\/\/www.minimundus.at\/wp-content\/uploads\/2021\/03\/20200205_113647-scaled-2078x1559.jpg\" data-srcset=\"https:\/\/www.minimundus.at\/wp-content\/uploads\/2021\/03\/20200205_113647-scaled-2078x1559.jpg 2078w\" loading=\"eager\" style=\"--ratio: 2078 \/ 1559\" sizes=\"(max-width: 2078px) 100vw, 2078px\" alt=\"\" width=\"2078\" height=\"1559\"  \/><span class=\"gallery-rollover\"><span class=\"gallery-zoom-ico icomoon-the7-font-the7-zoom-06\"><span><\/span><\/span><\/span><\/a><\/figure><\/div><div data-post-id=\"10230\" data-date=\"2021-03-16T15:42:29+01:00\" data-name=\"20190724_111611\"><figure class=\"post\"><a href=\"https:\/\/www.minimundus.at\/wp-content\/uploads\/2021\/03\/20190724_111611-scaled.jpg\" class=\"rollover dt-pswp-item layzr-bg\" data-large_image_width=\"2560\" data-large_image_height=\"1440\" data-dt-img-description=\"\" title=\"20190724_111611\"><img decoding=\"async\" class=\"preload-me owl-lazy-load aspect\" src=\"data:image\/svg+xml,%3Csvg%20xmlns%3D&#39;http%3A%2F%2Fwww.w3.org%2F2000%2Fsvg&#39;%20viewBox%3D&#39;0%200%201920%201440&#39;%2F%3E\" data-src=\"https:\/\/www.minimundus.at\/wp-content\/uploads\/2021\/03\/20190724_111611-scaled-1920x1440.jpg\" data-srcset=\"https:\/\/www.minimundus.at\/wp-content\/uploads\/2021\/03\/20190724_111611-scaled-1920x1440.jpg 1920w\" loading=\"eager\" style=\"--ratio: 1920 \/ 1440\" sizes=\"(max-width: 1920px) 100vw, 1920px\" alt=\"\" width=\"1920\" height=\"1440\"  \/><span class=\"gallery-rollover\"><span class=\"gallery-zoom-ico icomoon-the7-font-the7-zoom-06\"><span><\/span><\/span><\/span><\/a><\/figure><\/div><div data-post-id=\"10242\" data-date=\"2021-03-16T15:43:00+01:00\" data-name=\"20200103_111239\"><figure class=\"post\"><a href=\"https:\/\/www.minimundus.at\/wp-content\/uploads\/2021\/03\/20200103_111239-scaled.jpg\" class=\"rollover dt-pswp-item layzr-bg\" data-large_image_width=\"2560\" data-large_image_height=\"1440\" data-dt-img-description=\"\" title=\"20200103_111239\"><img decoding=\"async\" class=\"preload-me owl-lazy-load aspect\" src=\"data:image\/svg+xml,%3Csvg%20xmlns%3D&#39;http%3A%2F%2Fwww.w3.org%2F2000%2Fsvg&#39;%20viewBox%3D&#39;0%200%201920%201440&#39;%2F%3E\" data-src=\"https:\/\/www.minimundus.at\/wp-content\/uploads\/2021\/03\/20200103_111239-scaled-1920x1440.jpg\" data-srcset=\"https:\/\/www.minimundus.at\/wp-content\/uploads\/2021\/03\/20200103_111239-scaled-1920x1440.jpg 1920w\" loading=\"eager\" style=\"--ratio: 1920 \/ 1440\" sizes=\"(max-width: 1920px) 100vw, 1920px\" alt=\"\" width=\"1920\" height=\"1440\"  \/><span class=\"gallery-rollover\"><span class=\"gallery-zoom-ico icomoon-the7-font-the7-zoom-06\"><span><\/span><\/span><\/span><\/a><\/figure><\/div><div data-post-id=\"11868\" data-date=\"2023-12-01T09:17:07+01:00\" data-name=\"Titanic Cinema Box\"><figure class=\"post\"><a href=\"https:\/\/www.minimundus.at\/wp-content\/uploads\/2023\/12\/Titanic-Cinema-Box.jpg\" class=\"rollover dt-pswp-item layzr-bg\" data-large_image_width=\"841\" data-large_image_height=\"537\" data-dt-img-description=\"\" title=\"Titanic Cinema Box\"><img decoding=\"async\" class=\"preload-me owl-lazy-load aspect\" src=\"data:image\/svg+xml,%3Csvg%20xmlns%3D&#39;http%3A%2F%2Fwww.w3.org%2F2000%2Fsvg&#39;%20viewBox%3D&#39;0%200%20716%20537&#39;%2F%3E\" data-src=\"https:\/\/www.minimundus.at\/wp-content\/uploads\/2023\/12\/Titanic-Cinema-Box-716x537.jpg\" data-srcset=\"https:\/\/www.minimundus.at\/wp-content\/uploads\/2023\/12\/Titanic-Cinema-Box-716x537.jpg 716w\" loading=\"eager\" style=\"--ratio: 716 \/ 537\" sizes=\"(max-width: 716px) 100vw, 716px\" alt=\"\" width=\"716\" height=\"537\"  \/><span class=\"gallery-rollover\"><span class=\"gallery-zoom-ico icomoon-the7-font-the7-zoom-06\"><span><\/span><\/span><\/span><\/a><\/figure><\/div><div data-post-id=\"11864\" data-date=\"2023-12-01T09:17:04+01:00\" data-name=\"Soccer Station\"><figure class=\"post\"><a href=\"https:\/\/www.minimundus.at\/wp-content\/uploads\/2023\/12\/Soccer-Station.jpg\" class=\"rollover dt-pswp-item layzr-bg\" data-large_image_width=\"1125\" data-large_image_height=\"931\" data-dt-img-description=\"\" title=\"Soccer Station\"><img decoding=\"async\" class=\"preload-me owl-lazy-load aspect\" src=\"data:image\/svg+xml,%3Csvg%20xmlns%3D&#39;http%3A%2F%2Fwww.w3.org%2F2000%2Fsvg&#39;%20viewBox%3D&#39;0%200%201124%20843&#39;%2F%3E\" data-src=\"https:\/\/www.minimundus.at\/wp-content\/uploads\/2023\/12\/Soccer-Station-1124x843.jpg\" data-srcset=\"https:\/\/www.minimundus.at\/wp-content\/uploads\/2023\/12\/Soccer-Station-1124x843.jpg 1124w, https:\/\/www.minimundus.at\/wp-content\/uploads\/2023\/12\/Soccer-Station-1125x843.jpg 1125w\" loading=\"eager\" style=\"--ratio: 1124 \/ 843\" sizes=\"(max-width: 1124px) 100vw, 1124px\" alt=\"\" width=\"1124\" height=\"843\"  \/><span class=\"gallery-rollover\"><span class=\"gallery-zoom-ico icomoon-the7-font-the7-zoom-06\"><span><\/span><\/span><\/span><\/a><\/figure><\/div><\/div>[\/vc_column][vc_column width=&#8221;1\/2&#8243;][vc_column_text]<\/p>\n<h4>Na povr\u0161ini 1.500 m\u00b2 notranjega Do\u017eivljajskega sveta obiskovalce pri\u010dakujejo:<\/h4>\n<p>\u2022 napeti 4D kino,<br \/>\n\u2022\u00a0hitra vo\u017enja z Mini Cooperjem,<br \/>\n\u2022 interaktivni globusi za velike in male,<br \/>\n\u2022 postaja z risanimi filmi: oblikujte svojo lastno risanko,<br \/>\n\u2022 postaja z modelsko \u017eeleznico,<br \/>\n\u2022 vesoljska postaja ISS: pogled iz vesolja na Zemljo v \u017eivo,<br \/>\n\u2022 foto postaja za selfije: postavite se na vrh piramide in si najlep\u0161o fotografijo po\u0161ljite domov,<br \/>\n\u2022 velikanski tobogan,<br \/>\n\u2022 270-stopinjski panoramski vpogled v Titanika<\/p>\n<p><strong>in dodatne postaje, ki zagotavljajo zabavo in navdu\u0161enje!<\/strong>[\/vc_column_text][\/vc_column][\/vc_row][vc_row][vc_column][vc_column_text][slider id=1197][\/vc_column_text][vc_column_text el_class=&#8221;bottomlogo&#8221;]<\/p>\n<h3 style=\"text-align: center;\">Z obiskom Minimundusa podpirate otroke in mlade iz Koro\u0161ke.<br \/>\nMinimundus se namre\u010d nahaja v lasti dru\u0161tva RETTET DAS KIND K\u00e4rnten.<\/h3>\n<p>[\/vc_column_text][vc_single_image image=&#8221;6544&#8243; img_size=&#8221;full&#8221; alignment=&#8221;center&#8221;][\/vc_column][\/vc_row]<\/p><\/div><input class=\"fooboxshare_post_id\" type=\"hidden\" value=\"2891\"\/>","protected":false},"excerpt":{"rendered":"<p>[vc_row][vc_column width=&#8221;1\/2&#8243;][vc_column_text css=&#8221;.vc_custom_1771250821163{padding-right: 50px !important;}&#8221; el_class=&#8221;greybox&#8221;] IDEALNO V VSAKEM VREMENU Veliki notranji do\u017eivljajski svet! Sprehod po Minimundusu si lahko popestrite z obiskom tematskih svetov, ki se razprostirajo na 1500 m\u00b2 in so polni informacij, igre in zabave. Prostorno notranje obmo\u010dje ponuja raznoliko razstavo z informativnimi in zabavnimi postajami za vso dru\u017eino. V dveh nadstropjih boste&hellip;<\/p>\n","protected":false},"author":1,"featured_media":6580,"parent":0,"menu_order":0,"comment_status":"closed","ping_status":"closed","template":"","meta":{"inline_featured_image":false,"footnotes":""},"class_list":["post-2891","page","type-page","status-publish","has-post-thumbnail","hentry","description-off"],"_links":{"self":[{"href":"https:\/\/www.minimundus.at\/sl\/wp-json\/wp\/v2\/pages\/2891","targetHints":{"allow":["GET"]}}],"collection":[{"href":"https:\/\/www.minimundus.at\/sl\/wp-json\/wp\/v2\/pages"}],"about":[{"href":"https:\/\/www.minimundus.at\/sl\/wp-json\/wp\/v2\/types\/page"}],"author":[{"embeddable":true,"href":"https:\/\/www.minimundus.at\/sl\/wp-json\/wp\/v2\/users\/1"}],"replies":[{"embeddable":true,"href":"https:\/\/www.minimundus.at\/sl\/wp-json\/wp\/v2\/comments?post=2891"}],"version-history":[{"count":10,"href":"https:\/\/www.minimundus.at\/sl\/wp-json\/wp\/v2\/pages\/2891\/revisions"}],"predecessor-version":[{"id":13044,"href":"https:\/\/www.minimundus.at\/sl\/wp-json\/wp\/v2\/pages\/2891\/revisions\/13044"}],"wp:featuredmedia":[{"embeddable":true,"href":"https:\/\/www.minimundus.at\/sl\/wp-json\/wp\/v2\/media\/6580"}],"wp:attachment":[{"href":"https:\/\/www.minimundus.at\/sl\/wp-json\/wp\/v2\/media?parent=2891"}],"curies":[{"name":"wp","href":"https:\/\/api.w.org\/{rel}","templated":true}]}}