{"id":2901,"date":"2016-09-16T11:18:48","date_gmt":"2016-09-16T09:18:48","guid":{"rendered":"https:\/\/2022.minimundus.at\/sl\/?page_id=2901"},"modified":"2023-12-18T13:54:40","modified_gmt":"2023-12-18T12:54:40","slug":"zgodovina-minimundusa","status":"publish","type":"page","link":"https:\/\/www.minimundus.at\/sl\/zgodovina-minimundusa\/","title":{"rendered":"Zgodovina Minimundusa"},"content":{"rendered":"<div class=\"wpb-content-wrapper\"><p>[vc_row][vc_column width=&#8221;1\/2&#8243;][vc_column_text el_class=&#8221;greybox&#8221; css=&#8221;.vc_custom_1669646597291{padding-right: 50px !important;}&#8221;]<\/p>\n<h3>ZGODOVINA MINIMUNDUSA<\/h3>\n<h2>Zgradbe iz<br \/>\ncelega\u00a0sveta v<br \/>\nminiaturni obliki<\/h2>\n<h4>Minimundus\u00a0\u0161teje med najbolj priljubljene in najbolj poznane izletni\u0161ke cilje na avstrijskem Koro\u0161kem.<\/h4>\n<p>Zgodovina malega sveta ob Vrbskem jezeru se je pri\u010dela v poznih petdesetih letih 20. stoletja z vizijo zasebnika, kjer je bilo sprva 20 evropskih modelov, ki jih je bilo mo\u017eno ob\u010dudovati pod izvirnim imenom &#8220;Minieurop&#8221;. Ko pa je razstava kmalu za\u0161la v finan\u010dne te\u017eave, jo je kupil takratni dr\u017eavni predsednik dru\u0161tva RETTET DAS KIND, dvorni svetnik dr. Peter Zojer, z idejo zdru\u017eiti znamenitosti celega sveta na enem mestu.<\/p>\n<p>Tekom \u010dasa se je povr\u0161ina parka pove\u010dala na 26.000 m\u00b2 in raz\u0161irila s \u0161tevilnimi zgradbami od blizu in dale\u010d. Po veliki prenovi ima Minimundus od pomladi 2016 naprej povsem nov sijaj.\u00a0Z novim pokritim Do\u017eivljajskim svetom in privla\u010dnim spremljevalnim programom z glasbenimi in kulinari\u010dnimi prireditvami se je Minimundus\u00a0razvil v celoletno do\u017eivetje za odrasle in dru\u017eine.[\/vc_column_text][\/vc_column][vc_column width=&#8221;1\/2&#8243; css=&#8221;.vc_custom_1468227594612{padding-bottom: 100px !important;background-color: #0056a4 !important;}&#8221;][vc_single_image image=&#8221;1211&#8243; img_size=&#8221;500&#215;400&#8243; css=&#8221;.vc_custom_1470817540643{margin-left: -40px !important;}&#8221;][\/vc_column][\/vc_row][vc_row css=&#8221;.vc_custom_1468227581044{margin-top: 0px !important;border-top-width: 0px !important;padding-top: 0px !important;background-color: #e9f6fe !important;}&#8221;][vc_column width=&#8221;1\/2&#8243;]<style type=\"text\/css\" data-type=\"the7_shortcodes-inline-css\">.gallery-carousel-shortcode.gallery-carousel-shortcode-id-96dbe3af81fb96450f85c4ca2f475c1e.owl-carousel .owl-nav div {\n  width: 36px;\n  height: 36px;\n  border-radius: 500px;\n}\n.dt-arrow-border-on.gallery-carousel-shortcode.gallery-carousel-shortcode-id-96dbe3af81fb96450f85c4ca2f475c1e.owl-carousel .owl-nav div:not(:hover):before {\n  border-width: 0px;\n}\n.dt-arrow-hover-border-on.gallery-carousel-shortcode.gallery-carousel-shortcode-id-96dbe3af81fb96450f85c4ca2f475c1e.owl-carousel .owl-nav div:hover:after {\n  border-width: 0px;\n}\n.gallery-carousel-shortcode.gallery-carousel-shortcode-id-96dbe3af81fb96450f85c4ca2f475c1e.owl-carousel .owl-nav div.owl-prev {\n  top: 50%;\n  transform: translateY(calc(-50% + 0px));\n  left: 10px;\n}\n@media all and (-ms-high-contrast: none) {\n  .gallery-carousel-shortcode.gallery-carousel-shortcode-id-96dbe3af81fb96450f85c4ca2f475c1e.owl-carousel .owl-nav div.owl-prev {\n    transform: translateY(-50%);\n    margin-top: 0px;\n  }\n}\n.gallery-carousel-shortcode.gallery-carousel-shortcode-id-96dbe3af81fb96450f85c4ca2f475c1e.owl-carousel .owl-nav div.owl-prev i {\n  padding: 0px 0px 0px 0px;\n}\n.gallery-carousel-shortcode.gallery-carousel-shortcode-id-96dbe3af81fb96450f85c4ca2f475c1e.owl-carousel .owl-nav div.owl-next {\n  top: 50%;\n  transform: translateY(calc(-50% + 0px));\n  right: 10px;\n}\n@media all and (-ms-high-contrast: none) {\n  .gallery-carousel-shortcode.gallery-carousel-shortcode-id-96dbe3af81fb96450f85c4ca2f475c1e.owl-carousel .owl-nav div.owl-next {\n    transform: translateY(-50%);\n    margin-top: 0px;\n  }\n}\n.gallery-carousel-shortcode.gallery-carousel-shortcode-id-96dbe3af81fb96450f85c4ca2f475c1e.owl-carousel .owl-nav div.owl-next i {\n  padding: 0px 0px 0px 0px;\n}\n.gallery-carousel-shortcode.gallery-carousel-shortcode-id-96dbe3af81fb96450f85c4ca2f475c1e.owl-carousel .owl-nav i {\n  font-size: 18px;\n}\n.gallery-carousel-shortcode.gallery-carousel-shortcode-id-96dbe3af81fb96450f85c4ca2f475c1e.owl-carousel .owl-nav div:not(:hover) i,\n.gallery-carousel-shortcode.gallery-carousel-shortcode-id-96dbe3af81fb96450f85c4ca2f475c1e.owl-carousel .owl-nav div:not(:hover) i:before {\n  color: #ffffff;\n  background: none;\n}\n.gallery-carousel-shortcode.gallery-carousel-shortcode-id-96dbe3af81fb96450f85c4ca2f475c1e.owl-carousel .owl-nav div:hover i,\n.gallery-carousel-shortcode.gallery-carousel-shortcode-id-96dbe3af81fb96450f85c4ca2f475c1e.owl-carousel .owl-nav div:hover i:before {\n  color: rgba(255,255,255,0.75);\n  background: none;\n}\n.gallery-carousel-shortcode.gallery-carousel-shortcode-id-96dbe3af81fb96450f85c4ca2f475c1e .owl-dots {\n  top: calc(100% + 20px);\n  left: 50%;\n  transform: translateX(calc(-50% + 0px));\n}\n@media all and (-ms-high-contrast: none) {\n  .gallery-carousel-shortcode.gallery-carousel-shortcode-id-96dbe3af81fb96450f85c4ca2f475c1e .owl-dots {\n    transform: translateX(-50%);\n    margin-left: 0px;\n  }\n}\n.gallery-carousel-shortcode.gallery-carousel-shortcode-id-96dbe3af81fb96450f85c4ca2f475c1e .owl-dot {\n  width: 10px;\n  height: 10px;\n  margin: 0 8px;\n}\n@media screen and (max-width: 778px) {\n  .gallery-carousel-shortcode.gallery-carousel-shortcode-id-96dbe3af81fb96450f85c4ca2f475c1e.hide-arrows .owl-nav a {\n    display: none;\n  }\n}\n@media screen and (max-width: 778px) {\n  .gallery-carousel-shortcode.gallery-carousel-shortcode-id-96dbe3af81fb96450f85c4ca2f475c1e.reposition-arrows .owl-nav .owl-prev {\n    top: 50%;\n    transform: translateY(calc(-50% + 0px));\n    left: 10px;\n  }\n  .gallery-carousel-shortcode.gallery-carousel-shortcode-id-96dbe3af81fb96450f85c4ca2f475c1e.reposition-arrows .owl-nav .owl-next {\n    top: 50%;\n    transform: translateY(calc(-50% + 0px));\n    right: 10px;\n  }\n}\n@media screen and (max-width: 778px) and all and (-ms-high-contrast: none) {\n  .gallery-carousel-shortcode.gallery-carousel-shortcode-id-96dbe3af81fb96450f85c4ca2f475c1e.reposition-arrows .owl-nav .owl-prev {\n    transform: translateY(-50%);\n    margin-top: 0px;\n  }\n}\n@media screen and (max-width: 778px) and all and (-ms-high-contrast: none) {\n  .gallery-carousel-shortcode.gallery-carousel-shortcode-id-96dbe3af81fb96450f85c4ca2f475c1e.reposition-arrows .owl-nav .owl-next {\n    transform: translateY(-50%);\n    margin-top: 0px;\n  }\n}\n.gallery-carousel-shortcode.gallery-carousel-shortcode-id-96dbe3af81fb96450f85c4ca2f475c1e figure,\n.gallery-carousel-shortcode.gallery-carousel-shortcode-id-96dbe3af81fb96450f85c4ca2f475c1e .rollover,\n.gallery-carousel-shortcode.gallery-carousel-shortcode-id-96dbe3af81fb96450f85c4ca2f475c1e img,\n.gallery-carousel-shortcode.gallery-carousel-shortcode-id-96dbe3af81fb96450f85c4ca2f475c1e .gallery-rollover {\n  border-radius: 0px;\n}\n.gallery-carousel-shortcode.gallery-carousel-shortcode-id-96dbe3af81fb96450f85c4ca2f475c1e.enable-bg-rollover .gallery-rollover {\n  background: -webkit-linear-gradient();\n  background: linear-gradient();\n}\n.gallery-carousel-shortcode.gallery-carousel-shortcode-id-96dbe3af81fb96450f85c4ca2f475c1e.enable-img-shadow .owl-stage-outer {\n  padding: 14px 0;\n}\n.gallery-carousel-shortcode.gallery-carousel-shortcode-id-96dbe3af81fb96450f85c4ca2f475c1e.enable-bg-rollover.hover-scale figure .rollover:after {\n  background: -webkit-linear-gradient();\n  background: linear-gradient();\n}\n.gallery-carousel-shortcode.gallery-carousel-shortcode-id-96dbe3af81fb96450f85c4ca2f475c1e.gallery-shortcode .gallery-zoom-ico {\n  width: 44px;\n  height: 44px;\n  line-height: 44px;\n  border-radius: 100px;\n  margin: -22px 0 0 -22px;\n  border-width: 0px;\n}\n.dt-icon-bg-on.gallery-carousel-shortcode.gallery-carousel-shortcode-id-96dbe3af81fb96450f85c4ca2f475c1e.gallery-shortcode .gallery-zoom-ico {\n  background: rgba(255,255,255,0.3);\n  box-shadow: none;\n}\n.gallery-carousel-shortcode.gallery-carousel-shortcode-id-96dbe3af81fb96450f85c4ca2f475c1e.gallery-shortcode .gallery-zoom-ico:before,\n.gallery-carousel-shortcode.gallery-carousel-shortcode-id-96dbe3af81fb96450f85c4ca2f475c1e.gallery-shortcode .gallery-zoom-ico span {\n  font-size: 32px;\n  line-height: 44px;\n  color: #ffffff;\n  background: none;\n}<\/style><div class=\"owl-carousel gallery-carousel-shortcode gallery-shortcode  dt-gallery-container dt-owl-carousel-call gallery-carousel-shortcode-id-96dbe3af81fb96450f85c4ca2f475c1e quick-scale-img enable-bg-rollover meta-info-off dt-arrow-border-on dt-arrow-hover-border-on bullets-small-dot-stroke reposition-arrows dt-icon-bg-off arrows-bg-on disable-arrows-hover-bg arrows-hover-bg-on  vc_custom_1702904077792 hover-fade \" data-scroll-mode=\"1\" data-col-num=\"1\" data-wide-col-num=\"1\" data-laptop-col=\"1\" data-h-tablet-columns-num=\"1\" data-v-tablet-columns-num=\"1\" data-phone-columns-num=\"1\" data-col-gap=\"10\" data-stage-padding=\"0\" data-speed=\"600\" data-autoplay=\"false\" data-autoplay_speed=\"6000\" data-arrows=\"true\" data-bullet=\"false\" data-next-icon=\"icon-ar-017-r\" data-prev-icon=\"icon-ar-017-l\" data-img-shadow-size=\"12px\" data-img-shadow-spread=\"3px\"><div data-post-id=\"6634\" data-date=\"2016-08-03T14:19:31+02:00\" data-name=\"Image\"><figure class=\"post\"><a href=\"https:\/\/www.minimundus.at\/wp-content\/uploads\/2016\/07\/Burg-Hochosterwitz-ALT.jpg\" class=\"rollover dt-pswp-item layzr-bg\" data-large_image_width=\"2036\" data-large_image_height=\"1440\" data-dt-img-description=\"\" title=\"Image\"><img fetchpriority=\"high\" decoding=\"async\" class=\"preload-me owl-lazy-load aspect\" src=\"data:image\/svg+xml,%3Csvg%20xmlns%3D&#39;http%3A%2F%2Fwww.w3.org%2F2000%2Fsvg&#39;%20viewBox%3D&#39;0%200%201920%201440&#39;%2F%3E\" data-src=\"https:\/\/www.minimundus.at\/wp-content\/uploads\/2016\/07\/Burg-Hochosterwitz-ALT-1920x1440.jpg\" data-srcset=\"https:\/\/www.minimundus.at\/wp-content\/uploads\/2016\/07\/Burg-Hochosterwitz-ALT-1920x1440.jpg 1920w\" loading=\"eager\" style=\"--ratio: 1920 \/ 1440\" sizes=\"(max-width: 1920px) 100vw, 1920px\" alt=\"\" width=\"1920\" height=\"1440\"  \/><span class=\"gallery-rollover\"><span class=\"gallery-zoom-ico icomoon-the7-font-the7-zoom-06\"><span><\/span><\/span><\/span><\/a><\/figure><\/div><div data-post-id=\"6637\" data-date=\"2016-08-03T14:19:33+02:00\" data-name=\"Image\"><figure class=\"post\"><a href=\"https:\/\/www.minimundus.at\/wp-content\/uploads\/2016\/07\/ca.-1960.jpg\" class=\"rollover dt-pswp-item layzr-bg\" data-large_image_width=\"1994\" data-large_image_height=\"1339\" data-dt-img-description=\"\" title=\"Image\"><img decoding=\"async\" class=\"preload-me owl-lazy-load aspect\" src=\"data:image\/svg+xml,%3Csvg%20xmlns%3D&#39;http%3A%2F%2Fwww.w3.org%2F2000%2Fsvg&#39;%20viewBox%3D&#39;0%200%201785%201339&#39;%2F%3E\" data-src=\"https:\/\/www.minimundus.at\/wp-content\/uploads\/2016\/07\/ca.-1960-1785x1339.jpg\" data-srcset=\"https:\/\/www.minimundus.at\/wp-content\/uploads\/2016\/07\/ca.-1960-1785x1339.jpg 1785w\" loading=\"eager\" style=\"--ratio: 1785 \/ 1339\" sizes=\"(max-width: 1785px) 100vw, 1785px\" alt=\"\" width=\"1785\" height=\"1339\"  \/><span class=\"gallery-rollover\"><span class=\"gallery-zoom-ico icomoon-the7-font-the7-zoom-06\"><span><\/span><\/span><\/span><\/a><\/figure><\/div><div data-post-id=\"6640\" data-date=\"2016-08-03T14:19:35+02:00\" data-name=\"Chronik-1\"><figure class=\"post\"><a href=\"https:\/\/www.minimundus.at\/wp-content\/uploads\/2016\/07\/Chronik-1.jpg\" class=\"rollover dt-pswp-item layzr-bg\" data-large_image_width=\"2016\" data-large_image_height=\"1424\" data-dt-img-description=\"\" title=\"Chronik-1\"><img decoding=\"async\" class=\"preload-me owl-lazy-load aspect\" src=\"data:image\/svg+xml,%3Csvg%20xmlns%3D&#39;http%3A%2F%2Fwww.w3.org%2F2000%2Fsvg&#39;%20viewBox%3D&#39;0%200%201898%201424&#39;%2F%3E\" data-src=\"https:\/\/www.minimundus.at\/wp-content\/uploads\/2016\/07\/Chronik-1-1898x1424.jpg\" data-srcset=\"https:\/\/www.minimundus.at\/wp-content\/uploads\/2016\/07\/Chronik-1-1898x1424.jpg 1898w\" loading=\"eager\" style=\"--ratio: 1898 \/ 1424\" sizes=\"(max-width: 1898px) 100vw, 1898px\" alt=\"\" width=\"1898\" height=\"1424\"  \/><span class=\"gallery-rollover\"><span class=\"gallery-zoom-ico icomoon-the7-font-the7-zoom-06\"><span><\/span><\/span><\/span><\/a><\/figure><\/div><div data-post-id=\"6646\" data-date=\"2016-08-03T14:19:39+02:00\" data-name=\"Chronik-4\"><figure class=\"post\"><a href=\"https:\/\/www.minimundus.at\/wp-content\/uploads\/2016\/07\/Chronik-4.jpg\" class=\"rollover dt-pswp-item layzr-bg\" data-large_image_width=\"1800\" data-large_image_height=\"1372\" data-dt-img-description=\"\" title=\"Chronik-4\"><img decoding=\"async\" class=\"preload-me owl-lazy-load aspect\" src=\"data:image\/svg+xml,%3Csvg%20xmlns%3D&#39;http%3A%2F%2Fwww.w3.org%2F2000%2Fsvg&#39;%20viewBox%3D&#39;0%200%201800%201350&#39;%2F%3E\" data-src=\"https:\/\/www.minimundus.at\/wp-content\/uploads\/2016\/07\/Chronik-4-1800x1350.jpg\" data-srcset=\"https:\/\/www.minimundus.at\/wp-content\/uploads\/2016\/07\/Chronik-4-1800x1350.jpg 1800w\" loading=\"eager\" style=\"--ratio: 1800 \/ 1350\" sizes=\"(max-width: 1800px) 100vw, 1800px\" alt=\"\" width=\"1800\" height=\"1350\"  \/><span class=\"gallery-rollover\"><span class=\"gallery-zoom-ico icomoon-the7-font-the7-zoom-06\"><span><\/span><\/span><\/span><\/a><\/figure><\/div><div data-post-id=\"6649\" data-date=\"2016-08-03T14:19:40+02:00\" data-name=\"Chronik-6\"><figure class=\"post\"><a href=\"https:\/\/www.minimundus.at\/wp-content\/uploads\/2016\/07\/Chronik-6.jpg\" class=\"rollover dt-pswp-item layzr-bg\" data-large_image_width=\"1800\" data-large_image_height=\"1395\" data-dt-img-description=\"\" title=\"Chronik-6\"><img decoding=\"async\" class=\"preload-me owl-lazy-load aspect\" src=\"data:image\/svg+xml,%3Csvg%20xmlns%3D&#39;http%3A%2F%2Fwww.w3.org%2F2000%2Fsvg&#39;%20viewBox%3D&#39;0%200%201800%201350&#39;%2F%3E\" data-src=\"https:\/\/www.minimundus.at\/wp-content\/uploads\/2016\/07\/Chronik-6-1800x1350.jpg\" data-srcset=\"https:\/\/www.minimundus.at\/wp-content\/uploads\/2016\/07\/Chronik-6-1800x1350.jpg 1800w\" loading=\"eager\" style=\"--ratio: 1800 \/ 1350\" sizes=\"(max-width: 1800px) 100vw, 1800px\" alt=\"\" width=\"1800\" height=\"1350\"  \/><span class=\"gallery-rollover\"><span class=\"gallery-zoom-ico icomoon-the7-font-the7-zoom-06\"><span><\/span><\/span><\/span><\/a><\/figure><\/div><div data-post-id=\"6652\" data-date=\"2016-08-03T14:20:14+02:00\" data-name=\"Chronik-12\"><figure class=\"post\"><a href=\"https:\/\/www.minimundus.at\/wp-content\/uploads\/2016\/07\/Chronik-12.jpg\" class=\"rollover dt-pswp-item layzr-bg\" data-large_image_width=\"1448\" data-large_image_height=\"2032\" data-dt-img-description=\"\" title=\"Chronik-12\"><img decoding=\"async\" class=\"preload-me owl-lazy-load aspect\" src=\"data:image\/svg+xml,%3Csvg%20xmlns%3D&#39;http%3A%2F%2Fwww.w3.org%2F2000%2Fsvg&#39;%20viewBox%3D&#39;0%200%201448%201086&#39;%2F%3E\" data-src=\"https:\/\/www.minimundus.at\/wp-content\/uploads\/2016\/07\/Chronik-12-1448x1086.jpg\" data-srcset=\"https:\/\/www.minimundus.at\/wp-content\/uploads\/2016\/07\/Chronik-12-1448x1086.jpg 1448w\" loading=\"eager\" style=\"--ratio: 1448 \/ 1086\" sizes=\"(max-width: 1448px) 100vw, 1448px\" alt=\"\" width=\"1448\" height=\"1086\"  \/><span class=\"gallery-rollover\"><span class=\"gallery-zoom-ico icomoon-the7-font-the7-zoom-06\"><span><\/span><\/span><\/span><\/a><\/figure><\/div><div data-post-id=\"6655\" data-date=\"2016-08-03T14:20:16+02:00\" data-name=\"Chronik-12b\"><figure class=\"post\"><a href=\"https:\/\/www.minimundus.at\/wp-content\/uploads\/2016\/07\/Chronik-12b.jpg\" class=\"rollover dt-pswp-item layzr-bg\" data-large_image_width=\"1356\" data-large_image_height=\"1013\" data-dt-img-description=\"\" title=\"Chronik-12b\"><img decoding=\"async\" class=\"preload-me owl-lazy-load aspect\" src=\"data:image\/svg+xml,%3Csvg%20xmlns%3D&#39;http%3A%2F%2Fwww.w3.org%2F2000%2Fsvg&#39;%20viewBox%3D&#39;0%200%201350%201013&#39;%2F%3E\" data-src=\"https:\/\/www.minimundus.at\/wp-content\/uploads\/2016\/07\/Chronik-12b-1350x1013.jpg\" data-srcset=\"https:\/\/www.minimundus.at\/wp-content\/uploads\/2016\/07\/Chronik-12b-1350x1013.jpg 1350w\" loading=\"eager\" style=\"--ratio: 1350 \/ 1013\" sizes=\"(max-width: 1350px) 100vw, 1350px\" alt=\"\" width=\"1350\" height=\"1013\"  \/><span class=\"gallery-rollover\"><span class=\"gallery-zoom-ico icomoon-the7-font-the7-zoom-06\"><span><\/span><\/span><\/span><\/a><\/figure><\/div><div data-post-id=\"6658\" data-date=\"2016-08-03T14:20:17+02:00\" data-name=\"Chronik-13\"><figure class=\"post\"><a href=\"https:\/\/www.minimundus.at\/wp-content\/uploads\/2016\/07\/Chronik-13.jpg\" class=\"rollover dt-pswp-item layzr-bg\" data-large_image_width=\"1512\" data-large_image_height=\"1001\" data-dt-img-description=\"\" title=\"Chronik-13\"><img decoding=\"async\" class=\"preload-me owl-lazy-load aspect\" src=\"data:image\/svg+xml,%3Csvg%20xmlns%3D&#39;http%3A%2F%2Fwww.w3.org%2F2000%2Fsvg&#39;%20viewBox%3D&#39;0%200%201334%201001&#39;%2F%3E\" data-src=\"https:\/\/www.minimundus.at\/wp-content\/uploads\/2016\/07\/Chronik-13-1334x1001.jpg\" data-srcset=\"https:\/\/www.minimundus.at\/wp-content\/uploads\/2016\/07\/Chronik-13-1334x1001.jpg 1334w\" loading=\"eager\" style=\"--ratio: 1334 \/ 1001\" sizes=\"(max-width: 1334px) 100vw, 1334px\" alt=\"\" width=\"1334\" height=\"1001\"  \/><span class=\"gallery-rollover\"><span class=\"gallery-zoom-ico icomoon-the7-font-the7-zoom-06\"><span><\/span><\/span><\/span><\/a><\/figure><\/div><div data-post-id=\"6661\" data-date=\"2016-08-03T14:20:45+02:00\" data-name=\"Image\"><figure class=\"post\"><a href=\"https:\/\/www.minimundus.at\/wp-content\/uploads\/2016\/07\/MINIMUNDUS-1971.jpg\" class=\"rollover dt-pswp-item layzr-bg\" data-large_image_width=\"2795\" data-large_image_height=\"2120\" data-dt-img-description=\"\" title=\"Image\"><img decoding=\"async\" class=\"preload-me owl-lazy-load aspect\" src=\"data:image\/svg+xml,%3Csvg%20xmlns%3D&#39;http%3A%2F%2Fwww.w3.org%2F2000%2Fsvg&#39;%20viewBox%3D&#39;0%200%202794%202096&#39;%2F%3E\" data-src=\"https:\/\/www.minimundus.at\/wp-content\/uploads\/2016\/07\/MINIMUNDUS-1971.jpg\" data-srcset=\"https:\/\/www.minimundus.at\/wp-content\/uploads\/2016\/07\/MINIMUNDUS-1971.jpg 2794w\" loading=\"eager\" style=\"--ratio: 2794 \/ 2096\" sizes=\"(max-width: 2794px) 100vw, 2794px\" alt=\"\" width=\"2794\" height=\"2096\"  \/><span class=\"gallery-rollover\"><span class=\"gallery-zoom-ico icomoon-the7-font-the7-zoom-06\"><span><\/span><\/span><\/span><\/a><\/figure><\/div><div data-post-id=\"6664\" data-date=\"2016-08-03T14:20:48+02:00\" data-name=\"Schmuckbild von 1960_1 Kopie\"><figure class=\"post\"><a href=\"https:\/\/www.minimundus.at\/wp-content\/uploads\/2016\/07\/Schmuckbild-von-1960_1-Kopie.jpg\" class=\"rollover dt-pswp-item layzr-bg\" data-large_image_width=\"1028\" data-large_image_height=\"671\" data-dt-img-description=\"\" title=\"Schmuckbild von 1960_1 Kopie\"><img decoding=\"async\" class=\"preload-me owl-lazy-load aspect\" src=\"data:image\/svg+xml,%3Csvg%20xmlns%3D&#39;http%3A%2F%2Fwww.w3.org%2F2000%2Fsvg&#39;%20viewBox%3D&#39;0%200%20894%20671&#39;%2F%3E\" data-src=\"https:\/\/www.minimundus.at\/wp-content\/uploads\/2016\/07\/Schmuckbild-von-1960_1-Kopie-894x671.jpg\" data-srcset=\"https:\/\/www.minimundus.at\/wp-content\/uploads\/2016\/07\/Schmuckbild-von-1960_1-Kopie-894x671.jpg 894w\" loading=\"eager\" style=\"--ratio: 894 \/ 671\" sizes=\"(max-width: 894px) 100vw, 894px\" alt=\"\" width=\"894\" height=\"671\"  \/><span class=\"gallery-rollover\"><span class=\"gallery-zoom-ico icomoon-the7-font-the7-zoom-06\"><span><\/span><\/span><\/span><\/a><\/figure><\/div><div data-post-id=\"6667\" data-date=\"2016-08-03T14:29:17+02:00\" data-name=\"Chronik-2 neues format\"><figure class=\"post\"><a href=\"https:\/\/www.minimundus.at\/wp-content\/uploads\/2016\/07\/Chronik-2-neues-format.jpg\" class=\"rollover dt-pswp-item layzr-bg\" data-large_image_width=\"1417\" data-large_image_height=\"1152\" data-dt-img-description=\"\" title=\"Chronik-2 neues format\"><img decoding=\"async\" class=\"preload-me owl-lazy-load aspect\" src=\"data:image\/svg+xml,%3Csvg%20xmlns%3D&#39;http%3A%2F%2Fwww.w3.org%2F2000%2Fsvg&#39;%20viewBox%3D&#39;0%200%201416%201062&#39;%2F%3E\" data-src=\"https:\/\/www.minimundus.at\/wp-content\/uploads\/2016\/07\/Chronik-2-neues-format-1416x1062.jpg\" data-srcset=\"https:\/\/www.minimundus.at\/wp-content\/uploads\/2016\/07\/Chronik-2-neues-format-1416x1062.jpg 1416w, https:\/\/www.minimundus.at\/wp-content\/uploads\/2016\/07\/Chronik-2-neues-format-1417x1062.jpg 1417w\" loading=\"eager\" style=\"--ratio: 1416 \/ 1062\" sizes=\"(max-width: 1416px) 100vw, 1416px\" alt=\"\" width=\"1416\" height=\"1062\"  \/><span class=\"gallery-rollover\"><span class=\"gallery-zoom-ico icomoon-the7-font-the7-zoom-06\"><span><\/span><\/span><\/span><\/a><\/figure><\/div><\/div>[\/vc_column][vc_column width=&#8221;1\/2&#8243;][vc_column_text]<\/p>\n<h4>Zgodovina, polna mejnikov:<\/h4>\n<p><span style=\"text-decoration: underline;\"><strong>1958<br \/>\n<\/strong><\/span>Pod izvornim imenom &#8216;Minieurop&#8217; je dvorni svetnik dr. Peter Zojer, tedanji predsednik krovnega avstrijkega dru\u0161tva &#8216;RETTET DAS KIND&#8217; , ustvaril dana\u0161nji Minimundus z le 20 modeli.<\/p>\n<p>Britanski predstavnik sklada &#8216;Save The Children Fund&#8217;, Basil\u00a0Gardner McTaggart, je priskrbel finan\u010dno pomo\u010d za projekt.\u00a0Bil je tudi tisti, ki si je izmislil novo ime &#8216;MINIMUNDUS&#8217;.<\/p>\n<p><strong style=\"line-height: 1.5;\">3. julija 1959 je bil Minimundus slavnostno odprt.<\/strong><\/p>\n<p><strong><span style=\"text-decoration: underline;\">1967<br \/>\n<\/span><\/strong>Minimundus\u00a0je zabele\u017eil prvega milijontega obiskovalca v svoji zgodovini.<\/p>\n<p><strong><span style=\"text-decoration: underline;\">1977<br \/>\n<\/span><\/strong>Povr\u0161ina parka se je s 15.000 m\u00b2 pove\u010dala na ponosnih 26.000 m\u00b2.<\/p>\n<p><strong><span style=\"text-decoration: underline;\">1982<br \/>\n<\/span><\/strong>V gradbeni fazi, ki je trajala do 1983, je bila urejena nova delavnica in obratovalna zgradba.<\/p>\n<p><span style=\"text-decoration: underline;\"><strong>1983 &#8211; 25 <strong><u>let Minimundusa<br \/>\n<\/u><\/strong><\/strong><\/span>V jubilejnem letu je miniaturni svet ob Vrbskem jezeru obiskal sedem milijonti gost.<\/p>\n<p><span style=\"text-decoration: underline;\"><strong>1990<br \/>\n<\/strong><\/span>Po \u0161estletni gradnji je bil javnosti predstavljen najdra\u017eji model bazilike Sv. Petra.<\/p>\n<p><strong><span style=\"text-decoration: underline;\">1993\/1994<\/span><br \/>\n<\/strong>Severni del Minimundusa je bil obnovljen, urejene so bile nove poti za obiskovalce.<\/p>\n<p><span style=\"text-decoration: underline;\"><strong>2003<br \/>\n<\/strong><\/span>Konec ugibanja: modeli Minimundus so kon\u010dno dobili kratke opise.<\/p>\n<p><strong><span style=\"text-decoration: underline;\">2008<\/span>\u00a0&#8211; 50\u00a0<\/strong><strong>let Minimundusa<br \/>\n<\/strong>RETTET DAS KIND &#8211; K\u00e4rnten postane lastnik Minimundusa.<\/p>\n<p><strong><span style=\"text-decoration: underline;\">2009\/2010<br \/>\n<\/span><\/strong>Otvoritev novega otro\u0161kega Do\u017eivljajskega sveta z igro, zabavo in ugankami. Kmalu zatem je bilo zgrajeno novo pustolovsko igri\u0161\u010de na 400\u00a0m\u00b2.<\/p>\n<p><span style=\"text-decoration: underline;\"><strong>2015\/2016<br \/>\n<\/strong><\/span>Minimundus oblikuje 1.500\u00a0m\u00b2 velike notranje avanturne prostore in pri\u010dne s celoletnem obratovanjem.<\/p>\n<p><span style=\"text-decoration: underline;\"><strong>2018<\/strong><\/span><br \/>\nMinimundus in RETTET DAS KIND &#8211; K\u00e4rnten praznujeta svojo \u0161est deset letnico.[\/vc_column_text][\/vc_column][\/vc_row][vc_row][vc_column el_class=&#8221;download&#8221;][vc_column_text el_class=&#8221;bottomlogo&#8221;]<\/p>\n<h3 style=\"text-align: center;\">Z obiskom Minimundusa podpirate otroke in mlade iz Koro\u0161ke.<br \/>\nMinimundus se nahaja v lasti dru\u0161tva RETTET DAS KIND K\u00e4rnten.<\/h3>\n<p>[\/vc_column_text][vc_single_image image=&#8221;779&#8243; img_size=&#8221;full&#8221; alignment=&#8221;center&#8221;][\/vc_column][\/vc_row]<\/p><\/div><input class=\"fooboxshare_post_id\" type=\"hidden\" value=\"2901\"\/>","protected":false},"excerpt":{"rendered":"<p>[vc_row][vc_column width=&#8221;1\/2&#8243;][vc_column_text el_class=&#8221;greybox&#8221; css=&#8221;.vc_custom_1669646597291{padding-right: 50px !important;}&#8221;] ZGODOVINA MINIMUNDUSA Zgradbe iz celega\u00a0sveta v miniaturni obliki Minimundus\u00a0\u0161teje med najbolj priljubljene in najbolj poznane izletni\u0161ke cilje na avstrijskem Koro\u0161kem. Zgodovina malega sveta ob Vrbskem jezeru se je pri\u010dela v poznih petdesetih letih 20. stoletja z vizijo zasebnika, kjer je bilo sprva 20 evropskih modelov, ki jih je bilo&hellip;<\/p>\n","protected":false},"author":1,"featured_media":3127,"parent":0,"menu_order":0,"comment_status":"closed","ping_status":"closed","template":"","meta":{"inline_featured_image":false,"footnotes":""},"class_list":["post-2901","page","type-page","status-publish","has-post-thumbnail","hentry","description-off"],"_links":{"self":[{"href":"https:\/\/www.minimundus.at\/sl\/wp-json\/wp\/v2\/pages\/2901","targetHints":{"allow":["GET"]}}],"collection":[{"href":"https:\/\/www.minimundus.at\/sl\/wp-json\/wp\/v2\/pages"}],"about":[{"href":"https:\/\/www.minimundus.at\/sl\/wp-json\/wp\/v2\/types\/page"}],"author":[{"embeddable":true,"href":"https:\/\/www.minimundus.at\/sl\/wp-json\/wp\/v2\/users\/1"}],"replies":[{"embeddable":true,"href":"https:\/\/www.minimundus.at\/sl\/wp-json\/wp\/v2\/comments?post=2901"}],"version-history":[{"count":11,"href":"https:\/\/www.minimundus.at\/sl\/wp-json\/wp\/v2\/pages\/2901\/revisions"}],"predecessor-version":[{"id":11991,"href":"https:\/\/www.minimundus.at\/sl\/wp-json\/wp\/v2\/pages\/2901\/revisions\/11991"}],"wp:featuredmedia":[{"embeddable":true,"href":"https:\/\/www.minimundus.at\/sl\/wp-json\/wp\/v2\/media\/3127"}],"wp:attachment":[{"href":"https:\/\/www.minimundus.at\/sl\/wp-json\/wp\/v2\/media?parent=2901"}],"curies":[{"name":"wp","href":"https:\/\/api.w.org\/{rel}","templated":true}]}}