{"id":2906,"date":"2016-09-16T11:32:47","date_gmt":"2016-09-16T09:32:47","guid":{"rendered":"https:\/\/2022.minimundus.at\/sl\/?page_id=2906"},"modified":"2023-10-10T15:48:35","modified_gmt":"2023-10-10T13:48:35","slug":"gradnja-modelov-in-delavnica","status":"publish","type":"page","link":"https:\/\/www.minimundus.at\/sl\/zgodovina-minimundusa\/gradnja-modelov-in-delavnica\/","title":{"rendered":"Gradnja modelov in delavnica"},"content":{"rendered":"<div class=\"wpb-content-wrapper\"><p>[vc_row][vc_column width=&#8221;1\/2&#8243;][vc_column_text el_class=&#8221;greybox&#8221; css=&#8221;.vc_custom_1696945708919{padding-right: 50px !important;}&#8221;]<\/p>\n<h3>DELAVNICA MINIMUNDUS<\/h3>\n<h2>Gradnja modelov<\/h2>\n<h4>Na prvi pogled se vam morda zdi<br \/>\nnepredstavljivo, da posamezni<br \/>\nmodeli stanejo ve\u010d kot 500.000 evrov.<\/h4>\n<p>Pogosto je dolga pot, preden je mogo\u010de zgraditi model: najprej se vzpostavi stik z mestom ali posameznim konzulatom, ki je odgovorno za zgradbo, da se pridobi ustrezna dokumentacija. Ve\u010dinoma traja nekaj mesecev za pridobitev pravih na\u010drtov v razli\u010dnih merilih, ki jih zatem mi pretvorimo v merilo 1:25.<\/p>\n<p><strong><br \/>\nCel svet v merilu 1:25<br \/>\n<\/strong>Srce Minimundusa so modeli, ki se do zadnje podrobnosti natan\u010dno v merilu 1:25 in pove\u010dini v originalnih materialih kot pe\u0161\u010denjak, bazalt ali marmor izdelajo v delavnici Minimundusa. Tu ujamemo tudi najmanj\u0161e detajle: naoknice, okraske, uli\u010dne svetilke itd.<\/p>\n<p>Gradnjo modelov opravlja na\u0161ih modelarjev iz Minimundusa v lastni delavnici, Visoka tehni\u010dna \u0161ola ali profesionalni modelarji s celega sveta.<\/p>\n<p>Skoraj vsi modeli so izdelani v merilu 1:25 (izjema je na primer grad Hochosterwitz, ki je nastal \u017ee leta 1959), zato jih je mogo\u010de med seboj odli\u010dno primerjati.[\/vc_column_text][\/vc_column][vc_column width=&#8221;1\/2&#8243; css=&#8221;.vc_custom_1468227594612{padding-bottom: 100px !important;background-color: #0056a4 !important;}&#8221;][vc_single_image image=&#8221;2650&#8243; img_size=&#8221;500&#215;400&#8243; css=&#8221;.vc_custom_1472817117881{margin-left: -40px !important;}&#8221;][vc_single_image image=&#8221;2652&#8243; img_size=&#8221;500&#215;400&#8243; css=&#8221;.vc_custom_1472817160607{margin-left: -40px !important;}&#8221;][\/vc_column][\/vc_row][vc_row css=&#8221;.vc_custom_1468227581044{margin-top: 0px !important;border-top-width: 0px !important;padding-top: 0px !important;background-color: #e9f6fe !important;}&#8221;][vc_column width=&#8221;1\/2&#8243;][vc_single_image image=&#8221;840&#8243; img_size=&#8221;500&#215;300&#8243;][vc_single_image image=&#8221;1014&#8243; img_size=&#8221;500&#215;300&#8243;][\/vc_column][vc_column width=&#8221;1\/2&#8243;][vc_column_text]<\/p>\n<h4>Gradbene posebnosti:<\/h4>\n<p><strong>Najdra\u017eji model z najdalj\u0161im \u010dasom izdelave<br \/>\n<\/strong>Bazilika Sv. Petra je s ponosnimi \u0161estimi leti model z najdalj\u0161im \u010dasom izgradnje. Ker je dejansko zgrajena iz originalnega materiala travertina (predstopnja marmorja, ki se obdeluje z diamantnim svedrom), je njegova izdelava do dokon\u010danja znesla 730.000 evrov.<\/p>\n<p><strong>\u00a0<\/strong><strong>Natan\u010dna fina izdelava<br \/>\n<\/strong>Pri modelu gradu Miramare je bilo v \u010dasu izdelave v dol\u017eini 26 mesecev za gradnjo porabljenih okoli 28.000 ko\u0161\u010dkov marmornatih kamnov in 26.000 ko\u0161\u010dkov pe\u0161\u010denjakov. Pri baziliki Sv. Petra je modelar za eno samcato figuro potreboval teden dni dela.<\/p>\n<p><strong>Najve\u010dja \u017eelja obiskovalcev<br \/>\n<\/strong>Najve\u010dja \u017eelja obiskovalcev je model mostu Golden Gate. Na \u017ealost bi bil tudi v merilu 1:25 veliko prevelik za Minimundus in bi se raztezal \u010dez cel park.<\/p>\n<p><strong>Najvi\u0161ji model<br \/>\n<\/strong>Stolp CN v vi\u0161ino ponosno sega 23 m. Njegova te\u017ea zna\u0161a 20 ton!<\/p>\n<p><strong>Najbolj ob\u010dutljiv material<br \/>\n<\/strong>Indonezijski tempelj Borobudur sestoji iz ob\u010dutljivega bazalta. Izdelali so ga indonezijski modelarji in ga kot darilo z otoka Java predali Minimundusu.<\/p>\n<p><strong>Najstarej\u0161a zgradba<br \/>\n<\/strong>Grad Hochosterwitz je na ogled \u017ee od samega za\u010detka in velja za najstarej\u0161i model v parku.[\/vc_column_text][\/vc_column][\/vc_row][vc_row][vc_column][vc_column_text][slider id=799][\/vc_column_text][\/vc_column][\/vc_row]<\/p><\/div><input class=\"fooboxshare_post_id\" type=\"hidden\" value=\"2906\"\/>","protected":false},"excerpt":{"rendered":"<p>[vc_row][vc_column width=&#8221;1\/2&#8243;][vc_column_text el_class=&#8221;greybox&#8221; css=&#8221;.vc_custom_1696945708919{padding-right: 50px !important;}&#8221;] DELAVNICA MINIMUNDUS Gradnja modelov Na prvi pogled se vam morda zdi nepredstavljivo, da posamezni modeli stanejo ve\u010d kot 500.000 evrov. Pogosto je dolga pot, preden je mogo\u010de zgraditi model: najprej se vzpostavi stik z mestom ali posameznim konzulatom, ki je odgovorno za zgradbo, da se pridobi ustrezna dokumentacija. Ve\u010dinoma&hellip;<\/p>\n","protected":false},"author":1,"featured_media":2659,"parent":2901,"menu_order":0,"comment_status":"closed","ping_status":"closed","template":"","meta":{"inline_featured_image":false,"footnotes":""},"class_list":["post-2906","page","type-page","status-publish","has-post-thumbnail","hentry","description-off"],"_links":{"self":[{"href":"https:\/\/www.minimundus.at\/sl\/wp-json\/wp\/v2\/pages\/2906","targetHints":{"allow":["GET"]}}],"collection":[{"href":"https:\/\/www.minimundus.at\/sl\/wp-json\/wp\/v2\/pages"}],"about":[{"href":"https:\/\/www.minimundus.at\/sl\/wp-json\/wp\/v2\/types\/page"}],"author":[{"embeddable":true,"href":"https:\/\/www.minimundus.at\/sl\/wp-json\/wp\/v2\/users\/1"}],"replies":[{"embeddable":true,"href":"https:\/\/www.minimundus.at\/sl\/wp-json\/wp\/v2\/comments?post=2906"}],"version-history":[{"count":8,"href":"https:\/\/www.minimundus.at\/sl\/wp-json\/wp\/v2\/pages\/2906\/revisions"}],"predecessor-version":[{"id":11811,"href":"https:\/\/www.minimundus.at\/sl\/wp-json\/wp\/v2\/pages\/2906\/revisions\/11811"}],"up":[{"embeddable":true,"href":"https:\/\/www.minimundus.at\/sl\/wp-json\/wp\/v2\/pages\/2901"}],"wp:featuredmedia":[{"embeddable":true,"href":"https:\/\/www.minimundus.at\/sl\/wp-json\/wp\/v2\/media\/2659"}],"wp:attachment":[{"href":"https:\/\/www.minimundus.at\/sl\/wp-json\/wp\/v2\/media?parent=2906"}],"curies":[{"name":"wp","href":"https:\/\/api.w.org\/{rel}","templated":true}]}}