{"id":2913,"date":"2016-09-16T12:07:21","date_gmt":"2016-09-16T10:07:21","guid":{"rendered":"https:\/\/2022.minimundus.at\/sl\/?page_id=2913"},"modified":"2025-08-01T08:50:21","modified_gmt":"2025-08-01T06:50:21","slug":"otroski-vodeni-ogledi","status":"publish","type":"page","link":"https:\/\/www.minimundus.at\/sl\/otroski-vodeni-ogledi\/","title":{"rendered":"Otro\u0161ki vodeni ogledi"},"content":{"rendered":"<div class=\"wpb-content-wrapper\"><p>[vc_row][vc_column width=&#8221;1\/2&#8243;][vc_column_text css=&#8221;.vc_custom_1474020485503{padding-right: 50px !important;}&#8221; el_class=&#8221;greybox&#8221;]<\/p>\n<h3>V ENEM DNEVU OKOLI SVETA<\/h3>\n<h2>Vodeni ogled<br \/>\nza otroke s<br \/>\nPhileasom Foggom<\/h2>\n<h4>Po sledeh zgodbe &#8216;V 80\u00a0dneh okoli sveta&#8217; se otroci skupaj s Phileasom Foggom odpravijo na\u00a0pustolovsko potovanje skozi miniaturni svet\u00a0ob Vrbskem jezeru.<\/h4>\n<p>Pri tem spoznavajo del zgodbe, npr. kot slu\u017eabnik Passepartout, detektiv Fix, princesa Auoda, strojevodja in drugi. Med enournim kro\u017enim ogledom otroci odkrivajo\u00a0zanimivosti o arhitekturi, tujih de\u017eelah in kulturah.[\/vc_column_text][\/vc_column][vc_column width=&#8221;1\/2&#8243; css=&#8221;.vc_custom_1468227594612{padding-bottom: 100px !important;background-color: #0056a4 !important;}&#8221;][vc_single_image image=&#8221;11011&#8243; img_size=&#8221;500&#215;400&#8243; css=&#8221;.vc_custom_1659425112193{margin-left: -40px !important;}&#8221;][\/vc_column][\/vc_row][vc_row css=&#8221;.vc_custom_1468227581044{margin-top: 0px !important;border-top-width: 0px !important;padding-top: 0px !important;background-color: #e9f6fe !important;}&#8221;][vc_column width=&#8221;1\/2&#8243;]<style type=\"text\/css\" data-type=\"the7_shortcodes-inline-css\">.gallery-carousel-shortcode.gallery-carousel-shortcode-id-2b530432210e89b421ecb1e9b371444a.owl-carousel .owl-nav div {\n  width: 36px;\n  height: 36px;\n  border-radius: 500px;\n}\n.dt-arrow-border-on.gallery-carousel-shortcode.gallery-carousel-shortcode-id-2b530432210e89b421ecb1e9b371444a.owl-carousel .owl-nav div:not(:hover):before {\n  border-width: 0px;\n}\n.dt-arrow-hover-border-on.gallery-carousel-shortcode.gallery-carousel-shortcode-id-2b530432210e89b421ecb1e9b371444a.owl-carousel .owl-nav div:hover:after {\n  border-width: 0px;\n}\n.gallery-carousel-shortcode.gallery-carousel-shortcode-id-2b530432210e89b421ecb1e9b371444a.owl-carousel .owl-nav div.owl-prev {\n  top: 50%;\n  transform: translateY(calc(-50% + 0px));\n  left: 10px;\n}\n@media all and (-ms-high-contrast: none) {\n  .gallery-carousel-shortcode.gallery-carousel-shortcode-id-2b530432210e89b421ecb1e9b371444a.owl-carousel .owl-nav div.owl-prev {\n    transform: translateY(-50%);\n    margin-top: 0px;\n  }\n}\n.gallery-carousel-shortcode.gallery-carousel-shortcode-id-2b530432210e89b421ecb1e9b371444a.owl-carousel .owl-nav div.owl-prev i {\n  padding: 0px 0px 0px 0px;\n}\n.gallery-carousel-shortcode.gallery-carousel-shortcode-id-2b530432210e89b421ecb1e9b371444a.owl-carousel .owl-nav div.owl-next {\n  top: 50%;\n  transform: translateY(calc(-50% + 0px));\n  right: 10px;\n}\n@media all and (-ms-high-contrast: none) {\n  .gallery-carousel-shortcode.gallery-carousel-shortcode-id-2b530432210e89b421ecb1e9b371444a.owl-carousel .owl-nav div.owl-next {\n    transform: translateY(-50%);\n    margin-top: 0px;\n  }\n}\n.gallery-carousel-shortcode.gallery-carousel-shortcode-id-2b530432210e89b421ecb1e9b371444a.owl-carousel .owl-nav div.owl-next i {\n  padding: 0px 0px 0px 0px;\n}\n.gallery-carousel-shortcode.gallery-carousel-shortcode-id-2b530432210e89b421ecb1e9b371444a.owl-carousel .owl-nav i {\n  font-size: 18px;\n}\n.gallery-carousel-shortcode.gallery-carousel-shortcode-id-2b530432210e89b421ecb1e9b371444a.owl-carousel .owl-nav div:not(:hover) i,\n.gallery-carousel-shortcode.gallery-carousel-shortcode-id-2b530432210e89b421ecb1e9b371444a.owl-carousel .owl-nav div:not(:hover) i:before {\n  color: #ffffff;\n  background: none;\n}\n.gallery-carousel-shortcode.gallery-carousel-shortcode-id-2b530432210e89b421ecb1e9b371444a.owl-carousel .owl-nav div:hover i,\n.gallery-carousel-shortcode.gallery-carousel-shortcode-id-2b530432210e89b421ecb1e9b371444a.owl-carousel .owl-nav div:hover i:before {\n  color: rgba(255,255,255,0.75);\n  background: none;\n}\n.gallery-carousel-shortcode.gallery-carousel-shortcode-id-2b530432210e89b421ecb1e9b371444a .owl-dots {\n  top: calc(100% + 20px);\n  left: 50%;\n  transform: translateX(calc(-50% + 0px));\n}\n@media all and (-ms-high-contrast: none) {\n  .gallery-carousel-shortcode.gallery-carousel-shortcode-id-2b530432210e89b421ecb1e9b371444a .owl-dots {\n    transform: translateX(-50%);\n    margin-left: 0px;\n  }\n}\n.gallery-carousel-shortcode.gallery-carousel-shortcode-id-2b530432210e89b421ecb1e9b371444a .owl-dot {\n  width: 10px;\n  height: 10px;\n  margin: 0 8px;\n}\n@media screen and (max-width: 778px) {\n  .gallery-carousel-shortcode.gallery-carousel-shortcode-id-2b530432210e89b421ecb1e9b371444a.hide-arrows .owl-nav a {\n    display: none;\n  }\n}\n@media screen and (max-width: 778px) {\n  .gallery-carousel-shortcode.gallery-carousel-shortcode-id-2b530432210e89b421ecb1e9b371444a.reposition-arrows .owl-nav .owl-prev {\n    top: 50%;\n    transform: translateY(calc(-50% + 0px));\n    left: 10px;\n  }\n  .gallery-carousel-shortcode.gallery-carousel-shortcode-id-2b530432210e89b421ecb1e9b371444a.reposition-arrows .owl-nav .owl-next {\n    top: 50%;\n    transform: translateY(calc(-50% + 0px));\n    right: 10px;\n  }\n}\n@media screen and (max-width: 778px) and all and (-ms-high-contrast: none) {\n  .gallery-carousel-shortcode.gallery-carousel-shortcode-id-2b530432210e89b421ecb1e9b371444a.reposition-arrows .owl-nav .owl-prev {\n    transform: translateY(-50%);\n    margin-top: 0px;\n  }\n}\n@media screen and (max-width: 778px) and all and (-ms-high-contrast: none) {\n  .gallery-carousel-shortcode.gallery-carousel-shortcode-id-2b530432210e89b421ecb1e9b371444a.reposition-arrows .owl-nav .owl-next {\n    transform: translateY(-50%);\n    margin-top: 0px;\n  }\n}\n.gallery-carousel-shortcode.gallery-carousel-shortcode-id-2b530432210e89b421ecb1e9b371444a figure,\n.gallery-carousel-shortcode.gallery-carousel-shortcode-id-2b530432210e89b421ecb1e9b371444a .rollover,\n.gallery-carousel-shortcode.gallery-carousel-shortcode-id-2b530432210e89b421ecb1e9b371444a img,\n.gallery-carousel-shortcode.gallery-carousel-shortcode-id-2b530432210e89b421ecb1e9b371444a .gallery-rollover {\n  border-radius: 0px;\n}\n.gallery-carousel-shortcode.gallery-carousel-shortcode-id-2b530432210e89b421ecb1e9b371444a.enable-bg-rollover .gallery-rollover {\n  background: -webkit-linear-gradient();\n  background: linear-gradient();\n}\n.gallery-carousel-shortcode.gallery-carousel-shortcode-id-2b530432210e89b421ecb1e9b371444a.enable-img-shadow .owl-stage-outer {\n  padding: 14px 0;\n}\n.gallery-carousel-shortcode.gallery-carousel-shortcode-id-2b530432210e89b421ecb1e9b371444a.enable-bg-rollover.hover-scale figure .rollover:after {\n  background: -webkit-linear-gradient();\n  background: linear-gradient();\n}\n.gallery-carousel-shortcode.gallery-carousel-shortcode-id-2b530432210e89b421ecb1e9b371444a.gallery-shortcode .gallery-zoom-ico {\n  width: 44px;\n  height: 44px;\n  line-height: 44px;\n  border-radius: 100px;\n  margin: -22px 0 0 -22px;\n  border-width: 0px;\n}\n.dt-icon-bg-on.gallery-carousel-shortcode.gallery-carousel-shortcode-id-2b530432210e89b421ecb1e9b371444a.gallery-shortcode .gallery-zoom-ico {\n  background: rgba(255,255,255,0.3);\n  box-shadow: none;\n}\n.gallery-carousel-shortcode.gallery-carousel-shortcode-id-2b530432210e89b421ecb1e9b371444a.gallery-shortcode .gallery-zoom-ico:before,\n.gallery-carousel-shortcode.gallery-carousel-shortcode-id-2b530432210e89b421ecb1e9b371444a.gallery-shortcode .gallery-zoom-ico span {\n  font-size: 32px;\n  line-height: 44px;\n  color: #ffffff;\n  background: none;\n}<\/style><div class=\"owl-carousel gallery-carousel-shortcode gallery-shortcode  dt-gallery-container dt-owl-carousel-call gallery-carousel-shortcode-id-2b530432210e89b421ecb1e9b371444a quick-scale-img enable-bg-rollover meta-info-off dt-arrow-border-on dt-arrow-hover-border-on bullets-small-dot-stroke reposition-arrows dt-icon-bg-off arrows-bg-on disable-arrows-hover-bg arrows-hover-bg-on  vc_custom_1702906927835 hover-fade \" data-scroll-mode=\"1\" data-col-num=\"1\" data-wide-col-num=\"1\" data-laptop-col=\"1\" data-h-tablet-columns-num=\"1\" data-v-tablet-columns-num=\"1\" data-phone-columns-num=\"1\" data-col-gap=\"10\" data-stage-padding=\"0\" data-speed=\"600\" data-autoplay=\"false\" data-autoplay_speed=\"6000\" data-arrows=\"true\" data-bullet=\"false\" data-next-icon=\"icon-ar-017-r\" data-prev-icon=\"icon-ar-017-l\" data-img-shadow-size=\"12px\" data-img-shadow-spread=\"3px\"><div data-post-id=\"11035\" data-date=\"2022-08-02T09:19:24+02:00\" data-name=\"Kinderf\u00fchrung 4 (c) DerHandler\"><figure class=\"post\"><a href=\"https:\/\/www.minimundus.at\/wp-content\/uploads\/2022\/08\/Kinderfuehrung-4-c-DerHandler-scaled.jpg\" class=\"rollover dt-pswp-item layzr-bg\" data-large_image_width=\"2560\" data-large_image_height=\"1707\" data-dt-img-description=\"\" title=\"Kinderf\u00fchrung 4 (c) DerHandler\"><img fetchpriority=\"high\" decoding=\"async\" class=\"preload-me owl-lazy-load aspect\" src=\"data:image\/svg+xml,%3Csvg%20xmlns%3D&#39;http%3A%2F%2Fwww.w3.org%2F2000%2Fsvg&#39;%20viewBox%3D&#39;0%200%202276%201706&#39;%2F%3E\" data-src=\"https:\/\/www.minimundus.at\/wp-content\/uploads\/2022\/08\/Kinderfuehrung-4-c-DerHandler-scaled-2276x1706.jpg\" data-srcset=\"https:\/\/www.minimundus.at\/wp-content\/uploads\/2022\/08\/Kinderfuehrung-4-c-DerHandler-scaled-2276x1706.jpg 2276w\" loading=\"eager\" style=\"--ratio: 2276 \/ 1706\" sizes=\"(max-width: 2276px) 100vw, 2276px\" alt=\"\" width=\"2276\" height=\"1706\"  \/><span class=\"gallery-rollover\"><span class=\"gallery-zoom-ico icomoon-the7-font-the7-zoom-06\"><span><\/span><\/span><\/span><\/a><\/figure><\/div><div data-post-id=\"11031\" data-date=\"2022-08-02T09:19:19+02:00\" data-name=\"Kinderf\u00fchrung 3 (c) DerHandler\"><figure class=\"post\"><a href=\"https:\/\/www.minimundus.at\/wp-content\/uploads\/2022\/08\/Kinderfuehrung-3-c-DerHandler-scaled.jpg\" class=\"rollover dt-pswp-item layzr-bg\" data-large_image_width=\"2560\" data-large_image_height=\"1706\" data-dt-img-description=\"\" title=\"Kinderf\u00fchrung 3 (c) DerHandler\"><img decoding=\"async\" class=\"preload-me owl-lazy-load aspect\" src=\"data:image\/svg+xml,%3Csvg%20xmlns%3D&#39;http%3A%2F%2Fwww.w3.org%2F2000%2Fsvg&#39;%20viewBox%3D&#39;0%200%202274%201706&#39;%2F%3E\" data-src=\"https:\/\/www.minimundus.at\/wp-content\/uploads\/2022\/08\/Kinderfuehrung-3-c-DerHandler-scaled-2274x1706.jpg\" data-srcset=\"https:\/\/www.minimundus.at\/wp-content\/uploads\/2022\/08\/Kinderfuehrung-3-c-DerHandler-scaled-2274x1706.jpg 2274w\" loading=\"eager\" style=\"--ratio: 2274 \/ 1706\" sizes=\"(max-width: 2274px) 100vw, 2274px\" alt=\"\" width=\"2274\" height=\"1706\"  \/><span class=\"gallery-rollover\"><span class=\"gallery-zoom-ico icomoon-the7-font-the7-zoom-06\"><span><\/span><\/span><\/span><\/a><\/figure><\/div><div data-post-id=\"11027\" data-date=\"2022-08-02T09:19:15+02:00\" data-name=\"Kinderf\u00fchrung 2 (c) DerHandler\"><figure class=\"post\"><a href=\"https:\/\/www.minimundus.at\/wp-content\/uploads\/2022\/08\/Kinderfuehrung-2-c-DerHandler-scaled.jpg\" class=\"rollover dt-pswp-item layzr-bg\" data-large_image_width=\"2560\" data-large_image_height=\"1706\" data-dt-img-description=\"\" title=\"Kinderf\u00fchrung 2 (c) DerHandler\"><img decoding=\"async\" class=\"preload-me owl-lazy-load aspect\" src=\"data:image\/svg+xml,%3Csvg%20xmlns%3D&#39;http%3A%2F%2Fwww.w3.org%2F2000%2Fsvg&#39;%20viewBox%3D&#39;0%200%202274%201706&#39;%2F%3E\" data-src=\"https:\/\/www.minimundus.at\/wp-content\/uploads\/2022\/08\/Kinderfuehrung-2-c-DerHandler-scaled-2274x1706.jpg\" data-srcset=\"https:\/\/www.minimundus.at\/wp-content\/uploads\/2022\/08\/Kinderfuehrung-2-c-DerHandler-scaled-2274x1706.jpg 2274w\" loading=\"eager\" style=\"--ratio: 2274 \/ 1706\" sizes=\"(max-width: 2274px) 100vw, 2274px\" alt=\"\" width=\"2274\" height=\"1706\"  \/><span class=\"gallery-rollover\"><span class=\"gallery-zoom-ico icomoon-the7-font-the7-zoom-06\"><span><\/span><\/span><\/span><\/a><\/figure><\/div><div data-post-id=\"11023\" data-date=\"2022-08-02T09:19:10+02:00\" data-name=\"Kinderf\u00fchrung 1 (c) DerHandler\"><figure class=\"post\"><a href=\"https:\/\/www.minimundus.at\/wp-content\/uploads\/2022\/08\/Kinderfuehrung-1-c-DerHandler-scaled.jpg\" class=\"rollover dt-pswp-item layzr-bg\" data-large_image_width=\"2560\" data-large_image_height=\"1706\" data-dt-img-description=\"\" title=\"Kinderf\u00fchrung 1 (c) DerHandler\"><img decoding=\"async\" class=\"preload-me owl-lazy-load aspect\" src=\"data:image\/svg+xml,%3Csvg%20xmlns%3D&#39;http%3A%2F%2Fwww.w3.org%2F2000%2Fsvg&#39;%20viewBox%3D&#39;0%200%202274%201706&#39;%2F%3E\" data-src=\"https:\/\/www.minimundus.at\/wp-content\/uploads\/2022\/08\/Kinderfuehrung-1-c-DerHandler-scaled-2274x1706.jpg\" data-srcset=\"https:\/\/www.minimundus.at\/wp-content\/uploads\/2022\/08\/Kinderfuehrung-1-c-DerHandler-scaled-2274x1706.jpg 2274w\" loading=\"eager\" style=\"--ratio: 2274 \/ 1706\" sizes=\"(max-width: 2274px) 100vw, 2274px\" alt=\"\" width=\"2274\" height=\"1706\"  \/><span class=\"gallery-rollover\"><span class=\"gallery-zoom-ico icomoon-the7-font-the7-zoom-06\"><span><\/span><\/span><\/span><\/a><\/figure><\/div><div data-post-id=\"11019\" data-date=\"2022-08-02T09:18:52+02:00\" data-name=\"Phileas Fogg5 (c)DerHandler\"><figure class=\"post\"><a href=\"https:\/\/www.minimundus.at\/wp-content\/uploads\/2022\/08\/Phileas-Fogg5-cDerHandler-scaled.jpg\" class=\"rollover dt-pswp-item layzr-bg\" data-large_image_width=\"2560\" data-large_image_height=\"1707\" data-dt-img-description=\"\" title=\"Phileas Fogg5 (c)DerHandler\"><img decoding=\"async\" class=\"preload-me owl-lazy-load aspect\" src=\"data:image\/svg+xml,%3Csvg%20xmlns%3D&#39;http%3A%2F%2Fwww.w3.org%2F2000%2Fsvg&#39;%20viewBox%3D&#39;0%200%202276%201706&#39;%2F%3E\" data-src=\"https:\/\/www.minimundus.at\/wp-content\/uploads\/2022\/08\/Phileas-Fogg5-cDerHandler-scaled-2276x1706.jpg\" data-srcset=\"https:\/\/www.minimundus.at\/wp-content\/uploads\/2022\/08\/Phileas-Fogg5-cDerHandler-scaled-2276x1706.jpg 2276w\" loading=\"eager\" style=\"--ratio: 2276 \/ 1706\" sizes=\"(max-width: 2276px) 100vw, 2276px\" alt=\"\" width=\"2276\" height=\"1706\"  \/><span class=\"gallery-rollover\"><span class=\"gallery-zoom-ico icomoon-the7-font-the7-zoom-06\"><span><\/span><\/span><\/span><\/a><\/figure><\/div><div data-post-id=\"11015\" data-date=\"2022-08-02T09:18:45+02:00\" data-name=\"Phileas Fogg4 (c)DerHandler\"><figure class=\"post\"><a href=\"https:\/\/www.minimundus.at\/wp-content\/uploads\/2022\/08\/Phileas-Fogg4-cDerHandler-scaled.jpg\" class=\"rollover dt-pswp-item layzr-bg\" data-large_image_width=\"2560\" data-large_image_height=\"1707\" data-dt-img-description=\"\" title=\"Phileas Fogg4 (c)DerHandler\"><img decoding=\"async\" class=\"preload-me owl-lazy-load aspect\" src=\"data:image\/svg+xml,%3Csvg%20xmlns%3D&#39;http%3A%2F%2Fwww.w3.org%2F2000%2Fsvg&#39;%20viewBox%3D&#39;0%200%202276%201706&#39;%2F%3E\" data-src=\"https:\/\/www.minimundus.at\/wp-content\/uploads\/2022\/08\/Phileas-Fogg4-cDerHandler-scaled-2276x1706.jpg\" data-srcset=\"https:\/\/www.minimundus.at\/wp-content\/uploads\/2022\/08\/Phileas-Fogg4-cDerHandler-scaled-2276x1706.jpg 2276w\" loading=\"eager\" style=\"--ratio: 2276 \/ 1706\" sizes=\"(max-width: 2276px) 100vw, 2276px\" alt=\"\" width=\"2276\" height=\"1706\"  \/><span class=\"gallery-rollover\"><span class=\"gallery-zoom-ico icomoon-the7-font-the7-zoom-06\"><span><\/span><\/span><\/span><\/a><\/figure><\/div><div data-post-id=\"11007\" data-date=\"2022-08-02T09:18:31+02:00\" data-name=\"Phileas Fogg2 (c)DerHandler\"><figure class=\"post\"><a href=\"https:\/\/www.minimundus.at\/wp-content\/uploads\/2022\/08\/Phileas-Fogg2-cDerHandler-scaled.jpg\" class=\"rollover dt-pswp-item layzr-bg\" data-large_image_width=\"2560\" data-large_image_height=\"1707\" data-dt-img-description=\"\" title=\"Phileas Fogg2 (c)DerHandler\"><img decoding=\"async\" class=\"preload-me owl-lazy-load aspect\" src=\"data:image\/svg+xml,%3Csvg%20xmlns%3D&#39;http%3A%2F%2Fwww.w3.org%2F2000%2Fsvg&#39;%20viewBox%3D&#39;0%200%202276%201706&#39;%2F%3E\" data-src=\"https:\/\/www.minimundus.at\/wp-content\/uploads\/2022\/08\/Phileas-Fogg2-cDerHandler-scaled-2276x1706.jpg\" data-srcset=\"https:\/\/www.minimundus.at\/wp-content\/uploads\/2022\/08\/Phileas-Fogg2-cDerHandler-scaled-2276x1706.jpg 2276w\" loading=\"eager\" style=\"--ratio: 2276 \/ 1706\" sizes=\"(max-width: 2276px) 100vw, 2276px\" alt=\"\" width=\"2276\" height=\"1706\"  \/><span class=\"gallery-rollover\"><span class=\"gallery-zoom-ico icomoon-the7-font-the7-zoom-06\"><span><\/span><\/span><\/span><\/a><\/figure><\/div><div data-post-id=\"11003\" data-date=\"2022-08-02T09:18:23+02:00\" data-name=\"Phileas Fogg1 (c)DerHandler\"><figure class=\"post\"><a href=\"https:\/\/www.minimundus.at\/wp-content\/uploads\/2022\/08\/Phileas-Fogg1-cDerHandler-scaled.jpg\" class=\"rollover dt-pswp-item layzr-bg\" data-large_image_width=\"2560\" data-large_image_height=\"1707\" data-dt-img-description=\"\" title=\"Phileas Fogg1 (c)DerHandler\"><img decoding=\"async\" class=\"preload-me owl-lazy-load aspect\" src=\"data:image\/svg+xml,%3Csvg%20xmlns%3D&#39;http%3A%2F%2Fwww.w3.org%2F2000%2Fsvg&#39;%20viewBox%3D&#39;0%200%202276%201706&#39;%2F%3E\" data-src=\"https:\/\/www.minimundus.at\/wp-content\/uploads\/2022\/08\/Phileas-Fogg1-cDerHandler-scaled-2276x1706.jpg\" data-srcset=\"https:\/\/www.minimundus.at\/wp-content\/uploads\/2022\/08\/Phileas-Fogg1-cDerHandler-scaled-2276x1706.jpg 2276w\" loading=\"eager\" style=\"--ratio: 2276 \/ 1706\" sizes=\"(max-width: 2276px) 100vw, 2276px\" alt=\"\" width=\"2276\" height=\"1706\"  \/><span class=\"gallery-rollover\"><span class=\"gallery-zoom-ico icomoon-the7-font-the7-zoom-06\"><span><\/span><\/span><\/span><\/a><\/figure><\/div><\/div>[\/vc_column][vc_column width=&#8221;1\/2&#8243;][vc_column_text css=&#8221;&#8221;]<\/p>\n<h3>MAJHNI PUSTOLOVCI POVSEM NA VELIKO<\/h3>\n<h2>Vodeni ogledi za otroke<\/h2>\n<h4>Vsak torek v juliju in avgustu<br \/>\nod 17.00 \u2013 18.30 ure.<\/h4>\n<p>Zberemo se zunaj pred odrom.<\/p>\n<p><strong>Vodeni ogled za otroke poteka ob lepem vremenu v nem\u0161kem jeziku in je vklju\u010den v ceno vstopnice.<\/strong>[\/vc_column_text][\/vc_column][\/vc_row][vc_row][vc_column el_class=&#8221;download&#8221;][vc_column_text el_class=&#8221;bottomlogo&#8221;]<\/p>\n<h3 style=\"text-align: center;\">Z obiskom Minimundusa podpirate otroke in mlade iz Koro\u0161ke.<br \/>\nMinimundus se namre\u010d nahaja v lasti dru\u0161tva RETTET DAS KIND K\u00e4rnten.<\/h3>\n<p>[\/vc_column_text][vc_single_image image=&#8221;779&#8243; img_size=&#8221;full&#8221; alignment=&#8221;center&#8221;][\/vc_column][\/vc_row]<\/p><\/div><input class=\"fooboxshare_post_id\" type=\"hidden\" value=\"2913\"\/>","protected":false},"excerpt":{"rendered":"<p>[vc_row][vc_column width=&#8221;1\/2&#8243;][vc_column_text css=&#8221;.vc_custom_1474020485503{padding-right: 50px !important;}&#8221; el_class=&#8221;greybox&#8221;] V ENEM DNEVU OKOLI SVETA Vodeni ogled za otroke s Phileasom Foggom Po sledeh zgodbe &#8216;V 80\u00a0dneh okoli sveta&#8217; se otroci skupaj s Phileasom Foggom odpravijo na\u00a0pustolovsko potovanje skozi miniaturni svet\u00a0ob Vrbskem jezeru. Pri tem spoznavajo del zgodbe, npr. kot slu\u017eabnik Passepartout, detektiv Fix, princesa Auoda, strojevodja in drugi.&hellip;<\/p>\n","protected":false},"author":1,"featured_media":1091,"parent":0,"menu_order":0,"comment_status":"closed","ping_status":"closed","template":"","meta":{"inline_featured_image":false,"footnotes":""},"class_list":["post-2913","page","type-page","status-publish","has-post-thumbnail","hentry","description-off"],"_links":{"self":[{"href":"https:\/\/www.minimundus.at\/sl\/wp-json\/wp\/v2\/pages\/2913","targetHints":{"allow":["GET"]}}],"collection":[{"href":"https:\/\/www.minimundus.at\/sl\/wp-json\/wp\/v2\/pages"}],"about":[{"href":"https:\/\/www.minimundus.at\/sl\/wp-json\/wp\/v2\/types\/page"}],"author":[{"embeddable":true,"href":"https:\/\/www.minimundus.at\/sl\/wp-json\/wp\/v2\/users\/1"}],"replies":[{"embeddable":true,"href":"https:\/\/www.minimundus.at\/sl\/wp-json\/wp\/v2\/comments?post=2913"}],"version-history":[{"count":8,"href":"https:\/\/www.minimundus.at\/sl\/wp-json\/wp\/v2\/pages\/2913\/revisions"}],"predecessor-version":[{"id":12848,"href":"https:\/\/www.minimundus.at\/sl\/wp-json\/wp\/v2\/pages\/2913\/revisions\/12848"}],"wp:featuredmedia":[{"embeddable":true,"href":"https:\/\/www.minimundus.at\/sl\/wp-json\/wp\/v2\/media\/1091"}],"wp:attachment":[{"href":"https:\/\/www.minimundus.at\/sl\/wp-json\/wp\/v2\/media?parent=2913"}],"curies":[{"name":"wp","href":"https:\/\/api.w.org\/{rel}","templated":true}]}}