{"id":2916,"date":"2016-09-16T12:14:53","date_gmt":"2016-09-16T10:14:53","guid":{"rendered":"https:\/\/2022.minimundus.at\/sl\/?page_id=2916"},"modified":"2026-02-16T11:27:51","modified_gmt":"2026-02-16T10:27:51","slug":"otroska-dozivljajska-pot","status":"publish","type":"page","link":"https:\/\/www.minimundus.at\/sl\/zgodovina-minimundusa\/otroska-dozivljajska-pot\/","title":{"rendered":"Otro\u0161ka do\u017eivljajska pot"},"content":{"rendered":"<div class=\"wpb-content-wrapper\"><p>[vc_row][vc_column width=&#8221;1\/2&#8243;][vc_column_text css=&#8221;.vc_custom_1771237668071{padding-right: 50px !important;}&#8221; el_class=&#8221;greybox&#8221;]<\/p>\n<h3>Otro\u0161ka pustolovska pot<\/h3>\n<h2>Pustolovsko potovanje za otroke<\/h2>\n<p>Otro\u0161ka pustolovska pot vabi na raznoliko odkrivalno turo. Med potjo boste na\u0161li postaje, kjer boste v obliki ugank pridobili zanimive vpoglede v dr\u017eave in kulture po vsem svetu.<\/p>\n<p>Otroci lahko raziskujejo, se u\u010dijo in sodelujejo v svojem tempu. Sledijo zgodbi &#8220;Okoli sveta v 80 dneh&#8221; in uganke za\u010dnejo pri rde\u010di londonski telefonski govorilnici blizu vhoda.<\/p>\n<p>Skupaj s Klaro in Valentinom \u2013 likoma iz knji\u017eice z ugankami \u2013 se bodo lotili vpra\u0161anj o znanih znamenitostih in se na igriv na\u010din nau\u010dili zanimivih dejstev o na\u0161em svetu.[\/vc_column_text][\/vc_column][vc_column width=&#8221;1\/2&#8243; css=&#8221;.vc_custom_1468227594612{padding-bottom: 100px !important;background-color: #0056a4 !important;}&#8221;]<style type=\"text\/css\" data-type=\"the7_shortcodes-inline-css\">.gallery-carousel-shortcode.gallery-carousel-shortcode-id-8ef32acede4b89be1a38fb0a57e73a55.owl-carousel .owl-nav div {\n  width: 36px;\n  height: 36px;\n  border-radius: 500px;\n}\n.dt-arrow-border-on.gallery-carousel-shortcode.gallery-carousel-shortcode-id-8ef32acede4b89be1a38fb0a57e73a55.owl-carousel .owl-nav div:not(:hover):before {\n  border-width: 0px;\n}\n.dt-arrow-hover-border-on.gallery-carousel-shortcode.gallery-carousel-shortcode-id-8ef32acede4b89be1a38fb0a57e73a55.owl-carousel .owl-nav div:hover:after {\n  border-width: 0px;\n}\n.gallery-carousel-shortcode.gallery-carousel-shortcode-id-8ef32acede4b89be1a38fb0a57e73a55.owl-carousel .owl-nav div.owl-prev {\n  top: 50%;\n  transform: translateY(calc(-50% + 0px));\n  left: 10px;\n}\n@media all and (-ms-high-contrast: none) {\n  .gallery-carousel-shortcode.gallery-carousel-shortcode-id-8ef32acede4b89be1a38fb0a57e73a55.owl-carousel .owl-nav div.owl-prev {\n    transform: translateY(-50%);\n    margin-top: 0px;\n  }\n}\n.gallery-carousel-shortcode.gallery-carousel-shortcode-id-8ef32acede4b89be1a38fb0a57e73a55.owl-carousel .owl-nav div.owl-prev i {\n  padding: 0px 0px 0px 0px;\n}\n.gallery-carousel-shortcode.gallery-carousel-shortcode-id-8ef32acede4b89be1a38fb0a57e73a55.owl-carousel .owl-nav div.owl-next {\n  top: 50%;\n  transform: translateY(calc(-50% + 0px));\n  right: 10px;\n}\n@media all and (-ms-high-contrast: none) {\n  .gallery-carousel-shortcode.gallery-carousel-shortcode-id-8ef32acede4b89be1a38fb0a57e73a55.owl-carousel .owl-nav div.owl-next {\n    transform: translateY(-50%);\n    margin-top: 0px;\n  }\n}\n.gallery-carousel-shortcode.gallery-carousel-shortcode-id-8ef32acede4b89be1a38fb0a57e73a55.owl-carousel .owl-nav div.owl-next i {\n  padding: 0px 0px 0px 0px;\n}\n.gallery-carousel-shortcode.gallery-carousel-shortcode-id-8ef32acede4b89be1a38fb0a57e73a55.owl-carousel .owl-nav i {\n  font-size: 18px;\n}\n.gallery-carousel-shortcode.gallery-carousel-shortcode-id-8ef32acede4b89be1a38fb0a57e73a55.owl-carousel .owl-nav div:not(:hover) i,\n.gallery-carousel-shortcode.gallery-carousel-shortcode-id-8ef32acede4b89be1a38fb0a57e73a55.owl-carousel .owl-nav div:not(:hover) i:before {\n  color: #ffffff;\n  background: none;\n}\n.gallery-carousel-shortcode.gallery-carousel-shortcode-id-8ef32acede4b89be1a38fb0a57e73a55.owl-carousel .owl-nav div:hover i,\n.gallery-carousel-shortcode.gallery-carousel-shortcode-id-8ef32acede4b89be1a38fb0a57e73a55.owl-carousel .owl-nav div:hover i:before {\n  color: rgba(255,255,255,0.75);\n  background: none;\n}\n.gallery-carousel-shortcode.gallery-carousel-shortcode-id-8ef32acede4b89be1a38fb0a57e73a55 .owl-dots {\n  top: calc(100% + 5px);\n  left: 50%;\n  transform: translateX(calc(-50% + 0px));\n}\n@media all and (-ms-high-contrast: none) {\n  .gallery-carousel-shortcode.gallery-carousel-shortcode-id-8ef32acede4b89be1a38fb0a57e73a55 .owl-dots {\n    transform: translateX(-50%);\n    margin-left: 0px;\n  }\n}\n.gallery-carousel-shortcode.gallery-carousel-shortcode-id-8ef32acede4b89be1a38fb0a57e73a55 .owl-dot {\n  width: 10px;\n  height: 10px;\n  margin: 0 8px;\n}\n@media screen and (max-width: 778px) {\n  .gallery-carousel-shortcode.gallery-carousel-shortcode-id-8ef32acede4b89be1a38fb0a57e73a55.hide-arrows .owl-nav a {\n    display: none;\n  }\n}\n@media screen and (max-width: 778px) {\n  .gallery-carousel-shortcode.gallery-carousel-shortcode-id-8ef32acede4b89be1a38fb0a57e73a55.reposition-arrows .owl-nav div.owl-prev {\n    top: 50%;\n    transform: translateY(calc(-50% + 0px));\n    left: 10px;\n  }\n  .gallery-carousel-shortcode.gallery-carousel-shortcode-id-8ef32acede4b89be1a38fb0a57e73a55.reposition-arrows .owl-nav div.owl-next {\n    top: 50%;\n    transform: translateY(calc(-50% + 0px));\n    right: 10px;\n  }\n}\n@media screen and (max-width: 778px) and all and (-ms-high-contrast: none) {\n  .gallery-carousel-shortcode.gallery-carousel-shortcode-id-8ef32acede4b89be1a38fb0a57e73a55.reposition-arrows .owl-nav div.owl-prev {\n    transform: translateY(-50%);\n    margin-top: 0px;\n  }\n}\n@media screen and (max-width: 778px) and all and (-ms-high-contrast: none) {\n  .gallery-carousel-shortcode.gallery-carousel-shortcode-id-8ef32acede4b89be1a38fb0a57e73a55.reposition-arrows .owl-nav div.owl-next {\n    transform: translateY(-50%);\n    margin-top: 0px;\n  }\n}\n.gallery-carousel-shortcode.gallery-carousel-shortcode-id-8ef32acede4b89be1a38fb0a57e73a55 figure,\n.gallery-carousel-shortcode.gallery-carousel-shortcode-id-8ef32acede4b89be1a38fb0a57e73a55 .rollover,\n.gallery-carousel-shortcode.gallery-carousel-shortcode-id-8ef32acede4b89be1a38fb0a57e73a55 img,\n.gallery-carousel-shortcode.gallery-carousel-shortcode-id-8ef32acede4b89be1a38fb0a57e73a55 .gallery-rollover {\n  border-radius: 0px;\n}\n.gallery-carousel-shortcode.gallery-carousel-shortcode-id-8ef32acede4b89be1a38fb0a57e73a55.enable-bg-rollover .gallery-rollover {\n  background: -webkit-linear-gradient();\n  background: linear-gradient();\n}\n.gallery-carousel-shortcode.gallery-carousel-shortcode-id-8ef32acede4b89be1a38fb0a57e73a55.enable-img-shadow .owl-stage-outer {\n  padding: 14px 0;\n}\n.gallery-carousel-shortcode.gallery-carousel-shortcode-id-8ef32acede4b89be1a38fb0a57e73a55.enable-bg-rollover.hover-scale figure .rollover:after {\n  background: -webkit-linear-gradient();\n  background: linear-gradient();\n}\n.gallery-carousel-shortcode.gallery-carousel-shortcode-id-8ef32acede4b89be1a38fb0a57e73a55.gallery-shortcode .gallery-zoom-ico {\n  width: 44px;\n  height: 44px;\n  line-height: 44px;\n  border-radius: 100px;\n  margin: -22px 0 0 -22px;\n  border-width: 0px;\n}\n.dt-icon-bg-on.gallery-carousel-shortcode.gallery-carousel-shortcode-id-8ef32acede4b89be1a38fb0a57e73a55.gallery-shortcode .gallery-zoom-ico {\n  background: rgba(255,255,255,0.3);\n  box-shadow: none;\n}\n.gallery-carousel-shortcode.gallery-carousel-shortcode-id-8ef32acede4b89be1a38fb0a57e73a55.gallery-shortcode .gallery-zoom-ico:before,\n.gallery-carousel-shortcode.gallery-carousel-shortcode-id-8ef32acede4b89be1a38fb0a57e73a55.gallery-shortcode .gallery-zoom-ico span {\n  font-size: 32px;\n  line-height: 44px;\n  color: #ffffff;\n  background: none;\n}<\/style><div class=\"owl-carousel gallery-carousel-shortcode gallery-shortcode  dt-gallery-container dt-owl-carousel-call gallery-carousel-shortcode-id-8ef32acede4b89be1a38fb0a57e73a55 quick-scale-img enable-bg-rollover meta-info-off dt-arrow-border-on dt-arrow-hover-border-on bullets-small-dot-stroke reposition-arrows dt-icon-bg-off arrows-bg-on disable-arrows-hover-bg arrows-hover-bg-on  vc_custom_1725948880365 hover-fade \" data-scroll-mode=\"1\" data-col-num=\"1\" data-wide-col-num=\"1\" data-laptop-col=\"1\" data-h-tablet-columns-num=\"1\" data-v-tablet-columns-num=\"1\" data-phone-columns-num=\"1\" data-col-gap=\"10\" data-stage-padding=\"0\" data-speed=\"600\" data-autoplay=\"false\" data-autoplay_speed=\"6000\" data-arrows=\"true\" data-bullet=\"true\" data-next-icon=\"icon-ar-017-r\" data-prev-icon=\"icon-ar-017-l\" data-img-shadow-size=\"12px\" data-img-shadow-spread=\"3px\"><div data-post-id=\"12423\" data-date=\"2024-09-09T15:00:45+02:00\" data-name=\"Kinderheft Foto ite-slo\"><figure class=\"post\"><a href=\"https:\/\/www.minimundus.at\/wp-content\/uploads\/2024\/09\/Kinderheft-Foto-ite-slo.jpg\" class=\"rollover dt-pswp-item layzr-bg\" data-large_image_width=\"670\" data-large_image_height=\"691\" data-dt-img-description=\"\" title=\"Kinderheft Foto ite-slo\"><img fetchpriority=\"high\" decoding=\"async\" class=\"preload-me owl-lazy-load aspect\" src=\"data:image\/svg+xml,%3Csvg%20xmlns%3D&#39;http%3A%2F%2Fwww.w3.org%2F2000%2Fsvg&#39;%20viewBox%3D&#39;0%200%20669%20502&#39;%2F%3E\" data-src=\"https:\/\/www.minimundus.at\/wp-content\/uploads\/2024\/09\/Kinderheft-Foto-ite-slo-669x502.jpg\" data-srcset=\"https:\/\/www.minimundus.at\/wp-content\/uploads\/2024\/09\/Kinderheft-Foto-ite-slo-669x502.jpg 669w, https:\/\/www.minimundus.at\/wp-content\/uploads\/2024\/09\/Kinderheft-Foto-ite-slo-670x502.jpg 670w\" loading=\"eager\" style=\"--ratio: 669 \/ 502\" sizes=\"(max-width: 669px) 100vw, 669px\" alt=\"\" width=\"669\" height=\"502\"  \/><span class=\"gallery-rollover\"><span class=\"gallery-zoom-ico icomoon-the7-font-the7-zoom-06\"><span><\/span><\/span><\/span><\/a><\/figure><\/div><div data-post-id=\"11187\" data-date=\"2022-08-11T13:04:13+02:00\" data-name=\"20220803_153819\"><figure class=\"post\"><a href=\"https:\/\/www.minimundus.at\/wp-content\/uploads\/2022\/08\/20220803_153819-scaled.jpg\" class=\"rollover dt-pswp-item layzr-bg\" data-large_image_width=\"1920\" data-large_image_height=\"2560\" data-dt-img-description=\"\" title=\"20220803_153819\"><img decoding=\"async\" class=\"preload-me owl-lazy-load aspect\" src=\"data:image\/svg+xml,%3Csvg%20xmlns%3D&#39;http%3A%2F%2Fwww.w3.org%2F2000%2Fsvg&#39;%20viewBox%3D&#39;0%200%201920%201440&#39;%2F%3E\" data-src=\"https:\/\/www.minimundus.at\/wp-content\/uploads\/2022\/08\/20220803_153819-scaled-1920x1440.jpg\" data-srcset=\"https:\/\/www.minimundus.at\/wp-content\/uploads\/2022\/08\/20220803_153819-scaled-1920x1440.jpg 1920w\" loading=\"eager\" style=\"--ratio: 1920 \/ 1440\" sizes=\"(max-width: 1920px) 100vw, 1920px\" alt=\"\" width=\"1920\" height=\"1440\"  \/><span class=\"gallery-rollover\"><span class=\"gallery-zoom-ico icomoon-the7-font-the7-zoom-06\"><span><\/span><\/span><\/span><\/a><\/figure><\/div><div data-post-id=\"11183\" data-date=\"2022-08-11T13:03:59+02:00\" data-name=\"20220803_153808\"><figure class=\"post\"><a href=\"https:\/\/www.minimundus.at\/wp-content\/uploads\/2022\/08\/20220803_153808-scaled.jpg\" class=\"rollover dt-pswp-item layzr-bg\" data-large_image_width=\"1920\" data-large_image_height=\"2560\" data-dt-img-description=\"\" title=\"20220803_153808\"><img decoding=\"async\" class=\"preload-me owl-lazy-load aspect\" src=\"data:image\/svg+xml,%3Csvg%20xmlns%3D&#39;http%3A%2F%2Fwww.w3.org%2F2000%2Fsvg&#39;%20viewBox%3D&#39;0%200%201920%201440&#39;%2F%3E\" data-src=\"https:\/\/www.minimundus.at\/wp-content\/uploads\/2022\/08\/20220803_153808-scaled-1920x1440.jpg\" data-srcset=\"https:\/\/www.minimundus.at\/wp-content\/uploads\/2022\/08\/20220803_153808-scaled-1920x1440.jpg 1920w\" loading=\"eager\" style=\"--ratio: 1920 \/ 1440\" sizes=\"(max-width: 1920px) 100vw, 1920px\" alt=\"\" width=\"1920\" height=\"1440\"  \/><span class=\"gallery-rollover\"><span class=\"gallery-zoom-ico icomoon-the7-font-the7-zoom-06\"><span><\/span><\/span><\/span><\/a><\/figure><\/div><div data-post-id=\"11203\" data-date=\"2022-08-11T13:05:08+02:00\" data-name=\"20220803_154251\"><figure class=\"post\"><a href=\"https:\/\/www.minimundus.at\/wp-content\/uploads\/2022\/08\/20220803_154251-scaled.jpg\" class=\"rollover dt-pswp-item layzr-bg\" data-large_image_width=\"1920\" data-large_image_height=\"2560\" data-dt-img-description=\"\" title=\"20220803_154251\"><img decoding=\"async\" class=\"preload-me owl-lazy-load aspect\" src=\"data:image\/svg+xml,%3Csvg%20xmlns%3D&#39;http%3A%2F%2Fwww.w3.org%2F2000%2Fsvg&#39;%20viewBox%3D&#39;0%200%201920%201440&#39;%2F%3E\" data-src=\"https:\/\/www.minimundus.at\/wp-content\/uploads\/2022\/08\/20220803_154251-scaled-1920x1440.jpg\" data-srcset=\"https:\/\/www.minimundus.at\/wp-content\/uploads\/2022\/08\/20220803_154251-scaled-1920x1440.jpg 1920w\" loading=\"eager\" style=\"--ratio: 1920 \/ 1440\" sizes=\"(max-width: 1920px) 100vw, 1920px\" alt=\"\" width=\"1920\" height=\"1440\"  \/><span class=\"gallery-rollover\"><span class=\"gallery-zoom-ico icomoon-the7-font-the7-zoom-06\"><span><\/span><\/span><\/span><\/a><\/figure><\/div><div data-post-id=\"11199\" data-date=\"2022-08-11T13:04:53+02:00\" data-name=\"20220803_153857\"><figure class=\"post\"><a href=\"https:\/\/www.minimundus.at\/wp-content\/uploads\/2022\/08\/20220803_153857-scaled.jpg\" class=\"rollover dt-pswp-item layzr-bg\" data-large_image_width=\"2560\" data-large_image_height=\"1920\" data-dt-img-description=\"\" title=\"20220803_153857\"><img decoding=\"async\" class=\"preload-me owl-lazy-load aspect\" src=\"data:image\/svg+xml,%3Csvg%20xmlns%3D&#39;http%3A%2F%2Fwww.w3.org%2F2000%2Fsvg&#39;%20viewBox%3D&#39;0%200%202560%201920&#39;%2F%3E\" data-src=\"https:\/\/www.minimundus.at\/wp-content\/uploads\/2022\/08\/20220803_153857-scaled.jpg\" data-srcset=\"https:\/\/www.minimundus.at\/wp-content\/uploads\/2022\/08\/20220803_153857-scaled.jpg 2560w\" loading=\"eager\" style=\"--ratio: 2560 \/ 1920\" sizes=\"(max-width: 2560px) 100vw, 2560px\" alt=\"\" width=\"2560\" height=\"1920\"  \/><span class=\"gallery-rollover\"><span class=\"gallery-zoom-ico icomoon-the7-font-the7-zoom-06\"><span><\/span><\/span><\/span><\/a><\/figure><\/div><div data-post-id=\"11179\" data-date=\"2022-08-11T13:03:53+02:00\" data-name=\"20220803_153717\"><figure class=\"post\"><a href=\"https:\/\/www.minimundus.at\/wp-content\/uploads\/2022\/08\/20220803_153717-scaled.jpg\" class=\"rollover dt-pswp-item layzr-bg\" data-large_image_width=\"2560\" data-large_image_height=\"1920\" data-dt-img-description=\"\" title=\"20220803_153717\"><img decoding=\"async\" class=\"preload-me owl-lazy-load aspect\" src=\"data:image\/svg+xml,%3Csvg%20xmlns%3D&#39;http%3A%2F%2Fwww.w3.org%2F2000%2Fsvg&#39;%20viewBox%3D&#39;0%200%202560%201920&#39;%2F%3E\" data-src=\"https:\/\/www.minimundus.at\/wp-content\/uploads\/2022\/08\/20220803_153717-scaled.jpg\" data-srcset=\"https:\/\/www.minimundus.at\/wp-content\/uploads\/2022\/08\/20220803_153717-scaled.jpg 2560w\" loading=\"eager\" style=\"--ratio: 2560 \/ 1920\" sizes=\"(max-width: 2560px) 100vw, 2560px\" alt=\"\" width=\"2560\" height=\"1920\"  \/><span class=\"gallery-rollover\"><span class=\"gallery-zoom-ico icomoon-the7-font-the7-zoom-06\"><span><\/span><\/span><\/span><\/a><\/figure><\/div><div data-post-id=\"11175\" data-date=\"2022-08-11T13:03:46+02:00\" data-name=\"20220803_153642\"><figure class=\"post\"><a href=\"https:\/\/www.minimundus.at\/wp-content\/uploads\/2022\/08\/20220803_153642-scaled.jpg\" class=\"rollover dt-pswp-item layzr-bg\" data-large_image_width=\"1920\" data-large_image_height=\"2560\" data-dt-img-description=\"\" title=\"20220803_153642\"><img decoding=\"async\" class=\"preload-me owl-lazy-load aspect\" src=\"data:image\/svg+xml,%3Csvg%20xmlns%3D&#39;http%3A%2F%2Fwww.w3.org%2F2000%2Fsvg&#39;%20viewBox%3D&#39;0%200%201920%201440&#39;%2F%3E\" data-src=\"https:\/\/www.minimundus.at\/wp-content\/uploads\/2022\/08\/20220803_153642-scaled-1920x1440.jpg\" data-srcset=\"https:\/\/www.minimundus.at\/wp-content\/uploads\/2022\/08\/20220803_153642-scaled-1920x1440.jpg 1920w\" loading=\"eager\" style=\"--ratio: 1920 \/ 1440\" sizes=\"(max-width: 1920px) 100vw, 1920px\" alt=\"\" width=\"1920\" height=\"1440\"  \/><span class=\"gallery-rollover\"><span class=\"gallery-zoom-ico icomoon-the7-font-the7-zoom-06\"><span><\/span><\/span><\/span><\/a><\/figure><\/div><\/div>[\/vc_column][\/vc_row][vc_row css=&#8221;.vc_custom_1468227581044{margin-top: 0px !important;border-top-width: 0px !important;padding-top: 0px !important;background-color: #e9f6fe !important;}&#8221;][vc_column width=&#8221;1\/2&#8243;][vc_single_image image=&#8221;12423&#8243; img_size=&#8221;500&#215;300&#8243; css=&#8221;&#8221;][vc_column_text css=&#8221;&#8221;]Brezpla\u010dno bro\u0161uro za otroke dobite ob prihodu na blagajni.[\/vc_column_text][\/vc_column][vc_column width=&#8221;1\/2&#8243;][vc_column_text css=&#8221;&#8221;]<\/p>\n<h4>Listina svetovnega popotnika<\/h4>\n<p>Kdo na vsa vpra\u0161anja, ki se nahajajo v cilindrih v parku, odgovori pravilno in nalepke pravilno razporedi na svetovno oblo, na koncu kro\u017ene poti prejme Listino svetovnega popotnika.[\/vc_column_text][\/vc_column][\/vc_row]<\/p><\/div><input class=\"fooboxshare_post_id\" type=\"hidden\" value=\"2916\"\/>","protected":false},"excerpt":{"rendered":"<p>[vc_row][vc_column width=&#8221;1\/2&#8243;][vc_column_text css=&#8221;.vc_custom_1771237668071{padding-right: 50px !important;}&#8221; el_class=&#8221;greybox&#8221;] Otro\u0161ka pustolovska pot Pustolovsko potovanje za otroke Otro\u0161ka pustolovska pot vabi na raznoliko odkrivalno turo. Med potjo boste na\u0161li postaje, kjer boste v obliki ugank pridobili zanimive vpoglede v dr\u017eave in kulture po vsem svetu. Otroci lahko raziskujejo, se u\u010dijo in sodelujejo v svojem tempu. Sledijo zgodbi &#8220;Okoli sveta&hellip;<\/p>\n","protected":false},"author":1,"featured_media":7294,"parent":2901,"menu_order":0,"comment_status":"closed","ping_status":"closed","template":"","meta":{"inline_featured_image":false,"footnotes":""},"class_list":["post-2916","page","type-page","status-publish","has-post-thumbnail","hentry","description-off"],"_links":{"self":[{"href":"https:\/\/www.minimundus.at\/sl\/wp-json\/wp\/v2\/pages\/2916","targetHints":{"allow":["GET"]}}],"collection":[{"href":"https:\/\/www.minimundus.at\/sl\/wp-json\/wp\/v2\/pages"}],"about":[{"href":"https:\/\/www.minimundus.at\/sl\/wp-json\/wp\/v2\/types\/page"}],"author":[{"embeddable":true,"href":"https:\/\/www.minimundus.at\/sl\/wp-json\/wp\/v2\/users\/1"}],"replies":[{"embeddable":true,"href":"https:\/\/www.minimundus.at\/sl\/wp-json\/wp\/v2\/comments?post=2916"}],"version-history":[{"count":10,"href":"https:\/\/www.minimundus.at\/sl\/wp-json\/wp\/v2\/pages\/2916\/revisions"}],"predecessor-version":[{"id":13027,"href":"https:\/\/www.minimundus.at\/sl\/wp-json\/wp\/v2\/pages\/2916\/revisions\/13027"}],"up":[{"embeddable":true,"href":"https:\/\/www.minimundus.at\/sl\/wp-json\/wp\/v2\/pages\/2901"}],"wp:featuredmedia":[{"embeddable":true,"href":"https:\/\/www.minimundus.at\/sl\/wp-json\/wp\/v2\/media\/7294"}],"wp:attachment":[{"href":"https:\/\/www.minimundus.at\/sl\/wp-json\/wp\/v2\/media?parent=2916"}],"curies":[{"name":"wp","href":"https:\/\/api.w.org\/{rel}","templated":true}]}}