{"id":2920,"date":"2016-09-16T12:27:11","date_gmt":"2016-09-16T10:27:11","guid":{"rendered":"https:\/\/2022.minimundus.at\/sl\/?page_id=2920"},"modified":"2025-06-10T16:05:50","modified_gmt":"2025-06-10T14:05:50","slug":"otrosko-igrisce","status":"publish","type":"page","link":"https:\/\/www.minimundus.at\/sl\/otrosko-igrisce\/","title":{"rendered":"Otro\u0161ko igri\u0161\u010de"},"content":{"rendered":"<div class=\"wpb-content-wrapper\"><p>[vc_row][vc_column width=&#8221;1\/2&#8243;][vc_column_text css=&#8221;.vc_custom_1749564334556{padding-right: 50px !important;}&#8221; el_class=&#8221;greybox&#8221;]<\/p>\n<h3>PROSTOR ZA RAZISKOVALCE<\/h3>\n<h2>Igri\u0161\u010de v Minimundusu<\/h2>\n<h4>V na\u0161em parku se razprostira igri\u0161\u010de s \u0161tevilnimi prijetnimi zanimivostmi.<\/h4>\n<p>Tukaj si lahko mali pustolovci malo opomorejo od svojega potovanja okoli sveta in se zabavajo, preden nadaljujejo![\/vc_column_text][\/vc_column][vc_column width=&#8221;1\/2&#8243; css=&#8221;.vc_custom_1468227594612{padding-bottom: 100px !important;background-color: #0056a4 !important;}&#8221;]<style type=\"text\/css\" data-type=\"the7_shortcodes-inline-css\">.gallery-carousel-shortcode.gallery-carousel-shortcode-id-236d170fbc962640d24f96aad102334b.owl-carousel .owl-nav div {\n  width: 36px;\n  height: 36px;\n  border-radius: 500px;\n}\n.dt-arrow-border-on.gallery-carousel-shortcode.gallery-carousel-shortcode-id-236d170fbc962640d24f96aad102334b.owl-carousel .owl-nav div:not(:hover):before {\n  border-width: 0px;\n}\n.dt-arrow-hover-border-on.gallery-carousel-shortcode.gallery-carousel-shortcode-id-236d170fbc962640d24f96aad102334b.owl-carousel .owl-nav div:hover:after {\n  border-width: 0px;\n}\n.gallery-carousel-shortcode.gallery-carousel-shortcode-id-236d170fbc962640d24f96aad102334b.owl-carousel .owl-nav div.owl-prev {\n  top: 50%;\n  transform: translateY(calc(-50% + 0px));\n  left: 10px;\n}\n@media all and (-ms-high-contrast: none) {\n  .gallery-carousel-shortcode.gallery-carousel-shortcode-id-236d170fbc962640d24f96aad102334b.owl-carousel .owl-nav div.owl-prev {\n    transform: translateY(-50%);\n    margin-top: 0px;\n  }\n}\n.gallery-carousel-shortcode.gallery-carousel-shortcode-id-236d170fbc962640d24f96aad102334b.owl-carousel .owl-nav div.owl-prev i {\n  padding: 0px 0px 0px 0px;\n}\n.gallery-carousel-shortcode.gallery-carousel-shortcode-id-236d170fbc962640d24f96aad102334b.owl-carousel .owl-nav div.owl-next {\n  top: 50%;\n  transform: translateY(calc(-50% + 0px));\n  right: 10px;\n}\n@media all and (-ms-high-contrast: none) {\n  .gallery-carousel-shortcode.gallery-carousel-shortcode-id-236d170fbc962640d24f96aad102334b.owl-carousel .owl-nav div.owl-next {\n    transform: translateY(-50%);\n    margin-top: 0px;\n  }\n}\n.gallery-carousel-shortcode.gallery-carousel-shortcode-id-236d170fbc962640d24f96aad102334b.owl-carousel .owl-nav div.owl-next i {\n  padding: 0px 0px 0px 0px;\n}\n.gallery-carousel-shortcode.gallery-carousel-shortcode-id-236d170fbc962640d24f96aad102334b.owl-carousel .owl-nav i {\n  font-size: 18px;\n}\n.gallery-carousel-shortcode.gallery-carousel-shortcode-id-236d170fbc962640d24f96aad102334b.owl-carousel .owl-nav div:not(:hover) i,\n.gallery-carousel-shortcode.gallery-carousel-shortcode-id-236d170fbc962640d24f96aad102334b.owl-carousel .owl-nav div:not(:hover) i:before {\n  color: #ffffff;\n  background: none;\n}\n.gallery-carousel-shortcode.gallery-carousel-shortcode-id-236d170fbc962640d24f96aad102334b.owl-carousel .owl-nav div:hover i,\n.gallery-carousel-shortcode.gallery-carousel-shortcode-id-236d170fbc962640d24f96aad102334b.owl-carousel .owl-nav div:hover i:before {\n  color: rgba(255,255,255,0.75);\n  background: none;\n}\n.gallery-carousel-shortcode.gallery-carousel-shortcode-id-236d170fbc962640d24f96aad102334b .owl-dots {\n  top: calc(100% + 5px);\n  left: 50%;\n  transform: translateX(calc(-50% + 0px));\n}\n@media all and (-ms-high-contrast: none) {\n  .gallery-carousel-shortcode.gallery-carousel-shortcode-id-236d170fbc962640d24f96aad102334b .owl-dots {\n    transform: translateX(-50%);\n    margin-left: 0px;\n  }\n}\n.gallery-carousel-shortcode.gallery-carousel-shortcode-id-236d170fbc962640d24f96aad102334b .owl-dot {\n  width: 10px;\n  height: 10px;\n  margin: 0 8px;\n}\n@media screen and (max-width: 778px) {\n  .gallery-carousel-shortcode.gallery-carousel-shortcode-id-236d170fbc962640d24f96aad102334b.hide-arrows .owl-nav a {\n    display: none;\n  }\n}\n@media screen and (max-width: 778px) {\n  .gallery-carousel-shortcode.gallery-carousel-shortcode-id-236d170fbc962640d24f96aad102334b.reposition-arrows .owl-nav .owl-prev {\n    top: 50%;\n    transform: translateY(calc(-50% + 0px));\n    left: 10px;\n  }\n  .gallery-carousel-shortcode.gallery-carousel-shortcode-id-236d170fbc962640d24f96aad102334b.reposition-arrows .owl-nav .owl-next {\n    top: 50%;\n    transform: translateY(calc(-50% + 0px));\n    right: 10px;\n  }\n}\n@media screen and (max-width: 778px) and all and (-ms-high-contrast: none) {\n  .gallery-carousel-shortcode.gallery-carousel-shortcode-id-236d170fbc962640d24f96aad102334b.reposition-arrows .owl-nav .owl-prev {\n    transform: translateY(-50%);\n    margin-top: 0px;\n  }\n}\n@media screen and (max-width: 778px) and all and (-ms-high-contrast: none) {\n  .gallery-carousel-shortcode.gallery-carousel-shortcode-id-236d170fbc962640d24f96aad102334b.reposition-arrows .owl-nav .owl-next {\n    transform: translateY(-50%);\n    margin-top: 0px;\n  }\n}\n.gallery-carousel-shortcode.gallery-carousel-shortcode-id-236d170fbc962640d24f96aad102334b figure,\n.gallery-carousel-shortcode.gallery-carousel-shortcode-id-236d170fbc962640d24f96aad102334b .rollover,\n.gallery-carousel-shortcode.gallery-carousel-shortcode-id-236d170fbc962640d24f96aad102334b img,\n.gallery-carousel-shortcode.gallery-carousel-shortcode-id-236d170fbc962640d24f96aad102334b .gallery-rollover {\n  border-radius: 0px;\n}\n.gallery-carousel-shortcode.gallery-carousel-shortcode-id-236d170fbc962640d24f96aad102334b.enable-bg-rollover .gallery-rollover {\n  background: -webkit-linear-gradient();\n  background: linear-gradient();\n}\n.gallery-carousel-shortcode.gallery-carousel-shortcode-id-236d170fbc962640d24f96aad102334b.enable-img-shadow .owl-stage-outer {\n  padding: 14px 0;\n}\n.gallery-carousel-shortcode.gallery-carousel-shortcode-id-236d170fbc962640d24f96aad102334b.enable-bg-rollover.hover-scale figure .rollover:after {\n  background: -webkit-linear-gradient();\n  background: linear-gradient();\n}\n.gallery-carousel-shortcode.gallery-carousel-shortcode-id-236d170fbc962640d24f96aad102334b.gallery-shortcode .gallery-zoom-ico {\n  width: 44px;\n  height: 44px;\n  line-height: 44px;\n  border-radius: 100px;\n  margin: -22px 0 0 -22px;\n  border-width: 0px;\n}\n.dt-icon-bg-on.gallery-carousel-shortcode.gallery-carousel-shortcode-id-236d170fbc962640d24f96aad102334b.gallery-shortcode .gallery-zoom-ico {\n  background: rgba(255,255,255,0.3);\n  box-shadow: none;\n}\n.gallery-carousel-shortcode.gallery-carousel-shortcode-id-236d170fbc962640d24f96aad102334b.gallery-shortcode .gallery-zoom-ico:before,\n.gallery-carousel-shortcode.gallery-carousel-shortcode-id-236d170fbc962640d24f96aad102334b.gallery-shortcode .gallery-zoom-ico span {\n  font-size: 32px;\n  line-height: 44px;\n  color: #ffffff;\n  background: none;\n}<\/style><div class=\"owl-carousel gallery-carousel-shortcode gallery-shortcode  dt-gallery-container dt-owl-carousel-call gallery-carousel-shortcode-id-236d170fbc962640d24f96aad102334b quick-scale-img enable-bg-rollover meta-info-off dt-arrow-border-on dt-arrow-hover-border-on bullets-small-dot-stroke reposition-arrows dt-icon-bg-off arrows-bg-on disable-arrows-hover-bg arrows-hover-bg-on  vc_custom_1659424173842 hover-fade \" data-scroll-mode=\"1\" data-col-num=\"1\" data-wide-col-num=\"1\" data-laptop-col=\"1\" data-h-tablet-columns-num=\"1\" data-v-tablet-columns-num=\"1\" data-phone-columns-num=\"1\" data-col-gap=\"10\" data-stage-padding=\"0\" data-speed=\"600\" data-autoplay=\"false\" data-autoplay_speed=\"6000\" data-arrows=\"true\" data-bullet=\"true\" data-next-icon=\"icon-ar-017-r\" data-prev-icon=\"icon-ar-017-l\" data-img-shadow-size=\"12px\" data-img-shadow-spread=\"3px\"><div data-post-id=\"7108\" data-date=\"2016-08-10T15:03:28+02:00\" data-name=\"shutterstock_137278265\"><figure class=\"post\"><a href=\"https:\/\/www.minimundus.at\/wp-content\/uploads\/2016\/07\/shutterstock_137278265.jpg\" class=\"rollover dt-pswp-item layzr-bg\" data-large_image_width=\"1000\" data-large_image_height=\"662\" data-dt-img-description=\"\" title=\"shutterstock_137278265\"><img fetchpriority=\"high\" decoding=\"async\" class=\"preload-me owl-lazy-load aspect\" src=\"data:image\/svg+xml,%3Csvg%20xmlns%3D&#39;http%3A%2F%2Fwww.w3.org%2F2000%2Fsvg&#39;%20viewBox%3D&#39;0%200%20882%20662&#39;%2F%3E\" data-src=\"https:\/\/www.minimundus.at\/wp-content\/uploads\/2016\/07\/shutterstock_137278265-882x662.jpg\" data-srcset=\"https:\/\/www.minimundus.at\/wp-content\/uploads\/2016\/07\/shutterstock_137278265-882x662.jpg 882w\" loading=\"eager\" style=\"--ratio: 882 \/ 662\" sizes=\"(max-width: 882px) 100vw, 882px\" alt=\"\" width=\"882\" height=\"662\"  \/><span class=\"gallery-rollover\"><span class=\"gallery-zoom-ico icomoon-the7-font-the7-zoom-06\"><span><\/span><\/span><\/span><\/a><\/figure><\/div><div data-post-id=\"10995\" data-date=\"2022-08-02T09:05:21+02:00\" data-name=\"20220615_163440\"><figure class=\"post\"><a href=\"https:\/\/www.minimundus.at\/wp-content\/uploads\/2022\/08\/20220615_163440-scaled.jpg\" class=\"rollover dt-pswp-item layzr-bg\" data-large_image_width=\"2560\" data-large_image_height=\"1920\" data-dt-img-description=\"\" title=\"20220615_163440\"><img decoding=\"async\" class=\"preload-me owl-lazy-load aspect\" src=\"data:image\/svg+xml,%3Csvg%20xmlns%3D&#39;http%3A%2F%2Fwww.w3.org%2F2000%2Fsvg&#39;%20viewBox%3D&#39;0%200%202560%201920&#39;%2F%3E\" data-src=\"https:\/\/www.minimundus.at\/wp-content\/uploads\/2022\/08\/20220615_163440-scaled.jpg\" data-srcset=\"https:\/\/www.minimundus.at\/wp-content\/uploads\/2022\/08\/20220615_163440-scaled.jpg 2560w\" loading=\"eager\" style=\"--ratio: 2560 \/ 1920\" sizes=\"(max-width: 2560px) 100vw, 2560px\" alt=\"\" width=\"2560\" height=\"1920\"  \/><span class=\"gallery-rollover\"><span class=\"gallery-zoom-ico icomoon-the7-font-the7-zoom-06\"><span><\/span><\/span><\/span><\/a><\/figure><\/div><div data-post-id=\"10991\" data-date=\"2022-08-02T09:05:13+02:00\" data-name=\"20220615_163406\"><figure class=\"post\"><a href=\"https:\/\/www.minimundus.at\/wp-content\/uploads\/2022\/08\/20220615_163406-scaled.jpg\" class=\"rollover dt-pswp-item layzr-bg\" data-large_image_width=\"2560\" data-large_image_height=\"1920\" data-dt-img-description=\"\" title=\"20220615_163406\"><img decoding=\"async\" class=\"preload-me owl-lazy-load aspect\" src=\"data:image\/svg+xml,%3Csvg%20xmlns%3D&#39;http%3A%2F%2Fwww.w3.org%2F2000%2Fsvg&#39;%20viewBox%3D&#39;0%200%202560%201920&#39;%2F%3E\" data-src=\"https:\/\/www.minimundus.at\/wp-content\/uploads\/2022\/08\/20220615_163406-scaled.jpg\" data-srcset=\"https:\/\/www.minimundus.at\/wp-content\/uploads\/2022\/08\/20220615_163406-scaled.jpg 2560w\" loading=\"eager\" style=\"--ratio: 2560 \/ 1920\" sizes=\"(max-width: 2560px) 100vw, 2560px\" alt=\"\" width=\"2560\" height=\"1920\"  \/><span class=\"gallery-rollover\"><span class=\"gallery-zoom-ico icomoon-the7-font-the7-zoom-06\"><span><\/span><\/span><\/span><\/a><\/figure><\/div><div data-post-id=\"10987\" data-date=\"2022-08-02T09:05:06+02:00\" data-name=\"20220615_163325\"><figure class=\"post\"><a href=\"https:\/\/www.minimundus.at\/wp-content\/uploads\/2022\/08\/20220615_163325-scaled.jpg\" class=\"rollover dt-pswp-item layzr-bg\" data-large_image_width=\"2560\" data-large_image_height=\"1920\" data-dt-img-description=\"\" title=\"20220615_163325\"><img decoding=\"async\" class=\"preload-me owl-lazy-load aspect\" src=\"data:image\/svg+xml,%3Csvg%20xmlns%3D&#39;http%3A%2F%2Fwww.w3.org%2F2000%2Fsvg&#39;%20viewBox%3D&#39;0%200%202560%201920&#39;%2F%3E\" data-src=\"https:\/\/www.minimundus.at\/wp-content\/uploads\/2022\/08\/20220615_163325-scaled.jpg\" data-srcset=\"https:\/\/www.minimundus.at\/wp-content\/uploads\/2022\/08\/20220615_163325-scaled.jpg 2560w\" loading=\"eager\" style=\"--ratio: 2560 \/ 1920\" sizes=\"(max-width: 2560px) 100vw, 2560px\" alt=\"\" width=\"2560\" height=\"1920\"  \/><span class=\"gallery-rollover\"><span class=\"gallery-zoom-ico icomoon-the7-font-the7-zoom-06\"><span><\/span><\/span><\/span><\/a><\/figure><\/div><div data-post-id=\"10983\" data-date=\"2022-08-02T09:04:58+02:00\" data-name=\"20220610_095358\"><figure class=\"post\"><a href=\"https:\/\/www.minimundus.at\/wp-content\/uploads\/2022\/08\/20220610_095358-scaled.jpg\" class=\"rollover dt-pswp-item layzr-bg\" data-large_image_width=\"2560\" data-large_image_height=\"1920\" data-dt-img-description=\"\" title=\"20220610_095358\"><img decoding=\"async\" class=\"preload-me owl-lazy-load aspect\" src=\"data:image\/svg+xml,%3Csvg%20xmlns%3D&#39;http%3A%2F%2Fwww.w3.org%2F2000%2Fsvg&#39;%20viewBox%3D&#39;0%200%202560%201920&#39;%2F%3E\" data-src=\"https:\/\/www.minimundus.at\/wp-content\/uploads\/2022\/08\/20220610_095358-scaled.jpg\" data-srcset=\"https:\/\/www.minimundus.at\/wp-content\/uploads\/2022\/08\/20220610_095358-scaled.jpg 2560w\" loading=\"eager\" style=\"--ratio: 2560 \/ 1920\" sizes=\"(max-width: 2560px) 100vw, 2560px\" alt=\"\" width=\"2560\" height=\"1920\"  \/><span class=\"gallery-rollover\"><span class=\"gallery-zoom-ico icomoon-the7-font-the7-zoom-06\"><span><\/span><\/span><\/span><\/a><\/figure><\/div><div data-post-id=\"10979\" data-date=\"2022-08-02T09:04:49+02:00\" data-name=\"20220610_095319\"><figure class=\"post\"><a href=\"https:\/\/www.minimundus.at\/wp-content\/uploads\/2022\/08\/20220610_095319-scaled.jpg\" class=\"rollover dt-pswp-item layzr-bg\" data-large_image_width=\"2560\" data-large_image_height=\"1920\" data-dt-img-description=\"\" title=\"20220610_095319\"><img decoding=\"async\" class=\"preload-me owl-lazy-load aspect\" src=\"data:image\/svg+xml,%3Csvg%20xmlns%3D&#39;http%3A%2F%2Fwww.w3.org%2F2000%2Fsvg&#39;%20viewBox%3D&#39;0%200%202560%201920&#39;%2F%3E\" data-src=\"https:\/\/www.minimundus.at\/wp-content\/uploads\/2022\/08\/20220610_095319-scaled.jpg\" data-srcset=\"https:\/\/www.minimundus.at\/wp-content\/uploads\/2022\/08\/20220610_095319-scaled.jpg 2560w\" loading=\"eager\" style=\"--ratio: 2560 \/ 1920\" sizes=\"(max-width: 2560px) 100vw, 2560px\" alt=\"\" width=\"2560\" height=\"1920\"  \/><span class=\"gallery-rollover\"><span class=\"gallery-zoom-ico icomoon-the7-font-the7-zoom-06\"><span><\/span><\/span><\/span><\/a><\/figure><\/div><\/div>[\/vc_column][\/vc_row][vc_row css=&#8221;.vc_custom_1468227581044{margin-top: 0px !important;border-top-width: 0px !important;padding-top: 0px !important;background-color: #e9f6fe !important;}&#8221;][vc_column width=&#8221;1\/2&#8243;][vc_single_image image=&#8221;1295&#8243; img_size=&#8221;500&#215;300&#8243;][\/vc_column][vc_column width=&#8221;1\/2&#8243;][vc_column_text css=&#8221;&#8221;]<\/p>\n<div class=\"csc-header csc-header-n1\">\n<h4>Svet sodi v otro\u0161ke roke<\/h4>\n<\/div>\n<p>V Minimundusu se je mogo\u010de resni\u010dno odpraviti na pot raziskovanja in odkrivanja sveta. Zakaj ima opera v Sydneyu tako sme\u0161no streho? Koliko kilometrov na leto prevozi lokomotiva v Minimundusu? Kako izgleda predimenzionirana molekula \u017eelezovega kristala? Kaj vse lahko odkrivate v novem notranjem predelu?<\/p>\n<p><strong>Kdor je na igri\u0161\u010du \u017ee dovolj do\u017eivel, ima v Minimundusu \u0161e veliko za odkriti\u2026<\/strong>[\/vc_column_text][\/vc_column][\/vc_row][vc_row][vc_column el_class=&#8221;download&#8221;][vc_column_text el_class=&#8221;bottomlogo&#8221;]<\/p>\n<h3 style=\"text-align: center;\">Z obiskom Minimundusa podpirate otroke in mlade iz Koro\u0161ke.<br \/>\nMinimundus se namre\u010d nahaja v lasti dru\u0161tva RETTET DAS KIND K\u00e4rnten.<\/h3>\n<p>[\/vc_column_text][vc_single_image image=&#8221;779&#8243; img_size=&#8221;full&#8221; alignment=&#8221;center&#8221;][\/vc_column][\/vc_row]<\/p><\/div><input class=\"fooboxshare_post_id\" type=\"hidden\" value=\"2920\"\/>","protected":false},"excerpt":{"rendered":"<p>[vc_row][vc_column width=&#8221;1\/2&#8243;][vc_column_text css=&#8221;.vc_custom_1749564334556{padding-right: 50px !important;}&#8221; el_class=&#8221;greybox&#8221;] PROSTOR ZA RAZISKOVALCE Igri\u0161\u010de v Minimundusu V na\u0161em parku se razprostira igri\u0161\u010de s \u0161tevilnimi prijetnimi zanimivostmi. Tukaj si lahko mali pustolovci malo opomorejo od svojega potovanja okoli sveta in se zabavajo, preden nadaljujejo![\/vc_column_text][\/vc_column][vc_column width=&#8221;1\/2&#8243; css=&#8221;.vc_custom_1468227594612{padding-bottom: 100px !important;background-color: #0056a4 !important;}&#8221;][\/vc_column][\/vc_row][vc_row css=&#8221;.vc_custom_1468227581044{margin-top: 0px !important;border-top-width: 0px !important;padding-top: 0px !important;background-color: #e9f6fe !important;}&#8221;][vc_column width=&#8221;1\/2&#8243;][vc_single_image&hellip;<\/p>\n","protected":false},"author":1,"featured_media":10262,"parent":0,"menu_order":0,"comment_status":"closed","ping_status":"closed","template":"","meta":{"inline_featured_image":false,"footnotes":""},"class_list":["post-2920","page","type-page","status-publish","has-post-thumbnail","hentry","description-off"],"_links":{"self":[{"href":"https:\/\/www.minimundus.at\/sl\/wp-json\/wp\/v2\/pages\/2920","targetHints":{"allow":["GET"]}}],"collection":[{"href":"https:\/\/www.minimundus.at\/sl\/wp-json\/wp\/v2\/pages"}],"about":[{"href":"https:\/\/www.minimundus.at\/sl\/wp-json\/wp\/v2\/types\/page"}],"author":[{"embeddable":true,"href":"https:\/\/www.minimundus.at\/sl\/wp-json\/wp\/v2\/users\/1"}],"replies":[{"embeddable":true,"href":"https:\/\/www.minimundus.at\/sl\/wp-json\/wp\/v2\/comments?post=2920"}],"version-history":[{"count":10,"href":"https:\/\/www.minimundus.at\/sl\/wp-json\/wp\/v2\/pages\/2920\/revisions"}],"predecessor-version":[{"id":12841,"href":"https:\/\/www.minimundus.at\/sl\/wp-json\/wp\/v2\/pages\/2920\/revisions\/12841"}],"wp:featuredmedia":[{"embeddable":true,"href":"https:\/\/www.minimundus.at\/sl\/wp-json\/wp\/v2\/media\/10262"}],"wp:attachment":[{"href":"https:\/\/www.minimundus.at\/sl\/wp-json\/wp\/v2\/media?parent=2920"}],"curies":[{"name":"wp","href":"https:\/\/api.w.org\/{rel}","templated":true}]}}