{"id":2923,"date":"2016-09-16T13:17:11","date_gmt":"2016-09-16T11:17:11","guid":{"rendered":"https:\/\/2022.minimundus.at\/sl\/?page_id=2923"},"modified":"2026-01-20T12:00:48","modified_gmt":"2026-01-20T11:00:48","slug":"praznovanje-otroskega-rojstnega-dne","status":"publish","type":"page","link":"https:\/\/www.minimundus.at\/sl\/praznovanje-otroskega-rojstnega-dne\/","title":{"rendered":"Praznovanje otro\u0161kega rojstnega dneva"},"content":{"rendered":"<div class=\"wpb-content-wrapper\"><p>[vc_row][vc_column width=&#8221;1\/2&#8243;][vc_column_text css=&#8221;.vc_custom_1713364682266{padding-right: 50px !important;}&#8221; el_class=&#8221;greybox&#8221;]<\/p>\n<h3>OTRO\u0160KI ROJSTNI DAN<\/h3>\n<h2>Tvoj rojstni dan v Minimundusu<\/h2>\n<h4>\u017deli\u0161, da bi bil tvoj rojstni dan nepozaben in nenavaden dogodek? Potem smo zate pripravili ravno prav\u0161nje: rojstnodnevno zabavo v Minimundusu!<\/h4>\n<p>Napeta ugankarska dirka okoli sveta, na\u0161e Pustolovsko igri\u0161\u010de in veliki notranji Do\u017eivljajski svet z velikansko dr\u010do bodo poskrbeli za zabavo in navdu\u0161enje na tvoji rojstnodnevni zabavi. Na\u0161i otro\u0161ki spremljevalci so pripravili ravno prav\u0161nje programe za vse starostne skupine in vsako vreme![\/vc_column_text][\/vc_column][vc_column width=&#8221;1\/2&#8243; css=&#8221;.vc_custom_1468227594612{padding-bottom: 100px !important;background-color: #0056a4 !important;}&#8221;]<style type=\"text\/css\" data-type=\"the7_shortcodes-inline-css\">.gallery-carousel-shortcode.gallery-carousel-shortcode-id-c43f6fd272566a27865fcd4e8db0db0e.owl-carousel .owl-nav div {\n  width: 36px;\n  height: 36px;\n  border-radius: 500px;\n}\n.dt-arrow-border-on.gallery-carousel-shortcode.gallery-carousel-shortcode-id-c43f6fd272566a27865fcd4e8db0db0e.owl-carousel .owl-nav div:not(:hover):before {\n  border-width: 0px;\n}\n.dt-arrow-hover-border-on.gallery-carousel-shortcode.gallery-carousel-shortcode-id-c43f6fd272566a27865fcd4e8db0db0e.owl-carousel .owl-nav div:hover:after {\n  border-width: 0px;\n}\n.gallery-carousel-shortcode.gallery-carousel-shortcode-id-c43f6fd272566a27865fcd4e8db0db0e.owl-carousel .owl-nav div.owl-prev {\n  top: 50%;\n  transform: translateY(calc(-50% + 0px));\n  left: 10px;\n}\n@media all and (-ms-high-contrast: none) {\n  .gallery-carousel-shortcode.gallery-carousel-shortcode-id-c43f6fd272566a27865fcd4e8db0db0e.owl-carousel .owl-nav div.owl-prev {\n    transform: translateY(-50%);\n    margin-top: 0px;\n  }\n}\n.gallery-carousel-shortcode.gallery-carousel-shortcode-id-c43f6fd272566a27865fcd4e8db0db0e.owl-carousel .owl-nav div.owl-prev i {\n  padding: 0px 0px 0px 0px;\n}\n.gallery-carousel-shortcode.gallery-carousel-shortcode-id-c43f6fd272566a27865fcd4e8db0db0e.owl-carousel .owl-nav div.owl-next {\n  top: 50%;\n  transform: translateY(calc(-50% + 0px));\n  right: 10px;\n}\n@media all and (-ms-high-contrast: none) {\n  .gallery-carousel-shortcode.gallery-carousel-shortcode-id-c43f6fd272566a27865fcd4e8db0db0e.owl-carousel .owl-nav div.owl-next {\n    transform: translateY(-50%);\n    margin-top: 0px;\n  }\n}\n.gallery-carousel-shortcode.gallery-carousel-shortcode-id-c43f6fd272566a27865fcd4e8db0db0e.owl-carousel .owl-nav div.owl-next i {\n  padding: 0px 0px 0px 0px;\n}\n.gallery-carousel-shortcode.gallery-carousel-shortcode-id-c43f6fd272566a27865fcd4e8db0db0e.owl-carousel .owl-nav i {\n  font-size: 18px;\n}\n.gallery-carousel-shortcode.gallery-carousel-shortcode-id-c43f6fd272566a27865fcd4e8db0db0e.owl-carousel .owl-nav div:not(:hover) i,\n.gallery-carousel-shortcode.gallery-carousel-shortcode-id-c43f6fd272566a27865fcd4e8db0db0e.owl-carousel .owl-nav div:not(:hover) i:before {\n  color: #ffffff;\n  background: none;\n}\n.gallery-carousel-shortcode.gallery-carousel-shortcode-id-c43f6fd272566a27865fcd4e8db0db0e.owl-carousel .owl-nav div:hover i,\n.gallery-carousel-shortcode.gallery-carousel-shortcode-id-c43f6fd272566a27865fcd4e8db0db0e.owl-carousel .owl-nav div:hover i:before {\n  color: rgba(255,255,255,0.75);\n  background: none;\n}\n.gallery-carousel-shortcode.gallery-carousel-shortcode-id-c43f6fd272566a27865fcd4e8db0db0e .owl-dots {\n  top: calc(100% + 5px);\n  left: 50%;\n  transform: translateX(calc(-50% + 0px));\n}\n@media all and (-ms-high-contrast: none) {\n  .gallery-carousel-shortcode.gallery-carousel-shortcode-id-c43f6fd272566a27865fcd4e8db0db0e .owl-dots {\n    transform: translateX(-50%);\n    margin-left: 0px;\n  }\n}\n.gallery-carousel-shortcode.gallery-carousel-shortcode-id-c43f6fd272566a27865fcd4e8db0db0e .owl-dot {\n  width: 10px;\n  height: 10px;\n  margin: 0 8px;\n}\n@media screen and (max-width: 778px) {\n  .gallery-carousel-shortcode.gallery-carousel-shortcode-id-c43f6fd272566a27865fcd4e8db0db0e.hide-arrows .owl-nav a {\n    display: none;\n  }\n}\n@media screen and (max-width: 778px) {\n  .gallery-carousel-shortcode.gallery-carousel-shortcode-id-c43f6fd272566a27865fcd4e8db0db0e.reposition-arrows .owl-nav div.owl-prev {\n    top: 50%;\n    transform: translateY(calc(-50% + 0px));\n    left: 10px;\n  }\n  .gallery-carousel-shortcode.gallery-carousel-shortcode-id-c43f6fd272566a27865fcd4e8db0db0e.reposition-arrows .owl-nav div.owl-next {\n    top: 50%;\n    transform: translateY(calc(-50% + 0px));\n    right: 10px;\n  }\n}\n@media screen and (max-width: 778px) and all and (-ms-high-contrast: none) {\n  .gallery-carousel-shortcode.gallery-carousel-shortcode-id-c43f6fd272566a27865fcd4e8db0db0e.reposition-arrows .owl-nav div.owl-prev {\n    transform: translateY(-50%);\n    margin-top: 0px;\n  }\n}\n@media screen and (max-width: 778px) and all and (-ms-high-contrast: none) {\n  .gallery-carousel-shortcode.gallery-carousel-shortcode-id-c43f6fd272566a27865fcd4e8db0db0e.reposition-arrows .owl-nav div.owl-next {\n    transform: translateY(-50%);\n    margin-top: 0px;\n  }\n}\n.gallery-carousel-shortcode.gallery-carousel-shortcode-id-c43f6fd272566a27865fcd4e8db0db0e figure,\n.gallery-carousel-shortcode.gallery-carousel-shortcode-id-c43f6fd272566a27865fcd4e8db0db0e .rollover,\n.gallery-carousel-shortcode.gallery-carousel-shortcode-id-c43f6fd272566a27865fcd4e8db0db0e img,\n.gallery-carousel-shortcode.gallery-carousel-shortcode-id-c43f6fd272566a27865fcd4e8db0db0e .gallery-rollover {\n  border-radius: 0px;\n}\n.gallery-carousel-shortcode.gallery-carousel-shortcode-id-c43f6fd272566a27865fcd4e8db0db0e.enable-bg-rollover .gallery-rollover {\n  background: -webkit-linear-gradient();\n  background: linear-gradient();\n}\n.gallery-carousel-shortcode.gallery-carousel-shortcode-id-c43f6fd272566a27865fcd4e8db0db0e.enable-img-shadow .owl-stage-outer {\n  padding: 14px 0;\n}\n.gallery-carousel-shortcode.gallery-carousel-shortcode-id-c43f6fd272566a27865fcd4e8db0db0e.enable-bg-rollover.hover-scale figure .rollover:after {\n  background: -webkit-linear-gradient();\n  background: linear-gradient();\n}\n.gallery-carousel-shortcode.gallery-carousel-shortcode-id-c43f6fd272566a27865fcd4e8db0db0e.gallery-shortcode .gallery-zoom-ico {\n  width: 44px;\n  height: 44px;\n  line-height: 44px;\n  border-radius: 100px;\n  margin: -22px 0 0 -22px;\n  border-width: 0px;\n}\n.dt-icon-bg-on.gallery-carousel-shortcode.gallery-carousel-shortcode-id-c43f6fd272566a27865fcd4e8db0db0e.gallery-shortcode .gallery-zoom-ico {\n  background: rgba(255,255,255,0.3);\n  box-shadow: none;\n}\n.gallery-carousel-shortcode.gallery-carousel-shortcode-id-c43f6fd272566a27865fcd4e8db0db0e.gallery-shortcode .gallery-zoom-ico:before,\n.gallery-carousel-shortcode.gallery-carousel-shortcode-id-c43f6fd272566a27865fcd4e8db0db0e.gallery-shortcode .gallery-zoom-ico span {\n  font-size: 32px;\n  line-height: 44px;\n  color: #ffffff;\n  background: none;\n}<\/style><div class=\"owl-carousel gallery-carousel-shortcode gallery-shortcode  dt-gallery-container dt-owl-carousel-call gallery-carousel-shortcode-id-c43f6fd272566a27865fcd4e8db0db0e quick-scale-img enable-bg-rollover meta-info-off dt-arrow-border-on dt-arrow-hover-border-on bullets-small-dot-stroke reposition-arrows dt-icon-bg-off arrows-bg-on disable-arrows-hover-bg arrows-hover-bg-on  vc_custom_1702907466431 hover-fade \" data-scroll-mode=\"1\" data-col-num=\"1\" data-wide-col-num=\"1\" data-laptop-col=\"1\" data-h-tablet-columns-num=\"1\" data-v-tablet-columns-num=\"1\" data-phone-columns-num=\"1\" data-col-gap=\"10\" data-stage-padding=\"0\" data-speed=\"600\" data-autoplay=\"false\" data-autoplay_speed=\"6000\" data-arrows=\"true\" data-bullet=\"true\" data-next-icon=\"icon-ar-017-r\" data-prev-icon=\"icon-ar-017-l\" data-img-shadow-size=\"12px\" data-img-shadow-spread=\"3px\"><div data-post-id=\"7672\" data-date=\"2016-12-13T15:26:20+01:00\" data-name=\"img_1083\"><figure class=\"post\"><a href=\"https:\/\/www.minimundus.at\/wp-content\/uploads\/2016\/07\/IMG_1083.jpg\" class=\"rollover dt-pswp-item layzr-bg\" data-large_image_width=\"4000\" data-large_image_height=\"2664\" data-dt-img-description=\"\" title=\"img_1083\"><img fetchpriority=\"high\" decoding=\"async\" class=\"preload-me owl-lazy-load aspect\" src=\"data:image\/svg+xml,%3Csvg%20xmlns%3D&#39;http%3A%2F%2Fwww.w3.org%2F2000%2Fsvg&#39;%20viewBox%3D&#39;0%200%203552%202664&#39;%2F%3E\" data-src=\"https:\/\/www.minimundus.at\/wp-content\/uploads\/2016\/07\/IMG_1083-3552x2664.jpg\" data-srcset=\"https:\/\/www.minimundus.at\/wp-content\/uploads\/2016\/07\/IMG_1083-3552x2664.jpg 3552w\" loading=\"eager\" style=\"--ratio: 3552 \/ 2664\" sizes=\"(max-width: 3552px) 100vw, 3552px\" alt=\"\" width=\"3552\" height=\"2664\"  \/><span class=\"gallery-rollover\"><span class=\"gallery-zoom-ico icomoon-the7-font-the7-zoom-06\"><span><\/span><\/span><\/span><\/a><\/figure><\/div><div data-post-id=\"7681\" data-date=\"2016-12-13T15:26:53+01:00\" data-name=\"img_1095\"><figure class=\"post\"><a href=\"https:\/\/www.minimundus.at\/wp-content\/uploads\/2016\/07\/IMG_1095.jpg\" class=\"rollover dt-pswp-item layzr-bg\" data-large_image_width=\"4000\" data-large_image_height=\"2664\" data-dt-img-description=\"\" title=\"img_1095\"><img decoding=\"async\" class=\"preload-me owl-lazy-load aspect\" src=\"data:image\/svg+xml,%3Csvg%20xmlns%3D&#39;http%3A%2F%2Fwww.w3.org%2F2000%2Fsvg&#39;%20viewBox%3D&#39;0%200%203552%202664&#39;%2F%3E\" data-src=\"https:\/\/www.minimundus.at\/wp-content\/uploads\/2016\/07\/IMG_1095-3552x2664.jpg\" data-srcset=\"https:\/\/www.minimundus.at\/wp-content\/uploads\/2016\/07\/IMG_1095-3552x2664.jpg 3552w\" loading=\"eager\" style=\"--ratio: 3552 \/ 2664\" sizes=\"(max-width: 3552px) 100vw, 3552px\" alt=\"\" width=\"3552\" height=\"2664\"  \/><span class=\"gallery-rollover\"><span class=\"gallery-zoom-ico icomoon-the7-font-the7-zoom-06\"><span><\/span><\/span><\/span><\/a><\/figure><\/div><div data-post-id=\"7684\" data-date=\"2016-12-13T15:27:04+01:00\" data-name=\"img_1097\"><figure class=\"post\"><a href=\"https:\/\/www.minimundus.at\/wp-content\/uploads\/2016\/07\/IMG_1097.jpg\" class=\"rollover dt-pswp-item layzr-bg\" data-large_image_width=\"4000\" data-large_image_height=\"2664\" data-dt-img-description=\"\" title=\"img_1097\"><img decoding=\"async\" class=\"preload-me owl-lazy-load aspect\" src=\"data:image\/svg+xml,%3Csvg%20xmlns%3D&#39;http%3A%2F%2Fwww.w3.org%2F2000%2Fsvg&#39;%20viewBox%3D&#39;0%200%203552%202664&#39;%2F%3E\" data-src=\"https:\/\/www.minimundus.at\/wp-content\/uploads\/2016\/07\/IMG_1097-3552x2664.jpg\" data-srcset=\"https:\/\/www.minimundus.at\/wp-content\/uploads\/2016\/07\/IMG_1097-3552x2664.jpg 3552w\" loading=\"eager\" style=\"--ratio: 3552 \/ 2664\" sizes=\"(max-width: 3552px) 100vw, 3552px\" alt=\"\" width=\"3552\" height=\"2664\"  \/><span class=\"gallery-rollover\"><span class=\"gallery-zoom-ico icomoon-the7-font-the7-zoom-06\"><span><\/span><\/span><\/span><\/a><\/figure><\/div><div data-post-id=\"7687\" data-date=\"2016-12-13T15:27:15+01:00\" data-name=\"img_1100\"><figure class=\"post\"><a href=\"https:\/\/www.minimundus.at\/wp-content\/uploads\/2016\/07\/IMG_1100.jpg\" class=\"rollover dt-pswp-item layzr-bg\" data-large_image_width=\"4000\" data-large_image_height=\"2664\" data-dt-img-description=\"\" title=\"img_1100\"><img decoding=\"async\" class=\"preload-me owl-lazy-load aspect\" src=\"data:image\/svg+xml,%3Csvg%20xmlns%3D&#39;http%3A%2F%2Fwww.w3.org%2F2000%2Fsvg&#39;%20viewBox%3D&#39;0%200%203552%202664&#39;%2F%3E\" data-src=\"https:\/\/www.minimundus.at\/wp-content\/uploads\/2016\/07\/IMG_1100-3552x2664.jpg\" data-srcset=\"https:\/\/www.minimundus.at\/wp-content\/uploads\/2016\/07\/IMG_1100-3552x2664.jpg 3552w\" loading=\"eager\" style=\"--ratio: 3552 \/ 2664\" sizes=\"(max-width: 3552px) 100vw, 3552px\" alt=\"\" width=\"3552\" height=\"2664\"  \/><span class=\"gallery-rollover\"><span class=\"gallery-zoom-ico icomoon-the7-font-the7-zoom-06\"><span><\/span><\/span><\/span><\/a><\/figure><\/div><div data-post-id=\"7690\" data-date=\"2016-12-13T15:27:26+01:00\" data-name=\"img_1106\"><figure class=\"post\"><a href=\"https:\/\/www.minimundus.at\/wp-content\/uploads\/2016\/07\/IMG_1106.jpg\" class=\"rollover dt-pswp-item layzr-bg\" data-large_image_width=\"4000\" data-large_image_height=\"2664\" data-dt-img-description=\"\" title=\"img_1106\"><img decoding=\"async\" class=\"preload-me owl-lazy-load aspect\" src=\"data:image\/svg+xml,%3Csvg%20xmlns%3D&#39;http%3A%2F%2Fwww.w3.org%2F2000%2Fsvg&#39;%20viewBox%3D&#39;0%200%203552%202664&#39;%2F%3E\" data-src=\"https:\/\/www.minimundus.at\/wp-content\/uploads\/2016\/07\/IMG_1106-3552x2664.jpg\" data-srcset=\"https:\/\/www.minimundus.at\/wp-content\/uploads\/2016\/07\/IMG_1106-3552x2664.jpg 3552w\" loading=\"eager\" style=\"--ratio: 3552 \/ 2664\" sizes=\"(max-width: 3552px) 100vw, 3552px\" alt=\"\" width=\"3552\" height=\"2664\"  \/><span class=\"gallery-rollover\"><span class=\"gallery-zoom-ico icomoon-the7-font-the7-zoom-06\"><span><\/span><\/span><\/span><\/a><\/figure><\/div><div data-post-id=\"7693\" data-date=\"2016-12-13T15:27:37+01:00\" data-name=\"img_1111\"><figure class=\"post\"><a href=\"https:\/\/www.minimundus.at\/wp-content\/uploads\/2016\/07\/IMG_1111.jpg\" class=\"rollover dt-pswp-item layzr-bg\" data-large_image_width=\"4000\" data-large_image_height=\"2664\" data-dt-img-description=\"\" title=\"img_1111\"><img decoding=\"async\" class=\"preload-me owl-lazy-load aspect\" src=\"data:image\/svg+xml,%3Csvg%20xmlns%3D&#39;http%3A%2F%2Fwww.w3.org%2F2000%2Fsvg&#39;%20viewBox%3D&#39;0%200%203552%202664&#39;%2F%3E\" data-src=\"https:\/\/www.minimundus.at\/wp-content\/uploads\/2016\/07\/IMG_1111-3552x2664.jpg\" data-srcset=\"https:\/\/www.minimundus.at\/wp-content\/uploads\/2016\/07\/IMG_1111-3552x2664.jpg 3552w\" loading=\"eager\" style=\"--ratio: 3552 \/ 2664\" sizes=\"(max-width: 3552px) 100vw, 3552px\" alt=\"\" width=\"3552\" height=\"2664\"  \/><span class=\"gallery-rollover\"><span class=\"gallery-zoom-ico icomoon-the7-font-the7-zoom-06\"><span><\/span><\/span><\/span><\/a><\/figure><\/div><div data-post-id=\"7696\" data-date=\"2016-12-13T15:27:48+01:00\" data-name=\"img_1116\"><figure class=\"post\"><a href=\"https:\/\/www.minimundus.at\/wp-content\/uploads\/2016\/07\/IMG_1116.jpg\" class=\"rollover dt-pswp-item layzr-bg\" data-large_image_width=\"4000\" data-large_image_height=\"2664\" data-dt-img-description=\"\" title=\"img_1116\"><img decoding=\"async\" class=\"preload-me owl-lazy-load aspect\" src=\"data:image\/svg+xml,%3Csvg%20xmlns%3D&#39;http%3A%2F%2Fwww.w3.org%2F2000%2Fsvg&#39;%20viewBox%3D&#39;0%200%203552%202664&#39;%2F%3E\" data-src=\"https:\/\/www.minimundus.at\/wp-content\/uploads\/2016\/07\/IMG_1116-3552x2664.jpg\" data-srcset=\"https:\/\/www.minimundus.at\/wp-content\/uploads\/2016\/07\/IMG_1116-3552x2664.jpg 3552w\" loading=\"eager\" style=\"--ratio: 3552 \/ 2664\" sizes=\"(max-width: 3552px) 100vw, 3552px\" alt=\"\" width=\"3552\" height=\"2664\"  \/><span class=\"gallery-rollover\"><span class=\"gallery-zoom-ico icomoon-the7-font-the7-zoom-06\"><span><\/span><\/span><\/span><\/a><\/figure><\/div><div data-post-id=\"7699\" data-date=\"2016-12-13T15:28:00+01:00\" data-name=\"img_1122\"><figure class=\"post\"><a href=\"https:\/\/www.minimundus.at\/wp-content\/uploads\/2016\/07\/IMG_1122.jpg\" class=\"rollover dt-pswp-item layzr-bg\" data-large_image_width=\"4000\" data-large_image_height=\"2664\" data-dt-img-description=\"\" title=\"img_1122\"><img decoding=\"async\" class=\"preload-me owl-lazy-load aspect\" src=\"data:image\/svg+xml,%3Csvg%20xmlns%3D&#39;http%3A%2F%2Fwww.w3.org%2F2000%2Fsvg&#39;%20viewBox%3D&#39;0%200%203552%202664&#39;%2F%3E\" data-src=\"https:\/\/www.minimundus.at\/wp-content\/uploads\/2016\/07\/IMG_1122-3552x2664.jpg\" data-srcset=\"https:\/\/www.minimundus.at\/wp-content\/uploads\/2016\/07\/IMG_1122-3552x2664.jpg 3552w\" loading=\"eager\" style=\"--ratio: 3552 \/ 2664\" sizes=\"(max-width: 3552px) 100vw, 3552px\" alt=\"\" width=\"3552\" height=\"2664\"  \/><span class=\"gallery-rollover\"><span class=\"gallery-zoom-ico icomoon-the7-font-the7-zoom-06\"><span><\/span><\/span><\/span><\/a><\/figure><\/div><div data-post-id=\"7702\" data-date=\"2016-12-13T15:28:12+01:00\" data-name=\"img_1128\"><figure class=\"post\"><a href=\"https:\/\/www.minimundus.at\/wp-content\/uploads\/2016\/07\/IMG_1128.jpg\" class=\"rollover dt-pswp-item layzr-bg\" data-large_image_width=\"4000\" data-large_image_height=\"2664\" data-dt-img-description=\"\" title=\"img_1128\"><img decoding=\"async\" class=\"preload-me owl-lazy-load aspect\" src=\"data:image\/svg+xml,%3Csvg%20xmlns%3D&#39;http%3A%2F%2Fwww.w3.org%2F2000%2Fsvg&#39;%20viewBox%3D&#39;0%200%203552%202664&#39;%2F%3E\" data-src=\"https:\/\/www.minimundus.at\/wp-content\/uploads\/2016\/07\/IMG_1128-3552x2664.jpg\" data-srcset=\"https:\/\/www.minimundus.at\/wp-content\/uploads\/2016\/07\/IMG_1128-3552x2664.jpg 3552w\" loading=\"eager\" style=\"--ratio: 3552 \/ 2664\" sizes=\"(max-width: 3552px) 100vw, 3552px\" alt=\"\" width=\"3552\" height=\"2664\"  \/><span class=\"gallery-rollover\"><span class=\"gallery-zoom-ico icomoon-the7-font-the7-zoom-06\"><span><\/span><\/span><\/span><\/a><\/figure><\/div><\/div>[\/vc_column][\/vc_row][vc_row css=&#8221;.vc_custom_1470749982420{margin-top: 0px !important;border-top-width: 0px !important;padding-top: 0px !important;background-color: #e9f6fe !important;}&#8221;][vc_column width=&#8221;1\/2&#8243;][vc_single_image image=&#8221;12984&#8243; img_size=&#8221;full&#8221; css=&#8221;&#8221;][\/vc_column][vc_column width=&#8221;1\/2&#8243;][vc_column_text css=&#8221;&#8221;]<\/p>\n<h3>PRAZNOVANJE S PRIJATELJI<br \/>\nIN ODKRIVANJE SVETA:<\/h3>\n<h2>Na\u0161a<br \/>\nposebna rojstnodnevna ponudba<\/h2>\n<p>Rojstnodnevna zabava v Minimundusu je za min. 6 do maks. 12 otrok in v nem\u0161kem jeziku.<\/p>\n<p>Starost: \u00a0 \u00a0 \u00a0\u00a0\u00a0\u00a0\u00a0\u00a0\u00a0\u00a0\u00a0\u00a0\u00a0\u00a0\u00a0\u00a0\u00a0\u00a0\u00a0\u00a0\u00a0\u00a0\u00a0\u00a0\u00a0\u00a0\u00a0\u00a0\u00a0\u00a0\u00a0\u00a0\u00a0\u00a0\u00a0\u00a0\u00a0\u00a0\u00a0 6 \u2013 10 let<br \/>\nTrajanje zabave (v nem\u0161\u010dini): \u00a0\u00a0 ca. 1,5 ure<\/p>\n<p>Cena brez rojstnodnevne hrane:\u00a0 \u00a020 evrov\/otroka<br \/>\nCena z rojstnodnevno hrano:\u00a0 \u00a0 \u00a0 \u00a0 \u00a030 evrov\/otroka<\/p>\n<p><strong>\u00a0<\/strong><\/p>\n<p><strong>Izberite si svojo rojstnodnevno hrano:<br \/>\n<\/strong><strong>(1 jed po izbiri + pija\u010da)<\/strong><br \/>\n&#8211;\u00a0 Dunajski zrezek s pomfrijem in ke\u010dapom<br \/>\n&#8211;\u00a0 Ribje pal\u010dke s pomfrijem in ke\u010dapom<br \/>\n&#8211;\u00a0 Pi\u0161\u010dan\u010dji medaljoni s pomfrijem in ke\u010dapom<br \/>\n&#8211;\u00a0 \u0160pageti po bolonjsko<br \/>\n&#8211;\u00a0 Naravni svinjski zrezek s pomfrijem in zeli\u0161\u010dnim maslom<\/p>\n<p>&nbsp;<\/p>\n<h3>\u010cE \u017dELI\u0160, PRINESI S SEBOJ ROJSTNODNEVNO TORTO.<\/h3>\n<p>[\/vc_column_text][\/vc_column][\/vc_row][vc_row][vc_column][vc_column_text el_class=&#8221;bottomlogo&#8221;]<\/p>\n<h3 style=\"text-align: center;\">Za nadaljnje informacije o praznovanju otro\u0161kega rojstnega dneva se obrnite na:<br \/>\nT: +43 (0) 463 21194-0<br \/>\nM: info@minimundus.at<\/h3>\n<p>[\/vc_column_text][\/vc_column][\/vc_row]<\/p><\/div><input class=\"fooboxshare_post_id\" type=\"hidden\" value=\"2923\"\/>","protected":false},"excerpt":{"rendered":"<p>[vc_row][vc_column width=&#8221;1\/2&#8243;][vc_column_text css=&#8221;.vc_custom_1713364682266{padding-right: 50px !important;}&#8221; el_class=&#8221;greybox&#8221;] OTRO\u0160KI ROJSTNI DAN Tvoj rojstni dan v Minimundusu \u017deli\u0161, da bi bil tvoj rojstni dan nepozaben in nenavaden dogodek? Potem smo zate pripravili ravno prav\u0161nje: rojstnodnevno zabavo v Minimundusu! Napeta ugankarska dirka okoli sveta, na\u0161e Pustolovsko igri\u0161\u010de in veliki notranji Do\u017eivljajski svet z velikansko dr\u010do bodo poskrbeli za zabavo&hellip;<\/p>\n","protected":false},"author":1,"featured_media":3124,"parent":0,"menu_order":0,"comment_status":"closed","ping_status":"closed","template":"","meta":{"inline_featured_image":false,"footnotes":""},"class_list":["post-2923","page","type-page","status-publish","has-post-thumbnail","hentry","description-off"],"_links":{"self":[{"href":"https:\/\/www.minimundus.at\/sl\/wp-json\/wp\/v2\/pages\/2923","targetHints":{"allow":["GET"]}}],"collection":[{"href":"https:\/\/www.minimundus.at\/sl\/wp-json\/wp\/v2\/pages"}],"about":[{"href":"https:\/\/www.minimundus.at\/sl\/wp-json\/wp\/v2\/types\/page"}],"author":[{"embeddable":true,"href":"https:\/\/www.minimundus.at\/sl\/wp-json\/wp\/v2\/users\/1"}],"replies":[{"embeddable":true,"href":"https:\/\/www.minimundus.at\/sl\/wp-json\/wp\/v2\/comments?post=2923"}],"version-history":[{"count":12,"href":"https:\/\/www.minimundus.at\/sl\/wp-json\/wp\/v2\/pages\/2923\/revisions"}],"predecessor-version":[{"id":12990,"href":"https:\/\/www.minimundus.at\/sl\/wp-json\/wp\/v2\/pages\/2923\/revisions\/12990"}],"wp:featuredmedia":[{"embeddable":true,"href":"https:\/\/www.minimundus.at\/sl\/wp-json\/wp\/v2\/media\/3124"}],"wp:attachment":[{"href":"https:\/\/www.minimundus.at\/sl\/wp-json\/wp\/v2\/media?parent=2923"}],"curies":[{"name":"wp","href":"https:\/\/api.w.org\/{rel}","templated":true}]}}