{"id":2930,"date":"2016-09-16T13:39:10","date_gmt":"2016-09-16T11:39:10","guid":{"rendered":"https:\/\/2022.minimundus.at\/sl\/?page_id=2930"},"modified":"2025-12-12T11:50:45","modified_gmt":"2025-12-12T10:50:45","slug":"skupine","status":"publish","type":"page","link":"https:\/\/www.minimundus.at\/sl\/skupine\/","title":{"rendered":"Skupinska potovanja"},"content":{"rendered":"<div class=\"wpb-content-wrapper\"><p>[vc_row][vc_column width=&#8221;1\/2&#8243;][vc_column_text css=&#8221;.vc_custom_1658244304975{padding-right: 50px !important;}&#8221; el_class=&#8221;greybox&#8221;]<\/p>\n<h3>TAKO HITRO LAHKO OBKRO\u017dITE SVET<\/h3>\n<h2>Skupinska potovanja poleti<\/h2>\n<h4>Minimundus \u017ee nad 60 let sodi med najbolj priljubljene izletni\u0161ke cilje avstrijske Koro\u0161ke. Z velikim notranjim prostorom se park ni le pove\u010dal, temve\u010d je primeren za obisk ob vsakem vremenu.<\/h4>\n<p>Minimundus le\u017ei med slikovitim Europaparkom v neposredni bli\u017eini Vrbskega jezera in o\u010darljivim mestom Celovec. Ker je odprt vse leto, je idealen vremensko neodvisen izletni\u0161ki cilj za va\u0161a dnevna do\u017eivetja. Zaradi odli\u010dne prometne povezanosti (300 m od avtocestnega izvoza Klagenfurt-W\u00f6rthersee) je obisk zelo preprost. Brezpla\u010dna parkirna mesta za avtobuse so na voljo neposredno ob vhodu na obmo\u010dje parka.<\/p>\n<p>Ve\u010d kot 160 modelov znamenitih zgradb, vlakov, mostov in ladij s celega sveta je opisanih v 4 jezikih (D, GB, I, SLO). Brezpla\u010den zemljevid parka za bolj\u0161o orientacijo prejmete ob vstopu v Minimundus.[\/vc_column_text][\/vc_column][vc_column width=&#8221;1\/2&#8243; css=&#8221;.vc_custom_1468227594612{padding-bottom: 100px !important;background-color: #0056a4 !important;}&#8221;][vc_single_image image=&#8221;7225&#8243; img_size=&#8221;500&#215;400&#8243; css=&#8221;.vc_custom_1471340119857{margin-left: -40px !important;}&#8221;][\/vc_column][\/vc_row][vc_row css=&#8221;.vc_custom_1468227581044{margin-top: 0px !important;border-top-width: 0px !important;padding-top: 0px !important;background-color: #e9f6fe !important;}&#8221;][vc_column width=&#8221;1\/2&#8243;][vc_column_text css=&#8221;&#8221; el_class=&#8221;table_content&#8221;]<\/p>\n<h4>Cene za skupine<\/h4>\n<table>\n<tbody>\n<tr>\n<th>Poletje 2026<br \/>\n(27. marc \u2013 1. november)<\/th>\n<th>Skupinske cene veljajo od 20 oseb naprej<\/th>\n<th><\/th>\n<\/tr>\n<tr>\n<td>Odrasli<\/td>\n<td style=\"text-align: center;\">\u20ac 18,00<\/td>\n<td style=\"text-align: center;\"><\/td>\n<\/tr>\n<tr>\n<td>Otroci\u00a0(6 \u2013 15 let)<\/td>\n<td style=\"text-align: center;\">\u20ac 11,00<\/td>\n<td style=\"text-align: center;\"><\/td>\n<\/tr>\n<\/tbody>\n<\/table>\n<p>[\/vc_column_text][vc_column_text css=&#8221;&#8221; el_class=&#8221;table_content&#8221;]<\/p>\n<table>\n<tbody>\n<tr>\n<th width=\"226\">Zima 2025\/2026<br \/>\nzaprto<\/th>\n<th>Skupinske cene veljajo od 20 oseb naprej<\/th>\n<\/tr>\n<tr>\n<td>Odrasli<\/td>\n<td style=\"text-align: center;\"><\/td>\n<\/tr>\n<tr>\n<td>Otroci\u00a0(6 do\u00a015 let)<\/td>\n<td style=\"text-align: center;\"><\/td>\n<\/tr>\n<\/tbody>\n<\/table>\n<p>[\/vc_column_text][vc_column_text css=&#8221;&#8221;]<\/p>\n<h4>Pomembne informacije<\/h4>\n<p><strong>Parkiri\u0161\u010de za avtobuse:<\/strong> 25 brezpla\u010dnih parkirnih mest za avtobuse na voljo.<\/p>\n<p><strong>Vstopnice:<\/strong> Skupinske cene veljajo od 20 oseb naprej. Vstopnico za celotno skupino kupi ena oseba.<\/p>\n<p><strong>\u0160tevilo prostih vstopov na avtobus:<\/strong> Od 20 oseb v skupini, ki pla\u010dajo \u2013 1 voznik\/vodnik brezpla\u010dno. Od 30 oseb, ki pla\u010dajo \u2013 2 voznika\/vodnika brezpla\u010dno.[\/vc_column_text][\/vc_column][vc_column width=&#8221;1\/2&#8243;][vc_column_text css=&#8221;&#8221;]<strong>\u0160tevilo prostih vstopov pri \u0161olskih skupinah:<\/strong> Na 10 u\u010dencev 1 spremljevalna oseba prejme prost vstop. Ob obisku v okviru \u0161olskega izleta veljajo cene za \u0161olske skupine tudi za starej\u0161e dijake (do maks. 20 let).<\/p>\n<p><strong>Trajanje obiska miniaturnega parka:<\/strong> 2 do 3 ure<\/p>\n<p><strong>Trajanje obiska notranjega do\u017eivljajskega sveta:<\/strong> 1 ura<\/p>\n<p><strong>Restavracija:<\/strong> 100 sede\u017eev znotraj, 400 sede\u017eev na son\u010dni terasi. <a href=\"https:\/\/www.minimundus.at\/wp-content\/uploads\/2025\/12\/Menuevorschlaege-Bus-2026.pdf\" target=\"_blank\" rel=\"noopener\">Tukaj<\/a> najdedete jedilnik za skupine. Rezervacija obvezna (st.kulinarium@me.com).<\/p>\n<p><strong>Oprema:<\/strong> invalidom prijazno<\/p>\n<p><strong>\u017divali:<\/strong> psi so dovoljeni \u2013 obvezno na povodcu<\/p>\n<p><strong>Informacije o modelih:<\/strong> vsi modeli in postaje so opisani v 4 jezikih (D, GB, I, SLO)<\/p>\n<p><strong>Vodeni ogledi <\/strong><strong>POLETI<\/strong><br \/>\nVoden ogled parka Minimundus je mogo\u010de naro\u010diti v nem\u0161\u010dini, angle\u0161\u010dini, sloven\u0161\u010dini ali hrva\u0161\u010dini ob predhodnem dogovoru.<br \/>\nVodeni ogled traja pribl. 45 minut.<br \/>\nDopla\u010dilo za vodenje: 2,50 \u20ac na osebo oz. min. \u20ac 50,- na voden ogled<\/p>\n<p><strong>Zima:<\/strong> Miniaturni park je omejeno prehoden in modeli so ve\u010dinimo pokriti.<\/p>\n<p><strong>Odpiralni \u010das:<\/strong> Opozarjamo, da nimamo odprto vse skozi leto.[\/vc_column_text][\/vc_column][\/vc_row]<\/p><\/div><input class=\"fooboxshare_post_id\" type=\"hidden\" value=\"2930\"\/>","protected":false},"excerpt":{"rendered":"<p>[vc_row][vc_column width=&#8221;1\/2&#8243;][vc_column_text css=&#8221;.vc_custom_1658244304975{padding-right: 50px !important;}&#8221; el_class=&#8221;greybox&#8221;] TAKO HITRO LAHKO OBKRO\u017dITE SVET Skupinska potovanja poleti Minimundus \u017ee nad 60 let sodi med najbolj priljubljene izletni\u0161ke cilje avstrijske Koro\u0161ke. Z velikim notranjim prostorom se park ni le pove\u010dal, temve\u010d je primeren za obisk ob vsakem vremenu. Minimundus le\u017ei med slikovitim Europaparkom v neposredni bli\u017eini Vrbskega jezera in&hellip;<\/p>\n","protected":false},"author":1,"featured_media":1362,"parent":0,"menu_order":0,"comment_status":"closed","ping_status":"closed","template":"","meta":{"inline_featured_image":false,"footnotes":""},"class_list":["post-2930","page","type-page","status-publish","has-post-thumbnail","hentry","description-off"],"_links":{"self":[{"href":"https:\/\/www.minimundus.at\/sl\/wp-json\/wp\/v2\/pages\/2930","targetHints":{"allow":["GET"]}}],"collection":[{"href":"https:\/\/www.minimundus.at\/sl\/wp-json\/wp\/v2\/pages"}],"about":[{"href":"https:\/\/www.minimundus.at\/sl\/wp-json\/wp\/v2\/types\/page"}],"author":[{"embeddable":true,"href":"https:\/\/www.minimundus.at\/sl\/wp-json\/wp\/v2\/users\/1"}],"replies":[{"embeddable":true,"href":"https:\/\/www.minimundus.at\/sl\/wp-json\/wp\/v2\/comments?post=2930"}],"version-history":[{"count":12,"href":"https:\/\/www.minimundus.at\/sl\/wp-json\/wp\/v2\/pages\/2930\/revisions"}],"predecessor-version":[{"id":12959,"href":"https:\/\/www.minimundus.at\/sl\/wp-json\/wp\/v2\/pages\/2930\/revisions\/12959"}],"wp:featuredmedia":[{"embeddable":true,"href":"https:\/\/www.minimundus.at\/sl\/wp-json\/wp\/v2\/media\/1362"}],"wp:attachment":[{"href":"https:\/\/www.minimundus.at\/sl\/wp-json\/wp\/v2\/media?parent=2930"}],"curies":[{"name":"wp","href":"https:\/\/api.w.org\/{rel}","templated":true}]}}