{"id":2948,"date":"2016-09-16T13:52:53","date_gmt":"2016-09-16T11:52:53","guid":{"rendered":"https:\/\/2022.minimundus.at\/sl\/?page_id=2948"},"modified":"2025-12-12T11:53:31","modified_gmt":"2025-12-12T10:53:31","slug":"solski-razredi","status":"publish","type":"page","link":"https:\/\/www.minimundus.at\/sl\/solski-razredi\/","title":{"rendered":"\u0160olske skupine"},"content":{"rendered":"<div class=\"wpb-content-wrapper\"><p>[vc_row][vc_column width=&#8221;1\/2&#8243;][vc_column_text css=&#8221;.vc_custom_1659341981863{padding-right: 50px !important;}&#8221; el_class=&#8221;greybox&#8221;]<\/p>\n<h3>\u0160OLSKI RAZREDI V MINIMUNDUSU<\/h3>\n<h2>Tako je u\u010denje zelo zabavno!<\/h2>\n<h4>S svojimi u\u010denci se odpravite na pot raziskovanja v Minimundus.<\/h4>\n<p>Na pou\u010den na\u010din bodo u\u010denci izvedeli vse o zgodovini, geografskih danostih, razli\u010dnih gradbenih slogih in umetni\u0161kih epohah najlep\u0161ih zgradb na Zemlji. \u00a0U\u010denje na sve\u017eem zraku ni le la\u017eje, temve\u010d tudi razburljivej\u0161e.\u00a0Velik notranji prostor je ob tem idealna dopolnitev zunanjega parka in zagotavlja pou\u010den in razburljiv \u0161olski izlet tudi ob nestanovitnem vremenu![\/vc_column_text][\/vc_column][vc_column width=&#8221;1\/2&#8243; css=&#8221;.vc_custom_1468227594612{padding-bottom: 100px !important;background-color: #0056a4 !important;}&#8221;][vc_single_image image=&#8221;7240&#8243; img_size=&#8221;500&#215;400&#8243; css=&#8221;.vc_custom_1471357188549{margin-left: -40px !important;}&#8221;][\/vc_column][\/vc_row][vc_row css=&#8221;.vc_custom_1468227581044{margin-top: 0px !important;border-top-width: 0px !important;padding-top: 0px !important;background-color: #e9f6fe !important;}&#8221;][vc_column width=&#8221;1\/2&#8243;]<style type=\"text\/css\" data-type=\"the7_shortcodes-inline-css\">.gallery-carousel-shortcode.gallery-carousel-shortcode-id-9b19268eec3e335541efdc820b3ad4ff.owl-carousel .owl-nav div {\n  width: 36px;\n  height: 36px;\n  border-radius: 500px;\n}\n.dt-arrow-border-on.gallery-carousel-shortcode.gallery-carousel-shortcode-id-9b19268eec3e335541efdc820b3ad4ff.owl-carousel .owl-nav div:not(:hover):before {\n  border-width: 0px;\n}\n.dt-arrow-hover-border-on.gallery-carousel-shortcode.gallery-carousel-shortcode-id-9b19268eec3e335541efdc820b3ad4ff.owl-carousel .owl-nav div:hover:after {\n  border-width: 0px;\n}\n.gallery-carousel-shortcode.gallery-carousel-shortcode-id-9b19268eec3e335541efdc820b3ad4ff.owl-carousel .owl-nav div.owl-prev {\n  top: 50%;\n  transform: translateY(calc(-50% + 0px));\n  left: 10px;\n}\n@media all and (-ms-high-contrast: none) {\n  .gallery-carousel-shortcode.gallery-carousel-shortcode-id-9b19268eec3e335541efdc820b3ad4ff.owl-carousel .owl-nav div.owl-prev {\n    transform: translateY(-50%);\n    margin-top: 0px;\n  }\n}\n.gallery-carousel-shortcode.gallery-carousel-shortcode-id-9b19268eec3e335541efdc820b3ad4ff.owl-carousel .owl-nav div.owl-prev i {\n  padding: 0px 0px 0px 0px;\n}\n.gallery-carousel-shortcode.gallery-carousel-shortcode-id-9b19268eec3e335541efdc820b3ad4ff.owl-carousel .owl-nav div.owl-next {\n  top: 50%;\n  transform: translateY(calc(-50% + 0px));\n  right: 10px;\n}\n@media all and (-ms-high-contrast: none) {\n  .gallery-carousel-shortcode.gallery-carousel-shortcode-id-9b19268eec3e335541efdc820b3ad4ff.owl-carousel .owl-nav div.owl-next {\n    transform: translateY(-50%);\n    margin-top: 0px;\n  }\n}\n.gallery-carousel-shortcode.gallery-carousel-shortcode-id-9b19268eec3e335541efdc820b3ad4ff.owl-carousel .owl-nav div.owl-next i {\n  padding: 0px 0px 0px 0px;\n}\n.gallery-carousel-shortcode.gallery-carousel-shortcode-id-9b19268eec3e335541efdc820b3ad4ff.owl-carousel .owl-nav i {\n  font-size: 18px;\n}\n.gallery-carousel-shortcode.gallery-carousel-shortcode-id-9b19268eec3e335541efdc820b3ad4ff.owl-carousel .owl-nav div:not(:hover) i,\n.gallery-carousel-shortcode.gallery-carousel-shortcode-id-9b19268eec3e335541efdc820b3ad4ff.owl-carousel .owl-nav div:not(:hover) i:before {\n  color: #ffffff;\n  background: none;\n}\n.gallery-carousel-shortcode.gallery-carousel-shortcode-id-9b19268eec3e335541efdc820b3ad4ff.owl-carousel .owl-nav div:hover i,\n.gallery-carousel-shortcode.gallery-carousel-shortcode-id-9b19268eec3e335541efdc820b3ad4ff.owl-carousel .owl-nav div:hover i:before {\n  color: rgba(255,255,255,0.75);\n  background: none;\n}\n.gallery-carousel-shortcode.gallery-carousel-shortcode-id-9b19268eec3e335541efdc820b3ad4ff .owl-dots {\n  top: calc(100% + 20px);\n  left: 50%;\n  transform: translateX(calc(-50% + 0px));\n}\n@media all and (-ms-high-contrast: none) {\n  .gallery-carousel-shortcode.gallery-carousel-shortcode-id-9b19268eec3e335541efdc820b3ad4ff .owl-dots {\n    transform: translateX(-50%);\n    margin-left: 0px;\n  }\n}\n.gallery-carousel-shortcode.gallery-carousel-shortcode-id-9b19268eec3e335541efdc820b3ad4ff .owl-dot {\n  width: 10px;\n  height: 10px;\n  margin: 0 8px;\n}\n@media screen and (max-width: 778px) {\n  .gallery-carousel-shortcode.gallery-carousel-shortcode-id-9b19268eec3e335541efdc820b3ad4ff.hide-arrows .owl-nav a {\n    display: none;\n  }\n}\n@media screen and (max-width: 778px) {\n  .gallery-carousel-shortcode.gallery-carousel-shortcode-id-9b19268eec3e335541efdc820b3ad4ff.reposition-arrows .owl-nav div.owl-prev {\n    top: 50%;\n    transform: translateY(calc(-50% + 0px));\n    left: 10px;\n  }\n  .gallery-carousel-shortcode.gallery-carousel-shortcode-id-9b19268eec3e335541efdc820b3ad4ff.reposition-arrows .owl-nav div.owl-next {\n    top: 50%;\n    transform: translateY(calc(-50% + 0px));\n    right: 10px;\n  }\n}\n@media screen and (max-width: 778px) and all and (-ms-high-contrast: none) {\n  .gallery-carousel-shortcode.gallery-carousel-shortcode-id-9b19268eec3e335541efdc820b3ad4ff.reposition-arrows .owl-nav div.owl-prev {\n    transform: translateY(-50%);\n    margin-top: 0px;\n  }\n}\n@media screen and (max-width: 778px) and all and (-ms-high-contrast: none) {\n  .gallery-carousel-shortcode.gallery-carousel-shortcode-id-9b19268eec3e335541efdc820b3ad4ff.reposition-arrows .owl-nav div.owl-next {\n    transform: translateY(-50%);\n    margin-top: 0px;\n  }\n}\n.gallery-carousel-shortcode.gallery-carousel-shortcode-id-9b19268eec3e335541efdc820b3ad4ff figure,\n.gallery-carousel-shortcode.gallery-carousel-shortcode-id-9b19268eec3e335541efdc820b3ad4ff .rollover,\n.gallery-carousel-shortcode.gallery-carousel-shortcode-id-9b19268eec3e335541efdc820b3ad4ff img,\n.gallery-carousel-shortcode.gallery-carousel-shortcode-id-9b19268eec3e335541efdc820b3ad4ff .gallery-rollover {\n  border-radius: 0px;\n}\n.gallery-carousel-shortcode.gallery-carousel-shortcode-id-9b19268eec3e335541efdc820b3ad4ff.enable-bg-rollover .gallery-rollover {\n  background: -webkit-linear-gradient();\n  background: linear-gradient();\n}\n.gallery-carousel-shortcode.gallery-carousel-shortcode-id-9b19268eec3e335541efdc820b3ad4ff.enable-img-shadow .owl-stage-outer {\n  padding: 14px 0;\n}\n.gallery-carousel-shortcode.gallery-carousel-shortcode-id-9b19268eec3e335541efdc820b3ad4ff.enable-bg-rollover.hover-scale figure .rollover:after {\n  background: -webkit-linear-gradient();\n  background: linear-gradient();\n}\n.gallery-carousel-shortcode.gallery-carousel-shortcode-id-9b19268eec3e335541efdc820b3ad4ff.gallery-shortcode .gallery-zoom-ico {\n  width: 44px;\n  height: 44px;\n  line-height: 44px;\n  border-radius: 100px;\n  margin: -22px 0 0 -22px;\n  border-width: 0px;\n}\n.dt-icon-bg-on.gallery-carousel-shortcode.gallery-carousel-shortcode-id-9b19268eec3e335541efdc820b3ad4ff.gallery-shortcode .gallery-zoom-ico {\n  background: rgba(255,255,255,0.3);\n  box-shadow: none;\n}\n.gallery-carousel-shortcode.gallery-carousel-shortcode-id-9b19268eec3e335541efdc820b3ad4ff.gallery-shortcode .gallery-zoom-ico:before,\n.gallery-carousel-shortcode.gallery-carousel-shortcode-id-9b19268eec3e335541efdc820b3ad4ff.gallery-shortcode .gallery-zoom-ico span {\n  font-size: 32px;\n  line-height: 44px;\n  color: #ffffff;\n  background: none;\n}<\/style><div class=\"owl-carousel gallery-carousel-shortcode gallery-shortcode  dt-gallery-container dt-owl-carousel-call gallery-carousel-shortcode-id-9b19268eec3e335541efdc820b3ad4ff quick-scale-img enable-bg-rollover meta-info-off dt-arrow-border-on dt-arrow-hover-border-on bullets-small-dot-stroke reposition-arrows dt-icon-bg-off arrows-bg-on disable-arrows-hover-bg arrows-hover-bg-on  vc_custom_1702908478837 hover-fade \" data-scroll-mode=\"1\" data-col-num=\"1\" data-wide-col-num=\"1\" data-laptop-col=\"1\" data-h-tablet-columns-num=\"1\" data-v-tablet-columns-num=\"1\" data-phone-columns-num=\"1\" data-col-gap=\"10\" data-stage-padding=\"0\" data-speed=\"600\" data-autoplay=\"false\" data-autoplay_speed=\"6000\" data-arrows=\"true\" data-bullet=\"false\" data-next-icon=\"icon-ar-017-r\" data-prev-icon=\"icon-ar-017-l\" data-img-shadow-size=\"12px\" data-img-shadow-spread=\"3px\"><div data-post-id=\"6418\" data-date=\"2016-07-06T09:44:38+02:00\" data-name=\"spaceshuttle\"><figure class=\"post\"><a href=\"https:\/\/www.minimundus.at\/wp-content\/uploads\/2016\/07\/spaceshuttle.jpg\" class=\"rollover dt-pswp-item layzr-bg\" data-large_image_width=\"850\" data-large_image_height=\"576\" data-dt-img-description=\"\" title=\"spaceshuttle\"><img fetchpriority=\"high\" decoding=\"async\" class=\"preload-me owl-lazy-load aspect\" src=\"data:image\/svg+xml,%3Csvg%20xmlns%3D&#39;http%3A%2F%2Fwww.w3.org%2F2000%2Fsvg&#39;%20viewBox%3D&#39;0%200%20767%20576&#39;%2F%3E\" data-src=\"https:\/\/www.minimundus.at\/wp-content\/uploads\/2016\/07\/spaceshuttle-767x576.jpg\" data-srcset=\"https:\/\/www.minimundus.at\/wp-content\/uploads\/2016\/07\/spaceshuttle-767x576.jpg 767w\" loading=\"eager\" style=\"--ratio: 767 \/ 576\" sizes=\"(max-width: 767px) 100vw, 767px\" alt=\"\" width=\"767\" height=\"576\"  \/><span class=\"gallery-rollover\"><span class=\"gallery-zoom-ico icomoon-the7-font-the7-zoom-06\"><span><\/span><\/span><\/span><\/a><\/figure><\/div><div data-post-id=\"6415\" data-date=\"2016-07-06T09:43:06+02:00\" data-name=\"Tower-London-Detail\"><figure class=\"post\"><a href=\"https:\/\/www.minimundus.at\/wp-content\/uploads\/2016\/07\/Tower-London-Detail.jpg\" class=\"rollover dt-pswp-item layzr-bg\" data-large_image_width=\"850\" data-large_image_height=\"569\" data-dt-img-description=\"\" title=\"Tower-London-Detail\"><img decoding=\"async\" class=\"preload-me owl-lazy-load aspect\" src=\"data:image\/svg+xml,%3Csvg%20xmlns%3D&#39;http%3A%2F%2Fwww.w3.org%2F2000%2Fsvg&#39;%20viewBox%3D&#39;0%200%20758%20569&#39;%2F%3E\" data-src=\"https:\/\/www.minimundus.at\/wp-content\/uploads\/2016\/07\/Tower-London-Detail-758x569.jpg\" data-srcset=\"https:\/\/www.minimundus.at\/wp-content\/uploads\/2016\/07\/Tower-London-Detail-758x569.jpg 758w\" loading=\"eager\" style=\"--ratio: 758 \/ 569\" sizes=\"(max-width: 758px) 100vw, 758px\" alt=\"\" width=\"758\" height=\"569\"  \/><span class=\"gallery-rollover\"><span class=\"gallery-zoom-ico icomoon-the7-font-the7-zoom-06\"><span><\/span><\/span><\/span><\/a><\/figure><\/div><div data-post-id=\"6412\" data-date=\"2016-07-06T09:42:55+02:00\" data-name=\"Tower-London\"><figure class=\"post\"><a href=\"https:\/\/www.minimundus.at\/wp-content\/uploads\/2016\/07\/Tower-London.jpg\" class=\"rollover dt-pswp-item layzr-bg\" data-large_image_width=\"850\" data-large_image_height=\"563\" data-dt-img-description=\"\" title=\"Tower-London\"><img decoding=\"async\" class=\"preload-me owl-lazy-load aspect\" src=\"data:image\/svg+xml,%3Csvg%20xmlns%3D&#39;http%3A%2F%2Fwww.w3.org%2F2000%2Fsvg&#39;%20viewBox%3D&#39;0%200%20750%20563&#39;%2F%3E\" data-src=\"https:\/\/www.minimundus.at\/wp-content\/uploads\/2016\/07\/Tower-London-750x563.jpg\" data-srcset=\"https:\/\/www.minimundus.at\/wp-content\/uploads\/2016\/07\/Tower-London-750x563.jpg 750w\" loading=\"eager\" style=\"--ratio: 750 \/ 563\" sizes=\"(max-width: 750px) 100vw, 750px\" alt=\"\" width=\"750\" height=\"563\"  \/><span class=\"gallery-rollover\"><span class=\"gallery-zoom-ico icomoon-the7-font-the7-zoom-06\"><span><\/span><\/span><\/span><\/a><\/figure><\/div><div data-post-id=\"6409\" data-date=\"2016-07-06T09:41:11+02:00\" data-name=\"Churnburg-Su\u00cc\u0088dtirol\"><figure class=\"post\"><a href=\"https:\/\/www.minimundus.at\/wp-content\/uploads\/2016\/07\/Churnburg-Su\u00cc\u0088dtirol.jpg\" class=\"rollover dt-pswp-item layzr-bg\" data-large_image_width=\"850\" data-large_image_height=\"559\" data-dt-img-description=\"\" title=\"Churnburg-Su\u00cc\u0088dtirol\"><img decoding=\"async\" class=\"preload-me owl-lazy-load aspect\" src=\"data:image\/svg+xml,%3Csvg%20xmlns%3D&#39;http%3A%2F%2Fwww.w3.org%2F2000%2Fsvg&#39;%20viewBox%3D&#39;0%200%20745%20559&#39;%2F%3E\" data-src=\"https:\/\/www.minimundus.at\/wp-content\/uploads\/2016\/07\/Churnburg-Su\u00cc\u0088dtirol-745x559.jpg\" data-srcset=\"https:\/\/www.minimundus.at\/wp-content\/uploads\/2016\/07\/Churnburg-Su\u00cc\u0088dtirol-745x559.jpg 745w\" loading=\"eager\" style=\"--ratio: 745 \/ 559\" sizes=\"(max-width: 745px) 100vw, 745px\" alt=\"\" width=\"745\" height=\"559\"  \/><span class=\"gallery-rollover\"><span class=\"gallery-zoom-ico icomoon-the7-font-the7-zoom-06\"><span><\/span><\/span><\/span><\/a><\/figure><\/div><div data-post-id=\"6403\" data-date=\"2016-07-06T09:38:33+02:00\" data-name=\"Atomium\"><figure class=\"post\"><a href=\"https:\/\/www.minimundus.at\/wp-content\/uploads\/2016\/07\/Atomium.jpg\" class=\"rollover dt-pswp-item layzr-bg\" data-large_image_width=\"568\" data-large_image_height=\"850\" data-dt-img-description=\"\" title=\"Atomium\"><img decoding=\"async\" class=\"preload-me owl-lazy-load aspect\" src=\"data:image\/svg+xml,%3Csvg%20xmlns%3D&#39;http%3A%2F%2Fwww.w3.org%2F2000%2Fsvg&#39;%20viewBox%3D&#39;0%200%20568%20426&#39;%2F%3E\" data-src=\"https:\/\/www.minimundus.at\/wp-content\/uploads\/2016\/07\/Atomium-568x426.jpg\" data-srcset=\"https:\/\/www.minimundus.at\/wp-content\/uploads\/2016\/07\/Atomium-568x426.jpg 568w\" loading=\"eager\" style=\"--ratio: 568 \/ 426\" sizes=\"(max-width: 568px) 100vw, 568px\" alt=\"\" width=\"568\" height=\"426\"  \/><span class=\"gallery-rollover\"><span class=\"gallery-zoom-ico icomoon-the7-font-the7-zoom-06\"><span><\/span><\/span><\/span><\/a><\/figure><\/div><div data-post-id=\"6436\" data-date=\"2016-07-08T09:25:14+02:00\" data-name=\"Fischerbastei_Matthiaskirche\"><figure class=\"post\"><a href=\"https:\/\/www.minimundus.at\/wp-content\/uploads\/2016\/07\/Fischerbastei_Matthiaskirche.jpg\" class=\"rollover dt-pswp-item layzr-bg\" data-large_image_width=\"850\" data-large_image_height=\"569\" data-dt-img-description=\"\" title=\"Fischerbastei_Matthiaskirche\"><img decoding=\"async\" class=\"preload-me owl-lazy-load aspect\" src=\"data:image\/svg+xml,%3Csvg%20xmlns%3D&#39;http%3A%2F%2Fwww.w3.org%2F2000%2Fsvg&#39;%20viewBox%3D&#39;0%200%20758%20569&#39;%2F%3E\" data-src=\"https:\/\/www.minimundus.at\/wp-content\/uploads\/2016\/07\/Fischerbastei_Matthiaskirche-758x569.jpg\" data-srcset=\"https:\/\/www.minimundus.at\/wp-content\/uploads\/2016\/07\/Fischerbastei_Matthiaskirche-758x569.jpg 758w\" loading=\"eager\" style=\"--ratio: 758 \/ 569\" sizes=\"(max-width: 758px) 100vw, 758px\" alt=\"\" width=\"758\" height=\"569\"  \/><span class=\"gallery-rollover\"><span class=\"gallery-zoom-ico icomoon-the7-font-the7-zoom-06\"><span><\/span><\/span><\/span><\/a><\/figure><\/div><div data-post-id=\"6454\" data-date=\"2016-07-08T09:36:28+02:00\" data-name=\"Burg-Coca\"><figure class=\"post\"><a href=\"https:\/\/www.minimundus.at\/wp-content\/uploads\/2016\/07\/Burg-Coca.jpg\" class=\"rollover dt-pswp-item layzr-bg\" data-large_image_width=\"850\" data-large_image_height=\"566\" data-dt-img-description=\"\" title=\"Burg-Coca\"><img decoding=\"async\" class=\"preload-me owl-lazy-load aspect\" src=\"data:image\/svg+xml,%3Csvg%20xmlns%3D&#39;http%3A%2F%2Fwww.w3.org%2F2000%2Fsvg&#39;%20viewBox%3D&#39;0%200%20754%20566&#39;%2F%3E\" data-src=\"https:\/\/www.minimundus.at\/wp-content\/uploads\/2016\/07\/Burg-Coca-754x566.jpg\" data-srcset=\"https:\/\/www.minimundus.at\/wp-content\/uploads\/2016\/07\/Burg-Coca-754x566.jpg 754w\" loading=\"eager\" style=\"--ratio: 754 \/ 566\" sizes=\"(max-width: 754px) 100vw, 754px\" alt=\"\" width=\"754\" height=\"566\"  \/><span class=\"gallery-rollover\"><span class=\"gallery-zoom-ico icomoon-the7-font-the7-zoom-06\"><span><\/span><\/span><\/span><\/a><\/figure><\/div><div data-post-id=\"6427\" data-date=\"2016-07-08T09:20:31+02:00\" data-name=\"Radioteleskop-Effelsberg\"><figure class=\"post\"><a href=\"https:\/\/www.minimundus.at\/wp-content\/uploads\/2016\/07\/Radioteleskop-Effelsberg.jpg\" class=\"rollover dt-pswp-item layzr-bg\" data-large_image_width=\"850\" data-large_image_height=\"565\" data-dt-img-description=\"\" title=\"Radioteleskop-Effelsberg\"><img decoding=\"async\" class=\"preload-me owl-lazy-load aspect\" src=\"data:image\/svg+xml,%3Csvg%20xmlns%3D&#39;http%3A%2F%2Fwww.w3.org%2F2000%2Fsvg&#39;%20viewBox%3D&#39;0%200%20753%20565&#39;%2F%3E\" data-src=\"https:\/\/www.minimundus.at\/wp-content\/uploads\/2016\/07\/Radioteleskop-Effelsberg-753x565.jpg\" data-srcset=\"https:\/\/www.minimundus.at\/wp-content\/uploads\/2016\/07\/Radioteleskop-Effelsberg-753x565.jpg 753w\" loading=\"eager\" style=\"--ratio: 753 \/ 565\" sizes=\"(max-width: 753px) 100vw, 753px\" alt=\"\" width=\"753\" height=\"565\"  \/><span class=\"gallery-rollover\"><span class=\"gallery-zoom-ico icomoon-the7-font-the7-zoom-06\"><span><\/span><\/span><\/span><\/a><\/figure><\/div><div data-post-id=\"6550\" data-date=\"2016-07-24T14:56:11+02:00\" data-name=\"Opernhaus sydney 13\"><figure class=\"post\"><a href=\"https:\/\/www.minimundus.at\/wp-content\/uploads\/2016\/07\/Opernhaus-sydney-13.jpg\" class=\"rollover dt-pswp-item layzr-bg\" data-large_image_width=\"3008\" data-large_image_height=\"2000\" data-dt-img-description=\"\" title=\"Opernhaus sydney 13\"><img decoding=\"async\" class=\"preload-me owl-lazy-load aspect\" src=\"data:image\/svg+xml,%3Csvg%20xmlns%3D&#39;http%3A%2F%2Fwww.w3.org%2F2000%2Fsvg&#39;%20viewBox%3D&#39;0%200%202666%202000&#39;%2F%3E\" data-src=\"https:\/\/www.minimundus.at\/wp-content\/uploads\/2016\/07\/Opernhaus-sydney-13.jpg\" data-srcset=\"https:\/\/www.minimundus.at\/wp-content\/uploads\/2016\/07\/Opernhaus-sydney-13.jpg 2666w\" loading=\"eager\" style=\"--ratio: 2666 \/ 2000\" sizes=\"(max-width: 2666px) 100vw, 2666px\" alt=\"\" width=\"2666\" height=\"2000\"  \/><span class=\"gallery-rollover\"><span class=\"gallery-zoom-ico icomoon-the7-font-the7-zoom-06\"><span><\/span><\/span><\/span><\/a><\/figure><\/div><\/div>[\/vc_column][vc_column width=&#8221;1\/2&#8243;][vc_column_text css=&#8221;&#8221;]<\/p>\n<h4>\u00a0Vstopnine za \u0161olske razrede<\/h4>\n<p><strong>Poletna sezona 2026:<\/strong><br \/>\n\u20ac 11,00 \/ u\u010denca<\/p>\n<p><strong>Na vsakih 10 u\u010dencev 1 u\u010ditelj(ica) prejme prost vstop.<br \/>\n<\/strong>Nadaljnji odrasli spremljevalci pla\u010dajo 18,00 \u20ac na osebo.<\/p>\n<p><em>Ob obisku v okviru \u0161olskega izleta veljajo cene za otro\u0161ke skupine tudi za starej\u0161e \u0161olarje (do maks.<\/em> <em>20 let).<\/em><\/p>\n<p><strong>Vodeni ogledi:<\/strong><br \/>\nOdvisno od razpolo\u017eljivosti je mogo\u010de rezervirati tudi vodene oglede v nem\u0161\u010dini, angle\u0161\u010dini, sloven\u0161\u010dini ali hrva\u0161\u010dini. Ustrezno pro\u0161njo moramo\u00a0 prejeti najkasneje 14 dni pred prihodom.<\/p>\n<p><strong>Za vodeni ogled zara\u010dunamo dodatno 2,50 \u20ac na osebo.<\/strong><\/p>\n<p><strong>Restavracija<\/strong>: 100 sede\u017eev znotraj, 400 sede\u017eev na son\u010dni terasi. Tukaj najdedete<a href=\"https:\/\/www.minimundus.at\/wp-content\/uploads\/2025\/12\/Schulgruppenmenue-2026.pdf\" target=\"_blank\" rel=\"noopener\"> jedilnik za \u0161olske skupine<\/a>. Rezervacija obvezna (st.kulinarium@me.com).[\/vc_column_text][\/vc_column][\/vc_row]<\/p><\/div><input class=\"fooboxshare_post_id\" type=\"hidden\" value=\"2948\"\/>","protected":false},"excerpt":{"rendered":"<p>[vc_row][vc_column width=&#8221;1\/2&#8243;][vc_column_text css=&#8221;.vc_custom_1659341981863{padding-right: 50px !important;}&#8221; el_class=&#8221;greybox&#8221;] \u0160OLSKI RAZREDI V MINIMUNDUSU Tako je u\u010denje zelo zabavno! S svojimi u\u010denci se odpravite na pot raziskovanja v Minimundus. Na pou\u010den na\u010din bodo u\u010denci izvedeli vse o zgodovini, geografskih danostih, razli\u010dnih gradbenih slogih in umetni\u0161kih epohah najlep\u0161ih zgradb na Zemlji. \u00a0U\u010denje na sve\u017eem zraku ni le la\u017eje, temve\u010d tudi&hellip;<\/p>\n","protected":false},"author":1,"featured_media":1364,"parent":0,"menu_order":0,"comment_status":"closed","ping_status":"closed","template":"","meta":{"inline_featured_image":false,"footnotes":""},"class_list":["post-2948","page","type-page","status-publish","has-post-thumbnail","hentry","description-off"],"_links":{"self":[{"href":"https:\/\/www.minimundus.at\/sl\/wp-json\/wp\/v2\/pages\/2948","targetHints":{"allow":["GET"]}}],"collection":[{"href":"https:\/\/www.minimundus.at\/sl\/wp-json\/wp\/v2\/pages"}],"about":[{"href":"https:\/\/www.minimundus.at\/sl\/wp-json\/wp\/v2\/types\/page"}],"author":[{"embeddable":true,"href":"https:\/\/www.minimundus.at\/sl\/wp-json\/wp\/v2\/users\/1"}],"replies":[{"embeddable":true,"href":"https:\/\/www.minimundus.at\/sl\/wp-json\/wp\/v2\/comments?post=2948"}],"version-history":[{"count":12,"href":"https:\/\/www.minimundus.at\/sl\/wp-json\/wp\/v2\/pages\/2948\/revisions"}],"predecessor-version":[{"id":12963,"href":"https:\/\/www.minimundus.at\/sl\/wp-json\/wp\/v2\/pages\/2948\/revisions\/12963"}],"wp:featuredmedia":[{"embeddable":true,"href":"https:\/\/www.minimundus.at\/sl\/wp-json\/wp\/v2\/media\/1364"}],"wp:attachment":[{"href":"https:\/\/www.minimundus.at\/sl\/wp-json\/wp\/v2\/media?parent=2948"}],"curies":[{"name":"wp","href":"https:\/\/api.w.org\/{rel}","templated":true}]}}