{"id":3020,"date":"2016-09-19T12:11:51","date_gmt":"2016-09-19T10:11:51","guid":{"rendered":"https:\/\/2022.minimundus.at\/sl\/?page_id=3020"},"modified":"2024-01-09T12:46:44","modified_gmt":"2024-01-09T11:46:44","slug":"navodila-prihod","status":"publish","type":"page","link":"https:\/\/www.minimundus.at\/sl\/navodila-prihod\/","title":{"rendered":"Lokacija in prihod"},"content":{"rendered":"<div class=\"wpb-content-wrapper\"><p>[vc_row css=&#8221;.vc_custom_1469369245659{padding-bottom: 50px !important;}&#8221;][vc_column width=&#8221;1\/2&#8243;][vc_column_text css=&#8221;.vc_custom_1704800789033{padding-bottom: 20px !important;}&#8221;]<\/p>\n<h3>NASLOV ZA VA\u0160E POTOVANJE OKOLI SVETA<\/h3>\n<h2>Lokacija in prihod<\/h2>\n<h4>Minimundus le\u017ei ume\u0161\u010den med<br \/>\nslikovitim Europaparkom v<br \/>\nneposredni bli\u017eini\u00a0Vrbskega jezera<br \/>\nin o\u010darljivim mestom Celovec.<\/h4>\n<p>Minimundus neposredno ob avtocestnem izvozu A2<br \/>\nz zadostnim \u0161tevilom\u00a0parkirnih mest vse obiskovalce<br \/>\nvabi na potovanje okoli sveta v miniaturni izvedbi.<br \/>\nPodrobnosti o svojem prihodu najdete spodaj.<\/p>\n<h3><\/h3>\n<p><strong>Minimundus<\/strong><strong> GmbH<br \/>\n<\/strong>Villacher Strasse 241<br \/>\nA-9020 Klagenfurt am W\u00f6rthersee \/ Celovec ob Vrbskem jezeru<\/p>\n<p>T:\u00a0<a href=\"tel:0043463211940\">+43 (0) 463 21194-0<\/a><br \/>\nM: <a href=\"mailto:info@minimundus.at\">info@minimundus.at<\/a>[\/vc_column_text][\/vc_column][vc_column width=&#8221;1\/2&#8243; css=&#8221;.vc_custom_1469370643858{margin-top: -45px !important;background-color: #0056a4 !important;}&#8221;][vc_single_image image=&#8221;6628&#8243; img_size=&#8221;500&#215;300&#8243; css=&#8221;.vc_custom_1702907914440{margin-left: -50px !important;}&#8221;][vc_single_image image=&#8221;3121&#8243; img_size=&#8221;500&#215;300&#8243; css=&#8221;.vc_custom_1474444597477{margin-left: -50px !important;}&#8221;][\/vc_column][\/vc_row][vc_row][vc_column][vc_gmaps link=&#8221;#E-8_JTNDaWZyYW1lJTIwc3JjJTNEJTIyaHR0cHMlM0ElMkYlMkZ3d3cuZ29vZ2xlLmNvbSUyRm1hcHMlMkZlbWJlZCUzRnBiJTNEJTIxMW0xOCUyMTFtMTIlMjExbTMlMjExZDI3NDAuMzU2MzY2MzA0NzI5JTIxMmQxNC4yNjIyMTcwMTU5Mzc5MjglMjEzZDQ2LjYxOTcyMTM2MzYxNjg4JTIxMm0zJTIxMWYwJTIxMmYwJTIxM2YwJTIxM20yJTIxMWkxMDI0JTIxMmk3NjglMjE0ZjEzLjElMjEzbTMlMjExbTIlMjExczB4NDc3MDc0NmNmOWMzODJlNSUyNTNBMHgzNWY4NmNhZTQ3ZDhkN2I2JTIxMnNNaW5pbXVuZHVzJTIxNWUwJTIxM20yJTIxMXNkZSUyMTJzYXQlMjE0djE0Njg5NTIwMDIzNDklMjIlMjB3aWR0aCUzRCUyMjYwMCUyMiUyMGhlaWdodCUzRCUyMjQ1MCUyMiUyMGZyYW1lYm9yZGVyJTNEJTIyMCUyMiUyMHN0eWxlJTNEJTIyYm9yZGVyJTNBMCUyMiUyMGFsbG93ZnVsbHNjcmVlbiUzRSUzQyUyRmlmcmFtZSUzRQ==&#8221;][\/vc_column][\/vc_row][vc_row gap=&#8221;15&#8243; el_class=&#8221;blueheader&#8221;][vc_column width=&#8221;1\/3&#8243; css=&#8221;.vc_custom_1469368898359{margin-top: 0px !important;border-top-width: 0px !important;border-right-width: 1px !important;padding-top: 0px !important;border-right-color: #0056a4 !important;border-right-style: solid !important;border-top-color: #0056a4 !important;border-top-style: solid !important;border-radius: 1px !important;}&#8221;][vc_column_text]<\/p>\n<h4>Z avtomobilom<\/h4>\n<p><strong>Avtocesta A2 \u2013 iz smeri Gradca:<br \/>\n<\/strong>Izberite izvoz 317, Klagenfurt-West.\u00a0Zatem izberite izvoz Klagenfurt-W\u00f6rthersee \/ Minimundus\u00a0in ste le \u0161e 300 m oddaljeni od vhoda v park.<\/p>\n<p><strong>Avtocesta A2 \u2013 iz smeri Beljak\/Italija:<br \/>\n<\/strong>Izberite izvoz Klagenfurt-W\u00f6rthersee v smeri Wien, Graz. Zatem izberite izvoz Klagenfurt-W\u00f6rthersee \/ Minimundus\u00a0in ste le \u0161e 300 m oddaljeni od vhoda v park.[\/vc_column_text][\/vc_column][vc_column width=&#8221;1\/3&#8243; css=&#8221;.vc_custom_1469369154304{margin-top: 0px !important;border-top-width: 0px !important;border-right-width: 1px !important;padding-top: 0px !important;border-right-color: #0056a4 !important;border-right-style: solid !important;border-top-color: #0056a4 !important;border-top-style: solid !important;border-radius: 1px !important;}&#8221;][vc_column_text]<\/p>\n<h4>Z vlakom<\/h4>\n<p>Prihod z vlakom do \u017eelezni\u0161ke postaje &#8216;KLAGENFURT WEST&#8217;. Od tam je le \u0161e nekaj korakov do vhoda v Minimundus!\u00a0Do voznega reda Avstrijskih \u017eeleznic \u00d6BB dostopate <a href=\"http:\/\/fahrplan.oebb.at\/bin\/help.exe\/dn?tpl=inputgen_start&amp;L=vs_inputgen\" target=\"_blank\" rel=\"noopener\">tukaj<\/a>.<\/p>\n<h4 class=\"bodytext\"><\/h4>\n<h4 class=\"bodytext\">\u00a0<strong>Z letalom<\/strong><\/h4>\n<p>Letali\u0161\u010de Celovec se nahaja 10 minut oddaljenosti z avtomobilom od Minimundusa. Z letali\u0161\u010da se do Minimundusa lahko odpravite z javnim prevoznim sredstvom mesta Celovec. Informacije o letali\u0161\u010du Celovec najdete <a href=\"https:\/\/airport-klagenfurt.at\/de\/home\" target=\"_blank\" rel=\"noopener\">tukaj<\/a>.[\/vc_column_text][\/vc_column][vc_column width=&#8221;1\/3&#8243;][vc_column_text]<\/p>\n<h4>Z avtobusom<\/h4>\n<p>Liniji 10 in 20 Komunalnega podjetja Celovec ustavita na avtobusni postaji &#8216;Minimundus&#8217;, ki se nahaja le nekaj korakov stran od na\u0161ega vhoda v park. Vozne rede najdete na doma\u010di strani <a href=\"https:\/\/www.stw.at\/privat\/mobilitaet\/\" target=\"_blank\" rel=\"noopener\">Stadtwerke Klagenfurt.<\/a><\/p>\n<p>Postajali\u0161\u010de &#8216;Minimundus&#8217;\u00a0za avtobuse Avstrijskih \u017eeleznic \u00d6BB in prevoznika Postbus se nahaja le nekaj metrov oddaljenosti od vhoda v Minimundus. Vozne rede najdete na doma\u010di strani <a href=\"http:\/\/www.oebb.at\/\" target=\"_blank\" rel=\"noopener\">\u00d6BB<\/a>\u00a0oz. <a href=\"http:\/\/www.postbus.at\/\" target=\"_blank\" rel=\"noopener\">Postbusse<\/a>.[\/vc_column_text][\/vc_column][\/vc_row][vc_row][vc_column][\/vc_column][\/vc_row]<\/p><\/div><input class=\"fooboxshare_post_id\" type=\"hidden\" value=\"3020\"\/>","protected":false},"excerpt":{"rendered":"<p>[vc_row css=&#8221;.vc_custom_1469369245659{padding-bottom: 50px !important;}&#8221;][vc_column width=&#8221;1\/2&#8243;][vc_column_text css=&#8221;.vc_custom_1704800789033{padding-bottom: 20px !important;}&#8221;] NASLOV ZA VA\u0160E POTOVANJE OKOLI SVETA Lokacija in prihod Minimundus le\u017ei ume\u0161\u010den med slikovitim Europaparkom v neposredni bli\u017eini\u00a0Vrbskega jezera in o\u010darljivim mestom Celovec. Minimundus neposredno ob avtocestnem izvozu A2 z zadostnim \u0161tevilom\u00a0parkirnih mest vse obiskovalce vabi na potovanje okoli sveta v miniaturni izvedbi. Podrobnosti o svojem prihodu&hellip;<\/p>\n","protected":false},"author":1,"featured_media":3108,"parent":0,"menu_order":0,"comment_status":"closed","ping_status":"closed","template":"","meta":{"inline_featured_image":false,"footnotes":""},"class_list":["post-3020","page","type-page","status-publish","has-post-thumbnail","hentry","description-off"],"_links":{"self":[{"href":"https:\/\/www.minimundus.at\/sl\/wp-json\/wp\/v2\/pages\/3020","targetHints":{"allow":["GET"]}}],"collection":[{"href":"https:\/\/www.minimundus.at\/sl\/wp-json\/wp\/v2\/pages"}],"about":[{"href":"https:\/\/www.minimundus.at\/sl\/wp-json\/wp\/v2\/types\/page"}],"author":[{"embeddable":true,"href":"https:\/\/www.minimundus.at\/sl\/wp-json\/wp\/v2\/users\/1"}],"replies":[{"embeddable":true,"href":"https:\/\/www.minimundus.at\/sl\/wp-json\/wp\/v2\/comments?post=3020"}],"version-history":[{"count":11,"href":"https:\/\/www.minimundus.at\/sl\/wp-json\/wp\/v2\/pages\/3020\/revisions"}],"predecessor-version":[{"id":12099,"href":"https:\/\/www.minimundus.at\/sl\/wp-json\/wp\/v2\/pages\/3020\/revisions\/12099"}],"wp:featuredmedia":[{"embeddable":true,"href":"https:\/\/www.minimundus.at\/sl\/wp-json\/wp\/v2\/media\/3108"}],"wp:attachment":[{"href":"https:\/\/www.minimundus.at\/sl\/wp-json\/wp\/v2\/media?parent=3020"}],"curies":[{"name":"wp","href":"https:\/\/api.w.org\/{rel}","templated":true}]}}