{"id":3074,"date":"2016-09-19T12:47:18","date_gmt":"2016-09-19T10:47:18","guid":{"rendered":"https:\/\/2022.minimundus.at\/sl\/?page_id=3074"},"modified":"2024-05-02T11:51:09","modified_gmt":"2024-05-02T09:51:09","slug":"park-nacrt","status":"publish","type":"page","link":"https:\/\/www.minimundus.at\/sl\/park-nacrt\/","title":{"rendered":"Na\u010drt parka"},"content":{"rendered":"<h2>Na\u0161 <a href=\"https:\/\/www.minimundus.at\/wp-content\/uploads\/2024\/05\/Lageplan_A4_2024_SLO.pdf\" target=\"_blank\" rel=\"noopener\"><em>na\u010drt<\/em> <\/a>parka vam nudi pregled na\u0161ih znamenitosti.<\/h2><input class=\"fooboxshare_post_id\" type=\"hidden\" value=\"3074\"\/>","protected":false},"excerpt":{"rendered":"<p>Na\u0161 na\u010drt parka vam nudi pregled na\u0161ih znamenitosti.<\/p>\n","protected":false},"author":1,"featured_media":0,"parent":0,"menu_order":0,"comment_status":"closed","ping_status":"closed","template":"","meta":{"inline_featured_image":false,"footnotes":""},"class_list":["post-3074","page","type-page","status-publish","hentry","description-off"],"_links":{"self":[{"href":"https:\/\/www.minimundus.at\/sl\/wp-json\/wp\/v2\/pages\/3074","targetHints":{"allow":["GET"]}}],"collection":[{"href":"https:\/\/www.minimundus.at\/sl\/wp-json\/wp\/v2\/pages"}],"about":[{"href":"https:\/\/www.minimundus.at\/sl\/wp-json\/wp\/v2\/types\/page"}],"author":[{"embeddable":true,"href":"https:\/\/www.minimundus.at\/sl\/wp-json\/wp\/v2\/users\/1"}],"replies":[{"embeddable":true,"href":"https:\/\/www.minimundus.at\/sl\/wp-json\/wp\/v2\/comments?post=3074"}],"version-history":[{"count":5,"href":"https:\/\/www.minimundus.at\/sl\/wp-json\/wp\/v2\/pages\/3074\/revisions"}],"predecessor-version":[{"id":12322,"href":"https:\/\/www.minimundus.at\/sl\/wp-json\/wp\/v2\/pages\/3074\/revisions\/12322"}],"wp:attachment":[{"href":"https:\/\/www.minimundus.at\/sl\/wp-json\/wp\/v2\/media?parent=3074"}],"curies":[{"name":"wp","href":"https:\/\/api.w.org\/{rel}","templated":true}]}}