{"id":3486,"date":"2016-11-22T13:01:20","date_gmt":"2016-11-22T12:01:20","guid":{"rendered":"https:\/\/2022.minimundus.at\/sl\/?page_id=3486"},"modified":"2025-11-20T10:01:32","modified_gmt":"2025-11-20T09:01:32","slug":"prireditve-2","status":"publish","type":"page","link":"https:\/\/www.minimundus.at\/sl\/prireditve-2\/","title":{"rendered":"Prireditve"},"content":{"rendered":"<div class=\"wpb-content-wrapper\"><p>[vc_row][vc_column width=&#8221;1\/2&#8243;][vc_column_text css=&#8221;.vc_custom_1763629289488{padding-right: 50px !important;}&#8221; el_class=&#8221;greybox&#8221;]<\/p>\n<h3>PRIREDITVE POLETI<\/h3>\n<h2>Music around<br \/>\nthe World<\/h2>\n<h4>Glasba z vsega sveta bo pred<br \/>\nedinstveno kuliso Minimundusa<br \/>\nposkrbela za brezmejno zvo\u010dno do\u017eivetje!<\/h4>\n<p>Vsako sredo v juliju in avgustu v okviru\u00a0prireditvenega niza &#8216;Music\u00a0around\u00a0the world&#8217; nastopajo mednarodni umetniki\u00a0na odru na prostem v Minimundusu. Na voljo je<br \/>\npester program, ki sega od soula,\u00a0swinga, d\u017eeza pa vse do dunajskih skladb.<\/p>\n<p><strong>Do\u017eivite Minimundus pono\u010di!<\/strong><br \/>\n<strong>Glasbeni program se vsaki\u010d pri\u010dne ob 20.30 uri.<br \/>\n<\/strong><strong>Koncert je vklju\u010den v ceno vstopnice!<\/strong><\/p>\n<p>&nbsp;<\/p>\n<h3>VSAKO SREDO ZVE\u010cER V JULIJU IN AVGUSTU!<\/h3>\n<h2>Festivalska vstopnica<br \/>\nMinimundus<\/h2>\n<p>Festivalska vstopnica Minimundus velja <strong>za 3 koncerte<\/strong> po va\u0161i izbiri v prireditvenem obdobju v juliju in avgustu. Ni je mogo\u010de kombinirati z drugimi popusti!<\/p>\n<p><strong>Festivalska vstopnica za odrasle (2026): 42<\/strong><strong>\u00a0evrov<\/strong><br \/>\n<strong>Festivalska vstopnica za otroke (6-15 let, 2026):<\/strong> <strong>21 evrov<br \/>\n<\/strong><strong>Otroci (0-5 let): prost vstop<\/strong><\/p>\n<p><strong><em><br \/>\nPridr\u017eujemo si pravico do spremembe programa.<br \/>\n<\/em><\/strong><em>V primeru, da bi morali koncert zaradi vremenskih razmer odpovedati ali ga pred odmorom prekiniti, isti ve\u010der prejmete vstopnico za naslednji koncert.<\/em> <em>Kasnej\u0161e vra\u010dilo vstopnice je izklju\u010deno.<\/em>[\/vc_column_text][\/vc_column][vc_column width=&#8221;1\/2&#8243; css=&#8221;.vc_custom_1469351022555{padding-bottom: 100px !important;background-color: #0056a4 !important;}&#8221; el_class=&#8221;bluebackground&#8221;]<style type=\"text\/css\" data-type=\"the7_shortcodes-inline-css\">.gallery-carousel-shortcode.gallery-carousel-shortcode-id-54de0a84eb8343b80b0cd6f06ecc9896.owl-carousel .owl-nav div {\n  width: 36px;\n  height: 36px;\n  border-radius: 500px;\n}\n.dt-arrow-border-on.gallery-carousel-shortcode.gallery-carousel-shortcode-id-54de0a84eb8343b80b0cd6f06ecc9896.owl-carousel .owl-nav div:not(:hover):before {\n  border-width: 0px;\n}\n.dt-arrow-hover-border-on.gallery-carousel-shortcode.gallery-carousel-shortcode-id-54de0a84eb8343b80b0cd6f06ecc9896.owl-carousel .owl-nav div:hover:after {\n  border-width: 0px;\n}\n.gallery-carousel-shortcode.gallery-carousel-shortcode-id-54de0a84eb8343b80b0cd6f06ecc9896.owl-carousel .owl-nav div.owl-prev {\n  top: 50%;\n  transform: translateY(calc(-50% + 0px));\n  left: 10px;\n}\n@media all and (-ms-high-contrast: none) {\n  .gallery-carousel-shortcode.gallery-carousel-shortcode-id-54de0a84eb8343b80b0cd6f06ecc9896.owl-carousel .owl-nav div.owl-prev {\n    transform: translateY(-50%);\n    margin-top: 0px;\n  }\n}\n.gallery-carousel-shortcode.gallery-carousel-shortcode-id-54de0a84eb8343b80b0cd6f06ecc9896.owl-carousel .owl-nav div.owl-prev i {\n  padding: 0px 0px 0px 0px;\n}\n.gallery-carousel-shortcode.gallery-carousel-shortcode-id-54de0a84eb8343b80b0cd6f06ecc9896.owl-carousel .owl-nav div.owl-next {\n  top: 50%;\n  transform: translateY(calc(-50% + 0px));\n  right: 10px;\n}\n@media all and (-ms-high-contrast: none) {\n  .gallery-carousel-shortcode.gallery-carousel-shortcode-id-54de0a84eb8343b80b0cd6f06ecc9896.owl-carousel .owl-nav div.owl-next {\n    transform: translateY(-50%);\n    margin-top: 0px;\n  }\n}\n.gallery-carousel-shortcode.gallery-carousel-shortcode-id-54de0a84eb8343b80b0cd6f06ecc9896.owl-carousel .owl-nav div.owl-next i {\n  padding: 0px 0px 0px 0px;\n}\n.gallery-carousel-shortcode.gallery-carousel-shortcode-id-54de0a84eb8343b80b0cd6f06ecc9896.owl-carousel .owl-nav i {\n  font-size: 18px;\n}\n.gallery-carousel-shortcode.gallery-carousel-shortcode-id-54de0a84eb8343b80b0cd6f06ecc9896.owl-carousel .owl-nav div:not(:hover) i,\n.gallery-carousel-shortcode.gallery-carousel-shortcode-id-54de0a84eb8343b80b0cd6f06ecc9896.owl-carousel .owl-nav div:not(:hover) i:before {\n  color: #ffffff;\n  background: none;\n}\n.gallery-carousel-shortcode.gallery-carousel-shortcode-id-54de0a84eb8343b80b0cd6f06ecc9896.owl-carousel .owl-nav div:hover i,\n.gallery-carousel-shortcode.gallery-carousel-shortcode-id-54de0a84eb8343b80b0cd6f06ecc9896.owl-carousel .owl-nav div:hover i:before {\n  color: rgba(255,255,255,0.75);\n  background: none;\n}\n.gallery-carousel-shortcode.gallery-carousel-shortcode-id-54de0a84eb8343b80b0cd6f06ecc9896 .owl-dots {\n  top: calc(100% + 5px);\n  left: 50%;\n  transform: translateX(calc(-50% + 0px));\n}\n@media all and (-ms-high-contrast: none) {\n  .gallery-carousel-shortcode.gallery-carousel-shortcode-id-54de0a84eb8343b80b0cd6f06ecc9896 .owl-dots {\n    transform: translateX(-50%);\n    margin-left: 0px;\n  }\n}\n.gallery-carousel-shortcode.gallery-carousel-shortcode-id-54de0a84eb8343b80b0cd6f06ecc9896 .owl-dot {\n  width: 10px;\n  height: 10px;\n  margin: 0 8px;\n}\n@media screen and (max-width: 778px) {\n  .gallery-carousel-shortcode.gallery-carousel-shortcode-id-54de0a84eb8343b80b0cd6f06ecc9896.hide-arrows .owl-nav a {\n    display: none;\n  }\n}\n@media screen and (max-width: 778px) {\n  .gallery-carousel-shortcode.gallery-carousel-shortcode-id-54de0a84eb8343b80b0cd6f06ecc9896.reposition-arrows .owl-nav div.owl-prev {\n    top: 50%;\n    transform: translateY(calc(-50% + 0px));\n    left: 10px;\n  }\n  .gallery-carousel-shortcode.gallery-carousel-shortcode-id-54de0a84eb8343b80b0cd6f06ecc9896.reposition-arrows .owl-nav div.owl-next {\n    top: 50%;\n    transform: translateY(calc(-50% + 0px));\n    right: 10px;\n  }\n}\n@media screen and (max-width: 778px) and all and (-ms-high-contrast: none) {\n  .gallery-carousel-shortcode.gallery-carousel-shortcode-id-54de0a84eb8343b80b0cd6f06ecc9896.reposition-arrows .owl-nav div.owl-prev {\n    transform: translateY(-50%);\n    margin-top: 0px;\n  }\n}\n@media screen and (max-width: 778px) and all and (-ms-high-contrast: none) {\n  .gallery-carousel-shortcode.gallery-carousel-shortcode-id-54de0a84eb8343b80b0cd6f06ecc9896.reposition-arrows .owl-nav div.owl-next {\n    transform: translateY(-50%);\n    margin-top: 0px;\n  }\n}\n.gallery-carousel-shortcode.gallery-carousel-shortcode-id-54de0a84eb8343b80b0cd6f06ecc9896 figure,\n.gallery-carousel-shortcode.gallery-carousel-shortcode-id-54de0a84eb8343b80b0cd6f06ecc9896 .rollover,\n.gallery-carousel-shortcode.gallery-carousel-shortcode-id-54de0a84eb8343b80b0cd6f06ecc9896 img,\n.gallery-carousel-shortcode.gallery-carousel-shortcode-id-54de0a84eb8343b80b0cd6f06ecc9896 .gallery-rollover {\n  border-radius: 0px;\n}\n.gallery-carousel-shortcode.gallery-carousel-shortcode-id-54de0a84eb8343b80b0cd6f06ecc9896.enable-bg-rollover .gallery-rollover {\n  background: -webkit-linear-gradient();\n  background: linear-gradient();\n}\n.gallery-carousel-shortcode.gallery-carousel-shortcode-id-54de0a84eb8343b80b0cd6f06ecc9896.enable-img-shadow .owl-stage-outer {\n  padding: 14px 0;\n}\n.gallery-carousel-shortcode.gallery-carousel-shortcode-id-54de0a84eb8343b80b0cd6f06ecc9896.enable-bg-rollover.hover-scale figure .rollover:after {\n  background: -webkit-linear-gradient();\n  background: linear-gradient();\n}\n.gallery-carousel-shortcode.gallery-carousel-shortcode-id-54de0a84eb8343b80b0cd6f06ecc9896.gallery-shortcode .gallery-zoom-ico {\n  width: 44px;\n  height: 44px;\n  line-height: 44px;\n  border-radius: 100px;\n  margin: -22px 0 0 -22px;\n  border-width: 0px;\n}\n.dt-icon-bg-on.gallery-carousel-shortcode.gallery-carousel-shortcode-id-54de0a84eb8343b80b0cd6f06ecc9896.gallery-shortcode .gallery-zoom-ico {\n  background: rgba(255,255,255,0.3);\n  box-shadow: none;\n}\n.gallery-carousel-shortcode.gallery-carousel-shortcode-id-54de0a84eb8343b80b0cd6f06ecc9896.gallery-shortcode .gallery-zoom-ico:before,\n.gallery-carousel-shortcode.gallery-carousel-shortcode-id-54de0a84eb8343b80b0cd6f06ecc9896.gallery-shortcode .gallery-zoom-ico span {\n  font-size: 32px;\n  line-height: 44px;\n  color: #ffffff;\n  background: none;\n}<\/style><div class=\"owl-carousel gallery-carousel-shortcode gallery-shortcode  dt-gallery-container dt-owl-carousel-call gallery-carousel-shortcode-id-54de0a84eb8343b80b0cd6f06ecc9896 quick-scale-img enable-bg-rollover meta-info-off dt-arrow-border-on dt-arrow-hover-border-on bullets-small-dot-stroke reposition-arrows dt-icon-bg-off arrows-bg-on disable-arrows-hover-bg arrows-hover-bg-on  vc_custom_1678267693277 hover-fade \" data-scroll-mode=\"1\" data-col-num=\"1\" data-wide-col-num=\"1\" data-laptop-col=\"1\" data-h-tablet-columns-num=\"1\" data-v-tablet-columns-num=\"1\" data-phone-columns-num=\"1\" data-col-gap=\"10\" data-stage-padding=\"0\" data-speed=\"600\" data-autoplay=\"false\" data-autoplay_speed=\"6000\" data-arrows=\"true\" data-bullet=\"true\" data-next-icon=\"icon-ar-017-r\" data-prev-icon=\"icon-ar-017-l\" data-img-shadow-size=\"12px\" data-img-shadow-spread=\"3px\"><div data-post-id=\"6841\" data-date=\"2016-08-09T10:35:35+02:00\" data-name=\"Konzert Hans Thessink\"><figure class=\"post\"><a href=\"https:\/\/www.minimundus.at\/wp-content\/uploads\/2016\/07\/konzertthessink0635.jpg\" class=\"rollover dt-pswp-item layzr-bg\" data-large_image_width=\"4898\" data-large_image_height=\"3265\" data-dt-img-description=\"\" title=\"Konzert Hans Thessink\"><img fetchpriority=\"high\" decoding=\"async\" class=\"preload-me owl-lazy-load aspect\" src=\"data:image\/svg+xml,%3Csvg%20xmlns%3D&#39;http%3A%2F%2Fwww.w3.org%2F2000%2Fsvg&#39;%20viewBox%3D&#39;0%200%204353%203265&#39;%2F%3E\" data-src=\"https:\/\/www.minimundus.at\/wp-content\/uploads\/2016\/07\/konzertthessink0635.jpg\" data-srcset=\"https:\/\/www.minimundus.at\/wp-content\/uploads\/2016\/07\/konzertthessink0635.jpg 4353w\" loading=\"eager\" style=\"--ratio: 4353 \/ 3265\" sizes=\"(max-width: 4353px) 100vw, 4353px\" alt=\"\" width=\"4353\" height=\"3265\"  \/><span class=\"gallery-rollover\"><span class=\"gallery-zoom-ico icomoon-the7-font-the7-zoom-06\"><span><\/span><\/span><\/span><\/a><\/figure><\/div><div data-post-id=\"6844\" data-date=\"2016-08-09T10:36:03+02:00\" data-name=\"Konzert Hans Thessink\"><figure class=\"post\"><a href=\"https:\/\/www.minimundus.at\/wp-content\/uploads\/2016\/07\/konzertthessink0646.jpg\" class=\"rollover dt-pswp-item layzr-bg\" data-large_image_width=\"4898\" data-large_image_height=\"3265\" data-dt-img-description=\"\" title=\"Konzert Hans Thessink\"><img decoding=\"async\" class=\"preload-me owl-lazy-load aspect\" src=\"data:image\/svg+xml,%3Csvg%20xmlns%3D&#39;http%3A%2F%2Fwww.w3.org%2F2000%2Fsvg&#39;%20viewBox%3D&#39;0%200%204353%203265&#39;%2F%3E\" data-src=\"https:\/\/www.minimundus.at\/wp-content\/uploads\/2016\/07\/konzertthessink0646.jpg\" data-srcset=\"https:\/\/www.minimundus.at\/wp-content\/uploads\/2016\/07\/konzertthessink0646.jpg 4353w\" loading=\"eager\" style=\"--ratio: 4353 \/ 3265\" sizes=\"(max-width: 4353px) 100vw, 4353px\" alt=\"\" width=\"4353\" height=\"3265\"  \/><span class=\"gallery-rollover\"><span class=\"gallery-zoom-ico icomoon-the7-font-the7-zoom-06\"><span><\/span><\/span><\/span><\/a><\/figure><\/div><div data-post-id=\"6847\" data-date=\"2016-08-09T10:36:20+02:00\" data-name=\"Konzert Hans Thessink\"><figure class=\"post\"><a href=\"https:\/\/www.minimundus.at\/wp-content\/uploads\/2016\/07\/konzertthessink0641.jpg\" class=\"rollover dt-pswp-item layzr-bg\" data-large_image_width=\"4898\" data-large_image_height=\"3265\" data-dt-img-description=\"\" title=\"Konzert Hans Thessink\"><img decoding=\"async\" class=\"preload-me owl-lazy-load aspect\" src=\"data:image\/svg+xml,%3Csvg%20xmlns%3D&#39;http%3A%2F%2Fwww.w3.org%2F2000%2Fsvg&#39;%20viewBox%3D&#39;0%200%204353%203265&#39;%2F%3E\" data-src=\"https:\/\/www.minimundus.at\/wp-content\/uploads\/2016\/07\/konzertthessink0641.jpg\" data-srcset=\"https:\/\/www.minimundus.at\/wp-content\/uploads\/2016\/07\/konzertthessink0641.jpg 4353w\" loading=\"eager\" style=\"--ratio: 4353 \/ 3265\" sizes=\"(max-width: 4353px) 100vw, 4353px\" alt=\"\" width=\"4353\" height=\"3265\"  \/><span class=\"gallery-rollover\"><span class=\"gallery-zoom-ico icomoon-the7-font-the7-zoom-06\"><span><\/span><\/span><\/span><\/a><\/figure><\/div><div data-post-id=\"6856\" data-date=\"2016-08-09T10:38:21+02:00\" data-name=\"\u00dcberblick 07  (2011 (c) Weichselbraun)\"><figure class=\"post\"><a href=\"https:\/\/www.minimundus.at\/wp-content\/uploads\/2016\/07\/\u00dcberblick-07-2011-c-Weichselbraun.jpg\" class=\"rollover dt-pswp-item layzr-bg\" data-large_image_width=\"5616\" data-large_image_height=\"3744\" data-dt-img-description=\"\" title=\"\u00dcberblick 07  (2011 (c) Weichselbraun)\"><img decoding=\"async\" class=\"preload-me owl-lazy-load aspect\" src=\"data:image\/svg+xml,%3Csvg%20xmlns%3D&#39;http%3A%2F%2Fwww.w3.org%2F2000%2Fsvg&#39;%20viewBox%3D&#39;0%200%204992%203744&#39;%2F%3E\" data-src=\"https:\/\/www.minimundus.at\/wp-content\/uploads\/2016\/07\/\u00dcberblick-07-2011-c-Weichselbraun.jpg\" data-srcset=\"https:\/\/www.minimundus.at\/wp-content\/uploads\/2016\/07\/\u00dcberblick-07-2011-c-Weichselbraun.jpg 4992w\" loading=\"eager\" style=\"--ratio: 4992 \/ 3744\" sizes=\"(max-width: 4992px) 100vw, 4992px\" alt=\"\" width=\"4992\" height=\"3744\"  \/><span class=\"gallery-rollover\"><span class=\"gallery-zoom-ico icomoon-the7-font-the7-zoom-06\"><span><\/span><\/span><\/span><\/a><\/figure><\/div><div data-post-id=\"6865\" data-date=\"2016-08-09T10:40:21+02:00\" data-name=\"Konzert Hans Thessink\"><figure class=\"post\"><a href=\"https:\/\/www.minimundus.at\/wp-content\/uploads\/2016\/07\/konzertthessink0669.jpg\" class=\"rollover dt-pswp-item layzr-bg\" data-large_image_width=\"4898\" data-large_image_height=\"3265\" data-dt-img-description=\"\" title=\"Konzert Hans Thessink\"><img decoding=\"async\" class=\"preload-me owl-lazy-load aspect\" src=\"data:image\/svg+xml,%3Csvg%20xmlns%3D&#39;http%3A%2F%2Fwww.w3.org%2F2000%2Fsvg&#39;%20viewBox%3D&#39;0%200%204353%203265&#39;%2F%3E\" data-src=\"https:\/\/www.minimundus.at\/wp-content\/uploads\/2016\/07\/konzertthessink0669.jpg\" data-srcset=\"https:\/\/www.minimundus.at\/wp-content\/uploads\/2016\/07\/konzertthessink0669.jpg 4353w\" loading=\"eager\" style=\"--ratio: 4353 \/ 3265\" sizes=\"(max-width: 4353px) 100vw, 4353px\" alt=\"\" width=\"4353\" height=\"3265\"  \/><span class=\"gallery-rollover\"><span class=\"gallery-zoom-ico icomoon-the7-font-the7-zoom-06\"><span><\/span><\/span><\/span><\/a><\/figure><\/div><div data-post-id=\"6868\" data-date=\"2016-08-09T10:41:02+02:00\" data-name=\"Gel\u00e4nde bei Nacht 003 (2008)\"><figure class=\"post\"><a href=\"https:\/\/www.minimundus.at\/wp-content\/uploads\/2016\/07\/Gel\u00e4nde-bei-Nacht-003-2008.jpg\" class=\"rollover dt-pswp-item layzr-bg\" data-large_image_width=\"3008\" data-large_image_height=\"2000\" data-dt-img-description=\"\" title=\"Gel\u00e4nde bei Nacht 003 (2008)\"><img decoding=\"async\" class=\"preload-me owl-lazy-load aspect\" src=\"data:image\/svg+xml,%3Csvg%20xmlns%3D&#39;http%3A%2F%2Fwww.w3.org%2F2000%2Fsvg&#39;%20viewBox%3D&#39;0%200%202666%202000&#39;%2F%3E\" data-src=\"https:\/\/www.minimundus.at\/wp-content\/uploads\/2016\/07\/Gel\u00e4nde-bei-Nacht-003-2008.jpg\" data-srcset=\"https:\/\/www.minimundus.at\/wp-content\/uploads\/2016\/07\/Gel\u00e4nde-bei-Nacht-003-2008.jpg 2666w\" loading=\"eager\" style=\"--ratio: 2666 \/ 2000\" sizes=\"(max-width: 2666px) 100vw, 2666px\" alt=\"\" width=\"2666\" height=\"2000\"  \/><span class=\"gallery-rollover\"><span class=\"gallery-zoom-ico icomoon-the7-font-the7-zoom-06\"><span><\/span><\/span><\/span><\/a><\/figure><\/div><div data-post-id=\"6874\" data-date=\"2016-08-09T11:03:10+02:00\" data-name=\"Miinimundus-Web-500x400\"><figure class=\"post\"><a href=\"https:\/\/www.minimundus.at\/wp-content\/uploads\/2016\/07\/Miinimundus-Web-500x400.jpg\" class=\"rollover dt-pswp-item layzr-bg\" data-large_image_width=\"506\" data-large_image_height=\"406\" data-dt-img-description=\"\" title=\"Miinimundus-Web-500&#215;400\"><img decoding=\"async\" class=\"preload-me owl-lazy-load aspect\" src=\"data:image\/svg+xml,%3Csvg%20xmlns%3D&#39;http%3A%2F%2Fwww.w3.org%2F2000%2Fsvg&#39;%20viewBox%3D&#39;0%200%20505%20379&#39;%2F%3E\" data-src=\"https:\/\/www.minimundus.at\/wp-content\/uploads\/2016\/07\/Miinimundus-Web-500x400-505x379.jpg\" data-srcset=\"https:\/\/www.minimundus.at\/wp-content\/uploads\/2016\/07\/Miinimundus-Web-500x400-505x379.jpg 505w, https:\/\/www.minimundus.at\/wp-content\/uploads\/2016\/07\/Miinimundus-Web-500x400-506x379.jpg 506w\" loading=\"eager\" style=\"--ratio: 505 \/ 379\" sizes=\"(max-width: 505px) 100vw, 505px\" alt=\"\" width=\"505\" height=\"379\"  \/><span class=\"gallery-rollover\"><span class=\"gallery-zoom-ico icomoon-the7-font-the7-zoom-06\"><span><\/span><\/span><\/span><\/a><\/figure><\/div><div data-post-id=\"11587\" data-date=\"2023-03-08T10:06:45+01:00\" data-name=\"(c)DerHandler\"><figure class=\"post\"><a href=\"https:\/\/www.minimundus.at\/wp-content\/uploads\/2023\/03\/cDerHandler.jpg\" class=\"rollover dt-pswp-item layzr-bg\" data-large_image_width=\"2048\" data-large_image_height=\"1365\" data-dt-img-description=\"\" title=\"(c)DerHandler\"><img decoding=\"async\" class=\"preload-me owl-lazy-load aspect\" src=\"data:image\/svg+xml,%3Csvg%20xmlns%3D&#39;http%3A%2F%2Fwww.w3.org%2F2000%2Fsvg&#39;%20viewBox%3D&#39;0%200%201820%201365&#39;%2F%3E\" data-src=\"https:\/\/www.minimundus.at\/wp-content\/uploads\/2023\/03\/cDerHandler-1820x1365.jpg\" data-srcset=\"https:\/\/www.minimundus.at\/wp-content\/uploads\/2023\/03\/cDerHandler-1820x1365.jpg 1820w\" loading=\"eager\" style=\"--ratio: 1820 \/ 1365\" sizes=\"(max-width: 1820px) 100vw, 1820px\" alt=\"\" width=\"1820\" height=\"1365\"  \/><span class=\"gallery-rollover\"><span class=\"gallery-zoom-ico icomoon-the7-font-the7-zoom-06\"><span><\/span><\/span><\/span><\/a><\/figure><\/div><\/div>[\/vc_column][\/vc_row]<\/p><\/div><input class=\"fooboxshare_post_id\" type=\"hidden\" value=\"3486\"\/>","protected":false},"excerpt":{"rendered":"<p>[vc_row][vc_column width=&#8221;1\/2&#8243;][vc_column_text css=&#8221;.vc_custom_1763629289488{padding-right: 50px !important;}&#8221; el_class=&#8221;greybox&#8221;] PRIREDITVE POLETI Music around the World Glasba z vsega sveta bo pred edinstveno kuliso Minimundusa poskrbela za brezmejno zvo\u010dno do\u017eivetje! Vsako sredo v juliju in avgustu v okviru\u00a0prireditvenega niza &#8216;Music\u00a0around\u00a0the world&#8217; nastopajo mednarodni umetniki\u00a0na odru na prostem v Minimundusu. Na voljo je pester program, ki sega od soula,\u00a0swinga, d\u017eeza&hellip;<\/p>\n","protected":false},"author":1,"featured_media":1132,"parent":0,"menu_order":0,"comment_status":"closed","ping_status":"closed","template":"","meta":{"inline_featured_image":false,"footnotes":""},"class_list":["post-3486","page","type-page","status-publish","has-post-thumbnail","hentry","description-off"],"_links":{"self":[{"href":"https:\/\/www.minimundus.at\/sl\/wp-json\/wp\/v2\/pages\/3486","targetHints":{"allow":["GET"]}}],"collection":[{"href":"https:\/\/www.minimundus.at\/sl\/wp-json\/wp\/v2\/pages"}],"about":[{"href":"https:\/\/www.minimundus.at\/sl\/wp-json\/wp\/v2\/types\/page"}],"author":[{"embeddable":true,"href":"https:\/\/www.minimundus.at\/sl\/wp-json\/wp\/v2\/users\/1"}],"replies":[{"embeddable":true,"href":"https:\/\/www.minimundus.at\/sl\/wp-json\/wp\/v2\/comments?post=3486"}],"version-history":[{"count":10,"href":"https:\/\/www.minimundus.at\/sl\/wp-json\/wp\/v2\/pages\/3486\/revisions"}],"predecessor-version":[{"id":12942,"href":"https:\/\/www.minimundus.at\/sl\/wp-json\/wp\/v2\/pages\/3486\/revisions\/12942"}],"wp:featuredmedia":[{"embeddable":true,"href":"https:\/\/www.minimundus.at\/sl\/wp-json\/wp\/v2\/media\/1132"}],"wp:attachment":[{"href":"https:\/\/www.minimundus.at\/sl\/wp-json\/wp\/v2\/media?parent=3486"}],"curies":[{"name":"wp","href":"https:\/\/api.w.org\/{rel}","templated":true}]}}