{"id":4278,"date":"2017-03-16T15:53:18","date_gmt":"2017-03-16T14:53:18","guid":{"rendered":"https:\/\/2022.minimundus.at\/?page_id=4278\/"},"modified":"2020-01-02T11:56:47","modified_gmt":"2020-01-02T10:56:47","slug":"partnerski-portal","status":"publish","type":"page","link":"https:\/\/www.minimundus.at\/sl\/partnerski-portal\/","title":{"rendered":"Partnerski portal"},"content":{"rendered":"<div class=\"wpb-content-wrapper\"><p>[vc_row][vc_column][vc_column_text]<\/p>\n<h4>NOVO \u2013 Skupine nad 50 oseb<\/h4>\n<p>Obi\u0161\u010dite nas s skupino s 50 osebami ali ve\u010d in koristite lestvico popusta. Za posebne cene po lestvici popusta se je treba predhodno z upravo Minimundusa zmeniti.[\/vc_column_text][\/vc_column][\/vc_row][vc_row][vc_column][vc_separator][\/vc_column][\/vc_row][vc_row css=&#8221;.vc_custom_1489393197758{background-color: #e9f6fe !important;}&#8221;][vc_column width=&#8221;1\/2&#8243; el_class=&#8221;table_content&#8221;][vc_column_text]<\/p>\n<h4>Poletje 2020<br \/>\nod 3. aprila do 1. novembra<\/h4>\n<table>\n<tbody>\n<tr>\n<th><\/th>\n<th>Skupina<br \/>\nredno<\/th>\n<th>50 \u2013 149<br \/>\nPax<\/th>\n<th>150 \u2013 300<br \/>\nPax<\/th>\n<th><\/th>\n<\/tr>\n<tr>\n<td><strong>Odrasli<\/strong><\/td>\n<td>\u20ac 18,00<\/td>\n<td>\u20ac 17,30<\/td>\n<td>\u20ac 16,20<\/td>\n<td><\/td>\n<\/tr>\n<tr>\n<td><strong>Otroci\u00a0(6 \u2013 15 let)<\/strong><\/td>\n<td>\u20ac 9,00<\/td>\n<td>\u20ac 8,30<\/td>\n<td>\u20ac 7,90<\/td>\n<td><\/td>\n<\/tr>\n<\/tbody>\n<\/table>\n<p>[\/vc_column_text][\/vc_column][vc_column width=&#8221;1\/2&#8243; el_class=&#8221;table_content&#8221;][vc_column_text]<\/p>\n<h4>Zima 2019\/20<br \/>\n14.12.2019 \u2013 23.02.2020<\/h4>\n<table>\n<tbody>\n<tr>\n<th><\/th>\n<th>Skupina<br \/>\nredno<\/th>\n<th>50 \u2013 99<br \/>\nPax<\/th>\n<th>100 \u2013 199<br \/>\nPax<\/th>\n<th>200 \u2013 300<br \/>\nPax<\/th>\n<\/tr>\n<tr>\n<td><strong>Odrasli<\/strong><\/td>\n<td>\u20ac 11,00<\/td>\n<td>\u20ac 10,70<\/td>\n<td>\u20ac 10,40<\/td>\n<td>\u20ac 10,10<\/td>\n<\/tr>\n<tr>\n<td><strong>Otroci\u00a0(6 \u2013 15 let)<\/strong><\/td>\n<td>\u20ac 6,00<\/td>\n<td>\u20ac 5,80<\/td>\n<td>\u20ac 5,60<\/td>\n<td>\u20ac 5,40<\/td>\n<\/tr>\n<\/tbody>\n<\/table>\n<p>[\/vc_column_text][\/vc_column][\/vc_row][vc_row][vc_column][vc_column_text]Kontaktirajte na\u0161e sodelavce po telefonu +43 (0) 463 \/ 21194-0, ali po e-po\u0161ti pod \u00a0<a href=\"mailto:info@minimundus.at\">info@minimundus.at<\/a>.[\/vc_column_text][vc_separator][vc_column_text]<\/p>\n<h4>Povra\u010dilo za turisti\u010dne agencije in avtobusne prevoznike<\/h4>\n<p>0,50 \u20ac\/na odraslo osebo, ki pla\u010da. Ta znesek se takoj od\u0161teje.[\/vc_column_text][vc_separator][\/vc_column][\/vc_row][vc_row][vc_column width=&#8221;1\/2&#8243;][vc_column_text]<\/p>\n<h4>\u0160tevilo prostih vstopov na avtobus<\/h4>\n<p>Na skupino 20 oseb, ki pla\u010dajo \u2013 1 voznik\/vodnik brezpla\u010dno<\/p>\n<p>Na skupino 30 oseb, ki pla\u010dajo \u2013 2 voznika\/vodnika brezpla\u010dno<\/p>\n<p>Te osebe prejmejo tudi bon za kavo in pecivo za na\u0161o restavracijo.[\/vc_column_text][\/vc_column][vc_column width=&#8221;1\/2&#8243;][vc_column_text]<\/p>\n<h4>Rezervacija \/ storno:<\/h4>\n<p>Prosim prijaviti svojo skupino. Prijave skupin se vselej lahko brezpla\u010dno stornirajo. Vodeni ogledi se lahko brezpla\u010dno stornirajo do 24 ur pred na\u010drtovanim prihodom.[\/vc_column_text][\/vc_column][\/vc_row][vc_row][vc_column][vc_separator][vc_column_text]<\/p>\n<h2>Downloads \/ Service<\/h2>\n<p>[\/vc_column_text][\/vc_column][\/vc_row][vc_row][vc_column width=&#8221;1\/2&#8243;][vc_column_text]<strong>Prenos slik za va\u0161 prospekt. Kliknite tukaj.<\/strong><\/p>\n<p>Poletje \/ Zima \/ Notranji do\u017eivljajski svet<a href=\"https:\/\/www.minimundus.at\/wp-content\/uploads\/2017\/03\/fotos-minimundus.zip\"><br \/>\n<\/a><a href=\"https:\/\/www.minimundus.at\/wp-content\/uploads\/2017\/03\/minimundus-fotos-2.zip\">Prenos fotografij v ZIP datoteki (60 MB)<\/a><a href=\"https:\/\/www.minimundus.at\/wp-content\/uploads\/2017\/03\/fotos-minimundus.zip\"><br \/>\n<\/a>[\/vc_column_text][\/vc_column][vc_column width=&#8221;1\/2&#8243;][vc_column_text]<\/p>\n<h3>Predlagano besedilo \u2013 besedilo za poletje<\/h3>\n<p>Danes si boste ogledali Minimundus \u2013 mali svet ob Vrbskem jezeru. Z natan\u010dnimi miniaturnimi modeli znanih zgradb iz izvirnih materialov, kot so pe\u0161\u010denjak, marmor in zlato, je bil tukaj ustvarjen svet v malem. V parku se lahko sprehajate mimo Eifflovega stolpa in Kipa svobode do gradu Neuschwanstein. V notranjem avanturisti\u010dnem svetu vas \u010dakajo 4D kino, interaktivni globusi, kolo \u010dasa in \u0161e veliko ve\u010d.<\/p>\n<p><a href=\"mailto:info@minimundus.at?subject=Prospektbestellung\">Prenos slik za va\u0161 prospekt. Kliknite tukaj.<\/a>[\/vc_column_text][\/vc_column][\/vc_row][vc_row][vc_column][vc_separator][\/vc_column][\/vc_row][vc_row][vc_column][vc_column_text]<\/p>\n<h2>Kontaktni podatki:<\/h2>\n<p><strong>Minimundus GmbH<\/strong><br \/>\nVillacher Stra\u00dfe 241<br \/>\n9020 Klagenfurt am W\u00f6rthersee \/ Avstrija<\/p>\n<p>Tel.: +43 (0) 463 21194-0<br \/>\nFax: +43 (0) 463 21194-60<\/p>\n<p>E-po\u0161ta:\u00a0<a href=\"mailto:info@minimundus.at\">info@minimundus.at<\/a>[\/vc_column_text][\/vc_column][\/vc_row]<\/p><\/div><input class=\"fooboxshare_post_id\" type=\"hidden\" value=\"4278\"\/>","protected":false},"excerpt":{"rendered":"<p>Dobrodo\u0161li na na\u0161em partnerskem portalu.<\/br><br \/>\nTukaj najdete posebne ponudbe, koristne nasvete, prenos za slike in \u0161e veliko ve\u010d.<\/p>\n","protected":false},"author":1,"featured_media":2671,"parent":0,"menu_order":0,"comment_status":"closed","ping_status":"closed","template":"partnerbereich.php","meta":{"inline_featured_image":false,"footnotes":""},"class_list":["post-4278","page","type-page","status-publish","has-post-thumbnail","hentry","description-off"],"_links":{"self":[{"href":"https:\/\/www.minimundus.at\/sl\/wp-json\/wp\/v2\/pages\/4278","targetHints":{"allow":["GET"]}}],"collection":[{"href":"https:\/\/www.minimundus.at\/sl\/wp-json\/wp\/v2\/pages"}],"about":[{"href":"https:\/\/www.minimundus.at\/sl\/wp-json\/wp\/v2\/types\/page"}],"author":[{"embeddable":true,"href":"https:\/\/www.minimundus.at\/sl\/wp-json\/wp\/v2\/users\/1"}],"replies":[{"embeddable":true,"href":"https:\/\/www.minimundus.at\/sl\/wp-json\/wp\/v2\/comments?post=4278"}],"version-history":[{"count":11,"href":"https:\/\/www.minimundus.at\/sl\/wp-json\/wp\/v2\/pages\/4278\/revisions"}],"predecessor-version":[{"id":9505,"href":"https:\/\/www.minimundus.at\/sl\/wp-json\/wp\/v2\/pages\/4278\/revisions\/9505"}],"wp:featuredmedia":[{"embeddable":true,"href":"https:\/\/www.minimundus.at\/sl\/wp-json\/wp\/v2\/media\/2671"}],"wp:attachment":[{"href":"https:\/\/www.minimundus.at\/sl\/wp-json\/wp\/v2\/media?parent=4278"}],"curies":[{"name":"wp","href":"https:\/\/api.w.org\/{rel}","templated":true}]}}