{"id":4604,"date":"2017-03-28T15:11:24","date_gmt":"2017-03-28T13:11:24","guid":{"rendered":"https:\/\/2022.minimundus.at\/eintrittspreise-sommer\/"},"modified":"2026-02-04T10:56:48","modified_gmt":"2026-02-04T09:56:48","slug":"vstopnine-in-odpiralni-casi-poletje-2022","status":"publish","type":"page","link":"https:\/\/www.minimundus.at\/sl\/vstopnine-in-odpiralni-casi-poletje-2022\/","title":{"rendered":"Vstopnine in odpiralni \u010dasi poletje 2026"},"content":{"rendered":"<div class=\"wpb-content-wrapper\"><p>[vc_row disable_element=&#8221;yes&#8221; css=&#8221;.vc_custom_1565334930892{margin-bottom: 40px !important;border-top-width: 5px !important;border-right-width: 5px !important;border-bottom-width: 5px !important;border-left-width: 5px !important;padding-top: 10px !important;padding-right: 10px !important;padding-bottom: 10px !important;padding-left: 10px !important;background-color: #e63306 !important;border-left-color: #ff7c7c !important;border-left-style: solid !important;border-right-color: #ff7c7c !important;border-right-style: solid !important;border-top-color: #ff7c7c !important;border-top-style: solid !important;border-bottom-color: #ff7c7c !important;border-bottom-style: solid !important;border-radius: 35px !important;}&#8221;][vc_column][vc_column_text]<\/p>\n<h2 style=\"text-align: center;\"><span style=\"color: #ffffff;\"><strong>Pozor:<\/strong><strong><br \/>\n<\/strong><\/span><\/h2>\n<h3 style=\"text-align: center;\"><span style=\"color: #ffffff;\">Am <strong>8. avgusta na\u0161 mali svet zapre \u017ee ob 19. uri. Zadnji vstop ob 18. uri.<\/strong><\/span><\/h3>\n<h3 style=\"text-align: center;\"><span style=\"color: #ffffff;\">V vseh ostalih dneh imamo odprto od 9. do 22. ure.<\/span><\/h3>\n<p>[\/vc_column_text][\/vc_column][\/vc_row][vc_row el_class=&#8221;ticketspage&#8221;][vc_column width=&#8221;1\/2&#8243;][vc_column_text css=&#8221;&#8221;]<\/p>\n<h2>Odpiralni \u010das poleti 2026<br \/>\n27. marec &#8211; 1. november<\/h2>\n<h4>Marec (od 27.), april<br \/>\n<strong>9.00 \u2013 18.00<\/strong><\/h4>\n<h4>Maj, junij, september<br \/>\n<strong>9.00 \u2013 19.00<\/strong><\/h4>\n<h4>Julij, avgust<br \/>\n<strong>\u010detrtek do ponedeljek 9.00 \u2013 20.00<br \/>\ntorek &amp; sreda 9.00 &#8211; 22.00<\/strong><\/h4>\n<h4>Oktober, 1. november<br \/>\n<strong>9.00 \u2013 18.00<\/strong><\/h4>\n<p><strong>Blagajna zapre 1 uro pred koncem dnevnega obratovanja.<\/strong>[\/vc_column_text][\/vc_column][vc_column width=&#8221;1\/2&#8243; css=&#8221;.vc_custom_1471701145691{background-color: #0056a4 !important;}&#8221;][vc_single_image image=&#8221;7192&#8243; img_size=&#8221;full&#8221; css=&#8221;.vc_custom_1490707622248{margin-left: -30px !important;}&#8221;][\/vc_column][\/vc_row][vc_row el_class=&#8221;ticketspage&#8221; css=&#8221;.vc_custom_1471701433590{padding-top: 50px !important;}&#8221; el_id=&#8221;preise&#8221;][vc_column width=&#8221;2\/3&#8243; css=&#8221;.vc_custom_1490706632551{border-radius: 1px !important;}&#8221; el_class=&#8221;table_content&#8221;][vc_column_text css=&#8221;&#8221;]<\/p>\n<h2>Vstopnina za posameznike in skupine<br \/>\n(cena na osebo)<\/h2>\n<p>[\/vc_column_text][vc_column_text css=&#8221;&#8221; el_class=&#8221;table_fourth&#8221;]<\/p>\n<table>\n<tbody>\n<tr>\n<td>\n<h2>Vstopnice<\/h2>\n<\/td>\n<td>\n<h2 style=\"text-align: center;\">Posamezniki<\/h2>\n<\/td>\n<td width=\"160\">\n<h2 style=\"text-align: center;\">Skupine<\/h2>\n<h3 style=\"text-align: center;\">od 20 oseb naprej<\/h3>\n<\/td>\n<\/tr>\n<tr>\n<td>Odrasli<\/td>\n<td>\n<p style=\"text-align: center;\">\u20ac 22,00<\/p>\n<\/td>\n<td width=\"160\">\n<p style=\"text-align: center;\">\u20ac 18,00<\/p>\n<\/td>\n<\/tr>\n<tr>\n<td>Otrok (6 \u2013 15 let)<\/td>\n<td>\n<p style=\"text-align: center;\">\u20ac 12,00<\/p>\n<\/td>\n<td width=\"160\">\n<p style=\"text-align: center;\">\u20ac 11,00<\/p>\n<\/td>\n<\/tr>\n<tr>\n<td>od 3. otroka (6 &#8211; 15 let)<\/td>\n<td>\n<p style=\"text-align: center;\">\u20ac 9,00<\/p>\n<\/td>\n<td width=\"160\"><\/td>\n<\/tr>\n<tr>\n<td>Otrok (0 \u2013 5 let)<\/td>\n<td>\n<p style=\"text-align: center;\">prost vstop<\/p>\n<\/td>\n<td width=\"160\">\n<p style=\"text-align: center;\">prost vstop<\/p>\n<\/td>\n<\/tr>\n<\/tbody>\n<\/table>\n<p>Otrokom, mlaj\u0161im od 14 let, je dovoljen vstop le v spremstvu odrasle osebe.[\/vc_column_text][vc_row_inner][vc_column_inner][vc_column_text css=&#8221;&#8221;]<\/p>\n<h4><strong>Opomba: S kartico K\u00c4RNTEN CARD na \u017ealost NI nobenega popusta.<\/strong><\/h4>\n<p>[\/vc_column_text][vc_column_text css=&#8221;&#8221; el_class=&#8221;table_half&#8221;]<\/p>\n<table>\n<tbody>\n<tr>\n<th colspan=\"2\">\n<h2>Posebne cene*<\/h2>\n<\/th>\n<\/tr>\n<tr>\n<td>Odrasli<\/td>\n<td>\u20ac 17,00<\/td>\n<\/tr>\n<tr>\n<td>Otroci (6 \u2013 15 let)<\/td>\n<td>\u20ac 9,00<\/td>\n<\/tr>\n<tr>\n<td>Otroci (0 \u2013 5 let)<\/td>\n<td>prosto<\/td>\n<\/tr>\n<tr>\n<td>Invalidne osebe nad 70 %<\/td>\n<td>prosto<\/td>\n<\/tr>\n<\/tbody>\n<\/table>\n<h5>*Z osebno izkaznico\/dokazilom: \u0161tudentje (mlaj\u0161ih od 27 let), osebe, ki slu\u017eijo voja\u0161ki ali civilni rok, pripravniki, invalidne osebe, prejemniki minimalne socialne pomo\u010di<\/h5>\n<p>[\/vc_column_text][vc_column_text css=&#8221;&#8221; el_class=&#8221;table_half&#8221;]<\/p>\n<table>\n<tbody>\n<tr>\n<th colspan=\"2\">\n<h2>Letna vstopnica<\/h2>\n<\/th>\n<\/tr>\n<tr>\n<td>Odrasli<\/td>\n<td>\u20ac 62,00<\/td>\n<\/tr>\n<tr>\n<td>Otroci (6 \u2013 15 let)<\/td>\n<td>\u20ac 29,00<\/td>\n<\/tr>\n<tr>\n<td>Otroci (0 \u2013 5 let)<\/td>\n<td>prosto<\/td>\n<\/tr>\n<\/tbody>\n<\/table>\n<p>Letna vstopnica je personalizirana in velja eno leto od dneva izdaje.[\/vc_column_text][\/vc_column_inner][\/vc_row_inner][vc_column_text css=&#8221;&#8221;]<\/p>\n<h3><img loading=\"lazy\" decoding=\"async\" class=\" wp-image-4470 alignleft\" src=\"https:\/\/www.minimundus.at\/wp-content\/uploads\/2017\/03\/mm_dogs.png\" alt=\"\" width=\"79\" height=\"77\" \/>Za psa je vstop dovoljen in prost, toda opozarjamo na obvezno uporabo povodca.<\/h3>\n<p>[\/vc_column_text][\/vc_column][vc_column width=&#8221;1\/3&#8243;][\/vc_column][\/vc_row][vc_row css=&#8221;.vc_custom_1471701407215{margin-top: 50px !important;padding-top: 0px !important;background-color: #e9f5fd !important;}&#8221; el_id=&#8221;kombi&#8221; el_class=&#8221;ticketspage&#8221;][vc_column][vc_column_text css=&#8221;&#8221;]<\/p>\n<h2>Kombinirane vstopnice poleti 2026<\/h2>\n<p>[\/vc_column_text][vc_row_inner el_class=&#8221;table_content table_half&#8221;][vc_column_inner width=&#8221;1\/3&#8243;][vc_single_image image=&#8221;7990&#8243; img_size=&#8221;full&#8221;][vc_column_text css=&#8221;&#8221;]<\/p>\n<table>\n<tbody>\n<tr>\n<th colspan=\"2\">\n<h2>Minimundus &amp; Pyramidenkogel<\/h2>\n<h3>Velja od 27. marca do<br \/>\n1. novembra 2026*<\/h3>\n<\/th>\n<\/tr>\n<tr>\n<td>Odrasli<\/td>\n<td>\u20ac 32,00<\/td>\n<\/tr>\n<tr>\n<td>Otroci (6 \u2013 15 let)<\/td>\n<td>\u20ac 17,50<\/td>\n<\/tr>\n<\/tbody>\n<\/table>\n<p>* oz. v \u010dasu obratovanja[\/vc_column_text][\/vc_column_inner][vc_column_inner width=&#8221;1\/3&#8243;][vc_single_image image=&#8221;7987&#8243; img_size=&#8221;full&#8221;][vc_column_text css=&#8221;&#8221;]<\/p>\n<table>\n<tbody>\n<tr>\n<th colspan=\"2\">\n<h2>Minimundus &amp;<br \/>\nW\u00f6rthersee Schifffahrt<\/h2>\n<h3>Velja od 5. aprila do 31. oktobra 2026*<\/h3>\n<\/th>\n<\/tr>\n<tr>\n<td>Odrasli<\/td>\n<td>\u20ac 39,00<\/td>\n<\/tr>\n<tr>\n<td>Otroci (6 \u2013 15 let)<\/td>\n<td>\u20ac 19,00<\/td>\n<\/tr>\n<\/tbody>\n<\/table>\n<p>* oz. v \u010dasu obratovanja[\/vc_column_text][\/vc_column_inner][vc_column_inner width=&#8221;1\/3&#8243;][vc_single_image image=&#8221;7993&#8243; img_size=&#8221;full&#8221;][vc_column_text css=&#8221;&#8221;]<\/p>\n<table>\n<tbody>\n<tr>\n<th colspan=\"2\">\n<h2>Minimundus &amp; W\u00f6rthersee<br \/>\nSchifffahrt &amp; Pyramidenkogel*<\/h2>\n<h3>Velja od 1. maja do<br \/>\n31. oktobra 2026**<\/h3>\n<\/th>\n<\/tr>\n<tr>\n<td>Odrasli<\/td>\n<td>\u20ac 55,00<\/td>\n<\/tr>\n<tr>\n<td>Otroci (6 \u2013 15 let)<\/td>\n<td>\u20ac 26,50<\/td>\n<\/tr>\n<\/tbody>\n<\/table>\n<h5>* vklju\u010duje avtobusni transfer med krajem Reifnitz in stolpom Pyramidenkogel, od 1. maja do 31. oktobra 2026 po <em><a href=\"https:\/\/www-woertherseeschifffahrt-at.translate.goog\/fahrplan\/kombitickets\/?_x_tr_sl=de&amp;_x_tr_tl=en&amp;_x_tr_hl=de&amp;_x_tr_pto=wapp\" target=\"_blank\" rel=\"noopener\">voznem redu<\/a>.<\/em><\/h5>\n<p>** oz. v \u010dasu obratovanja[\/vc_column_text][\/vc_column_inner][\/vc_row_inner][\/vc_column][\/vc_row][vc_row][vc_column][vc_column_text]<\/p>\n<h4 id=\"tw-target-text\" class=\"tw-data-text tw-text-large XcVN5d tw-ta\" dir=\"ltr\" data-placeholder=\"\u00dcbersetzung\"><span lang=\"sl\" style=\"color: #0000ff;\">Opomba: Kombinirane vstopnice lahko kupite pri sodelujo\u010dih podjetjih in uporabite ob razli\u010dnih dnevih v obdobju veljavnosti.<\/span><\/h4>\n<p>[\/vc_column_text][\/vc_column][\/vc_row]<\/p><\/div><input class=\"fooboxshare_post_id\" type=\"hidden\" value=\"4604\"\/>","protected":false},"excerpt":{"rendered":"<p>* Razstava v notranjih prostorih ostane zaradi pandemije do nadaljnjega zaprta.<\/p>\n","protected":false},"author":1,"featured_media":0,"parent":0,"menu_order":0,"comment_status":"closed","ping_status":"closed","template":"","meta":{"inline_featured_image":false,"footnotes":""},"class_list":["post-4604","page","type-page","status-publish","hentry","description-off"],"_links":{"self":[{"href":"https:\/\/www.minimundus.at\/sl\/wp-json\/wp\/v2\/pages\/4604","targetHints":{"allow":["GET"]}}],"collection":[{"href":"https:\/\/www.minimundus.at\/sl\/wp-json\/wp\/v2\/pages"}],"about":[{"href":"https:\/\/www.minimundus.at\/sl\/wp-json\/wp\/v2\/types\/page"}],"author":[{"embeddable":true,"href":"https:\/\/www.minimundus.at\/sl\/wp-json\/wp\/v2\/users\/1"}],"replies":[{"embeddable":true,"href":"https:\/\/www.minimundus.at\/sl\/wp-json\/wp\/v2\/comments?post=4604"}],"version-history":[{"count":12,"href":"https:\/\/www.minimundus.at\/sl\/wp-json\/wp\/v2\/pages\/4604\/revisions"}],"predecessor-version":[{"id":13005,"href":"https:\/\/www.minimundus.at\/sl\/wp-json\/wp\/v2\/pages\/4604\/revisions\/13005"}],"wp:attachment":[{"href":"https:\/\/www.minimundus.at\/sl\/wp-json\/wp\/v2\/media?parent=4604"}],"curies":[{"name":"wp","href":"https:\/\/api.w.org\/{rel}","templated":true}]}}