{"id":8774,"date":"2019-01-23T12:16:53","date_gmt":"2019-01-23T11:16:53","guid":{"rendered":"https:\/\/2022.minimundus.at\/izjava-za-javnost\/"},"modified":"2024-01-09T12:55:36","modified_gmt":"2024-01-09T11:55:36","slug":"izjava-za-javnost","status":"publish","type":"page","link":"https:\/\/www.minimundus.at\/sl\/izjava-za-javnost\/","title":{"rendered":"Izjava za javnost"},"content":{"rendered":"<div class=\"wpb-content-wrapper\"><p>[vc_row][vc_column width=&#8221;1\/2&#8243; css=&#8221;.vc_custom_1468951163086{margin-bottom: 1px !important;}&#8221;][vc_column_text]<\/p>\n<h2>Izjave za javnost<\/h2>\n<p><a href=\"https:\/\/www.minimundus.at\/wp-content\/uploads\/2018\/07\/Pressetext-Standard-2018_2.pdf\">Splo\u0161na <\/a><a href=\"https:\/\/www.minimundus.at\/wp-content\/uploads\/2023\/03\/Press-release-general-2023_GB.pdf\" target=\"_blank\" rel=\"noopener\">izjava za javnost (v angle\u0161kem jeziku)<\/a><\/p>\n<p class=\"bodytext\">Prenos fotografij (fotografske pravice: Minimundus GmbH). Kliknite <a href=\"https:\/\/www.minimundus.at\/wp-content\/uploads\/2018\/09\/minimundus-pressefotos2018-19.zip\" target=\"_blank\" rel=\"noopener\">tukaj.<\/a><\/p>\n<p class=\"bodytext\">Za vpra\u0161anja in informacije smo vam vsak \u010das na voljo.<\/p>\n<p>[\/vc_column_text][\/vc_column][vc_column width=&#8221;1\/2&#8243; css=&#8221;.vc_custom_1469427466682{margin-top: -45px !important;background-color: #eaf6fe !important;}&#8221; el_class=&#8221;blueboxfix&#8221;][vc_column_text]<strong><span style=\"color: #0056a4;\">Kontakt za tisk<\/span><\/strong><\/p>\n<p><span style=\"color: #0056a4;\">Poslovodja<\/span><br \/>\n<span style=\"color: #0056a4;\">Mag. (FH) Hannes Guggenberger<\/span><br \/>\n<span style=\"color: #0056a4;\">Villacher Stra\u00dfe 241<\/span><br \/>\n<span style=\"color: #0056a4;\">A-9020 Klagenfurt am W\u00f6rthersee\/Celovec<\/span><\/p>\n<p><span style=\"color: #0056a4;\">T: +43 (0) 463 21194-0<\/span><br \/>\n<span style=\"color: #0056a4;\">F: +43 (0) 463 21194-60<\/span><br \/>\n<span style=\"color: #0056a4;\">M: <a href=\"mailto:h.guggenberger@minimundus.at\">h.guggenberger(at)minimundus.at<\/a><\/span>[\/vc_column_text][\/vc_column][\/vc_row]<\/p><\/div><input class=\"fooboxshare_post_id\" type=\"hidden\" value=\"8774\"\/>","protected":false},"excerpt":{"rendered":"<p>[vc_row][vc_column width=&#8221;1\/2&#8243; css=&#8221;.vc_custom_1468951163086{margin-bottom: 1px !important;}&#8221;][vc_column_text] Izjave za javnost Splo\u0161na izjava za javnost (v angle\u0161kem jeziku) Prenos fotografij (fotografske pravice: Minimundus GmbH). Kliknite tukaj. Za vpra\u0161anja in informacije smo vam vsak \u010das na voljo. [\/vc_column_text][\/vc_column][vc_column width=&#8221;1\/2&#8243; css=&#8221;.vc_custom_1469427466682{margin-top: -45px !important;background-color: #eaf6fe !important;}&#8221; el_class=&#8221;blueboxfix&#8221;][vc_column_text]Kontakt za tisk Poslovodja Mag. (FH) Hannes Guggenberger Villacher Stra\u00dfe 241 A-9020 Klagenfurt am W\u00f6rthersee\/Celovec&hellip;<\/p>\n","protected":false},"author":1,"featured_media":7171,"parent":0,"menu_order":0,"comment_status":"closed","ping_status":"closed","template":"","meta":{"inline_featured_image":false,"footnotes":""},"class_list":["post-8774","page","type-page","status-publish","has-post-thumbnail","hentry","description-off"],"_links":{"self":[{"href":"https:\/\/www.minimundus.at\/sl\/wp-json\/wp\/v2\/pages\/8774","targetHints":{"allow":["GET"]}}],"collection":[{"href":"https:\/\/www.minimundus.at\/sl\/wp-json\/wp\/v2\/pages"}],"about":[{"href":"https:\/\/www.minimundus.at\/sl\/wp-json\/wp\/v2\/types\/page"}],"author":[{"embeddable":true,"href":"https:\/\/www.minimundus.at\/sl\/wp-json\/wp\/v2\/users\/1"}],"replies":[{"embeddable":true,"href":"https:\/\/www.minimundus.at\/sl\/wp-json\/wp\/v2\/comments?post=8774"}],"version-history":[{"count":8,"href":"https:\/\/www.minimundus.at\/sl\/wp-json\/wp\/v2\/pages\/8774\/revisions"}],"predecessor-version":[{"id":12110,"href":"https:\/\/www.minimundus.at\/sl\/wp-json\/wp\/v2\/pages\/8774\/revisions\/12110"}],"wp:featuredmedia":[{"embeddable":true,"href":"https:\/\/www.minimundus.at\/sl\/wp-json\/wp\/v2\/media\/7171"}],"wp:attachment":[{"href":"https:\/\/www.minimundus.at\/sl\/wp-json\/wp\/v2\/media?parent=8774"}],"curies":[{"name":"wp","href":"https:\/\/api.w.org\/{rel}","templated":true}]}}